{"id":15,"date":"2018-02-16T13:56:44","date_gmt":"2018-02-16T12:56:44","guid":{"rendered":"https:\/\/blog.unifr.ch\/anneedulivre\/?page_id=15"},"modified":"2022-05-05T14:12:55","modified_gmt":"2022-05-05T12:12:55","slug":"a-propos","status":"publish","type":"page","link":"https:\/\/blog.unifr.ch\/anneedulivre\/a-propos\/","title":{"rendered":"\u00c0 propos"},"content":{"rendered":"<h1 style=\"text-align: center;\">L&rsquo;ann\u00e9e du livre<\/h1>\n<h4 style=\"text-align: center;\">Almanach num\u00e9rique de la litt\u00e9rature contemporaine et du discours critique<\/h4>\n<p style=\"text-align: center;\">\u00c9dit\u00e9 par\u00a0Thomas Hunkeler, Matthieu Corpataux, Valentin Kolly et Christophe Schuwey<\/p>\n<p style=\"text-align: center;\"><a href=\"mailto:info@anneedulivre.ch\">Contact<\/a><\/p>\n<h1 style=\"text-align: center;\">Partenaires<\/h1>\n<div class=\"csRow\">\n<div class=\"csColumnGap\" style=\"margin: 0px; padding: 0px; float: left; width: 1.56%;\"><img style=\"border: none;\" src=\"https:\/\/blog.unifr.ch\/anneedulivre\/wp-content\/plugins\/advanced-wp-columns\/assets\/js\/plugins\/views\/img\/1x1-pixel.png\" \/><\/div>\n<div class=\"csColumn\" style=\"margin: 0px; padding: 0px; float: left; width: 31.3%;\" data-csstartpoint=\"15\" data-csendpoint=\"315\" data-cswidth=\"31.3%\" data-csid=\"a43cc49b-d18a-d284-b054-6d6cb57e4003\">\n<p><a href=\"https:\/\/prohelvetia.ch\/fr\/\"><img loading=\"lazy\" class=\"alignnone size-medium wp-image-32\" src=\"https:\/\/blog.unifr.ch\/anneedulivre\/wp-content\/uploads\/2018\/02\/prohelvetia-300x86.png\" alt=\"\" width=\"300\" height=\"86\" srcset=\"https:\/\/blog.unifr.ch\/anneedulivre\/wp-content\/uploads\/2018\/02\/prohelvetia-300x86.png 300w, https:\/\/blog.unifr.ch\/anneedulivre\/wp-content\/uploads\/2018\/02\/prohelvetia.png 420w\" sizes=\"(max-width: 300px) 100vw, 300px\" \/><\/a><\/p>\n<p><img loading=\"lazy\" class=\"alignnone wp-image-1129 size-medium\" src=\"https:\/\/blog.unifr.ch\/anneedulivre\/wp-content\/uploads\/2022\/05\/logo_soleure-300x300.png\" alt=\"\" width=\"300\" height=\"300\" srcset=\"https:\/\/blog.unifr.ch\/anneedulivre\/wp-content\/uploads\/2022\/05\/logo_soleure-300x300.png 300w, https:\/\/blog.unifr.ch\/anneedulivre\/wp-content\/uploads\/2022\/05\/logo_soleure-1024x1024.png 1024w, https:\/\/blog.unifr.ch\/anneedulivre\/wp-content\/uploads\/2022\/05\/logo_soleure-150x150.png 150w, https:\/\/blog.unifr.ch\/anneedulivre\/wp-content\/uploads\/2022\/05\/logo_soleure-768x768.png 768w, https:\/\/blog.unifr.ch\/anneedulivre\/wp-content\/uploads\/2022\/05\/logo_soleure-1536x1536.png 1536w, https:\/\/blog.unifr.ch\/anneedulivre\/wp-content\/uploads\/2022\/05\/logo_soleure-60x60.png 60w, https:\/\/blog.unifr.ch\/anneedulivre\/wp-content\/uploads\/2022\/05\/logo_soleure.png 1736w\" sizes=\"(max-width: 300px) 100vw, 300px\" \/><\/p>\n<\/div>\n<div class=\"csColumnGap\" style=\"margin: 0px; padding: 0px; float: left; width: 1.56%;\"><img style=\"border: none;\" src=\"https:\/\/blog.unifr.ch\/anneedulivre\/wp-content\/plugins\/advanced-wp-columns\/assets\/js\/plugins\/views\/img\/1x1-pixel.png\" \/><\/div>\n<div class=\"csColumn\" style=\"margin: 0px; padding: 0px; float: left; width: 31.3%;\" data-csstartpoint=\"330\" data-csendpoint=\"630\" data-cswidth=\"31.3%\" data-csid=\"164a4540-9650-2e6c-850b-5f8aee1ef881\">\n<p><a href=\"http:\/\/www.lepitre.ch\/\"><img loading=\"lazy\" class=\"alignnone size-medium wp-image-30\" src=\"https:\/\/blog.unifr.ch\/anneedulivre\/wp-content\/uploads\/2018\/02\/logo3-300x74.png\" alt=\"\" width=\"300\" height=\"74\" srcset=\"https:\/\/blog.unifr.ch\/anneedulivre\/wp-content\/uploads\/2018\/02\/logo3-300x74.png 300w, https:\/\/blog.unifr.ch\/anneedulivre\/wp-content\/uploads\/2018\/02\/logo3.png 650w\" sizes=\"(max-width: 300px) 100vw, 300px\" \/><\/a><\/p>\n<p><a href=\"https:\/\/www.viceversalitterature.ch\"><img loading=\"lazy\" class=\"alignnone size-medium wp-image-446\" src=\"https:\/\/blog.unifr.ch\/anneedulivre\/wp-content\/uploads\/2019\/04\/Viceversa-litt\u00e9rature-logo-300x153.png\" alt=\"\" width=\"300\" height=\"153\" srcset=\"https:\/\/blog.unifr.ch\/anneedulivre\/wp-content\/uploads\/2019\/04\/Viceversa-litt\u00e9rature-logo-300x153.png 300w, https:\/\/blog.unifr.ch\/anneedulivre\/wp-content\/uploads\/2019\/04\/Viceversa-litt\u00e9rature-logo-768x391.png 768w, https:\/\/blog.unifr.ch\/anneedulivre\/wp-content\/uploads\/2019\/04\/Viceversa-litt\u00e9rature-logo-1024x521.png 1024w, https:\/\/blog.unifr.ch\/anneedulivre\/wp-content\/uploads\/2019\/04\/Viceversa-litt\u00e9rature-logo.png 1240w\" sizes=\"(max-width: 300px) 100vw, 300px\" \/><\/a><\/p>\n<\/div>\n<div class=\"csColumnGap\" style=\"margin: 0px; padding: 0px; float: left; width: 1.56%;\"><img style=\"border: none;\" src=\"https:\/\/blog.unifr.ch\/anneedulivre\/wp-content\/plugins\/advanced-wp-columns\/assets\/js\/plugins\/views\/img\/1x1-pixel.png\" \/><\/div>\n<div class=\"csColumn\" style=\"margin: 0px; padding: 0px; float: left; width: 31.3%;\" data-csstartpoint=\"645\" data-csendpoint=\"945\" data-cswidth=\"31.3%\" data-csid=\"4d3e56c4-7f66-c0f1-bd70-da0d3eae5341\">\n<p><a href=\"http:\/\/www.buchjahr.uzh.ch\"><img loading=\"lazy\" class=\"alignnone size-medium wp-image-451\" src=\"https:\/\/blog.unifr.ch\/anneedulivre\/wp-content\/uploads\/2019\/04\/cropped-sbjrandoben19-300x109.jpg\" alt=\"\" width=\"300\" height=\"109\" \/><\/a><\/p>\n<p><a href=\"http:\/\/www3.unifr.ch\/\"><img loading=\"lazy\" class=\"alignnone size-medium wp-image-37\" src=\"https:\/\/blog.unifr.ch\/anneedulivre\/wp-content\/uploads\/2018\/02\/UNF_Logo_100pr_pos-300x201.jpg\" alt=\"\" width=\"300\" height=\"201\" srcset=\"https:\/\/blog.unifr.ch\/anneedulivre\/wp-content\/uploads\/2018\/02\/UNF_Logo_100pr_pos-300x201.jpg 300w, https:\/\/blog.unifr.ch\/anneedulivre\/wp-content\/uploads\/2018\/02\/UNF_Logo_100pr_pos.jpg 333w\" sizes=\"(max-width: 300px) 100vw, 300px\" \/><\/a><\/p>\n<\/div>\n<div class=\"csColumnGap\" style=\"margin: 0px; padding: 0px; float: left; width: 1.56%;\"><img style=\"border: none;\" src=\"https:\/\/blog.unifr.ch\/anneedulivre\/wp-content\/plugins\/advanced-wp-columns\/assets\/js\/plugins\/views\/img\/1x1-pixel.png\" \/><\/div>\n<div style=\"clear: both; float: none; display: block; visibility: hidden; width: 0px; font-size: 0px; line-height: 0;\"><\/div>\n<\/div>\n<div id=\"attachment_100\" style=\"width: 235px\" class=\"wp-caption aligncenter\"><img aria-describedby=\"caption-attachment-100\" loading=\"lazy\" class=\"wp-image-100 size-medium\" src=\"https:\/\/blog.unifr.ch\/anneedulivre\/wp-content\/uploads\/2018\/04\/semainesdelalecture_logo-225x300.png\" alt=\"\" width=\"225\" height=\"300\" srcset=\"https:\/\/blog.unifr.ch\/anneedulivre\/wp-content\/uploads\/2018\/04\/semainesdelalecture_logo-225x300.png 225w, https:\/\/blog.unifr.ch\/anneedulivre\/wp-content\/uploads\/2018\/04\/semainesdelalecture_logo.png 708w\" sizes=\"(max-width: 225px) 100vw, 225px\" \/><p id=\"caption-attachment-100\" class=\"wp-caption-text\">Semaines de la lecture<\/p><\/div>\n","protected":false},"excerpt":{"rendered":"<p>L&rsquo;ann\u00e9e du livre Almanach num\u00e9rique de la litt\u00e9rature contemporaine et du discours critique \u00c9dit\u00e9 par\u00a0Thomas Hunkeler, Matthieu Corpataux, Valentin Kolly et Christophe Schuwey Contact Partenaires<\/p>\n","protected":false},"author":1,"featured_media":0,"parent":0,"menu_order":0,"comment_status":"closed","ping_status":"closed","template":"","meta":[],"_links":{"self":[{"href":"https:\/\/blog.unifr.ch\/anneedulivre\/wp-json\/wp\/v2\/pages\/15"}],"collection":[{"href":"https:\/\/blog.unifr.ch\/anneedulivre\/wp-json\/wp\/v2\/pages"}],"about":[{"href":"https:\/\/blog.unifr.ch\/anneedulivre\/wp-json\/wp\/v2\/types\/page"}],"author":[{"embeddable":true,"href":"https:\/\/blog.unifr.ch\/anneedulivre\/wp-json\/wp\/v2\/users\/1"}],"replies":[{"embeddable":true,"href":"https:\/\/blog.unifr.ch\/anneedulivre\/wp-json\/wp\/v2\/comments?post=15"}],"version-history":[{"count":18,"href":"https:\/\/blog.unifr.ch\/anneedulivre\/wp-json\/wp\/v2\/pages\/15\/revisions"}],"predecessor-version":[{"id":1130,"href":"https:\/\/blog.unifr.ch\/anneedulivre\/wp-json\/wp\/v2\/pages\/15\/revisions\/1130"}],"wp:attachment":[{"href":"https:\/\/blog.unifr.ch\/anneedulivre\/wp-json\/wp\/v2\/media?parent=15"}],"curies":[{"name":"wp","href":"https:\/\/api.w.org\/{rel}","templated":true}]}}