{"id":1925,"date":"2022-11-25T13:19:26","date_gmt":"2022-11-25T12:19:26","guid":{"rendered":"https:\/\/blog.unifr.ch\/create\/?page_id=1925"},"modified":"2024-11-12T17:50:44","modified_gmt":"2024-11-12T16:50:44","slug":"audio","status":"publish","type":"page","link":"https:\/\/blog.unifr.ch\/create\/audio\/","title":{"rendered":"audio"},"content":{"rendered":"<h6><img loading=\"lazy\" decoding=\"async\" class=\" wp-image-1934 alignleft\" src=\"https:\/\/blog.unifr.ch\/create\/wp-content\/uploads\/sites\/6\/2022\/11\/microphone-pngrepo-com.png\" alt=\"\" width=\"61\" height=\"61\" srcset=\"https:\/\/blog.unifr.ch\/create\/wp-content\/uploads\/2022\/11\/microphone-pngrepo-com.png 512w, https:\/\/blog.unifr.ch\/create\/wp-content\/uploads\/2022\/11\/microphone-pngrepo-com-150x150.png 150w, https:\/\/blog.unifr.ch\/create\/wp-content\/uploads\/2022\/11\/microphone-pngrepo-com-200x200.png 200w, https:\/\/blog.unifr.ch\/create\/wp-content\/uploads\/2022\/11\/microphone-pngrepo-com-400x400.png 400w, https:\/\/blog.unifr.ch\/create\/wp-content\/uploads\/2022\/11\/microphone-pngrepo-com-360x360.png 360w\" sizes=\"auto, (max-width: 61px) 100vw, 61px\" \/>Stay up to date:<br \/>\n(1) use e.g. <a href=\"https:\/\/quiterss.org\/\" target=\"_blank\" rel=\"noopener\">QuiteRSS<\/a><br \/>\n(2) create a new feed with https:\/\/blog.unifr.ch\/create\/audio\/feed<\/h6>\n<h6>Or simply listen here!<\/h6>\n<!--[if lt IE 9]><script>document.createElement('audio');<\/script><![endif]-->\n\t<div class=\"wp-playlist wp-audio-playlist wp-playlist-light\">\n\t\t\t<div class=\"wp-playlist-current-item\"><\/div>\n\t\t<audio controls=\"controls\" preload=\"none\" width=\"640\"\n\t\t\t><\/audio>\n\t<div class=\"wp-playlist-next\"><\/div>\n\t<div class=\"wp-playlist-prev\"><\/div>\n\t<noscript>\n\t<ol>\n\t\t<li><a href='https:\/\/blog.unifr.ch\/create\/wp-content\/uploads\/2024\/11\/24_tlpn4.ogg'>Lecture critique \"Manifeste Cyborg\"<\/a><\/li><li><a href='https:\/\/blog.unifr.ch\/create\/wp-content\/uploads\/2023\/07\/23_tlps3.ogg'>Langage &amp; Num\u00e9rique<\/a><\/li><li><a href='https:\/\/blog.unifr.ch\/create\/wp-content\/uploads\/2023\/03\/23_tpln2.ogg'>Evaluation &amp; num\u00e9rique<\/a><\/li><li><a href='https:\/\/blog.unifr.ch\/create\/wp-content\/uploads\/2022\/11\/2022.11.23-cafe-pedago.ogg'>Citoyennet\u00e9 num\u00e9rique<\/a><\/li>\t<\/ol>\n\t<\/noscript>\n\t<script type=\"application\/json\" class=\"wp-playlist-script\">{\"type\":\"audio\",\"tracklist\":true,\"tracknumbers\":true,\"images\":false,\"artists\":true,\"tracks\":[{\"src\":\"https:\\\/\\\/blog.unifr.ch\\\/create\\\/wp-content\\\/uploads\\\/2024\\\/11\\\/24_tlpn4.ogg\",\"type\":\"audio\\\/ogg\",\"title\":\"Lecture critique \\\"Manifeste Cyborg\\\"\",\"caption\":\"\",\"description\":\"Lecture critique \\\"Manifeste Cyborg\\\"\",\"meta\":{\"artist\":\"CRE\\\/ATE\",\"album\":\"TLPN\",\"length_formatted\":\"55:39\"},\"image\":{\"src\":\"https:\\\/\\\/blog.unifr.ch\\\/create\\\/wp-includes\\\/images\\\/media\\\/audio.svg\",\"width\":48,\"height\":64},\"thumb\":{\"src\":\"https:\\\/\\\/blog.unifr.ch\\\/create\\\/wp-includes\\\/images\\\/media\\\/audio.svg\",\"width\":48,\"height\":64}},{\"src\":\"https:\\\/\\\/blog.unifr.ch\\\/create\\\/wp-content\\\/uploads\\\/2023\\\/07\\\/23_tlps3.ogg\",\"type\":\"audio\\\/ogg\",\"title\":\"Langage &amp; Num\\u00e9rique\",\"caption\":\"\",\"description\":\"\\\"23_tlps3\\\".\",\"meta\":{\"artist\":\"CRE\\\/ATE\",\"album\":\"TLPN\",\"length_formatted\":\"48:12\"},\"image\":{\"src\":\"https:\\\/\\\/blog.unifr.ch\\\/create\\\/wp-includes\\\/images\\\/media\\\/audio.svg\",\"width\":48,\"height\":64},\"thumb\":{\"src\":\"https:\\\/\\\/blog.unifr.ch\\\/create\\\/wp-includes\\\/images\\\/media\\\/audio.svg\",\"width\":48,\"height\":64}},{\"src\":\"https:\\\/\\\/blog.unifr.ch\\\/create\\\/wp-content\\\/uploads\\\/2023\\\/03\\\/23_tpln2.ogg\",\"type\":\"audio\\\/ogg\",\"title\":\"Evaluation &amp; num\\u00e9rique\",\"caption\":\"\",\"description\":\"\\\"23_tpln2\\\".\",\"meta\":{\"artist\":\"CRE\\\/ATE\",\"album\":\"TLPN\",\"length_formatted\":\"49:29\"},\"image\":{\"src\":\"https:\\\/\\\/blog.unifr.ch\\\/create\\\/wp-includes\\\/images\\\/media\\\/audio.svg\",\"width\":48,\"height\":64},\"thumb\":{\"src\":\"https:\\\/\\\/blog.unifr.ch\\\/create\\\/wp-includes\\\/images\\\/media\\\/audio.svg\",\"width\":48,\"height\":64}},{\"src\":\"https:\\\/\\\/blog.unifr.ch\\\/create\\\/wp-content\\\/uploads\\\/2022\\\/11\\\/2022.11.23-cafe-pedago.ogg\",\"type\":\"audio\\\/ogg\",\"title\":\"Citoyennet\\u00e9 num\\u00e9rique\",\"caption\":\"\",\"description\":\"\",\"meta\":{\"artist\":\"CRE\\\/ATE\",\"album\":\"TLPN\",\"length_formatted\":\"47:16\"},\"image\":{\"src\":\"https:\\\/\\\/blog.unifr.ch\\\/create\\\/wp-includes\\\/images\\\/media\\\/audio.svg\",\"width\":48,\"height\":64},\"thumb\":{\"src\":\"https:\\\/\\\/blog.unifr.ch\\\/create\\\/wp-includes\\\/images\\\/media\\\/audio.svg\",\"width\":48,\"height\":64}}]}<\/script>\n<\/div>\n\t\n","protected":false},"excerpt":{"rendered":"<p>Stay up to date: (1) use e.g. QuiteRSS (2) create a new feed with https:\/\/blog.unifr.ch\/create\/audio\/feed Or simply listen here!<\/p>\n","protected":false},"author":6,"featured_media":1934,"parent":0,"menu_order":0,"comment_status":"closed","ping_status":"closed","template":"","meta":{"_acf_changed":false,"footnotes":""},"class_list":["post-1925","page","type-page","status-publish","has-post-thumbnail","hentry"],"acf":[],"yoast_head":"<!-- This site is optimized with the Yoast SEO plugin v25.3.1 - https:\/\/yoast.com\/wordpress\/plugins\/seo\/ -->\n<title>audio | CRE\/ATE<\/title>\n<meta name=\"robots\" content=\"index, follow, max-snippet:-1, max-image-preview:large, max-video-preview:-1\" \/>\n<link rel=\"canonical\" href=\"https:\/\/blog.unifr.ch\/create\/audio\/\" \/>\n<meta property=\"og:locale\" content=\"en_US\" \/>\n<meta property=\"og:type\" content=\"article\" \/>\n<meta property=\"og:title\" content=\"audio | CRE\/ATE\" \/>\n<meta property=\"og:description\" content=\"Stay up to date: (1) use e.g. QuiteRSS (2) create a new feed with https:\/\/blog.unifr.ch\/create\/audio\/feed Or simply listen here!\" \/>\n<meta property=\"og:url\" content=\"https:\/\/blog.unifr.ch\/create\/audio\/\" \/>\n<meta property=\"og:site_name\" content=\"CRE\/ATE\" \/>\n<meta property=\"article:modified_time\" content=\"2024-11-12T16:50:44+00:00\" \/>\n<meta property=\"og:image\" content=\"https:\/\/blog.unifr.ch\/create\/wp-content\/uploads\/sites\/6\/2022\/11\/microphone-pngrepo-com.png\" \/>\n\t<meta property=\"og:image:width\" content=\"512\" \/>\n\t<meta property=\"og:image:height\" content=\"512\" \/>\n\t<meta property=\"og:image:type\" content=\"image\/png\" \/>\n<meta name=\"twitter:card\" content=\"summary_large_image\" \/>\n<meta name=\"twitter:label1\" content=\"Est. reading time\" \/>\n\t<meta name=\"twitter:data1\" content=\"3 minutes\" \/>\n<script type=\"application\/ld+json\" class=\"yoast-schema-graph\">{\"@context\":\"https:\/\/schema.org\",\"@graph\":[{\"@type\":\"WebPage\",\"@id\":\"https:\/\/blog.unifr.ch\/create\/audio\/\",\"url\":\"https:\/\/blog.unifr.ch\/create\/audio\/\",\"name\":\"audio | CRE\/ATE\",\"isPartOf\":{\"@id\":\"https:\/\/blog.unifr.ch\/create\/#website\"},\"primaryImageOfPage\":{\"@id\":\"https:\/\/blog.unifr.ch\/create\/audio\/#primaryimage\"},\"image\":{\"@id\":\"https:\/\/blog.unifr.ch\/create\/audio\/#primaryimage\"},\"thumbnailUrl\":\"https:\/\/blog.unifr.ch\/create\/wp-content\/uploads\/2022\/11\/microphone-pngrepo-com.png\",\"datePublished\":\"2022-11-25T12:19:26+00:00\",\"dateModified\":\"2024-11-12T16:50:44+00:00\",\"breadcrumb\":{\"@id\":\"https:\/\/blog.unifr.ch\/create\/audio\/#breadcrumb\"},\"inLanguage\":\"en-US\",\"potentialAction\":[{\"@type\":\"ReadAction\",\"target\":[\"https:\/\/blog.unifr.ch\/create\/audio\/\"]}]},{\"@type\":\"ImageObject\",\"inLanguage\":\"en-US\",\"@id\":\"https:\/\/blog.unifr.ch\/create\/audio\/#primaryimage\",\"url\":\"https:\/\/blog.unifr.ch\/create\/wp-content\/uploads\/2022\/11\/microphone-pngrepo-com.png\",\"contentUrl\":\"https:\/\/blog.unifr.ch\/create\/wp-content\/uploads\/2022\/11\/microphone-pngrepo-com.png\",\"width\":512,\"height\":512},{\"@type\":\"BreadcrumbList\",\"@id\":\"https:\/\/blog.unifr.ch\/create\/audio\/#breadcrumb\",\"itemListElement\":[{\"@type\":\"ListItem\",\"position\":1,\"name\":\"Accueil\",\"item\":\"https:\/\/blog.unifr.ch\/create\/\"},{\"@type\":\"ListItem\",\"position\":2,\"name\":\"audio\"}]},{\"@type\":\"WebSite\",\"@id\":\"https:\/\/blog.unifr.ch\/create\/#website\",\"url\":\"https:\/\/blog.unifr.ch\/create\/\",\"name\":\"CRE\/ATE\",\"description\":\"Vers des pratiques r\u00e9fl\u00e9chies du num\u00e9rique en \u00e9ducation | Auf dem Weg zu durchdachten Praktiken der digitalen Technologie im Bildungswesen | Towards thoughtful practices of digital technology in education\",\"publisher\":{\"@id\":\"https:\/\/blog.unifr.ch\/create\/#organization\"},\"potentialAction\":[{\"@type\":\"SearchAction\",\"target\":{\"@type\":\"EntryPoint\",\"urlTemplate\":\"https:\/\/blog.unifr.ch\/create\/?s={search_term_string}\"},\"query-input\":{\"@type\":\"PropertyValueSpecification\",\"valueRequired\":true,\"valueName\":\"search_term_string\"}}],\"inLanguage\":\"en-US\"},{\"@type\":\"Organization\",\"@id\":\"https:\/\/blog.unifr.ch\/create\/#organization\",\"name\":\"CRE\/ATE\",\"url\":\"https:\/\/blog.unifr.ch\/create\/\",\"logo\":{\"@type\":\"ImageObject\",\"inLanguage\":\"en-US\",\"@id\":\"https:\/\/blog.unifr.ch\/create\/#\/schema\/logo\/image\/\",\"url\":\"https:\/\/blog.unifr.ch\/create\/wp-content\/uploads\/sites\/6\/2019\/05\/logo-square.jpg\",\"contentUrl\":\"https:\/\/blog.unifr.ch\/create\/wp-content\/uploads\/sites\/6\/2019\/05\/logo-square.jpg\",\"width\":500,\"height\":500,\"caption\":\"CRE\/ATE\"},\"image\":{\"@id\":\"https:\/\/blog.unifr.ch\/create\/#\/schema\/logo\/image\/\"}}]}<\/script>\n<!-- \/ Yoast SEO plugin. -->","yoast_head_json":{"title":"audio | CRE\/ATE","robots":{"index":"index","follow":"follow","max-snippet":"max-snippet:-1","max-image-preview":"max-image-preview:large","max-video-preview":"max-video-preview:-1"},"canonical":"https:\/\/blog.unifr.ch\/create\/audio\/","og_locale":"en_US","og_type":"article","og_title":"audio | CRE\/ATE","og_description":"Stay up to date: (1) use e.g. QuiteRSS (2) create a new feed with https:\/\/blog.unifr.ch\/create\/audio\/feed Or simply listen here!","og_url":"https:\/\/blog.unifr.ch\/create\/audio\/","og_site_name":"CRE\/ATE","article_modified_time":"2024-11-12T16:50:44+00:00","og_image":[{"width":512,"height":512,"url":"https:\/\/blog.unifr.ch\/create\/wp-content\/uploads\/sites\/6\/2022\/11\/microphone-pngrepo-com.png","type":"image\/png"}],"twitter_card":"summary_large_image","twitter_misc":{"Est. reading time":"3 minutes"},"schema":{"@context":"https:\/\/schema.org","@graph":[{"@type":"WebPage","@id":"https:\/\/blog.unifr.ch\/create\/audio\/","url":"https:\/\/blog.unifr.ch\/create\/audio\/","name":"audio | CRE\/ATE","isPartOf":{"@id":"https:\/\/blog.unifr.ch\/create\/#website"},"primaryImageOfPage":{"@id":"https:\/\/blog.unifr.ch\/create\/audio\/#primaryimage"},"image":{"@id":"https:\/\/blog.unifr.ch\/create\/audio\/#primaryimage"},"thumbnailUrl":"https:\/\/blog.unifr.ch\/create\/wp-content\/uploads\/2022\/11\/microphone-pngrepo-com.png","datePublished":"2022-11-25T12:19:26+00:00","dateModified":"2024-11-12T16:50:44+00:00","breadcrumb":{"@id":"https:\/\/blog.unifr.ch\/create\/audio\/#breadcrumb"},"inLanguage":"en-US","potentialAction":[{"@type":"ReadAction","target":["https:\/\/blog.unifr.ch\/create\/audio\/"]}]},{"@type":"ImageObject","inLanguage":"en-US","@id":"https:\/\/blog.unifr.ch\/create\/audio\/#primaryimage","url":"https:\/\/blog.unifr.ch\/create\/wp-content\/uploads\/2022\/11\/microphone-pngrepo-com.png","contentUrl":"https:\/\/blog.unifr.ch\/create\/wp-content\/uploads\/2022\/11\/microphone-pngrepo-com.png","width":512,"height":512},{"@type":"BreadcrumbList","@id":"https:\/\/blog.unifr.ch\/create\/audio\/#breadcrumb","itemListElement":[{"@type":"ListItem","position":1,"name":"Accueil","item":"https:\/\/blog.unifr.ch\/create\/"},{"@type":"ListItem","position":2,"name":"audio"}]},{"@type":"WebSite","@id":"https:\/\/blog.unifr.ch\/create\/#website","url":"https:\/\/blog.unifr.ch\/create\/","name":"CRE\/ATE","description":"Vers des pratiques r\u00e9fl\u00e9chies du num\u00e9rique en \u00e9ducation | Auf dem Weg zu durchdachten Praktiken der digitalen Technologie im Bildungswesen | Towards thoughtful practices of digital technology in education","publisher":{"@id":"https:\/\/blog.unifr.ch\/create\/#organization"},"potentialAction":[{"@type":"SearchAction","target":{"@type":"EntryPoint","urlTemplate":"https:\/\/blog.unifr.ch\/create\/?s={search_term_string}"},"query-input":{"@type":"PropertyValueSpecification","valueRequired":true,"valueName":"search_term_string"}}],"inLanguage":"en-US"},{"@type":"Organization","@id":"https:\/\/blog.unifr.ch\/create\/#organization","name":"CRE\/ATE","url":"https:\/\/blog.unifr.ch\/create\/","logo":{"@type":"ImageObject","inLanguage":"en-US","@id":"https:\/\/blog.unifr.ch\/create\/#\/schema\/logo\/image\/","url":"https:\/\/blog.unifr.ch\/create\/wp-content\/uploads\/sites\/6\/2019\/05\/logo-square.jpg","contentUrl":"https:\/\/blog.unifr.ch\/create\/wp-content\/uploads\/sites\/6\/2019\/05\/logo-square.jpg","width":500,"height":500,"caption":"CRE\/ATE"},"image":{"@id":"https:\/\/blog.unifr.ch\/create\/#\/schema\/logo\/image\/"}}]}},"_links":{"self":[{"href":"https:\/\/blog.unifr.ch\/create\/wp-json\/wp\/v2\/pages\/1925","targetHints":{"allow":["GET"]}}],"collection":[{"href":"https:\/\/blog.unifr.ch\/create\/wp-json\/wp\/v2\/pages"}],"about":[{"href":"https:\/\/blog.unifr.ch\/create\/wp-json\/wp\/v2\/types\/page"}],"author":[{"embeddable":true,"href":"https:\/\/blog.unifr.ch\/create\/wp-json\/wp\/v2\/users\/6"}],"replies":[{"embeddable":true,"href":"https:\/\/blog.unifr.ch\/create\/wp-json\/wp\/v2\/comments?post=1925"}],"version-history":[{"count":22,"href":"https:\/\/blog.unifr.ch\/create\/wp-json\/wp\/v2\/pages\/1925\/revisions"}],"predecessor-version":[{"id":2555,"href":"https:\/\/blog.unifr.ch\/create\/wp-json\/wp\/v2\/pages\/1925\/revisions\/2555"}],"wp:featuredmedia":[{"embeddable":true,"href":"https:\/\/blog.unifr.ch\/create\/wp-json\/wp\/v2\/media\/1934"}],"wp:attachment":[{"href":"https:\/\/blog.unifr.ch\/create\/wp-json\/wp\/v2\/media?parent=1925"}],"curies":[{"name":"wp","href":"https:\/\/api.w.org\/{rel}","templated":true}]}}