{"id":1986,"date":"2022-12-14T09:11:17","date_gmt":"2022-12-14T08:11:17","guid":{"rendered":"https:\/\/blog.unifr.ch\/create\/?page_id=1986"},"modified":"2023-09-07T10:24:26","modified_gmt":"2023-09-07T08:24:26","slug":"acfas23","status":"publish","type":"page","link":"https:\/\/blog.unifr.ch\/create\/acfas23\/","title":{"rendered":"[EVENT] Colloque ACFAS 2023"},"content":{"rendered":"<p><img loading=\"lazy\" decoding=\"async\" class=\"wp-image-1995 alignnone\" src=\"https:\/\/blog.unifr.ch\/create\/wp-content\/uploads\/sites\/6\/2022\/12\/acfas.png\" alt=\"\" width=\"145\" height=\"71\" srcset=\"https:\/\/blog.unifr.ch\/create\/wp-content\/uploads\/2022\/12\/acfas.png 649w, https:\/\/blog.unifr.ch\/create\/wp-content\/uploads\/2022\/12\/acfas-408x200.png 408w\" sizes=\"auto, (max-width: 145px) 100vw, 145px\" \/><\/p>\n<h5>Appel \u00e0 communication pour le colloque de l&#8217;ACFAS<\/h5>\n<h3>&#8220;<a href=\"https:\/\/www.acfas.ca\/evenements\/congres\/programme-preliminaire\/500\/550\" target=\"_blank\" rel=\"noopener\"><strong><em>Saisir les champs de tensions et de synergies entre sagesse professionnelle et intelligence artificielle en formation et enseignement<\/em><\/strong><\/a>&#8220;<\/h3>\n<p><img loading=\"lazy\" decoding=\"async\" class=\"wp-image-1996 alignnone\" src=\"https:\/\/blog.unifr.ch\/create\/wp-content\/uploads\/sites\/6\/2022\/12\/acfas23.png\" alt=\"\" width=\"186\" height=\"152\" srcset=\"https:\/\/blog.unifr.ch\/create\/wp-content\/uploads\/2022\/12\/acfas23.png 1406w, https:\/\/blog.unifr.ch\/create\/wp-content\/uploads\/2022\/12\/acfas23-768x625.png 768w, https:\/\/blog.unifr.ch\/create\/wp-content\/uploads\/2022\/12\/acfas23-246x200.png 246w, https:\/\/blog.unifr.ch\/create\/wp-content\/uploads\/2022\/12\/acfas23-492x400.png 492w, https:\/\/blog.unifr.ch\/create\/wp-content\/uploads\/2022\/12\/acfas23-983x800.png 983w\" sizes=\"auto, (max-width: 186px) 100vw, 186px\" \/><\/p>\n<h5>coordonn\u00e9 par Lionel Alvarez et Thierry Geoffre<\/h5>\n","protected":false},"excerpt":{"rendered":"<p>Appel \u00e0 communication pour le colloque de l&#8217;ACFAS &#8220;Saisir les champs de tensions et de synergies entre sagesse professionnelle et intelligence artificielle en formation et enseignement&#8220; coordonn\u00e9 par Lionel Alvarez et Thierry Geoffre<\/p>\n","protected":false},"author":6,"featured_media":1996,"parent":0,"menu_order":0,"comment_status":"closed","ping_status":"closed","template":"","meta":{"_acf_changed":false,"footnotes":""},"class_list":["post-1986","page","type-page","status-publish","has-post-thumbnail","hentry"],"acf":[],"yoast_head":"<!-- This site is optimized with the Yoast SEO plugin v25.3.1 - https:\/\/yoast.com\/wordpress\/plugins\/seo\/ -->\n<title>[EVENT] Colloque ACFAS 2023 | CRE\/ATE<\/title>\n<meta name=\"robots\" content=\"index, follow, max-snippet:-1, max-image-preview:large, max-video-preview:-1\" \/>\n<link rel=\"canonical\" href=\"https:\/\/blog.unifr.ch\/create\/acfas23\/\" \/>\n<meta property=\"og:locale\" content=\"en_US\" \/>\n<meta property=\"og:type\" content=\"article\" \/>\n<meta property=\"og:title\" content=\"[EVENT] Colloque ACFAS 2023 | CRE\/ATE\" \/>\n<meta property=\"og:description\" content=\"Appel \u00e0 communication pour le colloque de l&#8217;ACFAS &#8220;Saisir les champs de tensions et de synergies entre sagesse professionnelle et intelligence artificielle en formation et enseignement&#8220; coordonn\u00e9 par Lionel Alvarez et Thierry Geoffre\" \/>\n<meta property=\"og:url\" content=\"https:\/\/blog.unifr.ch\/create\/acfas23\/\" \/>\n<meta property=\"og:site_name\" content=\"CRE\/ATE\" \/>\n<meta property=\"article:modified_time\" content=\"2023-09-07T08:24:26+00:00\" \/>\n<meta property=\"og:image\" content=\"https:\/\/blog.unifr.ch\/create\/wp-content\/uploads\/sites\/6\/2022\/12\/acfas23.png\" \/>\n\t<meta property=\"og:image:width\" content=\"1406\" \/>\n\t<meta property=\"og:image:height\" content=\"1144\" \/>\n\t<meta property=\"og:image:type\" content=\"image\/png\" \/>\n<meta name=\"twitter:card\" content=\"summary_large_image\" \/>\n<meta name=\"twitter:label1\" content=\"Est. reading time\" \/>\n\t<meta name=\"twitter:data1\" content=\"1 minute\" \/>\n<script type=\"application\/ld+json\" class=\"yoast-schema-graph\">{\"@context\":\"https:\/\/schema.org\",\"@graph\":[{\"@type\":\"WebPage\",\"@id\":\"https:\/\/blog.unifr.ch\/create\/acfas23\/\",\"url\":\"https:\/\/blog.unifr.ch\/create\/acfas23\/\",\"name\":\"[EVENT] Colloque ACFAS 2023 | CRE\/ATE\",\"isPartOf\":{\"@id\":\"https:\/\/blog.unifr.ch\/create\/#website\"},\"primaryImageOfPage\":{\"@id\":\"https:\/\/blog.unifr.ch\/create\/acfas23\/#primaryimage\"},\"image\":{\"@id\":\"https:\/\/blog.unifr.ch\/create\/acfas23\/#primaryimage\"},\"thumbnailUrl\":\"https:\/\/blog.unifr.ch\/create\/wp-content\/uploads\/2022\/12\/acfas23.png\",\"datePublished\":\"2022-12-14T08:11:17+00:00\",\"dateModified\":\"2023-09-07T08:24:26+00:00\",\"breadcrumb\":{\"@id\":\"https:\/\/blog.unifr.ch\/create\/acfas23\/#breadcrumb\"},\"inLanguage\":\"en-US\",\"potentialAction\":[{\"@type\":\"ReadAction\",\"target\":[\"https:\/\/blog.unifr.ch\/create\/acfas23\/\"]}]},{\"@type\":\"ImageObject\",\"inLanguage\":\"en-US\",\"@id\":\"https:\/\/blog.unifr.ch\/create\/acfas23\/#primaryimage\",\"url\":\"https:\/\/blog.unifr.ch\/create\/wp-content\/uploads\/2022\/12\/acfas23.png\",\"contentUrl\":\"https:\/\/blog.unifr.ch\/create\/wp-content\/uploads\/2022\/12\/acfas23.png\",\"width\":1406,\"height\":1144},{\"@type\":\"BreadcrumbList\",\"@id\":\"https:\/\/blog.unifr.ch\/create\/acfas23\/#breadcrumb\",\"itemListElement\":[{\"@type\":\"ListItem\",\"position\":1,\"name\":\"Accueil\",\"item\":\"https:\/\/blog.unifr.ch\/create\/\"},{\"@type\":\"ListItem\",\"position\":2,\"name\":\"[EVENT] Colloque ACFAS 2023\"}]},{\"@type\":\"WebSite\",\"@id\":\"https:\/\/blog.unifr.ch\/create\/#website\",\"url\":\"https:\/\/blog.unifr.ch\/create\/\",\"name\":\"CRE\/ATE\",\"description\":\"Vers des pratiques r\u00e9fl\u00e9chies du num\u00e9rique en \u00e9ducation | Auf dem Weg zu durchdachten Praktiken der digitalen Technologie im Bildungswesen | Towards thoughtful practices of digital technology in education\",\"publisher\":{\"@id\":\"https:\/\/blog.unifr.ch\/create\/#organization\"},\"potentialAction\":[{\"@type\":\"SearchAction\",\"target\":{\"@type\":\"EntryPoint\",\"urlTemplate\":\"https:\/\/blog.unifr.ch\/create\/?s={search_term_string}\"},\"query-input\":{\"@type\":\"PropertyValueSpecification\",\"valueRequired\":true,\"valueName\":\"search_term_string\"}}],\"inLanguage\":\"en-US\"},{\"@type\":\"Organization\",\"@id\":\"https:\/\/blog.unifr.ch\/create\/#organization\",\"name\":\"CRE\/ATE\",\"url\":\"https:\/\/blog.unifr.ch\/create\/\",\"logo\":{\"@type\":\"ImageObject\",\"inLanguage\":\"en-US\",\"@id\":\"https:\/\/blog.unifr.ch\/create\/#\/schema\/logo\/image\/\",\"url\":\"https:\/\/blog.unifr.ch\/create\/wp-content\/uploads\/sites\/6\/2019\/05\/logo-square.jpg\",\"contentUrl\":\"https:\/\/blog.unifr.ch\/create\/wp-content\/uploads\/sites\/6\/2019\/05\/logo-square.jpg\",\"width\":500,\"height\":500,\"caption\":\"CRE\/ATE\"},\"image\":{\"@id\":\"https:\/\/blog.unifr.ch\/create\/#\/schema\/logo\/image\/\"}}]}<\/script>\n<!-- \/ Yoast SEO plugin. -->","yoast_head_json":{"title":"[EVENT] Colloque ACFAS 2023 | CRE\/ATE","robots":{"index":"index","follow":"follow","max-snippet":"max-snippet:-1","max-image-preview":"max-image-preview:large","max-video-preview":"max-video-preview:-1"},"canonical":"https:\/\/blog.unifr.ch\/create\/acfas23\/","og_locale":"en_US","og_type":"article","og_title":"[EVENT] Colloque ACFAS 2023 | CRE\/ATE","og_description":"Appel \u00e0 communication pour le colloque de l&#8217;ACFAS &#8220;Saisir les champs de tensions et de synergies entre sagesse professionnelle et intelligence artificielle en formation et enseignement&#8220; coordonn\u00e9 par Lionel Alvarez et Thierry Geoffre","og_url":"https:\/\/blog.unifr.ch\/create\/acfas23\/","og_site_name":"CRE\/ATE","article_modified_time":"2023-09-07T08:24:26+00:00","og_image":[{"width":1406,"height":1144,"url":"https:\/\/blog.unifr.ch\/create\/wp-content\/uploads\/sites\/6\/2022\/12\/acfas23.png","type":"image\/png"}],"twitter_card":"summary_large_image","twitter_misc":{"Est. reading time":"1 minute"},"schema":{"@context":"https:\/\/schema.org","@graph":[{"@type":"WebPage","@id":"https:\/\/blog.unifr.ch\/create\/acfas23\/","url":"https:\/\/blog.unifr.ch\/create\/acfas23\/","name":"[EVENT] Colloque ACFAS 2023 | CRE\/ATE","isPartOf":{"@id":"https:\/\/blog.unifr.ch\/create\/#website"},"primaryImageOfPage":{"@id":"https:\/\/blog.unifr.ch\/create\/acfas23\/#primaryimage"},"image":{"@id":"https:\/\/blog.unifr.ch\/create\/acfas23\/#primaryimage"},"thumbnailUrl":"https:\/\/blog.unifr.ch\/create\/wp-content\/uploads\/2022\/12\/acfas23.png","datePublished":"2022-12-14T08:11:17+00:00","dateModified":"2023-09-07T08:24:26+00:00","breadcrumb":{"@id":"https:\/\/blog.unifr.ch\/create\/acfas23\/#breadcrumb"},"inLanguage":"en-US","potentialAction":[{"@type":"ReadAction","target":["https:\/\/blog.unifr.ch\/create\/acfas23\/"]}]},{"@type":"ImageObject","inLanguage":"en-US","@id":"https:\/\/blog.unifr.ch\/create\/acfas23\/#primaryimage","url":"https:\/\/blog.unifr.ch\/create\/wp-content\/uploads\/2022\/12\/acfas23.png","contentUrl":"https:\/\/blog.unifr.ch\/create\/wp-content\/uploads\/2022\/12\/acfas23.png","width":1406,"height":1144},{"@type":"BreadcrumbList","@id":"https:\/\/blog.unifr.ch\/create\/acfas23\/#breadcrumb","itemListElement":[{"@type":"ListItem","position":1,"name":"Accueil","item":"https:\/\/blog.unifr.ch\/create\/"},{"@type":"ListItem","position":2,"name":"[EVENT] Colloque ACFAS 2023"}]},{"@type":"WebSite","@id":"https:\/\/blog.unifr.ch\/create\/#website","url":"https:\/\/blog.unifr.ch\/create\/","name":"CRE\/ATE","description":"Vers des pratiques r\u00e9fl\u00e9chies du num\u00e9rique en \u00e9ducation | Auf dem Weg zu durchdachten Praktiken der digitalen Technologie im Bildungswesen | Towards thoughtful practices of digital technology in education","publisher":{"@id":"https:\/\/blog.unifr.ch\/create\/#organization"},"potentialAction":[{"@type":"SearchAction","target":{"@type":"EntryPoint","urlTemplate":"https:\/\/blog.unifr.ch\/create\/?s={search_term_string}"},"query-input":{"@type":"PropertyValueSpecification","valueRequired":true,"valueName":"search_term_string"}}],"inLanguage":"en-US"},{"@type":"Organization","@id":"https:\/\/blog.unifr.ch\/create\/#organization","name":"CRE\/ATE","url":"https:\/\/blog.unifr.ch\/create\/","logo":{"@type":"ImageObject","inLanguage":"en-US","@id":"https:\/\/blog.unifr.ch\/create\/#\/schema\/logo\/image\/","url":"https:\/\/blog.unifr.ch\/create\/wp-content\/uploads\/sites\/6\/2019\/05\/logo-square.jpg","contentUrl":"https:\/\/blog.unifr.ch\/create\/wp-content\/uploads\/sites\/6\/2019\/05\/logo-square.jpg","width":500,"height":500,"caption":"CRE\/ATE"},"image":{"@id":"https:\/\/blog.unifr.ch\/create\/#\/schema\/logo\/image\/"}}]}},"_links":{"self":[{"href":"https:\/\/blog.unifr.ch\/create\/wp-json\/wp\/v2\/pages\/1986","targetHints":{"allow":["GET"]}}],"collection":[{"href":"https:\/\/blog.unifr.ch\/create\/wp-json\/wp\/v2\/pages"}],"about":[{"href":"https:\/\/blog.unifr.ch\/create\/wp-json\/wp\/v2\/types\/page"}],"author":[{"embeddable":true,"href":"https:\/\/blog.unifr.ch\/create\/wp-json\/wp\/v2\/users\/6"}],"replies":[{"embeddable":true,"href":"https:\/\/blog.unifr.ch\/create\/wp-json\/wp\/v2\/comments?post=1986"}],"version-history":[{"count":13,"href":"https:\/\/blog.unifr.ch\/create\/wp-json\/wp\/v2\/pages\/1986\/revisions"}],"predecessor-version":[{"id":2274,"href":"https:\/\/blog.unifr.ch\/create\/wp-json\/wp\/v2\/pages\/1986\/revisions\/2274"}],"wp:featuredmedia":[{"embeddable":true,"href":"https:\/\/blog.unifr.ch\/create\/wp-json\/wp\/v2\/media\/1996"}],"wp:attachment":[{"href":"https:\/\/blog.unifr.ch\/create\/wp-json\/wp\/v2\/media?parent=1986"}],"curies":[{"name":"wp","href":"https:\/\/api.w.org\/{rel}","templated":true}]}}