{"id":2056,"date":"2023-02-16T09:34:02","date_gmt":"2023-02-16T08:34:02","guid":{"rendered":"https:\/\/blog.unifr.ch\/create\/?page_id=2056"},"modified":"2023-02-16T09:35:19","modified_gmt":"2023-02-16T08:35:19","slug":"event-demi-journee-detude-culture-numerique-a-lecole","status":"publish","type":"page","link":"https:\/\/blog.unifr.ch\/create\/event-demi-journee-detude-culture-numerique-a-lecole\/","title":{"rendered":"[EVENT] Demi-journ\u00e9e d&#8217;\u00e9tude \u2013 Culture num\u00e9rique \u00e0 l&#8217;\u00e9cole"},"content":{"rendered":"<p><img loading=\"lazy\" decoding=\"async\" class=\"alignnone wp-image-2057\" src=\"https:\/\/blog.unifr.ch\/create\/wp-content\/uploads\/sites\/6\/2023\/02\/CultureNumerique_BannerWeb.jpg\" alt=\"\" width=\"471\" height=\"238\" srcset=\"https:\/\/blog.unifr.ch\/create\/wp-content\/uploads\/2023\/02\/CultureNumerique_BannerWeb.jpg 1754w, https:\/\/blog.unifr.ch\/create\/wp-content\/uploads\/2023\/02\/CultureNumerique_BannerWeb-768x388.jpg 768w, https:\/\/blog.unifr.ch\/create\/wp-content\/uploads\/2023\/02\/CultureNumerique_BannerWeb-1536x776.jpg 1536w, https:\/\/blog.unifr.ch\/create\/wp-content\/uploads\/2023\/02\/CultureNumerique_BannerWeb-396x200.jpg 396w, https:\/\/blog.unifr.ch\/create\/wp-content\/uploads\/2023\/02\/CultureNumerique_BannerWeb-792x400.jpg 792w, https:\/\/blog.unifr.ch\/create\/wp-content\/uploads\/2023\/02\/CultureNumerique_BannerWeb-1584x800.jpg 1584w\" sizes=\"auto, (max-width: 471px) 100vw, 471px\" \/><\/p>\n<p><a href=\"https:\/\/blog.unifr.ch\/create\/wp-content\/uploads\/sites\/6\/2023\/02\/CultureNumerique_hepfr.pdf\" target=\"_blank\" rel=\"noopener\">PDF du programme<\/a><\/p>\n","protected":false},"excerpt":{"rendered":"<p>PDF du programme<\/p>\n","protected":false},"author":6,"featured_media":2057,"parent":0,"menu_order":0,"comment_status":"closed","ping_status":"closed","template":"","meta":{"_acf_changed":false,"footnotes":""},"class_list":["post-2056","page","type-page","status-publish","has-post-thumbnail","hentry"],"acf":[],"yoast_head":"<!-- This site is optimized with the Yoast SEO plugin v25.3.1 - https:\/\/yoast.com\/wordpress\/plugins\/seo\/ -->\n<title>[EVENT] Demi-journ\u00e9e d&#039;\u00e9tude \u2013 Culture num\u00e9rique \u00e0 l&#039;\u00e9cole | CRE\/ATE<\/title>\n<meta name=\"robots\" content=\"index, follow, max-snippet:-1, max-image-preview:large, max-video-preview:-1\" \/>\n<link rel=\"canonical\" href=\"https:\/\/blog.unifr.ch\/create\/event-demi-journee-detude-culture-numerique-a-lecole\/\" \/>\n<meta property=\"og:locale\" content=\"en_US\" \/>\n<meta property=\"og:type\" content=\"article\" \/>\n<meta property=\"og:title\" content=\"[EVENT] Demi-journ\u00e9e d&#039;\u00e9tude \u2013 Culture num\u00e9rique \u00e0 l&#039;\u00e9cole | CRE\/ATE\" \/>\n<meta property=\"og:description\" content=\"PDF du programme\" \/>\n<meta property=\"og:url\" content=\"https:\/\/blog.unifr.ch\/create\/event-demi-journee-detude-culture-numerique-a-lecole\/\" \/>\n<meta property=\"og:site_name\" content=\"CRE\/ATE\" \/>\n<meta property=\"article:modified_time\" content=\"2023-02-16T08:35:19+00:00\" \/>\n<meta property=\"og:image\" content=\"https:\/\/blog.unifr.ch\/create\/wp-content\/uploads\/sites\/6\/2023\/02\/CultureNumerique_BannerWeb.jpg\" \/>\n\t<meta property=\"og:image:width\" content=\"1754\" \/>\n\t<meta property=\"og:image:height\" content=\"886\" \/>\n\t<meta property=\"og:image:type\" content=\"image\/jpeg\" \/>\n<meta name=\"twitter:card\" content=\"summary_large_image\" \/>\n<script type=\"application\/ld+json\" class=\"yoast-schema-graph\">{\"@context\":\"https:\/\/schema.org\",\"@graph\":[{\"@type\":\"WebPage\",\"@id\":\"https:\/\/blog.unifr.ch\/create\/event-demi-journee-detude-culture-numerique-a-lecole\/\",\"url\":\"https:\/\/blog.unifr.ch\/create\/event-demi-journee-detude-culture-numerique-a-lecole\/\",\"name\":\"[EVENT] Demi-journ\u00e9e d'\u00e9tude \u2013 Culture num\u00e9rique \u00e0 l'\u00e9cole | CRE\/ATE\",\"isPartOf\":{\"@id\":\"https:\/\/blog.unifr.ch\/create\/#website\"},\"primaryImageOfPage\":{\"@id\":\"https:\/\/blog.unifr.ch\/create\/event-demi-journee-detude-culture-numerique-a-lecole\/#primaryimage\"},\"image\":{\"@id\":\"https:\/\/blog.unifr.ch\/create\/event-demi-journee-detude-culture-numerique-a-lecole\/#primaryimage\"},\"thumbnailUrl\":\"https:\/\/blog.unifr.ch\/create\/wp-content\/uploads\/2023\/02\/CultureNumerique_BannerWeb.jpg\",\"datePublished\":\"2023-02-16T08:34:02+00:00\",\"dateModified\":\"2023-02-16T08:35:19+00:00\",\"breadcrumb\":{\"@id\":\"https:\/\/blog.unifr.ch\/create\/event-demi-journee-detude-culture-numerique-a-lecole\/#breadcrumb\"},\"inLanguage\":\"en-US\",\"potentialAction\":[{\"@type\":\"ReadAction\",\"target\":[\"https:\/\/blog.unifr.ch\/create\/event-demi-journee-detude-culture-numerique-a-lecole\/\"]}]},{\"@type\":\"ImageObject\",\"inLanguage\":\"en-US\",\"@id\":\"https:\/\/blog.unifr.ch\/create\/event-demi-journee-detude-culture-numerique-a-lecole\/#primaryimage\",\"url\":\"https:\/\/blog.unifr.ch\/create\/wp-content\/uploads\/2023\/02\/CultureNumerique_BannerWeb.jpg\",\"contentUrl\":\"https:\/\/blog.unifr.ch\/create\/wp-content\/uploads\/2023\/02\/CultureNumerique_BannerWeb.jpg\",\"width\":1754,\"height\":886},{\"@type\":\"BreadcrumbList\",\"@id\":\"https:\/\/blog.unifr.ch\/create\/event-demi-journee-detude-culture-numerique-a-lecole\/#breadcrumb\",\"itemListElement\":[{\"@type\":\"ListItem\",\"position\":1,\"name\":\"Accueil\",\"item\":\"https:\/\/blog.unifr.ch\/create\/\"},{\"@type\":\"ListItem\",\"position\":2,\"name\":\"[EVENT] Demi-journ\u00e9e d&#8217;\u00e9tude \u2013 Culture num\u00e9rique \u00e0 l&#8217;\u00e9cole\"}]},{\"@type\":\"WebSite\",\"@id\":\"https:\/\/blog.unifr.ch\/create\/#website\",\"url\":\"https:\/\/blog.unifr.ch\/create\/\",\"name\":\"CRE\/ATE\",\"description\":\"Vers des pratiques r\u00e9fl\u00e9chies du num\u00e9rique en \u00e9ducation | Auf dem Weg zu durchdachten Praktiken der digitalen Technologie im Bildungswesen | Towards thoughtful practices of digital technology in education\",\"publisher\":{\"@id\":\"https:\/\/blog.unifr.ch\/create\/#organization\"},\"potentialAction\":[{\"@type\":\"SearchAction\",\"target\":{\"@type\":\"EntryPoint\",\"urlTemplate\":\"https:\/\/blog.unifr.ch\/create\/?s={search_term_string}\"},\"query-input\":{\"@type\":\"PropertyValueSpecification\",\"valueRequired\":true,\"valueName\":\"search_term_string\"}}],\"inLanguage\":\"en-US\"},{\"@type\":\"Organization\",\"@id\":\"https:\/\/blog.unifr.ch\/create\/#organization\",\"name\":\"CRE\/ATE\",\"url\":\"https:\/\/blog.unifr.ch\/create\/\",\"logo\":{\"@type\":\"ImageObject\",\"inLanguage\":\"en-US\",\"@id\":\"https:\/\/blog.unifr.ch\/create\/#\/schema\/logo\/image\/\",\"url\":\"https:\/\/blog.unifr.ch\/create\/wp-content\/uploads\/sites\/6\/2019\/05\/logo-square.jpg\",\"contentUrl\":\"https:\/\/blog.unifr.ch\/create\/wp-content\/uploads\/sites\/6\/2019\/05\/logo-square.jpg\",\"width\":500,\"height\":500,\"caption\":\"CRE\/ATE\"},\"image\":{\"@id\":\"https:\/\/blog.unifr.ch\/create\/#\/schema\/logo\/image\/\"}}]}<\/script>\n<!-- \/ Yoast SEO plugin. -->","yoast_head_json":{"title":"[EVENT] Demi-journ\u00e9e d'\u00e9tude \u2013 Culture num\u00e9rique \u00e0 l'\u00e9cole | CRE\/ATE","robots":{"index":"index","follow":"follow","max-snippet":"max-snippet:-1","max-image-preview":"max-image-preview:large","max-video-preview":"max-video-preview:-1"},"canonical":"https:\/\/blog.unifr.ch\/create\/event-demi-journee-detude-culture-numerique-a-lecole\/","og_locale":"en_US","og_type":"article","og_title":"[EVENT] Demi-journ\u00e9e d'\u00e9tude \u2013 Culture num\u00e9rique \u00e0 l'\u00e9cole | CRE\/ATE","og_description":"PDF du programme","og_url":"https:\/\/blog.unifr.ch\/create\/event-demi-journee-detude-culture-numerique-a-lecole\/","og_site_name":"CRE\/ATE","article_modified_time":"2023-02-16T08:35:19+00:00","og_image":[{"width":1754,"height":886,"url":"https:\/\/blog.unifr.ch\/create\/wp-content\/uploads\/sites\/6\/2023\/02\/CultureNumerique_BannerWeb.jpg","type":"image\/jpeg"}],"twitter_card":"summary_large_image","schema":{"@context":"https:\/\/schema.org","@graph":[{"@type":"WebPage","@id":"https:\/\/blog.unifr.ch\/create\/event-demi-journee-detude-culture-numerique-a-lecole\/","url":"https:\/\/blog.unifr.ch\/create\/event-demi-journee-detude-culture-numerique-a-lecole\/","name":"[EVENT] Demi-journ\u00e9e d'\u00e9tude \u2013 Culture num\u00e9rique \u00e0 l'\u00e9cole | CRE\/ATE","isPartOf":{"@id":"https:\/\/blog.unifr.ch\/create\/#website"},"primaryImageOfPage":{"@id":"https:\/\/blog.unifr.ch\/create\/event-demi-journee-detude-culture-numerique-a-lecole\/#primaryimage"},"image":{"@id":"https:\/\/blog.unifr.ch\/create\/event-demi-journee-detude-culture-numerique-a-lecole\/#primaryimage"},"thumbnailUrl":"https:\/\/blog.unifr.ch\/create\/wp-content\/uploads\/2023\/02\/CultureNumerique_BannerWeb.jpg","datePublished":"2023-02-16T08:34:02+00:00","dateModified":"2023-02-16T08:35:19+00:00","breadcrumb":{"@id":"https:\/\/blog.unifr.ch\/create\/event-demi-journee-detude-culture-numerique-a-lecole\/#breadcrumb"},"inLanguage":"en-US","potentialAction":[{"@type":"ReadAction","target":["https:\/\/blog.unifr.ch\/create\/event-demi-journee-detude-culture-numerique-a-lecole\/"]}]},{"@type":"ImageObject","inLanguage":"en-US","@id":"https:\/\/blog.unifr.ch\/create\/event-demi-journee-detude-culture-numerique-a-lecole\/#primaryimage","url":"https:\/\/blog.unifr.ch\/create\/wp-content\/uploads\/2023\/02\/CultureNumerique_BannerWeb.jpg","contentUrl":"https:\/\/blog.unifr.ch\/create\/wp-content\/uploads\/2023\/02\/CultureNumerique_BannerWeb.jpg","width":1754,"height":886},{"@type":"BreadcrumbList","@id":"https:\/\/blog.unifr.ch\/create\/event-demi-journee-detude-culture-numerique-a-lecole\/#breadcrumb","itemListElement":[{"@type":"ListItem","position":1,"name":"Accueil","item":"https:\/\/blog.unifr.ch\/create\/"},{"@type":"ListItem","position":2,"name":"[EVENT] Demi-journ\u00e9e d&#8217;\u00e9tude \u2013 Culture num\u00e9rique \u00e0 l&#8217;\u00e9cole"}]},{"@type":"WebSite","@id":"https:\/\/blog.unifr.ch\/create\/#website","url":"https:\/\/blog.unifr.ch\/create\/","name":"CRE\/ATE","description":"Vers des pratiques r\u00e9fl\u00e9chies du num\u00e9rique en \u00e9ducation | Auf dem Weg zu durchdachten Praktiken der digitalen Technologie im Bildungswesen | Towards thoughtful practices of digital technology in education","publisher":{"@id":"https:\/\/blog.unifr.ch\/create\/#organization"},"potentialAction":[{"@type":"SearchAction","target":{"@type":"EntryPoint","urlTemplate":"https:\/\/blog.unifr.ch\/create\/?s={search_term_string}"},"query-input":{"@type":"PropertyValueSpecification","valueRequired":true,"valueName":"search_term_string"}}],"inLanguage":"en-US"},{"@type":"Organization","@id":"https:\/\/blog.unifr.ch\/create\/#organization","name":"CRE\/ATE","url":"https:\/\/blog.unifr.ch\/create\/","logo":{"@type":"ImageObject","inLanguage":"en-US","@id":"https:\/\/blog.unifr.ch\/create\/#\/schema\/logo\/image\/","url":"https:\/\/blog.unifr.ch\/create\/wp-content\/uploads\/sites\/6\/2019\/05\/logo-square.jpg","contentUrl":"https:\/\/blog.unifr.ch\/create\/wp-content\/uploads\/sites\/6\/2019\/05\/logo-square.jpg","width":500,"height":500,"caption":"CRE\/ATE"},"image":{"@id":"https:\/\/blog.unifr.ch\/create\/#\/schema\/logo\/image\/"}}]}},"_links":{"self":[{"href":"https:\/\/blog.unifr.ch\/create\/wp-json\/wp\/v2\/pages\/2056","targetHints":{"allow":["GET"]}}],"collection":[{"href":"https:\/\/blog.unifr.ch\/create\/wp-json\/wp\/v2\/pages"}],"about":[{"href":"https:\/\/blog.unifr.ch\/create\/wp-json\/wp\/v2\/types\/page"}],"author":[{"embeddable":true,"href":"https:\/\/blog.unifr.ch\/create\/wp-json\/wp\/v2\/users\/6"}],"replies":[{"embeddable":true,"href":"https:\/\/blog.unifr.ch\/create\/wp-json\/wp\/v2\/comments?post=2056"}],"version-history":[{"count":2,"href":"https:\/\/blog.unifr.ch\/create\/wp-json\/wp\/v2\/pages\/2056\/revisions"}],"predecessor-version":[{"id":2061,"href":"https:\/\/blog.unifr.ch\/create\/wp-json\/wp\/v2\/pages\/2056\/revisions\/2061"}],"wp:featuredmedia":[{"embeddable":true,"href":"https:\/\/blog.unifr.ch\/create\/wp-json\/wp\/v2\/media\/2057"}],"wp:attachment":[{"href":"https:\/\/blog.unifr.ch\/create\/wp-json\/wp\/v2\/media?parent=2056"}],"curies":[{"name":"wp","href":"https:\/\/api.w.org\/{rel}","templated":true}]}}