{"id":2065,"date":"2023-02-16T09:54:34","date_gmt":"2023-02-16T08:54:34","guid":{"rendered":"https:\/\/blog.unifr.ch\/create\/?page_id=2065"},"modified":"2023-04-05T10:49:45","modified_gmt":"2023-04-05T08:49:45","slug":"event-demi-journee-detude-numerique-differenciation","status":"publish","type":"page","link":"https:\/\/blog.unifr.ch\/create\/event-demi-journee-detude-numerique-differenciation\/","title":{"rendered":"[EVENT] Demi-journ\u00e9e d&#8217;\u00e9tude \u2013 Num\u00e9rique &amp; Diff\u00e9renciation"},"content":{"rendered":"<div style=\"width: 360px;\" class=\"wp-video\"><!--[if lt IE 9]><script>document.createElement('video');<\/script><![endif]-->\n<video class=\"wp-video-shortcode\" id=\"video-2065-1\" width=\"360\" height=\"360\" loop autoplay preload=\"metadata\" controls=\"controls\"><source type=\"video\/mp4\" src=\"https:\/\/blog.unifr.ch\/create\/wp-content\/uploads\/sites\/6\/2023\/03\/culturenume\u0301rique_2023-360p.mp4?_=1\" \/><a href=\"https:\/\/blog.unifr.ch\/create\/wp-content\/uploads\/sites\/6\/2023\/03\/culturenume\u0301rique_2023-360p.mp4\">https:\/\/blog.unifr.ch\/create\/wp-content\/uploads\/sites\/6\/2023\/03\/culturenume\u0301rique_2023-360p.mp4<\/a><\/video><\/div>\n<ul>\n<li><a href=\"https:\/\/blog.unifr.ch\/create\/wp-content\/uploads\/sites\/6\/2023\/03\/num_diiff_affiche.pdf\" target=\"_blank\" rel=\"noopener\">Affiche de l&#8217;\u00e9v\u00e9nement<\/a><\/li>\n<li><a href=\"https:\/\/forms.office.com\/e\/JW4A7VnCLN\" target=\"_blank\" rel=\"noopener\">Inscription \u00e0 l&#8217;\u00e9v\u00e9nement<\/a><\/li>\n<\/ul>\n","protected":false},"excerpt":{"rendered":"<p>Affiche de l&#8217;\u00e9v\u00e9nement Inscription \u00e0 l&#8217;\u00e9v\u00e9nement<\/p>\n","protected":false},"author":6,"featured_media":2140,"parent":0,"menu_order":0,"comment_status":"closed","ping_status":"closed","template":"","meta":{"_acf_changed":false,"footnotes":""},"class_list":["post-2065","page","type-page","status-publish","has-post-thumbnail","hentry"],"acf":[],"yoast_head":"<!-- This site is optimized with the Yoast SEO plugin v25.3.1 - https:\/\/yoast.com\/wordpress\/plugins\/seo\/ -->\n<title>[EVENT] Demi-journ\u00e9e d&#039;\u00e9tude \u2013 Num\u00e9rique &amp; Diff\u00e9renciation | CRE\/ATE<\/title>\n<meta name=\"robots\" content=\"index, follow, max-snippet:-1, max-image-preview:large, max-video-preview:-1\" \/>\n<link rel=\"canonical\" href=\"https:\/\/blog.unifr.ch\/create\/event-demi-journee-detude-numerique-differenciation\/\" \/>\n<meta property=\"og:locale\" content=\"en_US\" \/>\n<meta property=\"og:type\" content=\"article\" \/>\n<meta property=\"og:title\" content=\"[EVENT] Demi-journ\u00e9e d&#039;\u00e9tude \u2013 Num\u00e9rique &amp; Diff\u00e9renciation | CRE\/ATE\" \/>\n<meta property=\"og:description\" content=\"Affiche de l&#8217;\u00e9v\u00e9nement Inscription \u00e0 l&#8217;\u00e9v\u00e9nement\" \/>\n<meta property=\"og:url\" content=\"https:\/\/blog.unifr.ch\/create\/event-demi-journee-detude-numerique-differenciation\/\" \/>\n<meta property=\"og:site_name\" content=\"CRE\/ATE\" \/>\n<meta property=\"article:modified_time\" content=\"2023-04-05T08:49:45+00:00\" \/>\n<meta property=\"og:image\" content=\"https:\/\/blog.unifr.ch\/create\/wp-content\/uploads\/sites\/6\/2023\/02\/event02_01.jpg\" \/>\n\t<meta property=\"og:image:width\" content=\"1462\" \/>\n\t<meta property=\"og:image:height\" content=\"1536\" \/>\n\t<meta property=\"og:image:type\" content=\"image\/jpeg\" \/>\n<meta name=\"twitter:card\" content=\"summary_large_image\" \/>\n<script type=\"application\/ld+json\" class=\"yoast-schema-graph\">{\"@context\":\"https:\/\/schema.org\",\"@graph\":[{\"@type\":\"WebPage\",\"@id\":\"https:\/\/blog.unifr.ch\/create\/event-demi-journee-detude-numerique-differenciation\/\",\"url\":\"https:\/\/blog.unifr.ch\/create\/event-demi-journee-detude-numerique-differenciation\/\",\"name\":\"[EVENT] Demi-journ\u00e9e d'\u00e9tude \u2013 Num\u00e9rique &amp; Diff\u00e9renciation | CRE\/ATE\",\"isPartOf\":{\"@id\":\"https:\/\/blog.unifr.ch\/create\/#website\"},\"primaryImageOfPage\":{\"@id\":\"https:\/\/blog.unifr.ch\/create\/event-demi-journee-detude-numerique-differenciation\/#primaryimage\"},\"image\":{\"@id\":\"https:\/\/blog.unifr.ch\/create\/event-demi-journee-detude-numerique-differenciation\/#primaryimage\"},\"thumbnailUrl\":\"https:\/\/blog.unifr.ch\/create\/wp-content\/uploads\/2023\/02\/event02_01.jpg\",\"datePublished\":\"2023-02-16T08:54:34+00:00\",\"dateModified\":\"2023-04-05T08:49:45+00:00\",\"breadcrumb\":{\"@id\":\"https:\/\/blog.unifr.ch\/create\/event-demi-journee-detude-numerique-differenciation\/#breadcrumb\"},\"inLanguage\":\"en-US\",\"potentialAction\":[{\"@type\":\"ReadAction\",\"target\":[\"https:\/\/blog.unifr.ch\/create\/event-demi-journee-detude-numerique-differenciation\/\"]}]},{\"@type\":\"ImageObject\",\"inLanguage\":\"en-US\",\"@id\":\"https:\/\/blog.unifr.ch\/create\/event-demi-journee-detude-numerique-differenciation\/#primaryimage\",\"url\":\"https:\/\/blog.unifr.ch\/create\/wp-content\/uploads\/2023\/02\/event02_01.jpg\",\"contentUrl\":\"https:\/\/blog.unifr.ch\/create\/wp-content\/uploads\/2023\/02\/event02_01.jpg\",\"width\":1462,\"height\":1536,\"caption\":\"cr\u00e9\u00e9 par Baptiste Cochard\"},{\"@type\":\"BreadcrumbList\",\"@id\":\"https:\/\/blog.unifr.ch\/create\/event-demi-journee-detude-numerique-differenciation\/#breadcrumb\",\"itemListElement\":[{\"@type\":\"ListItem\",\"position\":1,\"name\":\"Accueil\",\"item\":\"https:\/\/blog.unifr.ch\/create\/\"},{\"@type\":\"ListItem\",\"position\":2,\"name\":\"[EVENT] Demi-journ\u00e9e d&#8217;\u00e9tude \u2013 Num\u00e9rique &amp; Diff\u00e9renciation\"}]},{\"@type\":\"WebSite\",\"@id\":\"https:\/\/blog.unifr.ch\/create\/#website\",\"url\":\"https:\/\/blog.unifr.ch\/create\/\",\"name\":\"CRE\/ATE\",\"description\":\"Vers des pratiques r\u00e9fl\u00e9chies du num\u00e9rique en \u00e9ducation | Auf dem Weg zu durchdachten Praktiken der digitalen Technologie im Bildungswesen | Towards thoughtful practices of digital technology in education\",\"publisher\":{\"@id\":\"https:\/\/blog.unifr.ch\/create\/#organization\"},\"potentialAction\":[{\"@type\":\"SearchAction\",\"target\":{\"@type\":\"EntryPoint\",\"urlTemplate\":\"https:\/\/blog.unifr.ch\/create\/?s={search_term_string}\"},\"query-input\":{\"@type\":\"PropertyValueSpecification\",\"valueRequired\":true,\"valueName\":\"search_term_string\"}}],\"inLanguage\":\"en-US\"},{\"@type\":\"Organization\",\"@id\":\"https:\/\/blog.unifr.ch\/create\/#organization\",\"name\":\"CRE\/ATE\",\"url\":\"https:\/\/blog.unifr.ch\/create\/\",\"logo\":{\"@type\":\"ImageObject\",\"inLanguage\":\"en-US\",\"@id\":\"https:\/\/blog.unifr.ch\/create\/#\/schema\/logo\/image\/\",\"url\":\"https:\/\/blog.unifr.ch\/create\/wp-content\/uploads\/sites\/6\/2019\/05\/logo-square.jpg\",\"contentUrl\":\"https:\/\/blog.unifr.ch\/create\/wp-content\/uploads\/sites\/6\/2019\/05\/logo-square.jpg\",\"width\":500,\"height\":500,\"caption\":\"CRE\/ATE\"},\"image\":{\"@id\":\"https:\/\/blog.unifr.ch\/create\/#\/schema\/logo\/image\/\"}}]}<\/script>\n<!-- \/ Yoast SEO plugin. -->","yoast_head_json":{"title":"[EVENT] Demi-journ\u00e9e d'\u00e9tude \u2013 Num\u00e9rique &amp; Diff\u00e9renciation | CRE\/ATE","robots":{"index":"index","follow":"follow","max-snippet":"max-snippet:-1","max-image-preview":"max-image-preview:large","max-video-preview":"max-video-preview:-1"},"canonical":"https:\/\/blog.unifr.ch\/create\/event-demi-journee-detude-numerique-differenciation\/","og_locale":"en_US","og_type":"article","og_title":"[EVENT] Demi-journ\u00e9e d'\u00e9tude \u2013 Num\u00e9rique &amp; Diff\u00e9renciation | CRE\/ATE","og_description":"Affiche de l&#8217;\u00e9v\u00e9nement Inscription \u00e0 l&#8217;\u00e9v\u00e9nement","og_url":"https:\/\/blog.unifr.ch\/create\/event-demi-journee-detude-numerique-differenciation\/","og_site_name":"CRE\/ATE","article_modified_time":"2023-04-05T08:49:45+00:00","og_image":[{"width":1462,"height":1536,"url":"https:\/\/blog.unifr.ch\/create\/wp-content\/uploads\/sites\/6\/2023\/02\/event02_01.jpg","type":"image\/jpeg"}],"twitter_card":"summary_large_image","schema":{"@context":"https:\/\/schema.org","@graph":[{"@type":"WebPage","@id":"https:\/\/blog.unifr.ch\/create\/event-demi-journee-detude-numerique-differenciation\/","url":"https:\/\/blog.unifr.ch\/create\/event-demi-journee-detude-numerique-differenciation\/","name":"[EVENT] Demi-journ\u00e9e d'\u00e9tude \u2013 Num\u00e9rique &amp; Diff\u00e9renciation | CRE\/ATE","isPartOf":{"@id":"https:\/\/blog.unifr.ch\/create\/#website"},"primaryImageOfPage":{"@id":"https:\/\/blog.unifr.ch\/create\/event-demi-journee-detude-numerique-differenciation\/#primaryimage"},"image":{"@id":"https:\/\/blog.unifr.ch\/create\/event-demi-journee-detude-numerique-differenciation\/#primaryimage"},"thumbnailUrl":"https:\/\/blog.unifr.ch\/create\/wp-content\/uploads\/2023\/02\/event02_01.jpg","datePublished":"2023-02-16T08:54:34+00:00","dateModified":"2023-04-05T08:49:45+00:00","breadcrumb":{"@id":"https:\/\/blog.unifr.ch\/create\/event-demi-journee-detude-numerique-differenciation\/#breadcrumb"},"inLanguage":"en-US","potentialAction":[{"@type":"ReadAction","target":["https:\/\/blog.unifr.ch\/create\/event-demi-journee-detude-numerique-differenciation\/"]}]},{"@type":"ImageObject","inLanguage":"en-US","@id":"https:\/\/blog.unifr.ch\/create\/event-demi-journee-detude-numerique-differenciation\/#primaryimage","url":"https:\/\/blog.unifr.ch\/create\/wp-content\/uploads\/2023\/02\/event02_01.jpg","contentUrl":"https:\/\/blog.unifr.ch\/create\/wp-content\/uploads\/2023\/02\/event02_01.jpg","width":1462,"height":1536,"caption":"cr\u00e9\u00e9 par Baptiste Cochard"},{"@type":"BreadcrumbList","@id":"https:\/\/blog.unifr.ch\/create\/event-demi-journee-detude-numerique-differenciation\/#breadcrumb","itemListElement":[{"@type":"ListItem","position":1,"name":"Accueil","item":"https:\/\/blog.unifr.ch\/create\/"},{"@type":"ListItem","position":2,"name":"[EVENT] Demi-journ\u00e9e d&#8217;\u00e9tude \u2013 Num\u00e9rique &amp; Diff\u00e9renciation"}]},{"@type":"WebSite","@id":"https:\/\/blog.unifr.ch\/create\/#website","url":"https:\/\/blog.unifr.ch\/create\/","name":"CRE\/ATE","description":"Vers des pratiques r\u00e9fl\u00e9chies du num\u00e9rique en \u00e9ducation | Auf dem Weg zu durchdachten Praktiken der digitalen Technologie im Bildungswesen | Towards thoughtful practices of digital technology in education","publisher":{"@id":"https:\/\/blog.unifr.ch\/create\/#organization"},"potentialAction":[{"@type":"SearchAction","target":{"@type":"EntryPoint","urlTemplate":"https:\/\/blog.unifr.ch\/create\/?s={search_term_string}"},"query-input":{"@type":"PropertyValueSpecification","valueRequired":true,"valueName":"search_term_string"}}],"inLanguage":"en-US"},{"@type":"Organization","@id":"https:\/\/blog.unifr.ch\/create\/#organization","name":"CRE\/ATE","url":"https:\/\/blog.unifr.ch\/create\/","logo":{"@type":"ImageObject","inLanguage":"en-US","@id":"https:\/\/blog.unifr.ch\/create\/#\/schema\/logo\/image\/","url":"https:\/\/blog.unifr.ch\/create\/wp-content\/uploads\/sites\/6\/2019\/05\/logo-square.jpg","contentUrl":"https:\/\/blog.unifr.ch\/create\/wp-content\/uploads\/sites\/6\/2019\/05\/logo-square.jpg","width":500,"height":500,"caption":"CRE\/ATE"},"image":{"@id":"https:\/\/blog.unifr.ch\/create\/#\/schema\/logo\/image\/"}}]}},"_links":{"self":[{"href":"https:\/\/blog.unifr.ch\/create\/wp-json\/wp\/v2\/pages\/2065","targetHints":{"allow":["GET"]}}],"collection":[{"href":"https:\/\/blog.unifr.ch\/create\/wp-json\/wp\/v2\/pages"}],"about":[{"href":"https:\/\/blog.unifr.ch\/create\/wp-json\/wp\/v2\/types\/page"}],"author":[{"embeddable":true,"href":"https:\/\/blog.unifr.ch\/create\/wp-json\/wp\/v2\/users\/6"}],"replies":[{"embeddable":true,"href":"https:\/\/blog.unifr.ch\/create\/wp-json\/wp\/v2\/comments?post=2065"}],"version-history":[{"count":48,"href":"https:\/\/blog.unifr.ch\/create\/wp-json\/wp\/v2\/pages\/2065\/revisions"}],"predecessor-version":[{"id":2188,"href":"https:\/\/blog.unifr.ch\/create\/wp-json\/wp\/v2\/pages\/2065\/revisions\/2188"}],"wp:featuredmedia":[{"embeddable":true,"href":"https:\/\/blog.unifr.ch\/create\/wp-json\/wp\/v2\/media\/2140"}],"wp:attachment":[{"href":"https:\/\/blog.unifr.ch\/create\/wp-json\/wp\/v2\/media?parent=2065"}],"curies":[{"name":"wp","href":"https:\/\/api.w.org\/{rel}","templated":true}]}}