{"id":2500,"date":"2024-09-25T15:24:37","date_gmt":"2024-09-25T13:24:37","guid":{"rendered":"https:\/\/blog.unifr.ch\/create\/?page_id=2500"},"modified":"2025-04-10T11:26:18","modified_gmt":"2025-04-10T09:26:18","slug":"acfas25","status":"publish","type":"page","link":"https:\/\/blog.unifr.ch\/create\/acfas25\/","title":{"rendered":"Colloque ACFAS 2025"},"content":{"rendered":"<p><img loading=\"lazy\" decoding=\"async\" class=\"alignnone wp-image-2577\" src=\"https:\/\/blog.unifr.ch\/create\/wp-content\/uploads\/sites\/6\/2024\/12\/92eCongres_signature_courriel.png\" alt=\"\" width=\"416\" height=\"125\" \/><\/p>\n<h5>Appel \u00e0 communication<\/h5>\n<p>5-6 mai 2025<\/p>\n<h6>(les matins pour l&#8217;heure qu\u00e9b\u00e9coise, l&#8217;apr\u00e8s-midi pour les heures europ\u00e9ennes)<\/h6>\n<p>&nbsp;<\/p>\n<h3>&#8220;Inclusion scolaire et technologies num\u00e9riques.<br \/>\nEntre promesses, pratiques, effets document\u00e9s, et recommandations.&#8221;<\/h3>\n<h3><img loading=\"lazy\" decoding=\"async\" class=\"alignnone wp-image-2505\" src=\"https:\/\/blog.unifr.ch\/create\/wp-content\/uploads\/sites\/6\/2024\/09\/Firefly-logo-about-digital-technology-in-school-for-all-including-pupil-with-intellectual-disabilit.jpg\" alt=\"logo about digital technology in school for all, including pupil with intellectual disabilities\" width=\"177\" height=\"176\" srcset=\"https:\/\/blog.unifr.ch\/create\/wp-content\/uploads\/2024\/09\/Firefly-logo-about-digital-technology-in-school-for-all-including-pupil-with-intellectual-disabilit.jpg 1145w, https:\/\/blog.unifr.ch\/create\/wp-content\/uploads\/2024\/09\/Firefly-logo-about-digital-technology-in-school-for-all-including-pupil-with-intellectual-disabilit-150x150.jpg 150w, https:\/\/blog.unifr.ch\/create\/wp-content\/uploads\/2024\/09\/Firefly-logo-about-digital-technology-in-school-for-all-including-pupil-with-intellectual-disabilit-768x762.jpg 768w, https:\/\/blog.unifr.ch\/create\/wp-content\/uploads\/2024\/09\/Firefly-logo-about-digital-technology-in-school-for-all-including-pupil-with-intellectual-disabilit-202x200.jpg 202w, https:\/\/blog.unifr.ch\/create\/wp-content\/uploads\/2024\/09\/Firefly-logo-about-digital-technology-in-school-for-all-including-pupil-with-intellectual-disabilit-403x400.jpg 403w, https:\/\/blog.unifr.ch\/create\/wp-content\/uploads\/2024\/09\/Firefly-logo-about-digital-technology-in-school-for-all-including-pupil-with-intellectual-disabilit-806x800.jpg 806w, https:\/\/blog.unifr.ch\/create\/wp-content\/uploads\/2024\/09\/Firefly-logo-about-digital-technology-in-school-for-all-including-pupil-with-intellectual-disabilit-360x360.jpg 360w, https:\/\/blog.unifr.ch\/create\/wp-content\/uploads\/2024\/09\/Firefly-logo-about-digital-technology-in-school-for-all-including-pupil-with-intellectual-disabilit-720x720.jpg 720w\" sizes=\"auto, (max-width: 177px) 100vw, 177px\" \/><\/h3>\n<h5>coordonn\u00e9 par<br \/>\nLionel Alvarez <a href=\"https:\/\/orcid.org\/0000-0003-4708-251X\" target=\"_blank\" rel=\"noopener\"><img loading=\"lazy\" decoding=\"async\" class=\"alignnone wp-image-2596\" src=\"https:\/\/blog.unifr.ch\/create\/wp-content\/uploads\/sites\/6\/2024\/12\/ORCID.png\" alt=\"\" width=\"17\" height=\"17\" srcset=\"https:\/\/blog.unifr.ch\/create\/wp-content\/uploads\/2024\/12\/ORCID.png 1920w, https:\/\/blog.unifr.ch\/create\/wp-content\/uploads\/2024\/12\/ORCID-150x150.png 150w, https:\/\/blog.unifr.ch\/create\/wp-content\/uploads\/2024\/12\/ORCID-768x768.png 768w, https:\/\/blog.unifr.ch\/create\/wp-content\/uploads\/2024\/12\/ORCID-1536x1536.png 1536w, https:\/\/blog.unifr.ch\/create\/wp-content\/uploads\/2024\/12\/ORCID-200x200.png 200w, https:\/\/blog.unifr.ch\/create\/wp-content\/uploads\/2024\/12\/ORCID-400x400.png 400w, https:\/\/blog.unifr.ch\/create\/wp-content\/uploads\/2024\/12\/ORCID-800x800.png 800w, https:\/\/blog.unifr.ch\/create\/wp-content\/uploads\/2024\/12\/ORCID-360x360.png 360w, https:\/\/blog.unifr.ch\/create\/wp-content\/uploads\/2024\/12\/ORCID-720x720.png 720w\" sizes=\"auto, (max-width: 17px) 100vw, 17px\" \/><\/a>, Ania Tadlaoui-Brahmi, et Alain Stockless<\/h5>\n<p>&nbsp;<\/p>\n<h3>Le programme complet du colloque est disponible ici :<\/h3>\n<h3><a href=\"https:\/\/www.acfas.ca\/evenements\/congres\/programme\/92\/500\/512\/c\" target=\"_blank\" rel=\"noopener\">https:\/\/www.acfas.ca\/evenements\/congres\/programme\/92\/500\/512\/c<\/a><\/h3>\n","protected":false},"excerpt":{"rendered":"<p>Appel \u00e0 communication 5-6 mai 2025 (les matins pour l&#8217;heure qu\u00e9b\u00e9coise, l&#8217;apr\u00e8s-midi pour les heures europ\u00e9ennes) &nbsp; &#8220;Inclusion scolaire et technologies num\u00e9riques. Entre promesses, pratiques, effets document\u00e9s, et recommandations.&#8221; coordonn\u00e9 par Lionel Alvarez , Ania Tadlaoui-Brahmi, et Alain Stockless &nbsp; Le programme complet du colloque est disponible ici : https:\/\/www.acfas.ca\/evenements\/congres\/programme\/92\/500\/512\/c<\/p>\n","protected":false},"author":6,"featured_media":2505,"parent":0,"menu_order":0,"comment_status":"closed","ping_status":"closed","template":"","meta":{"_acf_changed":false,"footnotes":""},"class_list":["post-2500","page","type-page","status-publish","has-post-thumbnail","hentry"],"acf":[],"yoast_head":"<!-- This site is optimized with the Yoast SEO plugin v25.3.1 - https:\/\/yoast.com\/wordpress\/plugins\/seo\/ -->\n<title>Colloque ACFAS 2025 | CRE\/ATE<\/title>\n<meta name=\"robots\" content=\"index, follow, max-snippet:-1, max-image-preview:large, max-video-preview:-1\" \/>\n<link rel=\"canonical\" href=\"https:\/\/blog.unifr.ch\/create\/acfas25\/\" \/>\n<meta property=\"og:locale\" content=\"en_US\" \/>\n<meta property=\"og:type\" content=\"article\" \/>\n<meta property=\"og:title\" content=\"Colloque ACFAS 2025 | CRE\/ATE\" \/>\n<meta property=\"og:description\" content=\"Appel \u00e0 communication 5-6 mai 2025 (les matins pour l&#8217;heure qu\u00e9b\u00e9coise, l&#8217;apr\u00e8s-midi pour les heures europ\u00e9ennes) &nbsp; &#8220;Inclusion scolaire et technologies num\u00e9riques. Entre promesses, pratiques, effets document\u00e9s, et recommandations.&#8221; coordonn\u00e9 par Lionel Alvarez , Ania Tadlaoui-Brahmi, et Alain Stockless &nbsp; Le programme complet du colloque est disponible ici : https:\/\/www.acfas.ca\/evenements\/congres\/programme\/92\/500\/512\/c\" \/>\n<meta property=\"og:url\" content=\"https:\/\/blog.unifr.ch\/create\/acfas25\/\" \/>\n<meta property=\"og:site_name\" content=\"CRE\/ATE\" \/>\n<meta property=\"article:modified_time\" content=\"2025-04-10T09:26:18+00:00\" \/>\n<meta property=\"og:image\" content=\"https:\/\/blog.unifr.ch\/create\/wp-content\/uploads\/sites\/6\/2024\/09\/Firefly-logo-about-digital-technology-in-school-for-all-including-pupil-with-intellectual-disabilit.jpg\" \/>\n\t<meta property=\"og:image:width\" content=\"1145\" \/>\n\t<meta property=\"og:image:height\" content=\"1136\" \/>\n\t<meta property=\"og:image:type\" content=\"image\/jpeg\" \/>\n<meta name=\"twitter:card\" content=\"summary_large_image\" \/>\n<meta name=\"twitter:label1\" content=\"Est. reading time\" \/>\n\t<meta name=\"twitter:data1\" content=\"5 minutes\" \/>\n<script type=\"application\/ld+json\" class=\"yoast-schema-graph\">{\"@context\":\"https:\/\/schema.org\",\"@graph\":[{\"@type\":\"WebPage\",\"@id\":\"https:\/\/blog.unifr.ch\/create\/acfas25\/\",\"url\":\"https:\/\/blog.unifr.ch\/create\/acfas25\/\",\"name\":\"Colloque ACFAS 2025 | CRE\/ATE\",\"isPartOf\":{\"@id\":\"https:\/\/blog.unifr.ch\/create\/#website\"},\"primaryImageOfPage\":{\"@id\":\"https:\/\/blog.unifr.ch\/create\/acfas25\/#primaryimage\"},\"image\":{\"@id\":\"https:\/\/blog.unifr.ch\/create\/acfas25\/#primaryimage\"},\"thumbnailUrl\":\"https:\/\/blog.unifr.ch\/create\/wp-content\/uploads\/2024\/09\/Firefly-logo-about-digital-technology-in-school-for-all-including-pupil-with-intellectual-disabilit.jpg\",\"datePublished\":\"2024-09-25T13:24:37+00:00\",\"dateModified\":\"2025-04-10T09:26:18+00:00\",\"breadcrumb\":{\"@id\":\"https:\/\/blog.unifr.ch\/create\/acfas25\/#breadcrumb\"},\"inLanguage\":\"en-US\",\"potentialAction\":[{\"@type\":\"ReadAction\",\"target\":[\"https:\/\/blog.unifr.ch\/create\/acfas25\/\"]}]},{\"@type\":\"ImageObject\",\"inLanguage\":\"en-US\",\"@id\":\"https:\/\/blog.unifr.ch\/create\/acfas25\/#primaryimage\",\"url\":\"https:\/\/blog.unifr.ch\/create\/wp-content\/uploads\/2024\/09\/Firefly-logo-about-digital-technology-in-school-for-all-including-pupil-with-intellectual-disabilit.jpg\",\"contentUrl\":\"https:\/\/blog.unifr.ch\/create\/wp-content\/uploads\/2024\/09\/Firefly-logo-about-digital-technology-in-school-for-all-including-pupil-with-intellectual-disabilit.jpg\",\"width\":1145,\"height\":1136,\"caption\":\"logo about digital technology in school for all, including pupil with intellectual disabilities\"},{\"@type\":\"BreadcrumbList\",\"@id\":\"https:\/\/blog.unifr.ch\/create\/acfas25\/#breadcrumb\",\"itemListElement\":[{\"@type\":\"ListItem\",\"position\":1,\"name\":\"Accueil\",\"item\":\"https:\/\/blog.unifr.ch\/create\/\"},{\"@type\":\"ListItem\",\"position\":2,\"name\":\"Colloque ACFAS 2025\"}]},{\"@type\":\"WebSite\",\"@id\":\"https:\/\/blog.unifr.ch\/create\/#website\",\"url\":\"https:\/\/blog.unifr.ch\/create\/\",\"name\":\"CRE\/ATE\",\"description\":\"Vers des pratiques r\u00e9fl\u00e9chies du num\u00e9rique en \u00e9ducation | Auf dem Weg zu durchdachten Praktiken der digitalen Technologie im Bildungswesen | Towards thoughtful practices of digital technology in education\",\"publisher\":{\"@id\":\"https:\/\/blog.unifr.ch\/create\/#organization\"},\"potentialAction\":[{\"@type\":\"SearchAction\",\"target\":{\"@type\":\"EntryPoint\",\"urlTemplate\":\"https:\/\/blog.unifr.ch\/create\/?s={search_term_string}\"},\"query-input\":{\"@type\":\"PropertyValueSpecification\",\"valueRequired\":true,\"valueName\":\"search_term_string\"}}],\"inLanguage\":\"en-US\"},{\"@type\":\"Organization\",\"@id\":\"https:\/\/blog.unifr.ch\/create\/#organization\",\"name\":\"CRE\/ATE\",\"url\":\"https:\/\/blog.unifr.ch\/create\/\",\"logo\":{\"@type\":\"ImageObject\",\"inLanguage\":\"en-US\",\"@id\":\"https:\/\/blog.unifr.ch\/create\/#\/schema\/logo\/image\/\",\"url\":\"https:\/\/blog.unifr.ch\/create\/wp-content\/uploads\/sites\/6\/2019\/05\/logo-square.jpg\",\"contentUrl\":\"https:\/\/blog.unifr.ch\/create\/wp-content\/uploads\/sites\/6\/2019\/05\/logo-square.jpg\",\"width\":500,\"height\":500,\"caption\":\"CRE\/ATE\"},\"image\":{\"@id\":\"https:\/\/blog.unifr.ch\/create\/#\/schema\/logo\/image\/\"}}]}<\/script>\n<!-- \/ Yoast SEO plugin. -->","yoast_head_json":{"title":"Colloque ACFAS 2025 | CRE\/ATE","robots":{"index":"index","follow":"follow","max-snippet":"max-snippet:-1","max-image-preview":"max-image-preview:large","max-video-preview":"max-video-preview:-1"},"canonical":"https:\/\/blog.unifr.ch\/create\/acfas25\/","og_locale":"en_US","og_type":"article","og_title":"Colloque ACFAS 2025 | CRE\/ATE","og_description":"Appel \u00e0 communication 5-6 mai 2025 (les matins pour l&#8217;heure qu\u00e9b\u00e9coise, l&#8217;apr\u00e8s-midi pour les heures europ\u00e9ennes) &nbsp; &#8220;Inclusion scolaire et technologies num\u00e9riques. Entre promesses, pratiques, effets document\u00e9s, et recommandations.&#8221; coordonn\u00e9 par Lionel Alvarez , Ania Tadlaoui-Brahmi, et Alain Stockless &nbsp; Le programme complet du colloque est disponible ici : https:\/\/www.acfas.ca\/evenements\/congres\/programme\/92\/500\/512\/c","og_url":"https:\/\/blog.unifr.ch\/create\/acfas25\/","og_site_name":"CRE\/ATE","article_modified_time":"2025-04-10T09:26:18+00:00","og_image":[{"width":1145,"height":1136,"url":"https:\/\/blog.unifr.ch\/create\/wp-content\/uploads\/sites\/6\/2024\/09\/Firefly-logo-about-digital-technology-in-school-for-all-including-pupil-with-intellectual-disabilit.jpg","type":"image\/jpeg"}],"twitter_card":"summary_large_image","twitter_misc":{"Est. reading time":"5 minutes"},"schema":{"@context":"https:\/\/schema.org","@graph":[{"@type":"WebPage","@id":"https:\/\/blog.unifr.ch\/create\/acfas25\/","url":"https:\/\/blog.unifr.ch\/create\/acfas25\/","name":"Colloque ACFAS 2025 | CRE\/ATE","isPartOf":{"@id":"https:\/\/blog.unifr.ch\/create\/#website"},"primaryImageOfPage":{"@id":"https:\/\/blog.unifr.ch\/create\/acfas25\/#primaryimage"},"image":{"@id":"https:\/\/blog.unifr.ch\/create\/acfas25\/#primaryimage"},"thumbnailUrl":"https:\/\/blog.unifr.ch\/create\/wp-content\/uploads\/2024\/09\/Firefly-logo-about-digital-technology-in-school-for-all-including-pupil-with-intellectual-disabilit.jpg","datePublished":"2024-09-25T13:24:37+00:00","dateModified":"2025-04-10T09:26:18+00:00","breadcrumb":{"@id":"https:\/\/blog.unifr.ch\/create\/acfas25\/#breadcrumb"},"inLanguage":"en-US","potentialAction":[{"@type":"ReadAction","target":["https:\/\/blog.unifr.ch\/create\/acfas25\/"]}]},{"@type":"ImageObject","inLanguage":"en-US","@id":"https:\/\/blog.unifr.ch\/create\/acfas25\/#primaryimage","url":"https:\/\/blog.unifr.ch\/create\/wp-content\/uploads\/2024\/09\/Firefly-logo-about-digital-technology-in-school-for-all-including-pupil-with-intellectual-disabilit.jpg","contentUrl":"https:\/\/blog.unifr.ch\/create\/wp-content\/uploads\/2024\/09\/Firefly-logo-about-digital-technology-in-school-for-all-including-pupil-with-intellectual-disabilit.jpg","width":1145,"height":1136,"caption":"logo about digital technology in school for all, including pupil with intellectual disabilities"},{"@type":"BreadcrumbList","@id":"https:\/\/blog.unifr.ch\/create\/acfas25\/#breadcrumb","itemListElement":[{"@type":"ListItem","position":1,"name":"Accueil","item":"https:\/\/blog.unifr.ch\/create\/"},{"@type":"ListItem","position":2,"name":"Colloque ACFAS 2025"}]},{"@type":"WebSite","@id":"https:\/\/blog.unifr.ch\/create\/#website","url":"https:\/\/blog.unifr.ch\/create\/","name":"CRE\/ATE","description":"Vers des pratiques r\u00e9fl\u00e9chies du num\u00e9rique en \u00e9ducation | Auf dem Weg zu durchdachten Praktiken der digitalen Technologie im Bildungswesen | Towards thoughtful practices of digital technology in education","publisher":{"@id":"https:\/\/blog.unifr.ch\/create\/#organization"},"potentialAction":[{"@type":"SearchAction","target":{"@type":"EntryPoint","urlTemplate":"https:\/\/blog.unifr.ch\/create\/?s={search_term_string}"},"query-input":{"@type":"PropertyValueSpecification","valueRequired":true,"valueName":"search_term_string"}}],"inLanguage":"en-US"},{"@type":"Organization","@id":"https:\/\/blog.unifr.ch\/create\/#organization","name":"CRE\/ATE","url":"https:\/\/blog.unifr.ch\/create\/","logo":{"@type":"ImageObject","inLanguage":"en-US","@id":"https:\/\/blog.unifr.ch\/create\/#\/schema\/logo\/image\/","url":"https:\/\/blog.unifr.ch\/create\/wp-content\/uploads\/sites\/6\/2019\/05\/logo-square.jpg","contentUrl":"https:\/\/blog.unifr.ch\/create\/wp-content\/uploads\/sites\/6\/2019\/05\/logo-square.jpg","width":500,"height":500,"caption":"CRE\/ATE"},"image":{"@id":"https:\/\/blog.unifr.ch\/create\/#\/schema\/logo\/image\/"}}]}},"_links":{"self":[{"href":"https:\/\/blog.unifr.ch\/create\/wp-json\/wp\/v2\/pages\/2500","targetHints":{"allow":["GET"]}}],"collection":[{"href":"https:\/\/blog.unifr.ch\/create\/wp-json\/wp\/v2\/pages"}],"about":[{"href":"https:\/\/blog.unifr.ch\/create\/wp-json\/wp\/v2\/types\/page"}],"author":[{"embeddable":true,"href":"https:\/\/blog.unifr.ch\/create\/wp-json\/wp\/v2\/users\/6"}],"replies":[{"embeddable":true,"href":"https:\/\/blog.unifr.ch\/create\/wp-json\/wp\/v2\/comments?post=2500"}],"version-history":[{"count":35,"href":"https:\/\/blog.unifr.ch\/create\/wp-json\/wp\/v2\/pages\/2500\/revisions"}],"predecessor-version":[{"id":2651,"href":"https:\/\/blog.unifr.ch\/create\/wp-json\/wp\/v2\/pages\/2500\/revisions\/2651"}],"wp:featuredmedia":[{"embeddable":true,"href":"https:\/\/blog.unifr.ch\/create\/wp-json\/wp\/v2\/media\/2505"}],"wp:attachment":[{"href":"https:\/\/blog.unifr.ch\/create\/wp-json\/wp\/v2\/media?parent=2500"}],"curies":[{"name":"wp","href":"https:\/\/api.w.org\/{rel}","templated":true}]}}