{"id":2567,"date":"2024-12-05T16:14:08","date_gmt":"2024-12-05T15:14:08","guid":{"rendered":"https:\/\/blog.unifr.ch\/create\/?page_id=2567"},"modified":"2025-01-23T14:31:22","modified_gmt":"2025-01-23T13:31:22","slug":"workshop2025","status":"publish","type":"page","link":"https:\/\/blog.unifr.ch\/create\/workshop2025\/","title":{"rendered":"Workshop2025"},"content":{"rendered":"<p><img loading=\"lazy\" decoding=\"async\" class=\"alignnone size-full wp-image-2585\" src=\"https:\/\/blog.unifr.ch\/create\/wp-content\/uploads\/sites\/6\/2024\/12\/Workshop_23jan.png\" alt=\"\" width=\"1200\" height=\"628\" srcset=\"https:\/\/blog.unifr.ch\/create\/wp-content\/uploads\/2024\/12\/Workshop_23jan.png 1200w, https:\/\/blog.unifr.ch\/create\/wp-content\/uploads\/2024\/12\/Workshop_23jan-768x402.png 768w, https:\/\/blog.unifr.ch\/create\/wp-content\/uploads\/2024\/12\/Workshop_23jan-382x200.png 382w, https:\/\/blog.unifr.ch\/create\/wp-content\/uploads\/2024\/12\/Workshop_23jan-764x400.png 764w\" sizes=\"auto, (max-width: 1200px) 100vw, 1200px\" \/><\/p>\n<p><strong>&#8211;&gt; salle G1.02<\/strong><\/p>\n","protected":false},"excerpt":{"rendered":"<p>&#8211;&gt; salle G1.02<\/p>\n","protected":false},"author":6,"featured_media":0,"parent":0,"menu_order":0,"comment_status":"closed","ping_status":"closed","template":"","meta":{"_acf_changed":false,"footnotes":""},"class_list":["post-2567","page","type-page","status-publish","hentry"],"acf":[],"yoast_head":"<!-- This site is optimized with the Yoast SEO plugin v25.3.1 - https:\/\/yoast.com\/wordpress\/plugins\/seo\/ -->\n<title>Workshop2025 | CRE\/ATE<\/title>\n<meta name=\"robots\" content=\"index, follow, max-snippet:-1, max-image-preview:large, max-video-preview:-1\" \/>\n<link rel=\"canonical\" href=\"https:\/\/blog.unifr.ch\/create\/workshop2025\/\" \/>\n<meta property=\"og:locale\" content=\"en_US\" \/>\n<meta property=\"og:type\" content=\"article\" \/>\n<meta property=\"og:title\" content=\"Workshop2025 | CRE\/ATE\" \/>\n<meta property=\"og:description\" content=\"&#8211;&gt; salle G1.02\" \/>\n<meta property=\"og:url\" content=\"https:\/\/blog.unifr.ch\/create\/workshop2025\/\" \/>\n<meta property=\"og:site_name\" content=\"CRE\/ATE\" \/>\n<meta property=\"article:modified_time\" content=\"2025-01-23T13:31:22+00:00\" \/>\n<meta property=\"og:image\" content=\"https:\/\/blog.unifr.ch\/create\/wp-content\/uploads\/sites\/6\/2024\/12\/Workshop_23jan.png\" \/>\n<meta name=\"twitter:card\" content=\"summary_large_image\" \/>\n<meta name=\"twitter:label1\" content=\"Est. reading time\" \/>\n\t<meta name=\"twitter:data1\" content=\"2 minutes\" \/>\n<script type=\"application\/ld+json\" class=\"yoast-schema-graph\">{\"@context\":\"https:\/\/schema.org\",\"@graph\":[{\"@type\":\"WebPage\",\"@id\":\"https:\/\/blog.unifr.ch\/create\/workshop2025\/\",\"url\":\"https:\/\/blog.unifr.ch\/create\/workshop2025\/\",\"name\":\"Workshop2025 | CRE\/ATE\",\"isPartOf\":{\"@id\":\"https:\/\/blog.unifr.ch\/create\/#website\"},\"primaryImageOfPage\":{\"@id\":\"https:\/\/blog.unifr.ch\/create\/workshop2025\/#primaryimage\"},\"image\":{\"@id\":\"https:\/\/blog.unifr.ch\/create\/workshop2025\/#primaryimage\"},\"thumbnailUrl\":\"https:\/\/blog.unifr.ch\/create\/wp-content\/uploads\/sites\/6\/2024\/12\/Workshop_23jan.png\",\"datePublished\":\"2024-12-05T15:14:08+00:00\",\"dateModified\":\"2025-01-23T13:31:22+00:00\",\"breadcrumb\":{\"@id\":\"https:\/\/blog.unifr.ch\/create\/workshop2025\/#breadcrumb\"},\"inLanguage\":\"en-US\",\"potentialAction\":[{\"@type\":\"ReadAction\",\"target\":[\"https:\/\/blog.unifr.ch\/create\/workshop2025\/\"]}]},{\"@type\":\"ImageObject\",\"inLanguage\":\"en-US\",\"@id\":\"https:\/\/blog.unifr.ch\/create\/workshop2025\/#primaryimage\",\"url\":\"https:\/\/blog.unifr.ch\/create\/wp-content\/uploads\/2024\/12\/Workshop_23jan.png\",\"contentUrl\":\"https:\/\/blog.unifr.ch\/create\/wp-content\/uploads\/2024\/12\/Workshop_23jan.png\",\"width\":1200,\"height\":628},{\"@type\":\"BreadcrumbList\",\"@id\":\"https:\/\/blog.unifr.ch\/create\/workshop2025\/#breadcrumb\",\"itemListElement\":[{\"@type\":\"ListItem\",\"position\":1,\"name\":\"Accueil\",\"item\":\"https:\/\/blog.unifr.ch\/create\/\"},{\"@type\":\"ListItem\",\"position\":2,\"name\":\"Workshop2025\"}]},{\"@type\":\"WebSite\",\"@id\":\"https:\/\/blog.unifr.ch\/create\/#website\",\"url\":\"https:\/\/blog.unifr.ch\/create\/\",\"name\":\"CRE\/ATE\",\"description\":\"Vers des pratiques r\u00e9fl\u00e9chies du num\u00e9rique en \u00e9ducation | Auf dem Weg zu durchdachten Praktiken der digitalen Technologie im Bildungswesen | Towards thoughtful practices of digital technology in education\",\"publisher\":{\"@id\":\"https:\/\/blog.unifr.ch\/create\/#organization\"},\"potentialAction\":[{\"@type\":\"SearchAction\",\"target\":{\"@type\":\"EntryPoint\",\"urlTemplate\":\"https:\/\/blog.unifr.ch\/create\/?s={search_term_string}\"},\"query-input\":{\"@type\":\"PropertyValueSpecification\",\"valueRequired\":true,\"valueName\":\"search_term_string\"}}],\"inLanguage\":\"en-US\"},{\"@type\":\"Organization\",\"@id\":\"https:\/\/blog.unifr.ch\/create\/#organization\",\"name\":\"CRE\/ATE\",\"url\":\"https:\/\/blog.unifr.ch\/create\/\",\"logo\":{\"@type\":\"ImageObject\",\"inLanguage\":\"en-US\",\"@id\":\"https:\/\/blog.unifr.ch\/create\/#\/schema\/logo\/image\/\",\"url\":\"https:\/\/blog.unifr.ch\/create\/wp-content\/uploads\/sites\/6\/2019\/05\/logo-square.jpg\",\"contentUrl\":\"https:\/\/blog.unifr.ch\/create\/wp-content\/uploads\/sites\/6\/2019\/05\/logo-square.jpg\",\"width\":500,\"height\":500,\"caption\":\"CRE\/ATE\"},\"image\":{\"@id\":\"https:\/\/blog.unifr.ch\/create\/#\/schema\/logo\/image\/\"}}]}<\/script>\n<!-- \/ Yoast SEO plugin. -->","yoast_head_json":{"title":"Workshop2025 | CRE\/ATE","robots":{"index":"index","follow":"follow","max-snippet":"max-snippet:-1","max-image-preview":"max-image-preview:large","max-video-preview":"max-video-preview:-1"},"canonical":"https:\/\/blog.unifr.ch\/create\/workshop2025\/","og_locale":"en_US","og_type":"article","og_title":"Workshop2025 | CRE\/ATE","og_description":"&#8211;&gt; salle G1.02","og_url":"https:\/\/blog.unifr.ch\/create\/workshop2025\/","og_site_name":"CRE\/ATE","article_modified_time":"2025-01-23T13:31:22+00:00","og_image":[{"url":"https:\/\/blog.unifr.ch\/create\/wp-content\/uploads\/sites\/6\/2024\/12\/Workshop_23jan.png","type":"","width":"","height":""}],"twitter_card":"summary_large_image","twitter_misc":{"Est. reading time":"2 minutes"},"schema":{"@context":"https:\/\/schema.org","@graph":[{"@type":"WebPage","@id":"https:\/\/blog.unifr.ch\/create\/workshop2025\/","url":"https:\/\/blog.unifr.ch\/create\/workshop2025\/","name":"Workshop2025 | CRE\/ATE","isPartOf":{"@id":"https:\/\/blog.unifr.ch\/create\/#website"},"primaryImageOfPage":{"@id":"https:\/\/blog.unifr.ch\/create\/workshop2025\/#primaryimage"},"image":{"@id":"https:\/\/blog.unifr.ch\/create\/workshop2025\/#primaryimage"},"thumbnailUrl":"https:\/\/blog.unifr.ch\/create\/wp-content\/uploads\/sites\/6\/2024\/12\/Workshop_23jan.png","datePublished":"2024-12-05T15:14:08+00:00","dateModified":"2025-01-23T13:31:22+00:00","breadcrumb":{"@id":"https:\/\/blog.unifr.ch\/create\/workshop2025\/#breadcrumb"},"inLanguage":"en-US","potentialAction":[{"@type":"ReadAction","target":["https:\/\/blog.unifr.ch\/create\/workshop2025\/"]}]},{"@type":"ImageObject","inLanguage":"en-US","@id":"https:\/\/blog.unifr.ch\/create\/workshop2025\/#primaryimage","url":"https:\/\/blog.unifr.ch\/create\/wp-content\/uploads\/2024\/12\/Workshop_23jan.png","contentUrl":"https:\/\/blog.unifr.ch\/create\/wp-content\/uploads\/2024\/12\/Workshop_23jan.png","width":1200,"height":628},{"@type":"BreadcrumbList","@id":"https:\/\/blog.unifr.ch\/create\/workshop2025\/#breadcrumb","itemListElement":[{"@type":"ListItem","position":1,"name":"Accueil","item":"https:\/\/blog.unifr.ch\/create\/"},{"@type":"ListItem","position":2,"name":"Workshop2025"}]},{"@type":"WebSite","@id":"https:\/\/blog.unifr.ch\/create\/#website","url":"https:\/\/blog.unifr.ch\/create\/","name":"CRE\/ATE","description":"Vers des pratiques r\u00e9fl\u00e9chies du num\u00e9rique en \u00e9ducation | Auf dem Weg zu durchdachten Praktiken der digitalen Technologie im Bildungswesen | Towards thoughtful practices of digital technology in education","publisher":{"@id":"https:\/\/blog.unifr.ch\/create\/#organization"},"potentialAction":[{"@type":"SearchAction","target":{"@type":"EntryPoint","urlTemplate":"https:\/\/blog.unifr.ch\/create\/?s={search_term_string}"},"query-input":{"@type":"PropertyValueSpecification","valueRequired":true,"valueName":"search_term_string"}}],"inLanguage":"en-US"},{"@type":"Organization","@id":"https:\/\/blog.unifr.ch\/create\/#organization","name":"CRE\/ATE","url":"https:\/\/blog.unifr.ch\/create\/","logo":{"@type":"ImageObject","inLanguage":"en-US","@id":"https:\/\/blog.unifr.ch\/create\/#\/schema\/logo\/image\/","url":"https:\/\/blog.unifr.ch\/create\/wp-content\/uploads\/sites\/6\/2019\/05\/logo-square.jpg","contentUrl":"https:\/\/blog.unifr.ch\/create\/wp-content\/uploads\/sites\/6\/2019\/05\/logo-square.jpg","width":500,"height":500,"caption":"CRE\/ATE"},"image":{"@id":"https:\/\/blog.unifr.ch\/create\/#\/schema\/logo\/image\/"}}]}},"_links":{"self":[{"href":"https:\/\/blog.unifr.ch\/create\/wp-json\/wp\/v2\/pages\/2567","targetHints":{"allow":["GET"]}}],"collection":[{"href":"https:\/\/blog.unifr.ch\/create\/wp-json\/wp\/v2\/pages"}],"about":[{"href":"https:\/\/blog.unifr.ch\/create\/wp-json\/wp\/v2\/types\/page"}],"author":[{"embeddable":true,"href":"https:\/\/blog.unifr.ch\/create\/wp-json\/wp\/v2\/users\/6"}],"replies":[{"embeddable":true,"href":"https:\/\/blog.unifr.ch\/create\/wp-json\/wp\/v2\/comments?post=2567"}],"version-history":[{"count":13,"href":"https:\/\/blog.unifr.ch\/create\/wp-json\/wp\/v2\/pages\/2567\/revisions"}],"predecessor-version":[{"id":2638,"href":"https:\/\/blog.unifr.ch\/create\/wp-json\/wp\/v2\/pages\/2567\/revisions\/2638"}],"wp:attachment":[{"href":"https:\/\/blog.unifr.ch\/create\/wp-json\/wp\/v2\/media?parent=2567"}],"curies":[{"name":"wp","href":"https:\/\/api.w.org\/{rel}","templated":true}]}}