{"id":384,"date":"2019-07-15T15:50:08","date_gmt":"2019-07-15T13:50:08","guid":{"rendered":"https:\/\/blog.unifr.ch\/create\/?page_id=384"},"modified":"2025-01-21T09:38:29","modified_gmt":"2025-01-21T08:38:29","slug":"rd-projects","status":"publish","type":"page","link":"https:\/\/blog.unifr.ch\/create\/rd-projects\/","title":{"rendered":"R&amp;D"},"content":{"rendered":"<h6><strong>Les projets de recherches et d\u00e9veloppements du CRE\/ATE<\/strong><\/h6>\n<h6><span style=\"color: #204060\"><strong>CRE\/ATE Forschungs- und Entwicklungsprojekte<\/strong><\/span><\/h6>\n<h6><span style=\"color: #206090\"><strong>CRE\/ATE research and development projects<\/strong><\/span><\/h6>\n","protected":false},"excerpt":{"rendered":"<p>Les projets de recherches et d\u00e9veloppements du CRE\/ATE CRE\/ATE Forschungs- und Entwicklungsprojekte CRE\/ATE research and development projects<\/p>\n","protected":false},"author":6,"featured_media":109,"parent":0,"menu_order":0,"comment_status":"closed","ping_status":"closed","template":"","meta":{"_acf_changed":false,"footnotes":""},"class_list":["post-384","page","type-page","status-publish","has-post-thumbnail","hentry"],"acf":[],"yoast_head":"<!-- This site is optimized with the Yoast SEO plugin v25.3.1 - https:\/\/yoast.com\/wordpress\/plugins\/seo\/ -->\n<title>R&amp;D | CRE\/ATE<\/title>\n<meta name=\"robots\" content=\"index, follow, max-snippet:-1, max-image-preview:large, max-video-preview:-1\" \/>\n<link rel=\"canonical\" href=\"https:\/\/blog.unifr.ch\/create\/rd-projects\/\" \/>\n<meta property=\"og:locale\" content=\"en_US\" \/>\n<meta property=\"og:type\" content=\"article\" \/>\n<meta property=\"og:title\" content=\"R&amp;D | CRE\/ATE\" \/>\n<meta property=\"og:description\" content=\"Les projets de recherches et d\u00e9veloppements du CRE\/ATE CRE\/ATE Forschungs- und Entwicklungsprojekte CRE\/ATE research and development projects\" \/>\n<meta property=\"og:url\" content=\"https:\/\/blog.unifr.ch\/create\/rd-projects\/\" \/>\n<meta property=\"og:site_name\" content=\"CRE\/ATE\" \/>\n<meta property=\"article:modified_time\" content=\"2025-01-21T08:38:29+00:00\" \/>\n<meta property=\"og:image\" content=\"https:\/\/blog.unifr.ch\/create\/wp-content\/uploads\/sites\/6\/2019\/05\/cropped-Screenshot-2019-05-08-at-14.50.10-e1665989784750.png\" \/>\n\t<meta property=\"og:image:width\" content=\"512\" \/>\n\t<meta property=\"og:image:height\" content=\"337\" \/>\n\t<meta property=\"og:image:type\" content=\"image\/png\" \/>\n<meta name=\"twitter:card\" content=\"summary_large_image\" \/>\n<meta name=\"twitter:label1\" content=\"Est. reading time\" \/>\n\t<meta name=\"twitter:data1\" content=\"16 minutes\" \/>\n<script type=\"application\/ld+json\" class=\"yoast-schema-graph\">{\"@context\":\"https:\/\/schema.org\",\"@graph\":[{\"@type\":\"WebPage\",\"@id\":\"https:\/\/blog.unifr.ch\/create\/rd-projects\/\",\"url\":\"https:\/\/blog.unifr.ch\/create\/rd-projects\/\",\"name\":\"R&amp;D | CRE\/ATE\",\"isPartOf\":{\"@id\":\"https:\/\/blog.unifr.ch\/create\/#website\"},\"primaryImageOfPage\":{\"@id\":\"https:\/\/blog.unifr.ch\/create\/rd-projects\/#primaryimage\"},\"image\":{\"@id\":\"https:\/\/blog.unifr.ch\/create\/rd-projects\/#primaryimage\"},\"thumbnailUrl\":\"https:\/\/blog.unifr.ch\/create\/wp-content\/uploads\/2019\/05\/cropped-Screenshot-2019-05-08-at-14.50.10-e1665989784750.png\",\"datePublished\":\"2019-07-15T13:50:08+00:00\",\"dateModified\":\"2025-01-21T08:38:29+00:00\",\"breadcrumb\":{\"@id\":\"https:\/\/blog.unifr.ch\/create\/rd-projects\/#breadcrumb\"},\"inLanguage\":\"en-US\",\"potentialAction\":[{\"@type\":\"ReadAction\",\"target\":[\"https:\/\/blog.unifr.ch\/create\/rd-projects\/\"]}]},{\"@type\":\"ImageObject\",\"inLanguage\":\"en-US\",\"@id\":\"https:\/\/blog.unifr.ch\/create\/rd-projects\/#primaryimage\",\"url\":\"https:\/\/blog.unifr.ch\/create\/wp-content\/uploads\/2019\/05\/cropped-Screenshot-2019-05-08-at-14.50.10-e1665989784750.png\",\"contentUrl\":\"https:\/\/blog.unifr.ch\/create\/wp-content\/uploads\/2019\/05\/cropped-Screenshot-2019-05-08-at-14.50.10-e1665989784750.png\",\"width\":512,\"height\":337},{\"@type\":\"BreadcrumbList\",\"@id\":\"https:\/\/blog.unifr.ch\/create\/rd-projects\/#breadcrumb\",\"itemListElement\":[{\"@type\":\"ListItem\",\"position\":1,\"name\":\"Accueil\",\"item\":\"https:\/\/blog.unifr.ch\/create\/\"},{\"@type\":\"ListItem\",\"position\":2,\"name\":\"R&amp;D\"}]},{\"@type\":\"WebSite\",\"@id\":\"https:\/\/blog.unifr.ch\/create\/#website\",\"url\":\"https:\/\/blog.unifr.ch\/create\/\",\"name\":\"CRE\/ATE\",\"description\":\"Vers des pratiques r\u00e9fl\u00e9chies du num\u00e9rique en \u00e9ducation | Auf dem Weg zu durchdachten Praktiken der digitalen Technologie im Bildungswesen | Towards thoughtful practices of digital technology in education\",\"publisher\":{\"@id\":\"https:\/\/blog.unifr.ch\/create\/#organization\"},\"potentialAction\":[{\"@type\":\"SearchAction\",\"target\":{\"@type\":\"EntryPoint\",\"urlTemplate\":\"https:\/\/blog.unifr.ch\/create\/?s={search_term_string}\"},\"query-input\":{\"@type\":\"PropertyValueSpecification\",\"valueRequired\":true,\"valueName\":\"search_term_string\"}}],\"inLanguage\":\"en-US\"},{\"@type\":\"Organization\",\"@id\":\"https:\/\/blog.unifr.ch\/create\/#organization\",\"name\":\"CRE\/ATE\",\"url\":\"https:\/\/blog.unifr.ch\/create\/\",\"logo\":{\"@type\":\"ImageObject\",\"inLanguage\":\"en-US\",\"@id\":\"https:\/\/blog.unifr.ch\/create\/#\/schema\/logo\/image\/\",\"url\":\"https:\/\/blog.unifr.ch\/create\/wp-content\/uploads\/sites\/6\/2019\/05\/logo-square.jpg\",\"contentUrl\":\"https:\/\/blog.unifr.ch\/create\/wp-content\/uploads\/sites\/6\/2019\/05\/logo-square.jpg\",\"width\":500,\"height\":500,\"caption\":\"CRE\/ATE\"},\"image\":{\"@id\":\"https:\/\/blog.unifr.ch\/create\/#\/schema\/logo\/image\/\"}}]}<\/script>\n<!-- \/ Yoast SEO plugin. -->","yoast_head_json":{"title":"R&amp;D | CRE\/ATE","robots":{"index":"index","follow":"follow","max-snippet":"max-snippet:-1","max-image-preview":"max-image-preview:large","max-video-preview":"max-video-preview:-1"},"canonical":"https:\/\/blog.unifr.ch\/create\/rd-projects\/","og_locale":"en_US","og_type":"article","og_title":"R&amp;D | CRE\/ATE","og_description":"Les projets de recherches et d\u00e9veloppements du CRE\/ATE CRE\/ATE Forschungs- und Entwicklungsprojekte CRE\/ATE research and development projects","og_url":"https:\/\/blog.unifr.ch\/create\/rd-projects\/","og_site_name":"CRE\/ATE","article_modified_time":"2025-01-21T08:38:29+00:00","og_image":[{"width":512,"height":337,"url":"https:\/\/blog.unifr.ch\/create\/wp-content\/uploads\/sites\/6\/2019\/05\/cropped-Screenshot-2019-05-08-at-14.50.10-e1665989784750.png","type":"image\/png"}],"twitter_card":"summary_large_image","twitter_misc":{"Est. reading time":"16 minutes"},"schema":{"@context":"https:\/\/schema.org","@graph":[{"@type":"WebPage","@id":"https:\/\/blog.unifr.ch\/create\/rd-projects\/","url":"https:\/\/blog.unifr.ch\/create\/rd-projects\/","name":"R&amp;D | CRE\/ATE","isPartOf":{"@id":"https:\/\/blog.unifr.ch\/create\/#website"},"primaryImageOfPage":{"@id":"https:\/\/blog.unifr.ch\/create\/rd-projects\/#primaryimage"},"image":{"@id":"https:\/\/blog.unifr.ch\/create\/rd-projects\/#primaryimage"},"thumbnailUrl":"https:\/\/blog.unifr.ch\/create\/wp-content\/uploads\/2019\/05\/cropped-Screenshot-2019-05-08-at-14.50.10-e1665989784750.png","datePublished":"2019-07-15T13:50:08+00:00","dateModified":"2025-01-21T08:38:29+00:00","breadcrumb":{"@id":"https:\/\/blog.unifr.ch\/create\/rd-projects\/#breadcrumb"},"inLanguage":"en-US","potentialAction":[{"@type":"ReadAction","target":["https:\/\/blog.unifr.ch\/create\/rd-projects\/"]}]},{"@type":"ImageObject","inLanguage":"en-US","@id":"https:\/\/blog.unifr.ch\/create\/rd-projects\/#primaryimage","url":"https:\/\/blog.unifr.ch\/create\/wp-content\/uploads\/2019\/05\/cropped-Screenshot-2019-05-08-at-14.50.10-e1665989784750.png","contentUrl":"https:\/\/blog.unifr.ch\/create\/wp-content\/uploads\/2019\/05\/cropped-Screenshot-2019-05-08-at-14.50.10-e1665989784750.png","width":512,"height":337},{"@type":"BreadcrumbList","@id":"https:\/\/blog.unifr.ch\/create\/rd-projects\/#breadcrumb","itemListElement":[{"@type":"ListItem","position":1,"name":"Accueil","item":"https:\/\/blog.unifr.ch\/create\/"},{"@type":"ListItem","position":2,"name":"R&amp;D"}]},{"@type":"WebSite","@id":"https:\/\/blog.unifr.ch\/create\/#website","url":"https:\/\/blog.unifr.ch\/create\/","name":"CRE\/ATE","description":"Vers des pratiques r\u00e9fl\u00e9chies du num\u00e9rique en \u00e9ducation | Auf dem Weg zu durchdachten Praktiken der digitalen Technologie im Bildungswesen | Towards thoughtful practices of digital technology in education","publisher":{"@id":"https:\/\/blog.unifr.ch\/create\/#organization"},"potentialAction":[{"@type":"SearchAction","target":{"@type":"EntryPoint","urlTemplate":"https:\/\/blog.unifr.ch\/create\/?s={search_term_string}"},"query-input":{"@type":"PropertyValueSpecification","valueRequired":true,"valueName":"search_term_string"}}],"inLanguage":"en-US"},{"@type":"Organization","@id":"https:\/\/blog.unifr.ch\/create\/#organization","name":"CRE\/ATE","url":"https:\/\/blog.unifr.ch\/create\/","logo":{"@type":"ImageObject","inLanguage":"en-US","@id":"https:\/\/blog.unifr.ch\/create\/#\/schema\/logo\/image\/","url":"https:\/\/blog.unifr.ch\/create\/wp-content\/uploads\/sites\/6\/2019\/05\/logo-square.jpg","contentUrl":"https:\/\/blog.unifr.ch\/create\/wp-content\/uploads\/sites\/6\/2019\/05\/logo-square.jpg","width":500,"height":500,"caption":"CRE\/ATE"},"image":{"@id":"https:\/\/blog.unifr.ch\/create\/#\/schema\/logo\/image\/"}}]}},"_links":{"self":[{"href":"https:\/\/blog.unifr.ch\/create\/wp-json\/wp\/v2\/pages\/384","targetHints":{"allow":["GET"]}}],"collection":[{"href":"https:\/\/blog.unifr.ch\/create\/wp-json\/wp\/v2\/pages"}],"about":[{"href":"https:\/\/blog.unifr.ch\/create\/wp-json\/wp\/v2\/types\/page"}],"author":[{"embeddable":true,"href":"https:\/\/blog.unifr.ch\/create\/wp-json\/wp\/v2\/users\/6"}],"replies":[{"embeddable":true,"href":"https:\/\/blog.unifr.ch\/create\/wp-json\/wp\/v2\/comments?post=384"}],"version-history":[{"count":57,"href":"https:\/\/blog.unifr.ch\/create\/wp-json\/wp\/v2\/pages\/384\/revisions"}],"predecessor-version":[{"id":2635,"href":"https:\/\/blog.unifr.ch\/create\/wp-json\/wp\/v2\/pages\/384\/revisions\/2635"}],"wp:featuredmedia":[{"embeddable":true,"href":"https:\/\/blog.unifr.ch\/create\/wp-json\/wp\/v2\/media\/109"}],"wp:attachment":[{"href":"https:\/\/blog.unifr.ch\/create\/wp-json\/wp\/v2\/media?parent=384"}],"curies":[{"name":"wp","href":"https:\/\/api.w.org\/{rel}","templated":true}]}}