{"id":990,"date":"2020-05-25T10:50:01","date_gmt":"2020-05-25T08:50:01","guid":{"rendered":"https:\/\/blog.unifr.ch\/create\/?page_id=990"},"modified":"2023-03-30T13:10:17","modified_gmt":"2023-03-30T11:10:17","slug":"gameshub","status":"publish","type":"page","link":"https:\/\/blog.unifr.ch\/create\/gameshub\/","title":{"rendered":"GamesHUB"},"content":{"rendered":"<h2 class=\"ekit-heading--title elementskit-section-title \">GamesHub &#8211; Portal for educational games<\/h2>\n<p>Projet par la Haute Ecole p\u00e9dagogique de Fribourg et le centre de recherche sur l&#8217;enseignement\/apprentissage par les technologies num\u00e9riques.<\/p>\n<p>&nbsp;<\/p>\n<h2 class=\"ekit-heading--title elementskit-section-title \">Partenariat<\/h2>\n<div class=\"ekit-heading__description\">\n<p><span class=\"markedContent\">La plateforme num\u00e9rique GamesHub a \u00e9t\u00e9 r\u00e9alis\u00e9e au sein du Centre de Recherche sur l\u2019Enseignement\/Apprentissage par les Technologies num\u00e9riques (CRE\/ATE) de la <\/span><span class=\"markedContent\">Haute \u00c9cole p\u00e9dagogique Fribourg (HEP), en collaboration avec la section informatique de l\u2019\u00c9cole des M\u00e9tiers de Fribourg (EMF)<\/span><\/p>\n<\/div>\n<p><img loading=\"lazy\" decoding=\"async\" class=\"wp-image-196 aligncenter\" src=\"https:\/\/blog.unifr.ch\/create\/wp-content\/uploads\/sites\/6\/2019\/05\/logo_oerapps.png\" alt=\"\" width=\"396\" height=\"396\" srcset=\"https:\/\/blog.unifr.ch\/create\/wp-content\/uploads\/2019\/05\/logo_oerapps.png 532w, https:\/\/blog.unifr.ch\/create\/wp-content\/uploads\/2019\/05\/logo_oerapps-150x150.png 150w, https:\/\/blog.unifr.ch\/create\/wp-content\/uploads\/2019\/05\/logo_oerapps-200x200.png 200w, https:\/\/blog.unifr.ch\/create\/wp-content\/uploads\/2019\/05\/logo_oerapps-400x400.png 400w, https:\/\/blog.unifr.ch\/create\/wp-content\/uploads\/2019\/05\/logo_oerapps-360x360.png 360w\" sizes=\"auto, (max-width: 396px) 100vw, 396px\" \/><\/p>\n<p>&nbsp;<\/p>\n<h2 class=\"ekit-heading--title elementskit-section-title \">Une vari\u00e9t\u00e9 de jeux et de contextes<\/h2>\n<p style=\"text-align: left\"><span class=\"markedContent\">Plusieurs jeux sont propos\u00e9s dans le cadre de la plateforme GamesHub. Ces derniers sont li\u00e9s \u00e0 diff\u00e9rentes th\u00e9matiques scolaires (e.g. math\u00e9matiques, fran\u00e7ais, sciences de la nature, etc.). Les jeux sont optimis\u00e9s pour une ex\u00e9cution sur des tablettes num\u00e9riques, mais aussi sur des ordinateurs. <\/span><\/p>\n<p>&nbsp;<\/p>\n<p><img loading=\"lazy\" decoding=\"async\" class=\"alignnone size-full wp-image-1804\" src=\"https:\/\/blog.unifr.ch\/create\/wp-content\/uploads\/sites\/6\/2022\/07\/compil-games-GH.jpg\" alt=\"\" width=\"1267\" height=\"1238\" srcset=\"https:\/\/blog.unifr.ch\/create\/wp-content\/uploads\/2022\/07\/compil-games-GH.jpg 1267w, https:\/\/blog.unifr.ch\/create\/wp-content\/uploads\/2022\/07\/compil-games-GH-768x750.jpg 768w, https:\/\/blog.unifr.ch\/create\/wp-content\/uploads\/2022\/07\/compil-games-GH-205x200.jpg 205w, https:\/\/blog.unifr.ch\/create\/wp-content\/uploads\/2022\/07\/compil-games-GH-409x400.jpg 409w, https:\/\/blog.unifr.ch\/create\/wp-content\/uploads\/2022\/07\/compil-games-GH-819x800.jpg 819w\" sizes=\"auto, (max-width: 1267px) 100vw, 1267px\" \/><\/p>\n<p>&nbsp;<\/p>\n<h2 class=\"ekit-heading--title elementskit-section-title \">Une plateforme pens\u00e9e pour le Universal Design for Learning<\/h2>\n<p style=\"text-align: left\">Plusieurs fonctionnalit\u00e9s sont int\u00e9gr\u00e9es \u00e0 GamesHub afin que les \u00e9l\u00e8ves puissent les utiliser quand ils le souhaitent pour soutenir leur apprentissage. Ces fonctionnalit\u00e9s ont \u00e9t\u00e9 choisies en fonction de trois crit\u00e8res principaux : (1) r\u00e9pondre \u00e0 des besoins souvent pr\u00e9sents dans les \u00e9coles o\u00f9 la mise en \u0153uvre de GamesHub est pr\u00e9vue, (2) \u00eatre soutenues par la litt\u00e9rature scientifique et (3) \u00eatre bas\u00e9es sur des technologies libres\/open-source, dans la mesure du possible. Actuellement, six fonctionnalit\u00e9s (sur huit) sont disponibles.<\/p>\n<p><img loading=\"lazy\" decoding=\"async\" class=\"size-full wp-image-1805 aligncenter\" src=\"https:\/\/blog.unifr.ch\/create\/wp-content\/uploads\/sites\/6\/2022\/07\/Capture-DAT.png\" alt=\"\" width=\"446\" height=\"472\" srcset=\"https:\/\/blog.unifr.ch\/create\/wp-content\/uploads\/2022\/07\/Capture-DAT.png 446w, https:\/\/blog.unifr.ch\/create\/wp-content\/uploads\/2022\/07\/Capture-DAT-189x200.png 189w, https:\/\/blog.unifr.ch\/create\/wp-content\/uploads\/2022\/07\/Capture-DAT-378x400.png 378w\" sizes=\"auto, (max-width: 446px) 100vw, 446px\" \/><\/p>\n<div class=\"ekit-heading__description\">\n<p style=\"text-align: left\"><span class=\"markedContent\"><span class=\"TextRun SCXW234452994 BCX2\"><span class=\"NormalTextRun SCXW234452994 BCX2\">Ces aides technologiques \u00e0 l\u2019apprentissage ont \u00e9t\u00e9 pens\u00e9es et int\u00e9gr\u00e9es aux jeux pour favoriser l\u2019acc\u00e8s \u00e0 l\u2019apprentissage de tous les \u00e9l\u00e8ves d\u2019une m\u00eame classe dans une conception universelle de l\u2019apprentissage (UDL). Pour le d\u00e9veloppement de la lecture-compr\u00e9hension des \u00e9l\u00e8ves allophones, ces aides technologiques visent \u00e0 diminuer la charge cognitive, limiter les contraintes sur la compr\u00e9hension d\u2019un vocabulaire r\u00e9duit en langue de scolarisation, renforcer les strat\u00e9gies m\u00e9tacognitives et valoriser la culture d\u2019origine.<\/span><\/span><\/span><\/p>\n<p style=\"text-align: left\">Ces aides technologiques sont actuellement en cours d\u2019exp\u00e9rimentation.<\/p>\n<h2><\/h2>\n<h2 id=\"traces\" class=\"ekit-heading--title elementskit-section-title \">Des parcours personnalis\u00e9s et des statistiques en temps r\u00e9el<\/h2>\n<p style=\"text-align: left\"><span class=\"markedContent\">Dans GamesHub, il vous est possible de cr\u00e9er des parcours d&#8217;enseignement sp\u00e9cifiques pour vos classes et\/ou vos \u00e9l\u00e8ves. Ces parcours peuvent inclure des \u00e9tapes obligatoires et des rem\u00e9diations pour traiter les points de difficult\u00e9s. Tout l&#8217;historique est ensuite accessible via votre tableau de bord.<\/span><\/p>\n<p><img loading=\"lazy\" decoding=\"async\" class=\"wp-image-1806 aligncenter\" src=\"https:\/\/blog.unifr.ch\/create\/wp-content\/uploads\/sites\/6\/2022\/07\/Capture-historique.png\" alt=\"\" width=\"676\" height=\"539\" srcset=\"https:\/\/blog.unifr.ch\/create\/wp-content\/uploads\/2022\/07\/Capture-historique.png 948w, https:\/\/blog.unifr.ch\/create\/wp-content\/uploads\/2022\/07\/Capture-historique-768x612.png 768w, https:\/\/blog.unifr.ch\/create\/wp-content\/uploads\/2022\/07\/Capture-historique-251x200.png 251w, https:\/\/blog.unifr.ch\/create\/wp-content\/uploads\/2022\/07\/Capture-historique-502x400.png 502w\" sizes=\"auto, (max-width: 676px) 100vw, 676px\" \/><\/p>\n<h2><\/h2>\n<h2 class=\"ekit-heading--title elementskit-section-title \">Un projet open-source<\/h2>\n<div class=\"ekit-heading__description\">\n<p style=\"text-align: left\"><span class=\"markedContent\">Toutes les donn\u00e9es des jeux sont d\u00e9ploy\u00e9es dans la base de donn\u00e9es (script du jeu en JavaScript, sprites, exercices stock\u00e9s au format JSON). Cette conception a pour avantage de garantir une meilleure stabilit\u00e9 de la solution lors du d\u00e9veloppement de nouveaux jeux et surtout une performance plus accrue. Le code source de GamesHub est open-source et accessible en ligne.<\/span><\/p>\n<p style=\"text-align: left\">https:\/\/gitlab.com\/hep3emfinfopro\/node<\/p>\n<p style=\"text-align: left\">https:\/\/gitlab.com\/hep3emfinfopro\/restful<\/p>\n<p><img loading=\"lazy\" decoding=\"async\" class=\" wp-image-1807 aligncenter\" src=\"https:\/\/blog.unifr.ch\/create\/wp-content\/uploads\/sites\/6\/2022\/07\/AlpHosting-architecture.png\" alt=\"\" width=\"551\" height=\"399\" srcset=\"https:\/\/blog.unifr.ch\/create\/wp-content\/uploads\/2022\/07\/AlpHosting-architecture.png 591w, https:\/\/blog.unifr.ch\/create\/wp-content\/uploads\/2022\/07\/AlpHosting-architecture-276x200.png 276w, https:\/\/blog.unifr.ch\/create\/wp-content\/uploads\/2022\/07\/AlpHosting-architecture-552x400.png 552w\" sizes=\"auto, (max-width: 551px) 100vw, 551px\" \/><\/p>\n<\/div>\n<\/div>\n","protected":false},"excerpt":{"rendered":"<p>GamesHub &#8211; Portal for educational games Projet par la Haute Ecole p\u00e9dagogique de Fribourg et le centre de recherche sur l&#8217;enseignement\/apprentissage par les technologies num\u00e9riques. &nbsp; Partenariat La plateforme num\u00e9rique GamesHub a \u00e9t\u00e9 r\u00e9alis\u00e9e au sein du Centre de Recherche sur l\u2019Enseignement\/Apprentissage par les Technologies num\u00e9riques (CRE\/ATE) de la Haute \u00c9cole p\u00e9dagogique Fribourg (HEP), en [&hellip;]<\/p>\n","protected":false},"author":6,"featured_media":196,"parent":0,"menu_order":0,"comment_status":"closed","ping_status":"closed","template":"","meta":{"_acf_changed":false,"footnotes":""},"class_list":["post-990","page","type-page","status-publish","has-post-thumbnail","hentry"],"acf":[],"yoast_head":"<!-- This site is optimized with the Yoast SEO plugin v25.3.1 - https:\/\/yoast.com\/wordpress\/plugins\/seo\/ -->\n<title>GamesHUB | CRE\/ATE<\/title>\n<meta name=\"robots\" content=\"index, follow, max-snippet:-1, max-image-preview:large, max-video-preview:-1\" \/>\n<link rel=\"canonical\" href=\"https:\/\/blog.unifr.ch\/create\/gameshub\/\" \/>\n<meta property=\"og:locale\" content=\"en_US\" \/>\n<meta property=\"og:type\" content=\"article\" \/>\n<meta property=\"og:title\" content=\"GamesHUB | CRE\/ATE\" \/>\n<meta property=\"og:description\" content=\"GamesHub &#8211; Portal for educational games Projet par la Haute Ecole p\u00e9dagogique de Fribourg et le centre de recherche sur l&#8217;enseignement\/apprentissage par les technologies num\u00e9riques. &nbsp; Partenariat La plateforme num\u00e9rique GamesHub a \u00e9t\u00e9 r\u00e9alis\u00e9e au sein du Centre de Recherche sur l\u2019Enseignement\/Apprentissage par les Technologies num\u00e9riques (CRE\/ATE) de la Haute \u00c9cole p\u00e9dagogique Fribourg (HEP), en [&hellip;]\" \/>\n<meta property=\"og:url\" content=\"https:\/\/blog.unifr.ch\/create\/gameshub\/\" \/>\n<meta property=\"og:site_name\" content=\"CRE\/ATE\" \/>\n<meta property=\"article:modified_time\" content=\"2023-03-30T11:10:17+00:00\" \/>\n<meta property=\"og:image\" content=\"https:\/\/blog.unifr.ch\/create\/wp-content\/uploads\/sites\/6\/2019\/05\/logo_oerapps.png\" \/>\n\t<meta property=\"og:image:width\" content=\"532\" \/>\n\t<meta property=\"og:image:height\" content=\"532\" \/>\n\t<meta property=\"og:image:type\" content=\"image\/png\" \/>\n<meta name=\"twitter:card\" content=\"summary_large_image\" \/>\n<meta name=\"twitter:label1\" content=\"Est. reading time\" \/>\n\t<meta name=\"twitter:data1\" content=\"2 minutes\" \/>\n<script type=\"application\/ld+json\" class=\"yoast-schema-graph\">{\"@context\":\"https:\/\/schema.org\",\"@graph\":[{\"@type\":\"WebPage\",\"@id\":\"https:\/\/blog.unifr.ch\/create\/gameshub\/\",\"url\":\"https:\/\/blog.unifr.ch\/create\/gameshub\/\",\"name\":\"GamesHUB | CRE\/ATE\",\"isPartOf\":{\"@id\":\"https:\/\/blog.unifr.ch\/create\/#website\"},\"primaryImageOfPage\":{\"@id\":\"https:\/\/blog.unifr.ch\/create\/gameshub\/#primaryimage\"},\"image\":{\"@id\":\"https:\/\/blog.unifr.ch\/create\/gameshub\/#primaryimage\"},\"thumbnailUrl\":\"https:\/\/blog.unifr.ch\/create\/wp-content\/uploads\/2019\/05\/logo_oerapps.png\",\"datePublished\":\"2020-05-25T08:50:01+00:00\",\"dateModified\":\"2023-03-30T11:10:17+00:00\",\"breadcrumb\":{\"@id\":\"https:\/\/blog.unifr.ch\/create\/gameshub\/#breadcrumb\"},\"inLanguage\":\"en-US\",\"potentialAction\":[{\"@type\":\"ReadAction\",\"target\":[\"https:\/\/blog.unifr.ch\/create\/gameshub\/\"]}]},{\"@type\":\"ImageObject\",\"inLanguage\":\"en-US\",\"@id\":\"https:\/\/blog.unifr.ch\/create\/gameshub\/#primaryimage\",\"url\":\"https:\/\/blog.unifr.ch\/create\/wp-content\/uploads\/2019\/05\/logo_oerapps.png\",\"contentUrl\":\"https:\/\/blog.unifr.ch\/create\/wp-content\/uploads\/2019\/05\/logo_oerapps.png\",\"width\":532,\"height\":532},{\"@type\":\"BreadcrumbList\",\"@id\":\"https:\/\/blog.unifr.ch\/create\/gameshub\/#breadcrumb\",\"itemListElement\":[{\"@type\":\"ListItem\",\"position\":1,\"name\":\"Accueil\",\"item\":\"https:\/\/blog.unifr.ch\/create\/\"},{\"@type\":\"ListItem\",\"position\":2,\"name\":\"GamesHUB\"}]},{\"@type\":\"WebSite\",\"@id\":\"https:\/\/blog.unifr.ch\/create\/#website\",\"url\":\"https:\/\/blog.unifr.ch\/create\/\",\"name\":\"CRE\/ATE\",\"description\":\"Vers des pratiques r\u00e9fl\u00e9chies du num\u00e9rique en \u00e9ducation | Auf dem Weg zu durchdachten Praktiken der digitalen Technologie im Bildungswesen | Towards thoughtful practices of digital technology in education\",\"publisher\":{\"@id\":\"https:\/\/blog.unifr.ch\/create\/#organization\"},\"potentialAction\":[{\"@type\":\"SearchAction\",\"target\":{\"@type\":\"EntryPoint\",\"urlTemplate\":\"https:\/\/blog.unifr.ch\/create\/?s={search_term_string}\"},\"query-input\":{\"@type\":\"PropertyValueSpecification\",\"valueRequired\":true,\"valueName\":\"search_term_string\"}}],\"inLanguage\":\"en-US\"},{\"@type\":\"Organization\",\"@id\":\"https:\/\/blog.unifr.ch\/create\/#organization\",\"name\":\"CRE\/ATE\",\"url\":\"https:\/\/blog.unifr.ch\/create\/\",\"logo\":{\"@type\":\"ImageObject\",\"inLanguage\":\"en-US\",\"@id\":\"https:\/\/blog.unifr.ch\/create\/#\/schema\/logo\/image\/\",\"url\":\"https:\/\/blog.unifr.ch\/create\/wp-content\/uploads\/sites\/6\/2019\/05\/logo-square.jpg\",\"contentUrl\":\"https:\/\/blog.unifr.ch\/create\/wp-content\/uploads\/sites\/6\/2019\/05\/logo-square.jpg\",\"width\":500,\"height\":500,\"caption\":\"CRE\/ATE\"},\"image\":{\"@id\":\"https:\/\/blog.unifr.ch\/create\/#\/schema\/logo\/image\/\"}}]}<\/script>\n<!-- \/ Yoast SEO plugin. -->","yoast_head_json":{"title":"GamesHUB | CRE\/ATE","robots":{"index":"index","follow":"follow","max-snippet":"max-snippet:-1","max-image-preview":"max-image-preview:large","max-video-preview":"max-video-preview:-1"},"canonical":"https:\/\/blog.unifr.ch\/create\/gameshub\/","og_locale":"en_US","og_type":"article","og_title":"GamesHUB | CRE\/ATE","og_description":"GamesHub &#8211; Portal for educational games Projet par la Haute Ecole p\u00e9dagogique de Fribourg et le centre de recherche sur l&#8217;enseignement\/apprentissage par les technologies num\u00e9riques. &nbsp; Partenariat La plateforme num\u00e9rique GamesHub a \u00e9t\u00e9 r\u00e9alis\u00e9e au sein du Centre de Recherche sur l\u2019Enseignement\/Apprentissage par les Technologies num\u00e9riques (CRE\/ATE) de la Haute \u00c9cole p\u00e9dagogique Fribourg (HEP), en [&hellip;]","og_url":"https:\/\/blog.unifr.ch\/create\/gameshub\/","og_site_name":"CRE\/ATE","article_modified_time":"2023-03-30T11:10:17+00:00","og_image":[{"width":532,"height":532,"url":"https:\/\/blog.unifr.ch\/create\/wp-content\/uploads\/sites\/6\/2019\/05\/logo_oerapps.png","type":"image\/png"}],"twitter_card":"summary_large_image","twitter_misc":{"Est. reading time":"2 minutes"},"schema":{"@context":"https:\/\/schema.org","@graph":[{"@type":"WebPage","@id":"https:\/\/blog.unifr.ch\/create\/gameshub\/","url":"https:\/\/blog.unifr.ch\/create\/gameshub\/","name":"GamesHUB | CRE\/ATE","isPartOf":{"@id":"https:\/\/blog.unifr.ch\/create\/#website"},"primaryImageOfPage":{"@id":"https:\/\/blog.unifr.ch\/create\/gameshub\/#primaryimage"},"image":{"@id":"https:\/\/blog.unifr.ch\/create\/gameshub\/#primaryimage"},"thumbnailUrl":"https:\/\/blog.unifr.ch\/create\/wp-content\/uploads\/2019\/05\/logo_oerapps.png","datePublished":"2020-05-25T08:50:01+00:00","dateModified":"2023-03-30T11:10:17+00:00","breadcrumb":{"@id":"https:\/\/blog.unifr.ch\/create\/gameshub\/#breadcrumb"},"inLanguage":"en-US","potentialAction":[{"@type":"ReadAction","target":["https:\/\/blog.unifr.ch\/create\/gameshub\/"]}]},{"@type":"ImageObject","inLanguage":"en-US","@id":"https:\/\/blog.unifr.ch\/create\/gameshub\/#primaryimage","url":"https:\/\/blog.unifr.ch\/create\/wp-content\/uploads\/2019\/05\/logo_oerapps.png","contentUrl":"https:\/\/blog.unifr.ch\/create\/wp-content\/uploads\/2019\/05\/logo_oerapps.png","width":532,"height":532},{"@type":"BreadcrumbList","@id":"https:\/\/blog.unifr.ch\/create\/gameshub\/#breadcrumb","itemListElement":[{"@type":"ListItem","position":1,"name":"Accueil","item":"https:\/\/blog.unifr.ch\/create\/"},{"@type":"ListItem","position":2,"name":"GamesHUB"}]},{"@type":"WebSite","@id":"https:\/\/blog.unifr.ch\/create\/#website","url":"https:\/\/blog.unifr.ch\/create\/","name":"CRE\/ATE","description":"Vers des pratiques r\u00e9fl\u00e9chies du num\u00e9rique en \u00e9ducation | Auf dem Weg zu durchdachten Praktiken der digitalen Technologie im Bildungswesen | Towards thoughtful practices of digital technology in education","publisher":{"@id":"https:\/\/blog.unifr.ch\/create\/#organization"},"potentialAction":[{"@type":"SearchAction","target":{"@type":"EntryPoint","urlTemplate":"https:\/\/blog.unifr.ch\/create\/?s={search_term_string}"},"query-input":{"@type":"PropertyValueSpecification","valueRequired":true,"valueName":"search_term_string"}}],"inLanguage":"en-US"},{"@type":"Organization","@id":"https:\/\/blog.unifr.ch\/create\/#organization","name":"CRE\/ATE","url":"https:\/\/blog.unifr.ch\/create\/","logo":{"@type":"ImageObject","inLanguage":"en-US","@id":"https:\/\/blog.unifr.ch\/create\/#\/schema\/logo\/image\/","url":"https:\/\/blog.unifr.ch\/create\/wp-content\/uploads\/sites\/6\/2019\/05\/logo-square.jpg","contentUrl":"https:\/\/blog.unifr.ch\/create\/wp-content\/uploads\/sites\/6\/2019\/05\/logo-square.jpg","width":500,"height":500,"caption":"CRE\/ATE"},"image":{"@id":"https:\/\/blog.unifr.ch\/create\/#\/schema\/logo\/image\/"}}]}},"_links":{"self":[{"href":"https:\/\/blog.unifr.ch\/create\/wp-json\/wp\/v2\/pages\/990","targetHints":{"allow":["GET"]}}],"collection":[{"href":"https:\/\/blog.unifr.ch\/create\/wp-json\/wp\/v2\/pages"}],"about":[{"href":"https:\/\/blog.unifr.ch\/create\/wp-json\/wp\/v2\/types\/page"}],"author":[{"embeddable":true,"href":"https:\/\/blog.unifr.ch\/create\/wp-json\/wp\/v2\/users\/6"}],"replies":[{"embeddable":true,"href":"https:\/\/blog.unifr.ch\/create\/wp-json\/wp\/v2\/comments?post=990"}],"version-history":[{"count":15,"href":"https:\/\/blog.unifr.ch\/create\/wp-json\/wp\/v2\/pages\/990\/revisions"}],"predecessor-version":[{"id":2176,"href":"https:\/\/blog.unifr.ch\/create\/wp-json\/wp\/v2\/pages\/990\/revisions\/2176"}],"wp:featuredmedia":[{"embeddable":true,"href":"https:\/\/blog.unifr.ch\/create\/wp-json\/wp\/v2\/media\/196"}],"wp:attachment":[{"href":"https:\/\/blog.unifr.ch\/create\/wp-json\/wp\/v2\/media?parent=990"}],"curies":[{"name":"wp","href":"https:\/\/api.w.org\/{rel}","templated":true}]}}