{"id":13,"date":"2019-12-05T14:31:34","date_gmt":"2019-12-05T13:31:34","guid":{"rendered":"https:\/\/blog.unifr.ch\/culturesofattention\/?page_id=13"},"modified":"2022-11-16T14:06:56","modified_gmt":"2022-11-16T13:06:56","slug":"about","status":"publish","type":"page","link":"https:\/\/blog.unifr.ch\/culturesofattention\/","title":{"rendered":"Aesthetics and Ethics of Attention"},"content":{"rendered":"\n<p>Attention is a necessary capacity of our mind; we need it in our everyday life to focus on certain things and withdraw from others in order to effectively navigate our  environment. However, as studies have shown, we seem less and less able to concentrate on something and not get distracted. On average, a person checks their email 74 times a day, and each time they check it, they spend about 32 seconds on average to do so. Especially in western  societies, attention has become an indispensable resource or currency. Various socio-psychological phenomena such as the rise of <em>Attention Deficit Hyperactivity Disorder<\/em> (ADHD) and <em>Burn-Outs<\/em> or the influence of social media networks such as <em>Instagram<\/em> or <em>Facebook<\/em> are just some examples of a general  feature of today&#8217;s accelerated and condensed life wherein attention becomes a difficult issue. How do we attend to our environment, to art, to nature, to other people? And why should we attend? What kinds of attention are there? Apart from focused attention, we can identify distributed attention and full attention, but also attentiveness, mindfulness, and immersion. At the Department of Philosophy at the University of Fribourg a team of advanced researchers investigates these issues from various perspectives. The leading project behind this is the SNSF-PRIMA Project <em>Aesthetics and Ethics of Attention<\/em> comprised by <a href=\"https:\/\/www.susanneschmetkamp.com\/\">Susanne <\/a><a rel=\"noreferrer noopener\" href=\"https:\/\/www.susanneschmetkamp.com\/\" target=\"_blank\">Schmetkamp<\/a><a href=\"https:\/\/www.susanneschmetkamp.com\/\"> (PI)<\/a> and <a href=\"https:\/\/blog.unifr.ch\/culturesofattention\/team\">her team<\/a>. The project collaborates, among others, with the <a href=\"https:\/\/www3.unifr.ch\/philosophie\/fr\/matieres\/esthetique-et-philosophie-de-lart\/\">Chair of <\/a><a rel=\"noreferrer noopener\" href=\"https:\/\/www3.unifr.ch\/philosophie\/fr\/matieres\/esthetique-et-philosophie-de-lart\/\" target=\"_blank\">Aesthetics<\/a><a href=\"https:\/\/www3.unifr.ch\/philosophie\/fr\/matieres\/esthetique-et-philosophie-de-lart\/\"> and Philosophy of Art<\/a> of the University of Fribourg, the <a rel=\"noreferrer noopener\" href=\"https:\/\/exre.ch\/\" target=\"_blank\">EXRE<\/a> research group, and the research workshop <em><a rel=\"noreferrer noopener\" href=\"https:\/\/www3.unifr.ch\/philosophie\/fr\/actualites-et-evenements\/actualites\/22289\/atelier-de-recherche-esthtique-critique\" target=\"_blank\">Aesthetics and Critique<\/a><\/em>.<br><br><\/p>\n\n\n\n<div class=\"wp-block-image\"><figure class=\"alignleft is-resized\"><img loading=\"lazy\" decoding=\"async\" src=\"https:\/\/blog.unifr.ch\/culturesofattention\/wp-content\/uploads\/2020\/06\/UNF_Logo_100pr_pos.png\" alt=\"\" class=\"wp-image-126\" width=\"112\" height=\"75\" srcset=\"https:\/\/blog.unifr.ch\/culturesofattention\/wp-content\/uploads\/2020\/06\/UNF_Logo_100pr_pos.png 333w, https:\/\/blog.unifr.ch\/culturesofattention\/wp-content\/uploads\/2020\/06\/UNF_Logo_100pr_pos-300x201.png 300w\" sizes=\"auto, (max-width: 112px) 100vw, 112px\" \/><figcaption><br><\/figcaption><\/figure><\/div>\n\n\n\n<div class=\"wp-block-image\"><figure class=\"alignleft is-resized\"><img loading=\"lazy\" decoding=\"async\" src=\"https:\/\/blog.unifr.ch\/culturesofattention\/wp-content\/uploads\/2019\/12\/SNF_RGB_E_POS.png\" alt=\"\" class=\"wp-image-76\" width=\"231\" height=\"39\" srcset=\"https:\/\/blog.unifr.ch\/culturesofattention\/wp-content\/uploads\/2019\/12\/SNF_RGB_E_POS.png 576w, https:\/\/blog.unifr.ch\/culturesofattention\/wp-content\/uploads\/2019\/12\/SNF_RGB_E_POS-300x50.png 300w\" sizes=\"auto, (max-width: 231px) 100vw, 231px\" \/><figcaption><br><\/figcaption><\/figure><\/div>\n\n\n\n<h3 class=\"wp-block-heading\"><strong>NEWS<\/strong><\/h3>\n\n\n\n<p><strong> December 2022<\/strong> <a href=\"https:\/\/www.unifr.ch\/philosophie\/de\/news-und-events\/news\/28170\/?utm_source=news&amp;utm_medium=&amp;utm_campaign=redirection_from_homehttp%3A%2F%2Fwww.unifr.ch%2Fphilosophie%2Fde%2F\" data-type=\"URL\" data-id=\"https:\/\/www.unifr.ch\/philosophie\/de\/news-und-events\/news\/28170\/?utm_source=news&amp;utm_medium=&amp;utm_campaign=redirection_from_homehttp%3A%2F%2Fwww.unifr.ch%2Fphilosophie%2Fde%2F\">&#8220;Attention and Action in Aesthetic Experiences&#8221;<\/a>, with Bence Nanay, Susanne Schmetkamp, Emmauel Alloa &amp; Judith Siegmund,  Talk and Workshop hosted by the <em>Aesthetics and Ethics of Attention<\/em> SNSF Research Project, University of Fribourg. <\/p>\n\n\n\n<figure class=\"wp-block-image size-large\"><img loading=\"lazy\" decoding=\"async\" width=\"728\" height=\"1024\" src=\"https:\/\/blog.unifr.ch\/culturesofattention\/wp-content\/uploads\/2022\/11\/affiche-Nanay-Nov-30th-Dec-1st1-728x1024.png\" alt=\"\" class=\"wp-image-426\" srcset=\"https:\/\/blog.unifr.ch\/culturesofattention\/wp-content\/uploads\/2022\/11\/affiche-Nanay-Nov-30th-Dec-1st1-728x1024.png 728w, https:\/\/blog.unifr.ch\/culturesofattention\/wp-content\/uploads\/2022\/11\/affiche-Nanay-Nov-30th-Dec-1st1-213x300.png 213w, https:\/\/blog.unifr.ch\/culturesofattention\/wp-content\/uploads\/2022\/11\/affiche-Nanay-Nov-30th-Dec-1st1-768x1081.png 768w, https:\/\/blog.unifr.ch\/culturesofattention\/wp-content\/uploads\/2022\/11\/affiche-Nanay-Nov-30th-Dec-1st1.png 1005w\" sizes=\"auto, (max-width: 728px) 100vw, 728px\" \/><\/figure>\n\n\n\n<p><strong>May 2022 <\/strong><a href=\"https:\/\/www.unifr.ch\/philosophie\/fr\/actualites-et-evenements\/actualites\/27257\/r-g-collingwood-in-the-twenty-first-century?\" data-type=\"URL\" data-id=\"https:\/\/www.unifr.ch\/philosophie\/fr\/actualites-et-evenements\/actualites\/27257\/r-g-collingwood-in-the-twenty-first-century?\">&#8220;R.C. Collingwood in the Twenty-First Century&#8221;<\/a>, with Christopher Mole, Talk hosted by the <em>Aesthetics and Ethics of Attention<\/em> SNSF Research Project, University of Fribourg. <\/p>\n\n\n\n<figure class=\"wp-block-image size-large\"><img loading=\"lazy\" decoding=\"async\" width=\"724\" height=\"1024\" src=\"https:\/\/blog.unifr.ch\/culturesofattention\/wp-content\/uploads\/2022\/05\/Mole-R.C.-Collingwood-in-the-21st-Century-Affiche-21-1-724x1024.png\" alt=\"\" class=\"wp-image-392\" srcset=\"https:\/\/blog.unifr.ch\/culturesofattention\/wp-content\/uploads\/2022\/05\/Mole-R.C.-Collingwood-in-the-21st-Century-Affiche-21-1-724x1024.png 724w, https:\/\/blog.unifr.ch\/culturesofattention\/wp-content\/uploads\/2022\/05\/Mole-R.C.-Collingwood-in-the-21st-Century-Affiche-21-1-212x300.png 212w, https:\/\/blog.unifr.ch\/culturesofattention\/wp-content\/uploads\/2022\/05\/Mole-R.C.-Collingwood-in-the-21st-Century-Affiche-21-1.png 744w\" sizes=\"auto, (max-width: 724px) 100vw, 724px\" \/><\/figure>\n\n\n\n<p><strong>May 2022<\/strong> <a href=\"https:\/\/www.unifr.ch\/philosophie\/de\/news-und-events\/news\/27111\/feeling-into-thinking-through?&amp;p=1\">\u201cFeeling into it\u201d<\/a>, Lecture-Concert with talks by Susanne Schmetkamp, Fabian G\u00f6ppelsr\u00f6der and Christoph Haffter and concert by the improvisation-formation \u201cDas Ende der Liebe\u201d. <\/p>\n\n\n\n<figure class=\"wp-block-gallery has-nested-images columns-default is-cropped wp-block-gallery-1 is-layout-flex wp-block-gallery-is-layout-flex\">\n<figure class=\"wp-block-image size-large\"><img loading=\"lazy\" decoding=\"async\" width=\"728\" height=\"1024\" data-id=\"381\" src=\"https:\/\/blog.unifr.ch\/culturesofattention\/wp-content\/uploads\/2022\/04\/Affiches-Feeling-Into1-728x1024.png\" alt=\"\" class=\"wp-image-381\" srcset=\"https:\/\/blog.unifr.ch\/culturesofattention\/wp-content\/uploads\/2022\/04\/Affiches-Feeling-Into1-728x1024.png 728w, https:\/\/blog.unifr.ch\/culturesofattention\/wp-content\/uploads\/2022\/04\/Affiches-Feeling-Into1-213x300.png 213w, https:\/\/blog.unifr.ch\/culturesofattention\/wp-content\/uploads\/2022\/04\/Affiches-Feeling-Into1-768x1080.png 768w, https:\/\/blog.unifr.ch\/culturesofattention\/wp-content\/uploads\/2022\/04\/Affiches-Feeling-Into1.png 1073w\" sizes=\"auto, (max-width: 728px) 100vw, 728px\" \/><\/figure>\n<\/figure>\n\n\n\n<p><\/p>\n\n\n\n<p><strong>New Article<\/strong> <a href=\"https:\/\/blog.unifr.ch\/culturesofattention\/wp-content\/uploads\/2022\/04\/Philosophin-u%CC%88ber-die-Folgen-des-Ukraine-Kriegs_-Warum-wir-helfen-DER-SPIEGEL.pdf\">\u201cWarum wir helfen. Eine Philosophin \u00fcber die Folgen des Ukrainekriegs\u201d,<\/a> for <em>Spiegel Online, <\/em>03.04.2022. <br><strong>New Publication<\/strong> At the beginning of 2022 a comprehensive anthology by Wehrle, D&#8217;Angelo and Solomonova on the topic of attention has been published, to which Susanne Schmetkamp has contributed a chapter on &#8220;aesthetic attention&#8221;:<br>Schmetkamp, Susanne, 2022: &#8220;Aesthetic Attention and Change of Perspectives&#8221; in: Wehrle, M \/ D&#8217;Angelo, D. \/ Solomonova, E. (eds.), Access and and Mediation &#8211;&nbsp;Transdisciplinary Perspectives on Attention | Berlin, Boston: de Gruyter.  <\/p>\n\n\n\n<p> <strong>March 2022&nbsp;<\/strong>\u201c<a href=\"https:\/\/www.unifr.ch\/philosophie\/fr\/actualites-et-evenements\/actualites\/26562\/philosophy-of-psychedelics?\">Philosophy of Psychedelics<\/a>&nbsp;with Chris Letheby,\u201d Talk hosted by the&nbsp;<em>Aesthetics and Ethics of Attention<\/em>&nbsp;SNSF Research Project, University of Fribourg, 03.03.2022. <\/p>\n\n\n\n<figure class=\"wp-block-image size-large\"><img loading=\"lazy\" decoding=\"async\" width=\"724\" height=\"1024\" src=\"https:\/\/blog.unifr.ch\/culturesofattention\/wp-content\/uploads\/2022\/04\/Letheby-Phil-of-Psychedelics-Poster-724x1024.png\" alt=\"\" class=\"wp-image-372\" srcset=\"https:\/\/blog.unifr.ch\/culturesofattention\/wp-content\/uploads\/2022\/04\/Letheby-Phil-of-Psychedelics-Poster-724x1024.png 724w, https:\/\/blog.unifr.ch\/culturesofattention\/wp-content\/uploads\/2022\/04\/Letheby-Phil-of-Psychedelics-Poster-212x300.png 212w, https:\/\/blog.unifr.ch\/culturesofattention\/wp-content\/uploads\/2022\/04\/Letheby-Phil-of-Psychedelics-Poster-768x1086.png 768w, https:\/\/blog.unifr.ch\/culturesofattention\/wp-content\/uploads\/2022\/04\/Letheby-Phil-of-Psychedelics-Poster.png 1052w\" sizes=\"auto, (max-width: 724px) 100vw, 724px\" \/><\/figure>\n\n\n\n<p><br><strong>July 2021<\/strong>&nbsp;\u201c<a href=\"https:\/\/www.aesthetikunderkenntnis.dgae.de\/abstracts\/\">Gelenkt und frei \u2013 Aufmerksamkeit, Improvisation und musikalische Zeitlichkeit<\/a>\u201d, Kongress der Deutschen Gesellschaft f\u00fcr \u00c4sthetik, Z\u00fcrich (online). Panel mit drei Talks (mit Fabian Goppelsr\u00f6der und Christoph Haffter) und Konzert der Improvisations-Formation \u201cDas Ende der Liebe\u201d, 14.07.2021.<br><strong>June 2021 <\/strong>&#8220;<a rel=\"noreferrer noopener\" href=\"https:\/\/www.unifr.ch\/philosophie\/fr\/actualites-et-evenements\/actualites\/25429\/politics-of-attention?&amp;p=1\" target=\"_blank\">Politics of Attention<\/a>&#8220;,&nbsp;Third&nbsp;Workshop of the&nbsp;<a>Aesthetics &amp; Ethics of Attention SNSF Research Project<\/a>, University of Fribourg (CH), 30.06-01.07.2021.<\/p>\n\n\n\n<figure class=\"wp-block-image size-large\"><img loading=\"lazy\" decoding=\"async\" width=\"724\" height=\"1024\" src=\"https:\/\/blog.unifr.ch\/culturesofattention\/wp-content\/uploads\/2021\/05\/Attention_Workshop_Poster_june2021-724x1024.png\" alt=\"\" class=\"wp-image-280\" srcset=\"https:\/\/blog.unifr.ch\/culturesofattention\/wp-content\/uploads\/2021\/05\/Attention_Workshop_Poster_june2021-724x1024.png 724w, https:\/\/blog.unifr.ch\/culturesofattention\/wp-content\/uploads\/2021\/05\/Attention_Workshop_Poster_june2021-212x300.png 212w, https:\/\/blog.unifr.ch\/culturesofattention\/wp-content\/uploads\/2021\/05\/Attention_Workshop_Poster_june2021-768x1086.png 768w, https:\/\/blog.unifr.ch\/culturesofattention\/wp-content\/uploads\/2021\/05\/Attention_Workshop_Poster_june2021-1087x1536.png 1087w, https:\/\/blog.unifr.ch\/culturesofattention\/wp-content\/uploads\/2021\/05\/Attention_Workshop_Poster_june2021.png 1170w\" sizes=\"auto, (max-width: 724px) 100vw, 724px\" \/><\/figure>\n\n\n\n<p><br><strong>March 2021<\/strong>&#8220;<a rel=\"noreferrer noopener\" href=\"https:\/\/exre.ch\/events\/event\/exre-colloquium-isabel-kaeslins-talk-2\/\" target=\"_blank\">Hermeneutic Attention<\/a>&#8220;, EXRE Colloquium, University of Fribourg, 03.03.2021<br><strong>Feb 2021<\/strong> &#8220;<a rel=\"noreferrer noopener\" href=\"https:\/\/www1.wdr.de\/radio\/wdr5\/sendungen\/philosophisches-radio\/susanne-schmetkamp-102.html\" target=\"_blank\">Wie frei sind Sie in Ihrer Aufmerksamkeit?<\/a>&#8220;, interview for <em>Das Philosophische Radio<\/em> (Westdeutscher Rundfunk WDR5), 15.02. 2021.<br><strong>Dec 2020 <\/strong>\u201eFunctions of Attention\u201d, Second Workshop of the Aesthetics &amp; Ethics of Attention Research Project SNSF, University of Fribourg, 03.12.2020.<br><strong>Jan 2020<\/strong> \u201e<a rel=\"noreferrer noopener\" href=\"https:\/\/www1.wdr.de\/mediathek\/audio\/wdr5\/wdr5-das-philosophische-radio\/audio-naturgegeben---empathie-100.html\" target=\"_blank\">Naturgegeben? &#8211; Empathie<\/a>\u201c, interview for <em>Das Philosophische Radio<\/em> (Westdeutscher Rundfunk WDR5), 10.01.2020.<\/p>\n\n\n\n<p><br><\/p>\n","protected":false},"excerpt":{"rendered":"<p>Attention is a necessary capacity of our mind; we need it in our everyday life to focus on certain things and withdraw from others in order to effectively navigate our environment. However, as studies have shown, we seem less and less able to concentrate on something and not get distracted. On average, a person checks &hellip; <\/p>\n<p class=\"link-more\"><a href=\"https:\/\/blog.unifr.ch\/culturesofattention\/\" class=\"more-link\">Continue reading<span class=\"screen-reader-text\"> &#8220;Aesthetics and Ethics of Attention&#8221;<\/span><\/a><\/p>\n","protected":false},"author":4,"featured_media":0,"parent":0,"menu_order":0,"comment_status":"closed","ping_status":"closed","template":"","meta":{"footnotes":""},"class_list":["post-13","page","type-page","status-publish","hentry"],"_links":{"self":[{"href":"https:\/\/blog.unifr.ch\/culturesofattention\/wp-json\/wp\/v2\/pages\/13","targetHints":{"allow":["GET"]}}],"collection":[{"href":"https:\/\/blog.unifr.ch\/culturesofattention\/wp-json\/wp\/v2\/pages"}],"about":[{"href":"https:\/\/blog.unifr.ch\/culturesofattention\/wp-json\/wp\/v2\/types\/page"}],"author":[{"embeddable":true,"href":"https:\/\/blog.unifr.ch\/culturesofattention\/wp-json\/wp\/v2\/users\/4"}],"replies":[{"embeddable":true,"href":"https:\/\/blog.unifr.ch\/culturesofattention\/wp-json\/wp\/v2\/comments?post=13"}],"version-history":[{"count":57,"href":"https:\/\/blog.unifr.ch\/culturesofattention\/wp-json\/wp\/v2\/pages\/13\/revisions"}],"predecessor-version":[{"id":430,"href":"https:\/\/blog.unifr.ch\/culturesofattention\/wp-json\/wp\/v2\/pages\/13\/revisions\/430"}],"wp:attachment":[{"href":"https:\/\/blog.unifr.ch\/culturesofattention\/wp-json\/wp\/v2\/media?parent=13"}],"curies":[{"name":"wp","href":"https:\/\/api.w.org\/{rel}","templated":true}]}}