{"id":18,"date":"2019-12-05T14:31:34","date_gmt":"2019-12-05T13:31:34","guid":{"rendered":"https:\/\/blog.unifr.ch\/culturesofattention\/?page_id=18"},"modified":"2022-09-13T16:08:43","modified_gmt":"2022-09-13T14:08:43","slug":"publications","status":"publish","type":"page","link":"https:\/\/blog.unifr.ch\/culturesofattention\/publications\/","title":{"rendered":"Publications"},"content":{"rendered":"\n<h3 class=\"wp-block-heading\"><strong>Journal articles<\/strong><\/h3>\n\n\n\n<p>Day, Jason K., Schmetkamp, Susanne, 2022: &#8220;<a href=\"https:\/\/philpapers.org\/rec\/DAYPEO\">Psychedelic Expansion of Consciousness: A Phenomenological Study in Terms of Attention<\/a>&#8220;, in <em>InCircolo,<\/em> 13, 111-135. <\/p>\n\n\n\n<p>Schmetkamp, Susanne, 2022:<a href=\"https:\/\/blog.unifr.ch\/culturesofattention\/wp-content\/uploads\/2022\/04\/Philosophin-u\u0308ber-die-Folgen-des-Ukraine-Kriegs_-Warum-wir-helfen-DER-SPIEGEL.pdf\"> &#8220;Warum wir helfen. Eine Philosophin \u00fcber die Folgen des Ukrainekriegs&#8221;,<\/a> Gastbeitrag for <em>Spiegel Online,<\/em> 03.04.2022. <\/p>\n\n\n\n<p>Schmetkamp, Susanne, 2020: \u201c<a rel=\"noreferrer noopener\" href=\"https:\/\/link.springer.com\/article\/10.1007\/s13164-020-00473-x\" target=\"_blank\">Understanding A.I. \u2013 Can and should we empathize with humanoid robots<\/a><a>?<\/a>\u201d, in <em>Review of Philosophy and Psychology<\/em>, 11, 881\u2013897, DOI: <a href=\"https:\/\/doi.org\/10.1007\/s13164-020-00473-x\">https:\/\/doi.org\/10.1007\/s13164-020-00473-x<\/a>.<\/p>\n\n\n\n<h3 class=\"wp-block-heading\"><strong>Articles in collected volumes<\/strong><\/h3>\n\n\n\n<p>Schmetkamp, Susanne, 2022, &#8220;Empathischer Perspektivenwechsel, soziale Aufmerksamkeit und politische Urteilsbildung&#8221; in: Rieger-Ladich \/ Brinkmann M, \/Thompson (Hrsg.): \u00d6ffentlichkeiten. Urteilsbildung in fragmentierten p\u00e4dagogischen R\u00e4umen | Weinheim, Basel: Beltz Juventa. S. 178-194.<\/p>\n\n\n\n<p>Schmetkamp, Susanne, 2022: &#8220;Aesthetic Attention and Change of Perspectives&#8221; in: Wehrle, M \/ D&#8217;Angelo, D. \/ Solomonova, E. (eds.), Access and and Mediation &#8211;&nbsp;Transdisciplinary Perspectives on Attention | Berlin, Boston: de Gruyter. <\/p>\n\n\n\n<p>Schmetkamp, Susanne, 2021: \u201cWie autonom sind wir in unserer Aufmerksamkeit? \u00dcber digitale Kommunikation, Hyperaufmersamkeit und Zerstreuung\u201d in: Glocke, Christina \/ Monot, Pierre-H\u00e9li (eds.), <em><a href=\"https:\/\/www.steiner-verlag.de\/programm\/buecher\/reihen-a-z\/view\/titel\/62128.html\" target=\"_blank\" rel=\"noreferrer noopener\">Verhei\u00dfungen der Autonomie<\/a><\/em>, Schriftenreihe der Jungen Akademie der Wissenschaften und der Literatur | Mainz, Stuttgart: Franz Steiner Verlag.<\/p>\n\n\n\n<h3 class=\"wp-block-heading\"><strong>Interviews<\/strong><\/h3>\n\n\n\n<p>2022 <a href=\"https:\/\/www.nzz.ch\/gesellschaft\/empathie-fuer-die-menschen-in-der-ukraine-die-form-der-hilfe-ist-teilweise-fatal-ld.1675880\" target=\"_blank\" rel=\"noreferrer noopener\">&#8220;Empathie ist selektiv&#8221;<\/a>, interview for NZZ, 24.03.2022. <\/p>\n\n\n\n<p>2021 &#8220;<a rel=\"noreferrer noopener\" href=\"https:\/\/www1.wdr.de\/radio\/wdr5\/sendungen\/philosophisches-radio\/susanne-schmetkamp-102.html\" target=\"_blank\">Wie frei sind Sie in Ihrer Aufmerksamkeit?<\/a>&#8220;, interview for <em>Das Philosophische Radio<\/em> (Westdeutscher Rundfunk WDR5), 15.02. 2021.<\/p>\n\n\n\n<p>2020 \u201e<a rel=\"noreferrer noopener\" href=\"https:\/\/www1.wdr.de\/mediathek\/audio\/wdr5\/wdr5-das-philosophische-radio\/audio-naturgegeben---empathie-100.html\" target=\"_blank\">Naturgegeben? &#8211; Empathie<\/a>\u201c, interview for <em>Das Philosophische Radio<\/em> (Westdeutscher Rundfunk WDR5), 10.01.2020.<\/p>\n","protected":false},"excerpt":{"rendered":"<p>Journal articles Day, Jason K., Schmetkamp, Susanne, 2022: &#8220;Psychedelic Expansion of Consciousness: A Phenomenological Study in Terms of Attention&#8220;, in InCircolo, 13, 111-135. Schmetkamp, Susanne, 2022: &#8220;Warum wir helfen. Eine Philosophin \u00fcber die Folgen des Ukrainekriegs&#8221;, Gastbeitrag for Spiegel Online, 03.04.2022. Schmetkamp, Susanne, 2020: \u201cUnderstanding A.I. \u2013 Can and should we empathize with humanoid robots?\u201d, &hellip; <\/p>\n<p class=\"link-more\"><a href=\"https:\/\/blog.unifr.ch\/culturesofattention\/publications\/\" class=\"more-link\">Continue reading<span class=\"screen-reader-text\"> &#8220;Publications&#8221;<\/span><\/a><\/p>\n","protected":false},"author":4,"featured_media":0,"parent":0,"menu_order":0,"comment_status":"closed","ping_status":"closed","template":"","meta":{"footnotes":""},"class_list":["post-18","page","type-page","status-publish","hentry"],"_links":{"self":[{"href":"https:\/\/blog.unifr.ch\/culturesofattention\/wp-json\/wp\/v2\/pages\/18","targetHints":{"allow":["GET"]}}],"collection":[{"href":"https:\/\/blog.unifr.ch\/culturesofattention\/wp-json\/wp\/v2\/pages"}],"about":[{"href":"https:\/\/blog.unifr.ch\/culturesofattention\/wp-json\/wp\/v2\/types\/page"}],"author":[{"embeddable":true,"href":"https:\/\/blog.unifr.ch\/culturesofattention\/wp-json\/wp\/v2\/users\/4"}],"replies":[{"embeddable":true,"href":"https:\/\/blog.unifr.ch\/culturesofattention\/wp-json\/wp\/v2\/comments?post=18"}],"version-history":[{"count":20,"href":"https:\/\/blog.unifr.ch\/culturesofattention\/wp-json\/wp\/v2\/pages\/18\/revisions"}],"predecessor-version":[{"id":408,"href":"https:\/\/blog.unifr.ch\/culturesofattention\/wp-json\/wp\/v2\/pages\/18\/revisions\/408"}],"wp:attachment":[{"href":"https:\/\/blog.unifr.ch\/culturesofattention\/wp-json\/wp\/v2\/media?parent=18"}],"curies":[{"name":"wp","href":"https:\/\/api.w.org\/{rel}","templated":true}]}}