{"id":331,"date":"2023-11-17T15:26:42","date_gmt":"2023-11-17T14:26:42","guid":{"rendered":"https:\/\/blog.unifr.ch\/ded\/?page_id=331"},"modified":"2024-04-14T21:36:55","modified_gmt":"2024-04-14T19:36:55","slug":"temoignages-denfants-%c2%b7-erfahrungsberichte-von-kindern","status":"publish","type":"page","link":"https:\/\/blog.unifr.ch\/ded\/temoignages-denfants-%c2%b7-erfahrungsberichte-von-kindern\/","title":{"rendered":"Code vestimentaire \u00b7 Kleiderordnung"},"content":{"rendered":"<p>T\u00e9moignages des \u00e9l\u00e8ves \u00b7 Erfahrungsberichte von Sch\u00fcler:innen<\/p>\n<p><img loading=\"lazy\" decoding=\"async\" class=\"wp-image-284 aligncenter\" src=\"https:\/\/blog.unifr.ch\/ded\/wp-content\/uploads\/sites\/23\/2023\/11\/pexels-srinivas-1058140-1-scaled.jpg\" alt=\"\" width=\"206\" height=\"275\" srcset=\"https:\/\/blog.unifr.ch\/ded\/wp-content\/uploads\/2023\/11\/pexels-srinivas-1058140-1-scaled.jpg 1920w, https:\/\/blog.unifr.ch\/ded\/wp-content\/uploads\/2023\/11\/pexels-srinivas-1058140-1-768x1024.jpg 768w, https:\/\/blog.unifr.ch\/ded\/wp-content\/uploads\/2023\/11\/pexels-srinivas-1058140-1-1152x1536.jpg 1152w, https:\/\/blog.unifr.ch\/ded\/wp-content\/uploads\/2023\/11\/pexels-srinivas-1058140-1-1536x2048.jpg 1536w, https:\/\/blog.unifr.ch\/ded\/wp-content\/uploads\/2023\/11\/pexels-srinivas-1058140-1-150x200.jpg 150w, https:\/\/blog.unifr.ch\/ded\/wp-content\/uploads\/2023\/11\/pexels-srinivas-1058140-1-300x400.jpg 300w, https:\/\/blog.unifr.ch\/ded\/wp-content\/uploads\/2023\/11\/pexels-srinivas-1058140-1-600x800.jpg 600w\" sizes=\"auto, (max-width: 206px) 100vw, 206px\" \/><\/p>\n","protected":false},"excerpt":{"rendered":"<p>T\u00e9moignages des \u00e9l\u00e8ves \u00b7 Erfahrungsberichte von Sch\u00fcler:innen<\/p>\n","protected":false},"author":39,"featured_media":0,"parent":0,"menu_order":0,"comment_status":"closed","ping_status":"closed","template":"","meta":{"_acf_changed":false,"footnotes":""},"class_list":["post-331","page","type-page","status-publish","hentry"],"acf":[],"yoast_head":"<!-- This site is optimized with the Yoast SEO plugin v25.6 - https:\/\/yoast.com\/wordpress\/plugins\/seo\/ -->\n<title>Code vestimentaire \u00b7 Kleiderordnung - Blog Unit\u00e9 DivEg<\/title>\n<meta name=\"robots\" content=\"index, follow, max-snippet:-1, max-image-preview:large, max-video-preview:-1\" \/>\n<link rel=\"canonical\" href=\"https:\/\/blog.unifr.ch\/ded\/temoignages-denfants-\u00b7-erfahrungsberichte-von-kindern\/\" \/>\n<meta property=\"og:locale\" content=\"de_DE\" \/>\n<meta property=\"og:type\" content=\"article\" \/>\n<meta property=\"og:title\" content=\"Code vestimentaire \u00b7 Kleiderordnung - Blog Unit\u00e9 DivEg\" \/>\n<meta property=\"og:description\" content=\"T\u00e9moignages des \u00e9l\u00e8ves \u00b7 Erfahrungsberichte von Sch\u00fcler:innen\" \/>\n<meta property=\"og:url\" content=\"https:\/\/blog.unifr.ch\/ded\/temoignages-denfants-\u00b7-erfahrungsberichte-von-kindern\/\" \/>\n<meta property=\"og:site_name\" content=\"Blog Unit\u00e9 DivEg\" \/>\n<meta property=\"article:modified_time\" content=\"2024-04-14T19:36:55+00:00\" \/>\n<meta property=\"og:image\" content=\"https:\/\/blog.unifr.ch\/ded\/wp-content\/uploads\/sites\/23\/2023\/11\/pexels-srinivas-1058140-1-scaled.jpg\" \/>\n<meta name=\"twitter:card\" content=\"summary_large_image\" \/>\n<meta name=\"twitter:label1\" content=\"Gesch\u00e4tzte Lesezeit\" \/>\n\t<meta name=\"twitter:data1\" content=\"1\u00a0Minute\" \/>\n<script type=\"application\/ld+json\" class=\"yoast-schema-graph\">{\"@context\":\"https:\/\/schema.org\",\"@graph\":[{\"@type\":\"WebPage\",\"@id\":\"https:\/\/blog.unifr.ch\/ded\/temoignages-denfants-%c2%b7-erfahrungsberichte-von-kindern\/\",\"url\":\"https:\/\/blog.unifr.ch\/ded\/temoignages-denfants-%c2%b7-erfahrungsberichte-von-kindern\/\",\"name\":\"Code vestimentaire \u00b7 Kleiderordnung - Blog Unit\u00e9 DivEg\",\"isPartOf\":{\"@id\":\"https:\/\/blog.unifr.ch\/ded\/#website\"},\"primaryImageOfPage\":{\"@id\":\"https:\/\/blog.unifr.ch\/ded\/temoignages-denfants-%c2%b7-erfahrungsberichte-von-kindern\/#primaryimage\"},\"image\":{\"@id\":\"https:\/\/blog.unifr.ch\/ded\/temoignages-denfants-%c2%b7-erfahrungsberichte-von-kindern\/#primaryimage\"},\"thumbnailUrl\":\"https:\/\/blog.unifr.ch\/ded\/wp-content\/uploads\/sites\/23\/2023\/11\/pexels-srinivas-1058140-1-scaled.jpg\",\"datePublished\":\"2023-11-17T14:26:42+00:00\",\"dateModified\":\"2024-04-14T19:36:55+00:00\",\"breadcrumb\":{\"@id\":\"https:\/\/blog.unifr.ch\/ded\/temoignages-denfants-%c2%b7-erfahrungsberichte-von-kindern\/#breadcrumb\"},\"inLanguage\":\"de\",\"potentialAction\":[{\"@type\":\"ReadAction\",\"target\":[\"https:\/\/blog.unifr.ch\/ded\/temoignages-denfants-%c2%b7-erfahrungsberichte-von-kindern\/\"]}]},{\"@type\":\"ImageObject\",\"inLanguage\":\"de\",\"@id\":\"https:\/\/blog.unifr.ch\/ded\/temoignages-denfants-%c2%b7-erfahrungsberichte-von-kindern\/#primaryimage\",\"url\":\"https:\/\/blog.unifr.ch\/ded\/wp-content\/uploads\/2023\/11\/pexels-srinivas-1058140-1-scaled.jpg\",\"contentUrl\":\"https:\/\/blog.unifr.ch\/ded\/wp-content\/uploads\/2023\/11\/pexels-srinivas-1058140-1-scaled.jpg\",\"width\":1920,\"height\":2560},{\"@type\":\"BreadcrumbList\",\"@id\":\"https:\/\/blog.unifr.ch\/ded\/temoignages-denfants-%c2%b7-erfahrungsberichte-von-kindern\/#breadcrumb\",\"itemListElement\":[{\"@type\":\"ListItem\",\"position\":1,\"name\":\"Accueil\",\"item\":\"https:\/\/blog.unifr.ch\/ded\/\"},{\"@type\":\"ListItem\",\"position\":2,\"name\":\"Code vestimentaire \u00b7 Kleiderordnung\"}]},{\"@type\":\"WebSite\",\"@id\":\"https:\/\/blog.unifr.ch\/ded\/#website\",\"url\":\"https:\/\/blog.unifr.ch\/ded\/\",\"name\":\"Blog Unit\u00e9 DivEg\",\"description\":\"Un site utilisant HEP Multisite\",\"potentialAction\":[{\"@type\":\"SearchAction\",\"target\":{\"@type\":\"EntryPoint\",\"urlTemplate\":\"https:\/\/blog.unifr.ch\/ded\/?s={search_term_string}\"},\"query-input\":{\"@type\":\"PropertyValueSpecification\",\"valueRequired\":true,\"valueName\":\"search_term_string\"}}],\"inLanguage\":\"de\"}]}<\/script>\n<!-- \/ Yoast SEO plugin. -->","yoast_head_json":{"title":"Code vestimentaire \u00b7 Kleiderordnung - Blog Unit\u00e9 DivEg","robots":{"index":"index","follow":"follow","max-snippet":"max-snippet:-1","max-image-preview":"max-image-preview:large","max-video-preview":"max-video-preview:-1"},"canonical":"https:\/\/blog.unifr.ch\/ded\/temoignages-denfants-\u00b7-erfahrungsberichte-von-kindern\/","og_locale":"de_DE","og_type":"article","og_title":"Code vestimentaire \u00b7 Kleiderordnung - Blog Unit\u00e9 DivEg","og_description":"T\u00e9moignages des \u00e9l\u00e8ves \u00b7 Erfahrungsberichte von Sch\u00fcler:innen","og_url":"https:\/\/blog.unifr.ch\/ded\/temoignages-denfants-\u00b7-erfahrungsberichte-von-kindern\/","og_site_name":"Blog Unit\u00e9 DivEg","article_modified_time":"2024-04-14T19:36:55+00:00","og_image":[{"url":"https:\/\/blog.unifr.ch\/ded\/wp-content\/uploads\/sites\/23\/2023\/11\/pexels-srinivas-1058140-1-scaled.jpg","type":"","width":"","height":""}],"twitter_card":"summary_large_image","twitter_misc":{"Gesch\u00e4tzte Lesezeit":"1\u00a0Minute"},"schema":{"@context":"https:\/\/schema.org","@graph":[{"@type":"WebPage","@id":"https:\/\/blog.unifr.ch\/ded\/temoignages-denfants-%c2%b7-erfahrungsberichte-von-kindern\/","url":"https:\/\/blog.unifr.ch\/ded\/temoignages-denfants-%c2%b7-erfahrungsberichte-von-kindern\/","name":"Code vestimentaire \u00b7 Kleiderordnung - Blog Unit\u00e9 DivEg","isPartOf":{"@id":"https:\/\/blog.unifr.ch\/ded\/#website"},"primaryImageOfPage":{"@id":"https:\/\/blog.unifr.ch\/ded\/temoignages-denfants-%c2%b7-erfahrungsberichte-von-kindern\/#primaryimage"},"image":{"@id":"https:\/\/blog.unifr.ch\/ded\/temoignages-denfants-%c2%b7-erfahrungsberichte-von-kindern\/#primaryimage"},"thumbnailUrl":"https:\/\/blog.unifr.ch\/ded\/wp-content\/uploads\/sites\/23\/2023\/11\/pexels-srinivas-1058140-1-scaled.jpg","datePublished":"2023-11-17T14:26:42+00:00","dateModified":"2024-04-14T19:36:55+00:00","breadcrumb":{"@id":"https:\/\/blog.unifr.ch\/ded\/temoignages-denfants-%c2%b7-erfahrungsberichte-von-kindern\/#breadcrumb"},"inLanguage":"de","potentialAction":[{"@type":"ReadAction","target":["https:\/\/blog.unifr.ch\/ded\/temoignages-denfants-%c2%b7-erfahrungsberichte-von-kindern\/"]}]},{"@type":"ImageObject","inLanguage":"de","@id":"https:\/\/blog.unifr.ch\/ded\/temoignages-denfants-%c2%b7-erfahrungsberichte-von-kindern\/#primaryimage","url":"https:\/\/blog.unifr.ch\/ded\/wp-content\/uploads\/2023\/11\/pexels-srinivas-1058140-1-scaled.jpg","contentUrl":"https:\/\/blog.unifr.ch\/ded\/wp-content\/uploads\/2023\/11\/pexels-srinivas-1058140-1-scaled.jpg","width":1920,"height":2560},{"@type":"BreadcrumbList","@id":"https:\/\/blog.unifr.ch\/ded\/temoignages-denfants-%c2%b7-erfahrungsberichte-von-kindern\/#breadcrumb","itemListElement":[{"@type":"ListItem","position":1,"name":"Accueil","item":"https:\/\/blog.unifr.ch\/ded\/"},{"@type":"ListItem","position":2,"name":"Code vestimentaire \u00b7 Kleiderordnung"}]},{"@type":"WebSite","@id":"https:\/\/blog.unifr.ch\/ded\/#website","url":"https:\/\/blog.unifr.ch\/ded\/","name":"Blog Unit\u00e9 DivEg","description":"Un site utilisant HEP Multisite","potentialAction":[{"@type":"SearchAction","target":{"@type":"EntryPoint","urlTemplate":"https:\/\/blog.unifr.ch\/ded\/?s={search_term_string}"},"query-input":{"@type":"PropertyValueSpecification","valueRequired":true,"valueName":"search_term_string"}}],"inLanguage":"de"}]}},"_links":{"self":[{"href":"https:\/\/blog.unifr.ch\/ded\/wp-json\/wp\/v2\/pages\/331","targetHints":{"allow":["GET"]}}],"collection":[{"href":"https:\/\/blog.unifr.ch\/ded\/wp-json\/wp\/v2\/pages"}],"about":[{"href":"https:\/\/blog.unifr.ch\/ded\/wp-json\/wp\/v2\/types\/page"}],"author":[{"embeddable":true,"href":"https:\/\/blog.unifr.ch\/ded\/wp-json\/wp\/v2\/users\/39"}],"replies":[{"embeddable":true,"href":"https:\/\/blog.unifr.ch\/ded\/wp-json\/wp\/v2\/comments?post=331"}],"version-history":[{"count":41,"href":"https:\/\/blog.unifr.ch\/ded\/wp-json\/wp\/v2\/pages\/331\/revisions"}],"predecessor-version":[{"id":611,"href":"https:\/\/blog.unifr.ch\/ded\/wp-json\/wp\/v2\/pages\/331\/revisions\/611"}],"wp:attachment":[{"href":"https:\/\/blog.unifr.ch\/ded\/wp-json\/wp\/v2\/media?parent=331"}],"curies":[{"name":"wp","href":"https:\/\/api.w.org\/{rel}","templated":true}]}}