{"id":964,"date":"2024-10-14T16:55:57","date_gmt":"2024-10-14T14:55:57","guid":{"rendered":"https:\/\/blog.unifr.ch\/ded\/?page_id=964"},"modified":"2025-01-29T17:52:35","modified_gmt":"2025-01-29T16:52:35","slug":"trames-pour-vivre-ensemble","status":"publish","type":"page","link":"https:\/\/blog.unifr.ch\/ded\/ma-classe\/trames-pour-vivre-ensemble\/","title":{"rendered":"TRAMES pour vivre ensemble"},"content":{"rendered":"<p><strong>Une lecture plurilingue et sa plateforme interactive<\/strong><\/p>\n<p>Pour les cycles 2 et 3<\/p>\n<p>Un projet participatif de lecture jeunesse pour appr\u00e9hender le vivre ensemble dans la diversit\u00e9 linguistique d\u00e8s la 7H, c\u2019est<\/p>\n<p><u>Histoires avec des bosses, d\u2019Accueil \u00e0 Zigzag, alb\u00e9c\u00e9daire de l\u2019\u00e9cole en migration<\/u>.<\/p>\n<p><em>Collectif TRAMES, <a href=\"http:\/\/www.trames.ch\">www.trames.ch<\/a> , direction du projet No\u00e9mie Mathivat<\/em><\/p>\n","protected":false},"excerpt":{"rendered":"<p>Une lecture plurilingue et sa plateforme interactive Pour les cycles 2 et 3 Un projet participatif de lecture jeunesse pour appr\u00e9hender le vivre ensemble dans la diversit\u00e9 linguistique d\u00e8s la 7H, c\u2019est Histoires avec des bosses, d\u2019Accueil \u00e0 Zigzag, alb\u00e9c\u00e9daire de l\u2019\u00e9cole en migration. Collectif TRAMES, www.trames.ch , direction du projet No\u00e9mie Mathivat<\/p>\n","protected":false},"author":39,"featured_media":1030,"parent":910,"menu_order":0,"comment_status":"closed","ping_status":"closed","template":"","meta":{"_acf_changed":false,"footnotes":""},"class_list":["post-964","page","type-page","status-publish","has-post-thumbnail","hentry"],"acf":[],"yoast_head":"<!-- This site is optimized with the Yoast SEO plugin v25.6 - https:\/\/yoast.com\/wordpress\/plugins\/seo\/ -->\n<title>TRAMES pour vivre ensemble - Blog Unit\u00e9 DivEg<\/title>\n<meta name=\"robots\" content=\"index, follow, max-snippet:-1, max-image-preview:large, max-video-preview:-1\" \/>\n<link rel=\"canonical\" href=\"https:\/\/blog.unifr.ch\/ded\/ma-classe\/trames-pour-vivre-ensemble\/\" \/>\n<meta property=\"og:locale\" content=\"de_DE\" \/>\n<meta property=\"og:type\" content=\"article\" \/>\n<meta property=\"og:title\" content=\"TRAMES pour vivre ensemble - Blog Unit\u00e9 DivEg\" \/>\n<meta property=\"og:description\" content=\"Une lecture plurilingue et sa plateforme interactive Pour les cycles 2 et 3 Un projet participatif de lecture jeunesse pour appr\u00e9hender le vivre ensemble dans la diversit\u00e9 linguistique d\u00e8s la 7H, c\u2019est Histoires avec des bosses, d\u2019Accueil \u00e0 Zigzag, alb\u00e9c\u00e9daire de l\u2019\u00e9cole en migration. Collectif TRAMES, www.trames.ch , direction du projet No\u00e9mie Mathivat\" \/>\n<meta property=\"og:url\" content=\"https:\/\/blog.unifr.ch\/ded\/ma-classe\/trames-pour-vivre-ensemble\/\" \/>\n<meta property=\"og:site_name\" content=\"Blog Unit\u00e9 DivEg\" \/>\n<meta property=\"article:modified_time\" content=\"2025-01-29T16:52:35+00:00\" \/>\n<meta property=\"og:image\" content=\"https:\/\/blog.unifr.ch\/ded\/wp-content\/uploads\/sites\/23\/2024\/11\/Image-titre-TRAMES.jpg\" \/>\n\t<meta property=\"og:image:width\" content=\"770\" \/>\n\t<meta property=\"og:image:height\" content=\"330\" \/>\n\t<meta property=\"og:image:type\" content=\"image\/jpeg\" \/>\n<meta name=\"twitter:card\" content=\"summary_large_image\" \/>\n<meta name=\"twitter:label1\" content=\"Gesch\u00e4tzte Lesezeit\" \/>\n\t<meta name=\"twitter:data1\" content=\"6\u00a0Minuten\" \/>\n<script type=\"application\/ld+json\" class=\"yoast-schema-graph\">{\"@context\":\"https:\/\/schema.org\",\"@graph\":[{\"@type\":\"WebPage\",\"@id\":\"https:\/\/blog.unifr.ch\/ded\/ma-classe\/trames-pour-vivre-ensemble\/\",\"url\":\"https:\/\/blog.unifr.ch\/ded\/ma-classe\/trames-pour-vivre-ensemble\/\",\"name\":\"TRAMES pour vivre ensemble - Blog Unit\u00e9 DivEg\",\"isPartOf\":{\"@id\":\"https:\/\/blog.unifr.ch\/ded\/#website\"},\"primaryImageOfPage\":{\"@id\":\"https:\/\/blog.unifr.ch\/ded\/ma-classe\/trames-pour-vivre-ensemble\/#primaryimage\"},\"image\":{\"@id\":\"https:\/\/blog.unifr.ch\/ded\/ma-classe\/trames-pour-vivre-ensemble\/#primaryimage\"},\"thumbnailUrl\":\"https:\/\/blog.unifr.ch\/ded\/wp-content\/uploads\/2024\/11\/Image-titre-TRAMES.jpg\",\"datePublished\":\"2024-10-14T14:55:57+00:00\",\"dateModified\":\"2025-01-29T16:52:35+00:00\",\"breadcrumb\":{\"@id\":\"https:\/\/blog.unifr.ch\/ded\/ma-classe\/trames-pour-vivre-ensemble\/#breadcrumb\"},\"inLanguage\":\"de\",\"potentialAction\":[{\"@type\":\"ReadAction\",\"target\":[\"https:\/\/blog.unifr.ch\/ded\/ma-classe\/trames-pour-vivre-ensemble\/\"]}]},{\"@type\":\"ImageObject\",\"inLanguage\":\"de\",\"@id\":\"https:\/\/blog.unifr.ch\/ded\/ma-classe\/trames-pour-vivre-ensemble\/#primaryimage\",\"url\":\"https:\/\/blog.unifr.ch\/ded\/wp-content\/uploads\/2024\/11\/Image-titre-TRAMES.jpg\",\"contentUrl\":\"https:\/\/blog.unifr.ch\/ded\/wp-content\/uploads\/2024\/11\/Image-titre-TRAMES.jpg\",\"width\":770,\"height\":330},{\"@type\":\"BreadcrumbList\",\"@id\":\"https:\/\/blog.unifr.ch\/ded\/ma-classe\/trames-pour-vivre-ensemble\/#breadcrumb\",\"itemListElement\":[{\"@type\":\"ListItem\",\"position\":1,\"name\":\"Accueil\",\"item\":\"https:\/\/blog.unifr.ch\/ded\/\"},{\"@type\":\"ListItem\",\"position\":2,\"name\":\"Ma classe\",\"item\":\"https:\/\/blog.unifr.ch\/ded\/ma-classe\/\"},{\"@type\":\"ListItem\",\"position\":3,\"name\":\"TRAMES pour vivre ensemble\"}]},{\"@type\":\"WebSite\",\"@id\":\"https:\/\/blog.unifr.ch\/ded\/#website\",\"url\":\"https:\/\/blog.unifr.ch\/ded\/\",\"name\":\"Blog Unit\u00e9 DivEg\",\"description\":\"Un site utilisant HEP Multisite\",\"potentialAction\":[{\"@type\":\"SearchAction\",\"target\":{\"@type\":\"EntryPoint\",\"urlTemplate\":\"https:\/\/blog.unifr.ch\/ded\/?s={search_term_string}\"},\"query-input\":{\"@type\":\"PropertyValueSpecification\",\"valueRequired\":true,\"valueName\":\"search_term_string\"}}],\"inLanguage\":\"de\"}]}<\/script>\n<!-- \/ Yoast SEO plugin. -->","yoast_head_json":{"title":"TRAMES pour vivre ensemble - Blog Unit\u00e9 DivEg","robots":{"index":"index","follow":"follow","max-snippet":"max-snippet:-1","max-image-preview":"max-image-preview:large","max-video-preview":"max-video-preview:-1"},"canonical":"https:\/\/blog.unifr.ch\/ded\/ma-classe\/trames-pour-vivre-ensemble\/","og_locale":"de_DE","og_type":"article","og_title":"TRAMES pour vivre ensemble - Blog Unit\u00e9 DivEg","og_description":"Une lecture plurilingue et sa plateforme interactive Pour les cycles 2 et 3 Un projet participatif de lecture jeunesse pour appr\u00e9hender le vivre ensemble dans la diversit\u00e9 linguistique d\u00e8s la 7H, c\u2019est Histoires avec des bosses, d\u2019Accueil \u00e0 Zigzag, alb\u00e9c\u00e9daire de l\u2019\u00e9cole en migration. Collectif TRAMES, www.trames.ch , direction du projet No\u00e9mie Mathivat","og_url":"https:\/\/blog.unifr.ch\/ded\/ma-classe\/trames-pour-vivre-ensemble\/","og_site_name":"Blog Unit\u00e9 DivEg","article_modified_time":"2025-01-29T16:52:35+00:00","og_image":[{"width":770,"height":330,"url":"https:\/\/blog.unifr.ch\/ded\/wp-content\/uploads\/sites\/23\/2024\/11\/Image-titre-TRAMES.jpg","type":"image\/jpeg"}],"twitter_card":"summary_large_image","twitter_misc":{"Gesch\u00e4tzte Lesezeit":"6\u00a0Minuten"},"schema":{"@context":"https:\/\/schema.org","@graph":[{"@type":"WebPage","@id":"https:\/\/blog.unifr.ch\/ded\/ma-classe\/trames-pour-vivre-ensemble\/","url":"https:\/\/blog.unifr.ch\/ded\/ma-classe\/trames-pour-vivre-ensemble\/","name":"TRAMES pour vivre ensemble - Blog Unit\u00e9 DivEg","isPartOf":{"@id":"https:\/\/blog.unifr.ch\/ded\/#website"},"primaryImageOfPage":{"@id":"https:\/\/blog.unifr.ch\/ded\/ma-classe\/trames-pour-vivre-ensemble\/#primaryimage"},"image":{"@id":"https:\/\/blog.unifr.ch\/ded\/ma-classe\/trames-pour-vivre-ensemble\/#primaryimage"},"thumbnailUrl":"https:\/\/blog.unifr.ch\/ded\/wp-content\/uploads\/2024\/11\/Image-titre-TRAMES.jpg","datePublished":"2024-10-14T14:55:57+00:00","dateModified":"2025-01-29T16:52:35+00:00","breadcrumb":{"@id":"https:\/\/blog.unifr.ch\/ded\/ma-classe\/trames-pour-vivre-ensemble\/#breadcrumb"},"inLanguage":"de","potentialAction":[{"@type":"ReadAction","target":["https:\/\/blog.unifr.ch\/ded\/ma-classe\/trames-pour-vivre-ensemble\/"]}]},{"@type":"ImageObject","inLanguage":"de","@id":"https:\/\/blog.unifr.ch\/ded\/ma-classe\/trames-pour-vivre-ensemble\/#primaryimage","url":"https:\/\/blog.unifr.ch\/ded\/wp-content\/uploads\/2024\/11\/Image-titre-TRAMES.jpg","contentUrl":"https:\/\/blog.unifr.ch\/ded\/wp-content\/uploads\/2024\/11\/Image-titre-TRAMES.jpg","width":770,"height":330},{"@type":"BreadcrumbList","@id":"https:\/\/blog.unifr.ch\/ded\/ma-classe\/trames-pour-vivre-ensemble\/#breadcrumb","itemListElement":[{"@type":"ListItem","position":1,"name":"Accueil","item":"https:\/\/blog.unifr.ch\/ded\/"},{"@type":"ListItem","position":2,"name":"Ma classe","item":"https:\/\/blog.unifr.ch\/ded\/ma-classe\/"},{"@type":"ListItem","position":3,"name":"TRAMES pour vivre ensemble"}]},{"@type":"WebSite","@id":"https:\/\/blog.unifr.ch\/ded\/#website","url":"https:\/\/blog.unifr.ch\/ded\/","name":"Blog Unit\u00e9 DivEg","description":"Un site utilisant HEP Multisite","potentialAction":[{"@type":"SearchAction","target":{"@type":"EntryPoint","urlTemplate":"https:\/\/blog.unifr.ch\/ded\/?s={search_term_string}"},"query-input":{"@type":"PropertyValueSpecification","valueRequired":true,"valueName":"search_term_string"}}],"inLanguage":"de"}]}},"_links":{"self":[{"href":"https:\/\/blog.unifr.ch\/ded\/wp-json\/wp\/v2\/pages\/964","targetHints":{"allow":["GET"]}}],"collection":[{"href":"https:\/\/blog.unifr.ch\/ded\/wp-json\/wp\/v2\/pages"}],"about":[{"href":"https:\/\/blog.unifr.ch\/ded\/wp-json\/wp\/v2\/types\/page"}],"author":[{"embeddable":true,"href":"https:\/\/blog.unifr.ch\/ded\/wp-json\/wp\/v2\/users\/39"}],"replies":[{"embeddable":true,"href":"https:\/\/blog.unifr.ch\/ded\/wp-json\/wp\/v2\/comments?post=964"}],"version-history":[{"count":27,"href":"https:\/\/blog.unifr.ch\/ded\/wp-json\/wp\/v2\/pages\/964\/revisions"}],"predecessor-version":[{"id":1037,"href":"https:\/\/blog.unifr.ch\/ded\/wp-json\/wp\/v2\/pages\/964\/revisions\/1037"}],"up":[{"embeddable":true,"href":"https:\/\/blog.unifr.ch\/ded\/wp-json\/wp\/v2\/pages\/910"}],"wp:featuredmedia":[{"embeddable":true,"href":"https:\/\/blog.unifr.ch\/ded\/wp-json\/wp\/v2\/media\/1030"}],"wp:attachment":[{"href":"https:\/\/blog.unifr.ch\/ded\/wp-json\/wp\/v2\/media?parent=964"}],"curies":[{"name":"wp","href":"https:\/\/api.w.org\/{rel}","templated":true}]}}