{"id":654,"date":"2019-01-18T08:25:18","date_gmt":"2019-01-18T08:25:18","guid":{"rendered":"http:\/\/blog.unifr.ch\/e-NewsSomatosensoryRehabilitation\/?page_id=654"},"modified":"2019-03-01T13:31:34","modified_gmt":"2019-03-01T13:31:34","slug":"nocomment","status":"publish","type":"page","link":"https:\/\/blog.unifr.ch\/e-NewsSomatosensoryRehabilitation\/nocomment","title":{"rendered":"No Comment"},"content":{"rendered":"<h3 style=\"text-align: center;\"><\/h3>\n<table style=\"height: 2403px;\" width=\"622\">\n<tbody>\n<tr>\n<td width=\"121\">\n<h3 style=\"text-align: left;\"><span style=\"color: #d45e30;\">Languages<\/span><\/h3>\n<p><strong><span style=\"color: #d45e30;\">Fran\u00e7ais, Deutsch, English &amp; Espa\u00f1ol<\/span><\/strong><\/p>\n<p><strong><span style=\"color: #d45e30;\">Fran\u00e7ais\u00a0:<\/span><\/strong><\/p>\n<p><span style=\"color: #000000;\"><a style=\"color: #000000;\" href=\"http:\/\/www.neuropain.ch\/sites\/default\/files\/e-news\/e-news_31_1.pdf#page=10\" target=\"_blank\"><em>e-News Somatosens Rehab<\/em>\u00a02006, <i>3<\/i>(1)<\/a><\/span><\/p>\n<p><span style=\"color: #000000;\"><a style=\"color: #000000;\" href=\"http:\/\/www.neuropain.ch\/sites\/default\/files\/e-news\/e-news_32_1.pdf#page=40\" target=\"_blank\"><em>e-News Somatosens Rehab<\/em>\u00a02006, <i>3<\/i>(2)<\/a><\/span><\/p>\n<p><span style=\"color: #000000;\"><a style=\"color: #000000;\" href=\"http:\/\/www.neuropain.ch\/sites\/default\/files\/e-news\/e-news_33_1.pdf#page=21\" target=\"_blank\"><em>e-News Somatosens Rehab<\/em>\u00a02006, <i>3<\/i>(3)<\/a><\/span><\/p>\n<p><span style=\"color: #000000;\"><a style=\"color: #000000;\" href=\"http:\/\/www.neuropain.ch\/sites\/default\/files\/e-news\/e-news_34_1.pdf#page=27\" target=\"_blank\"><em>e-News Somatosens Rehab<\/em>\u00a02007, <i>3<\/i>(4)<\/a><\/span><\/p>\n<p><span style=\"color: #000000;\"><a style=\"color: #000000;\" href=\"http:\/\/www.neuropain.ch\/sites\/default\/files\/e-news\/e-news_41_1.pdf#page=29\" target=\"_blank\"><em>e-News Somatosens Rehab<\/em>\u00a02007,\u00a0<em>4<\/em>(1)<\/a><\/span><\/p>\n<p><span style=\"color: #000000;\"><a style=\"color: #000000;\" href=\"http:\/\/www.neuropain.ch\/sites\/default\/files\/e-news\/e-news_4_2.pdf#page=23\" target=\"_blank\"><em>e-News Somatosens Rehab<\/em>\u00a02007,\u00a0<em>4<\/em>(2)<\/a><\/span><\/p>\n<p><span style=\"color: #000000;\"><a style=\"color: #000000;\" href=\"http:\/\/www.neuropain.ch\/sites\/default\/files\/e-news\/e-news_43_2.pdf#page=30\" target=\"_blank\"><em>e-News Somatosens Rehab<\/em>\u00a02007,\u00a0<em>4<\/em>(3)<\/a><\/span><\/p>\n<p><span style=\"color: #000000;\"><a style=\"color: #000000;\" href=\"http:\/\/www.neuropain.ch\/sites\/default\/files\/e-news\/e-news_51_1.pdf#page=35\" target=\"_blank\"><em>e-News Somatosens Rehab\u00a0<\/em>2008,\u00a0<em>5<\/em>(1)<\/a><\/span><\/p>\n<p><span style=\"color: #000000;\"><a style=\"color: #000000;\" href=\"http:\/\/www.neuropain.ch\/sites\/default\/files\/e-news\/e-news_52_1.pdf#page=10\" target=\"_blank\"><em>e-News Somatosens Rehab\u00a0<\/em>2008,\u00a0<em>5<\/em>(2)<\/a><\/span><\/p>\n<p><span style=\"color: #000000;\"><a style=\"color: #000000;\" href=\"http:\/\/www.neuropain.ch\/sites\/default\/files\/e-news\/e-news_54_1.pdf#page=28\" target=\"_blank\"><em>e-News Somatosens Rehab\u00a0<\/em>2008,\u00a0\u00a0<em>5<\/em>(4)<\/a><\/span><\/p>\n<p><span style=\"color: #000000;\"><a style=\"color: #000000;\" href=\"http:\/\/www.neuropain.ch\/sites\/default\/files\/e-news\/e-news_83_1.pdf#page=61\" target=\"_blank\"><em>e-News Somatosens Rehab\u00a0<\/em>2011,\u00a0<em>8<\/em>(3)<\/a><\/span><\/p>\n<p><span style=\"color: #000000;\"><a style=\"color: #000000;\" href=\"http:\/\/www.neuropain.ch\/sites\/default\/files\/e-news\/e-news_84_1.pdf#page=36\" target=\"_blank\"><em>e-News Somatosens Rehab\u00a0<\/em>2011,\u00a0<em>8<\/em>(4)<\/a><\/span><\/p>\n<p><span style=\"color: #000000;\"><a style=\"color: #000000;\" href=\"http:\/\/www.neuropain.ch\/sites\/default\/files\/e-news\/e-news_93-4_1.pdf#page=27\" target=\"_blank\"><em>e-News Somatosens Rehab\u00a0<\/em>2012,\u00a0<em>9<\/em>(3-4)<\/a><\/span><\/p>\n<p><span style=\"color: #000000;\"><a style=\"color: #000000;\" href=\"http:\/\/www.neuropain.ch\/sites\/default\/files\/e-news\/le-news_104_1.pdf#page=39\" target=\"_blank\"><em>e-News Somatosens Rehab\u00a0<\/em>2013,\u00a0<em>10<\/em>(4)<\/a><\/span><\/p>\n<p><span style=\"color: #000000;\"><a style=\"color: #000000;\" href=\"http:\/\/www.neuropain.ch\/sites\/default\/files\/e-news\/le-news_10_2__1.pdf#page=43\" target=\"_blank\"><em>e-News Somatosens Rehab\u00a0<\/em>2013,\u00a0<em>10<\/em>(2)<\/a><\/span><\/p>\n<p><span style=\"color: #000000;\"><a style=\"color: #000000;\" href=\"http:\/\/www.neuropain.ch\/sites\/default\/files\/e-news\/e-news_11_2-3_0_2.pdf#page=20\" target=\"_blank\"><em>e-News Somatosens Rehab\u00a0<\/em>2014,\u00a0<em>11<\/em>(2-3)<\/a><\/span><\/p>\n<p><span style=\"color: #000000;\"><a style=\"color: #000000;\" href=\"http:\/\/www.neuropain.ch\/sites\/default\/files\/e-news\/e-news_11_4.pdf#page=20\" target=\"_blank\"><em>e-News Somatosens Rehab\u00a0<\/em>2014,\u00a0<em>11<\/em>(4)<\/a><\/span><\/p>\n<p><span style=\"color: #000000;\"><a style=\"color: #000000;\" href=\"http:\/\/www.neuropain.ch\/sites\/default\/files\/e-news\/e-news_12_1.pdf#page=21\" target=\"_blank\"><em>e-News Somatosens Rehab\u00a0<\/em>2015,\u00a0<em>12<\/em>(1)<\/a><\/span><\/p>\n<p><span style=\"color: #000000;\"><a style=\"color: #000000;\" href=\"http:\/\/www.neuropain.ch\/sites\/default\/files\/e-news\/e-news_somatosens_rehab_14_3.pdf#page=33\" target=\"_blank\"><em>e-News Somatosens Rehab\u00a0<\/em>2017<em>, 14<\/em>(3)<\/a><\/span><\/p>\n<p><span style=\"color: #000000;\"><a style=\"color: #000000;\" href=\"http:\/\/www.neuropain.ch\/sites\/default\/files\/e-news\/e-news_somatosens_rehab_15_2.pdf#page=37\" target=\"_blank\"><em>e-News Somatosens Rehab\u00a0<\/em>2018,\u00a0<em>15<\/em>(2)<\/a><\/span><\/p>\n<p><span style=\"color: #000000;\"><a style=\"color: #000000;\" href=\"http:\/\/www.neuropain.ch\/sites\/default\/files\/e-news\/e-news_somatosens_rehab_15_3.pdf#page=42\" target=\"_blank\"><em>e-News Somatosens Rehab\u00a0<\/em>2018,\u00a0<em>15<\/em>(3)<\/a><\/span><\/p>\n<p><span style=\"color: #000000;\"><a style=\"color: #000000;\" href=\"http:\/\/www.neuropain.ch\/sites\/default\/files\/e-news\/e-news_somatosens_rehab_15_4.pdf#page=32\" target=\"_blank\"><em>e-News Somatosens Rehab\u00a0<\/em>2018<em>, 15<\/em>(4)<\/a><\/span><\/p>\n<p><strong><span style=\"color: #d45e30;\">English\u00a0:<\/span><\/strong><\/p>\n<p><a href=\"http:\/\/www.neuropain.ch\/sites\/default\/files\/e-news\/e-news_43_2.pdf#page=5\" target=\"_blank\"><em><span style=\"color: #000000;\">e-News Somatosens Rehab\u00a0<\/span><\/em><span style=\"color: #000000;\">2007,\u00a0<em>4<\/em>(3)<\/span><\/a><\/p>\n<p><span style=\"color: #000000;\"><a style=\"color: #000000;\" href=\"http:\/\/www.neuropain.ch\/sites\/default\/files\/e-news\/e-news_62_1.pdf#page=7\" target=\"_blank\"><em>e-News Somatosens Rehab\u00a0<\/em>2009,\u00a0<em>6<\/em>(2)<\/a><\/span><\/p>\n<p><span style=\"color: #000000;\"><a style=\"color: #000000;\" href=\"http:\/\/www.neuropain.ch\/sites\/default\/files\/e-news\/e-news_63_1.pdf#page=44\" target=\"_blank\"><em>e-News Somatosens Rehab\u00a0<\/em>2009,\u00a0<em>6<\/em>(3)<\/a><\/span><\/p>\n<p><span style=\"color: #000000;\"><a style=\"color: #000000;\" href=\"http:\/\/www.neuropain.ch\/sites\/default\/files\/e-news\/e-news_82_1.pdf#page=22\" target=\"_blank\"><em>e-News Somatosens Rehab\u00a0<\/em>2011,\u00a0<em>8<\/em>(2)<\/a><\/span><\/p>\n<p><span style=\"color: #000000;\"><a style=\"color: #000000;\" href=\"http:\/\/www.neuropain.ch\/sites\/default\/files\/e-news\/e-news_11_1_2.pdf#page=31\" target=\"_blank\"><em>e-News Somatosens Rehab\u00a0<\/em>2014,\u00a0<em>11<\/em>(1)<\/a><\/span><\/p>\n<p><span style=\"color: #000000;\"><a style=\"color: #000000;\" href=\"http:\/\/www.neuropain.ch\/sites\/default\/files\/e-news\/e-news_12_3_0.pdf#page=17\" target=\"_blank\"><em>e-News Somatosens Rehab\u00a0<\/em>2015,\u00a0<em>12<\/em>(3)<\/a><\/span><\/p>\n<p><a style=\"color: #000000;\" href=\"http:\/\/www.neuropain.ch\/sites\/default\/files\/e-news\/e-news_somatosens_rehab_14_4_0.pdf#page=21\" target=\"_blank\"><em>e-News Somatosens Rehab\u00a0<\/em>2017,\u00a0<em>14<\/em>(4)<\/a><\/p>\n<p><span style=\"color: #000000;\"><a style=\"color: #000000;\" href=\"http:\/\/www.neuropain.ch\/sites\/default\/files\/e-news\/e-news_somatosens_rehab_16_1_0.pdf#page=25\" target=\"_blank\"><em>e-News Somatosens Rehab<\/em> 2019, <em>16<\/em>(1)<\/a><\/span><\/p>\n<p><strong><span style=\"color: #d45e30;\">Deutsch\u00a0:<\/span><\/strong><\/p>\n<p><span style=\"color: #000000;\"><a style=\"color: #000000;\" href=\"http:\/\/www.neuropain.ch\/sites\/default\/files\/e-news\/e-news_4_2.pdf#page=4\" target=\"_blank\"><em>e-News Somatosens Rehab\u00a0<\/em>2007,\u00a0<em>4<\/em>(2)<\/a><\/span><\/p>\n<p><span style=\"color: #000000;\"><a style=\"color: #000000;\" href=\"http:\/\/www.neuropain.ch\/sites\/default\/files\/e-news\/e-news_44_1.pdf#page=20\" target=\"_blank\"><em>e-News Somatosens Rehab\u00a0<\/em>2007,\u00a0<em>4<\/em>(4)<\/a><\/span><\/p>\n<p><span style=\"color: #000000;\"><a style=\"color: #000000;\" href=\"http:\/\/www.neuropain.ch\/sites\/default\/files\/e-news\/e-news_61_1.pdf#page=29\" target=\"_blank\"><em>e-News Somatosens Rehab\u00a0<\/em>2009,\u00a0<em>6<\/em>(1)<\/a><\/span><\/p>\n<p><span style=\"color: #000000;\"><a style=\"color: #000000;\" href=\"http:\/\/www.neuropain.ch\/sites\/default\/files\/e-news\/e-news_73_0.pdf#page=30\" target=\"_blank\"><em>e-News Somatosens Rehab\u00a0<\/em>2010,\u00a0<em>7<\/em>(3)<\/a><\/span><\/p>\n<p><span style=\"color: #000000;\"><a style=\"color: #000000;\" href=\"http:\/\/www.neuropain.ch\/sites\/default\/files\/e-news\/e-news_81_1.pdf#page=47\" target=\"_blank\"><em>e-News Somatosens Rehab\u00a0<\/em>2011,\u00a0<em>8<\/em>(1)<\/a><\/span><\/p>\n<p><span style=\"color: #000000;\"><a style=\"color: #000000;\" href=\"http:\/\/www.neuropain.ch\/sites\/default\/files\/e-news\/e-news_13_1.pdf#page=42\" target=\"_blank\"><em>e-News Somatosens Rehab\u00a0<\/em>2016,\u00a0<em>13<\/em>(1)<\/a><\/span><\/p>\n<p><span style=\"color: #000000;\"><a style=\"color: #000000;\" href=\"http:\/\/www.neuropain.ch\/sites\/default\/files\/e-news\/e-news_somatosens_rehab_13_3_0.pdf#page=27\" target=\"_blank\"><em>e-News Somatosens Rehab\u00a0<\/em>2016,\u00a0<em>13<\/em>(3)<\/a><\/span><\/p>\n<p><strong><span style=\"color: #d45e30;\">Espa\u00f1ol\u00a0:<\/span><\/strong><\/p>\n<p><span style=\"color: #000000;\"><a style=\"color: #000000;\" href=\"http:\/\/www.neuropain.ch\/sites\/default\/files\/e-news\/e-news_53_1.pdf#page=9\" target=\"_blank\"><em>e-News Somatosens Rehab\u00a0<\/em>2008,\u00a0<em>5<\/em>(3)<\/a><\/span><\/p>\n<p>&nbsp;<\/p>\n<p>&nbsp;<\/p>\n<p>&nbsp;<\/p>\n<p>&nbsp;<\/p>\n<p>&nbsp;<\/p>\n<p>&nbsp;<\/p>\n<p>&nbsp;<\/p>\n<p>&nbsp;<\/p>\n<p>&nbsp;<\/p>\n<p style=\"text-align: left;\">\n<\/td>\n<td style=\"text-align: right;\" width=\"121\">\n<h3 style=\"text-align: right;\">\u00a0 <span style=\"color: #bb0b0b;\">Conditions <\/span><\/h3>\n<p style=\"text-align: right;\"><strong><span style=\"color: #bb0b0b;\">Stages of A\u03b2 axonal lesions<\/span><\/strong><\/p>\n<p style=\"text-align: right;\"><strong><span style=\"color: #bb0b0b;\">Stage I\u00a0:<\/span><\/strong><\/p>\n<p style=\"text-align: right;\"><a style=\"color: #000000;\" href=\"http:\/\/www.neuropain.ch\/sites\/default\/files\/e-news\/e-news_41_1.pdf#page=29\" target=\"_blank\"><em>e-News Somatosens Rehab<\/em>\u00a02007,\u00a0<em>4<\/em>(1)<\/a><\/p>\n<p style=\"text-align: right;\"><span style=\"color: #000000;\"><a style=\"color: #000000;\" href=\"http:\/\/www.neuropain.ch\/sites\/default\/files\/e-news\/e-news_51_1.pdf#page=35\" target=\"_blank\"><em>e-News Somatosens Rehab\u00a0<\/em>2008,\u00a0<em>5<\/em>(1)<\/a><\/span><\/p>\n<p style=\"text-align: right;\"><strong><span style=\"color: #bb0b0b;\">Stage II\u00a0:<\/span><\/strong><\/p>\n<p style=\"text-align: right;\"><a style=\"color: #000000;\" href=\"http:\/\/www.neuropain.ch\/sites\/default\/files\/e-news\/e-news_33_1.pdf#page=21\" target=\"_blank\"><em>e-News Somatosens Rehab<\/em>\u00a02006,\u00a0<i>3<\/i>(3)<\/a><\/p>\n<p style=\"text-align: right;\"><span style=\"color: #000000;\"><a style=\"color: #000000;\" href=\"http:\/\/www.neuropain.ch\/sites\/default\/files\/e-news\/e-news_11_2-3_0_2.pdf#page=20\" target=\"_blank\"><em>e-News Somatosens Rehab\u00a0<\/em>2014,\u00a0<em>11<\/em>(2-3)<\/a><\/span><\/p>\n<p style=\"text-align: right;\"><span style=\"color: #000000;\"><a style=\"color: #000000;\" href=\"http:\/\/www.neuropain.ch\/sites\/default\/files\/e-news\/e-news_11_4.pdf#page=20\" target=\"_blank\"><em>e-News Somatosens Rehab\u00a0<\/em>2014,\u00a0<em>11<\/em>(4)<\/a><\/span><\/p>\n<p style=\"text-align: right;\"><strong><span style=\"color: #bb0b0b;\">Stage III\u00a0:<\/span><\/strong><\/p>\n<p><a style=\"color: #000000;\" href=\"http:\/\/www.neuropain.ch\/sites\/default\/files\/e-news\/e-news_31_1.pdf#page=10\" target=\"_blank\"><em>e-News Somatosens Rehab<\/em>\u00a02006,\u00a0<i>3<\/i>(1)<\/a><\/p>\n<p style=\"text-align: right;\"><a style=\"color: #000000;\" href=\"http:\/\/www.neuropain.ch\/sites\/default\/files\/e-news\/e-news_33_1.pdf#page=21\" target=\"_blank\"><em>e-News Somatosens Rehab<\/em>\u00a02006,\u00a0<i>3<\/i>(3)<\/a><\/p>\n<p style=\"text-align: right;\"><a style=\"color: #000000;\" href=\"http:\/\/www.neuropain.ch\/sites\/default\/files\/e-news\/e-news_34_1.pdf#page=27\" target=\"_blank\"><em>e-News Somatosens Rehab<\/em>\u00a02007,\u00a0<i>3<\/i>(4)<\/a><\/p>\n<p style=\"text-align: right;\"><span style=\"color: #000000;\"><a style=\"color: #000000;\" href=\"http:\/\/www.neuropain.ch\/sites\/default\/files\/e-news\/e-news_52_1.pdf#page=10\" target=\"_blank\"><em>e-News Somatosens Rehab\u00a0<\/em>2008,\u00a0<em>5<\/em>(2)<\/a><\/span><\/p>\n<p style=\"text-align: right;\"><span style=\"color: #000000;\"><a style=\"color: #000000;\" href=\"http:\/\/www.neuropain.ch\/sites\/default\/files\/e-news\/le-news_10_2__1.pdf#page=43\" target=\"_blank\"><em>e-News Somatosens Rehab\u00a0<\/em>2013,\u00a0<em>10<\/em>(2)<\/a><\/span><\/p>\n<p style=\"text-align: right;\"><span style=\"color: #000000;\"><a style=\"color: #000000;\" href=\"http:\/\/www.neuropain.ch\/sites\/default\/files\/e-news\/e-news_11_1_2.pdf#page=31\" target=\"_blank\"><em>e-News Somatosens Rehab\u00a0<\/em>2014,\u00a0<em>11<\/em>(1)<\/a><\/span><\/p>\n<p style=\"text-align: right;\"><span style=\"color: #000000;\"><a style=\"color: #000000;\" href=\"http:\/\/www.neuropain.ch\/sites\/default\/files\/e-news\/e-news_11_2-3_0_2.pdf#page=20\" target=\"_blank\"><em>e-News Somatosens Rehab\u00a0<\/em>2014,\u00a0<em>11<\/em>(2-3)<\/a><\/span><\/p>\n<p style=\"text-align: right;\"><span style=\"color: #000000;\"><a style=\"color: #000000;\" href=\"http:\/\/www.neuropain.ch\/sites\/default\/files\/e-news\/e-news_13_1.pdf#page=42\" target=\"_blank\"><em>e-News Somatosens Rehab\u00a0<\/em>2016,\u00a0<em>13<\/em>(1)<\/a><\/span><\/p>\n<p style=\"text-align: right;\"><span style=\"color: #000000;\"><a style=\"color: #000000;\" href=\"http:\/\/www.neuropain.ch\/sites\/default\/files\/e-news\/e-news_somatosens_rehab_13_3_0.pdf#page=27\" target=\"_blank\"><em>e-News Somatosens Rehab\u00a0<\/em>2016,\u00a0<em>13<\/em>(3)<\/a><\/span><\/p>\n<p style=\"text-align: right;\"><span style=\"color: #000000;\"><a style=\"color: #000000;\" href=\"http:\/\/www.neuropain.ch\/sites\/default\/files\/e-news\/e-news_somatosens_rehab_14_3.pdf#page=33\" target=\"_blank\"><em>e-News Somatosens Rehab\u00a0<\/em>2017<em>, 14<\/em>(3)<\/a><\/span><\/p>\n<p style=\"text-align: right;\"><span style=\"color: #000000;\"><a style=\"color: #000000;\" href=\"http:\/\/www.neuropain.ch\/sites\/default\/files\/e-news\/e-news_somatosens_rehab_15_2.pdf#page=37\" target=\"_blank\"><em>e-News Somatosens Rehab\u00a0<\/em>2018,\u00a0<em>15<\/em>(2)<\/a><\/span><\/p>\n<p style=\"text-align: right;\"><span style=\"color: #000000;\"><a style=\"color: #000000;\" href=\"http:\/\/www.neuropain.ch\/sites\/default\/files\/e-news\/e-news_somatosens_rehab_15_3.pdf#page=42\" target=\"_blank\"><em>e-News Somatosens Rehab\u00a0<\/em>2018,\u00a0<em>15<\/em>(3)<\/a><\/span><\/p>\n<p style=\"text-align: right;\"><a style=\"color: #000000;\" href=\"http:\/\/www.neuropain.ch\/sites\/default\/files\/e-news\/e-news_somatosens_rehab_16_1_0.pdf#page=25\" target=\"_blank\"><em>e-News Somatosens Rehab<\/em>\u00a02019,\u00a0<em>16<\/em>(1)<\/a><\/p>\n<p style=\"text-align: right;\"><strong><span style=\"color: #bb0b0b;\">Stage IV\u00a0:<\/span><\/strong><\/p>\n<p style=\"text-align: right;\"><a style=\"color: #000000;\" href=\"http:\/\/www.neuropain.ch\/sites\/default\/files\/e-news\/e-news_32_1.pdf#page=40\" target=\"_blank\"><em>e-News Somatosens Rehab<\/em>\u00a02006,\u00a0<i>3<\/i>(2)<\/a><\/p>\n<p style=\"text-align: right;\"><a style=\"color: #000000;\" href=\"http:\/\/www.neuropain.ch\/sites\/default\/files\/e-news\/e-news_41_1.pdf#page=29\" target=\"_blank\"><em>e-News Somatosens Rehab<\/em>\u00a02007,\u00a0<em>4<\/em>(1)<\/a><\/p>\n<p><em>e-News Somatosens Rehab\u00a0<\/em>2007,\u00a0<em>4<\/em>(2)<\/p>\n<p><span style=\"color: #000000;\"><a style=\"color: #000000;\" href=\"http:\/\/www.neuropain.ch\/sites\/default\/files\/e-news\/e-news_4_2.pdf#page=23\" target=\"_blank\"><em>e-News Somatosens Rehab<\/em>\u00a02007,\u00a0<em>4<\/em>(2)<\/a><\/span><\/p>\n<p style=\"text-align: right;\"><a href=\"http:\/\/www.neuropain.ch\/sites\/default\/files\/e-news\/e-news_43_2.pdf#page=5\" target=\"_blank\"><em><span style=\"color: #000000;\">e-News Somatosens Rehab\u00a0<\/span><\/em><span style=\"color: #000000;\">2007,\u00a0<em>4<\/em>(3)<\/span><\/a><\/p>\n<p style=\"text-align: right;\"><a style=\"color: #000000;\" href=\"http:\/\/www.neuropain.ch\/sites\/default\/files\/e-news\/e-news_43_2.pdf#page=30\" target=\"_blank\"><em>e-News Somatosens Rehab<\/em>\u00a02007,\u00a0<em>4<\/em>(3)<\/a><\/p>\n<p style=\"text-align: right;\"><span style=\"color: #000000;\"><a style=\"color: #000000;\" href=\"http:\/\/www.neuropain.ch\/sites\/default\/files\/e-news\/e-news_44_1.pdf#page=20\" target=\"_blank\"><em style=\"color: #000000;\">e-News Somatosens Rehab\u00a0<\/em><span style=\"color: #000000;\">2007,\u00a0<\/span><em style=\"color: #000000;\">4<\/em><span style=\"color: #000000;\">(4)<\/span><\/a><\/span><\/p>\n<p style=\"text-align: right;\"><span style=\"color: #000000;\"><a style=\"color: #000000;\" href=\"http:\/\/www.neuropain.ch\/sites\/default\/files\/e-news\/e-news_51_1.pdf#page=35\" target=\"_blank\"><em>e-News Somatosens Rehab\u00a0<\/em>2008,\u00a0<em>5<\/em>(1)<\/a><\/span><\/p>\n<p style=\"text-align: right;\"><span style=\"color: #000000;\"><a style=\"color: #000000;\" href=\"http:\/\/www.neuropain.ch\/sites\/default\/files\/e-news\/e-news_52_1.pdf#page=10\" target=\"_blank\"><em>e-News Somatosens Rehab\u00a0<\/em>2008,\u00a0<em>5<\/em>(2)<\/a><\/span><\/p>\n<p style=\"text-align: right;\"><span style=\"color: #000000;\"><a style=\"color: #000000;\" href=\"http:\/\/www.neuropain.ch\/sites\/default\/files\/e-news\/e-news_53_1.pdf#page=9\" target=\"_blank\"><em>e-News Somatosens Rehab\u00a0<\/em>2008,\u00a0<em>5<\/em>(3)<\/a><\/span><\/p>\n<p style=\"text-align: right;\"><span style=\"color: #000000;\"><a style=\"color: #000000;\" href=\"http:\/\/www.neuropain.ch\/sites\/default\/files\/e-news\/e-news_54_1.pdf#page=28\" target=\"_blank\"><em>e-News Somatosens Rehab\u00a0<\/em>2008,\u00a0\u00a0<em>5<\/em>(4)<\/a><\/span><\/p>\n<p style=\"text-align: right;\"><span style=\"color: #000000;\"><a style=\"color: #000000;\" href=\"http:\/\/www.neuropain.ch\/sites\/default\/files\/e-news\/e-news_61_1.pdf#page=29\" target=\"_blank\"><em>e-News Somatosens Rehab\u00a0<\/em>2009,\u00a0<em>6<\/em>(1)<\/a><\/span><\/p>\n<p style=\"text-align: right;\"><span style=\"color: #000000;\"><a style=\"color: #000000;\" href=\"http:\/\/www.neuropain.ch\/sites\/default\/files\/e-news\/e-news_62_1.pdf#page=7\" target=\"_blank\"><em>e-News Somatosens Rehab\u00a0<\/em>2009,\u00a0<em>6<\/em>(2)<\/a><\/span><\/p>\n<p style=\"text-align: right;\"><span style=\"color: #000000;\"><a style=\"color: #000000;\" href=\"http:\/\/www.neuropain.ch\/sites\/default\/files\/e-news\/e-news_63_1.pdf#page=44\" target=\"_blank\"><em>e-News Somatosens Rehab\u00a0<\/em>2009,\u00a0<em>6<\/em>(3)<\/a><\/span><\/p>\n<p style=\"text-align: right;\"><span style=\"color: #000000;\"><a style=\"color: #000000;\" href=\"http:\/\/www.neuropain.ch\/sites\/default\/files\/e-news\/e-news_73_0.pdf#page=30\" target=\"_blank\"><em>e-News Somatosens Rehab\u00a0<\/em>2010,\u00a0<em>7<\/em>(3)<\/a><\/span><\/p>\n<p style=\"text-align: right;\"><span style=\"color: #000000;\"><a style=\"color: #000000;\" href=\"http:\/\/www.neuropain.ch\/sites\/default\/files\/e-news\/e-news_81_1.pdf#page=47\" target=\"_blank\"><em>e-News Somatosens Rehab\u00a0<\/em>2011,\u00a0<em>8<\/em>(1)<\/a><\/span><\/p>\n<p style=\"text-align: right;\"><span style=\"color: #000000;\"><a style=\"color: #000000;\" href=\"http:\/\/www.neuropain.ch\/sites\/default\/files\/e-news\/e-news_82_1.pdf#page=22\" target=\"_blank\"><em>e-News Somatosens Rehab\u00a0<\/em>2011,\u00a0<em>8<\/em>(2)<\/a><\/span><\/p>\n<p style=\"text-align: right;\"><span style=\"color: #000000;\"><a style=\"color: #000000;\" href=\"http:\/\/www.neuropain.ch\/sites\/default\/files\/e-news\/e-news_83_1.pdf#page=61\"><em>e-News Somatosens Rehab\u00a0<\/em>2011,\u00a0<em>8<\/em>(3)<\/a><\/span><\/p>\n<p style=\"text-align: right;\"><span style=\"color: #000000;\"><a style=\"color: #000000;\" href=\"http:\/\/www.neuropain.ch\/sites\/default\/files\/e-news\/e-news_84_1.pdf#page=36\" target=\"_blank\"><em>e-News Somatosens Rehab\u00a0<\/em>2011,\u00a0<em>8<\/em>(4)<\/a><\/span><\/p>\n<p style=\"text-align: right;\"><span style=\"color: #000000;\"><a style=\"color: #000000;\" href=\"http:\/\/www.neuropain.ch\/sites\/default\/files\/e-news\/e-news_93-4_1.pdf#page=27\" target=\"_blank\"><em>e-News Somatosens Rehab\u00a0<\/em>2012,\u00a0<em>9<\/em>(3-4)<\/a><\/span><\/p>\n<p style=\"text-align: right;\"><span style=\"color: #000000;\"><a style=\"color: #000000;\" href=\"http:\/\/www.neuropain.ch\/sites\/default\/files\/e-news\/e-news_12_1.pdf#page=21\" target=\"_blank\"><em>e-News Somatosens Rehab\u00a0<\/em>2015,\u00a0<em>12<\/em>(1)<\/a><\/span><\/p>\n<p style=\"text-align: right;\"><span style=\"color: #000000;\"><a style=\"color: #000000;\" href=\"http:\/\/www.neuropain.ch\/sites\/default\/files\/e-news\/e-news_12_3_0.pdf#page=17\" target=\"_blank\"><em>e-News Somatosens Rehab\u00a0<\/em>2015,\u00a0<em>12<\/em>(3)<\/a><\/span><\/p>\n<p style=\"text-align: right;\"><span style=\"color: #000000;\"><a style=\"color: #000000;\" href=\"http:\/\/www.neuropain.ch\/sites\/default\/files\/e-news\/e-news_somatosens_rehab_15_3.pdf#page=42\" target=\"_blank\"><em>e-News Somatosens Rehab\u00a0<\/em>2018,\u00a0<em>15<\/em>(3)<\/a><\/span><\/p>\n<p style=\"text-align: right;\"><strong><span style=\"color: #bb0b0b;\">Stage V\u00a0:<\/span><\/strong><\/p>\n<p style=\"text-align: right;\"><span style=\"color: #000000;\"><a style=\"color: #000000;\" href=\"http:\/\/www.neuropain.ch\/sites\/default\/files\/e-news\/e-news_44_1.pdf#page=14\" target=\"_blank\"><em style=\"color: #000000;\">e-News Somatosens Rehab<\/em><span style=\"color: #000000;\">\u00a02007,\u00a0<\/span><em style=\"color: #000000;\">4<\/em><span style=\"color: #000000;\">(4)<\/span><\/a><\/span><\/p>\n<p style=\"text-align: right;\"><span style=\"color: #000000;\"><a style=\"color: #000000;\" href=\"http:\/\/www.neuropain.ch\/sites\/default\/files\/e-news\/le-news_104_1.pdf#page=39\" target=\"_blank\"><em>e-News Somatosens Rehab\u00a0<\/em>2013,\u00a0<em>10<\/em>(4)<\/a><\/span><\/p>\n<p style=\"text-align: right;\"><span style=\"color: #000000;\"><a style=\"color: #000000;\" href=\"http:\/\/www.neuropain.ch\/sites\/default\/files\/e-news\/e-news_12_1.pdf#page=21\" target=\"_blank\"><em>e-News Somatosens Rehab\u00a0<\/em>2015,\u00a0<em>12<\/em>(1)<\/a><\/span><\/p>\n<p style=\"text-align: right;\"><span style=\"color: #000000;\"><a style=\"color: #000000;\" href=\"http:\/\/www.neuropain.ch\/sites\/default\/files\/e-news\/e-news_somatosens_rehab_14_4_0.pdf#page=21\" target=\"_blank\"><em>e-News Somatosens Rehab\u00a0<\/em>2017,\u00a0<em>14<\/em>(4)<\/a><\/span><\/p>\n<p style=\"text-align: right;\"><span style=\"color: #000000;\"><a style=\"color: #000000;\" href=\"http:\/\/www.neuropain.ch\/sites\/default\/files\/e-news\/e-news_somatosens_rehab_15_4.pdf#page=32\" target=\"_blank\"><em>e-News Somatosens Rehab\u00a0<\/em>2018<em>, 15<\/em>(4)<\/a><\/span><\/p>\n<\/td>\n<\/tr>\n<\/tbody>\n<\/table>\n","protected":false},"excerpt":{"rendered":"<p>Languages Fran\u00e7ais, Deutsch, English &amp; Espa\u00f1ol Fran\u00e7ais\u00a0: e-News Somatosens Rehab\u00a02006, 3(1) e-News Somatosens Rehab\u00a02006, 3(2) e-News Somatosens Rehab\u00a02006, 3(3) e-News Somatosens Rehab\u00a02007, 3(4) e-News Somatosens Rehab\u00a02007,\u00a04(1) e-News Somatosens Rehab\u00a02007,\u00a04(2) e-News Somatosens Rehab\u00a02007,\u00a04(3) e-News Somatosens Rehab\u00a02008,\u00a05(1) e-News Somatosens Rehab\u00a02008,\u00a05(2) e-News Somatosens Rehab\u00a02008,\u00a0\u00a05(4) e-News Somatosens Rehab\u00a02011,\u00a08(3) e-News Somatosens Rehab\u00a02011,\u00a08(4) e-News Somatosens Rehab\u00a02012,\u00a09(3-4) e-News Somatosens Rehab\u00a02013,\u00a010(4) e-News Somatosens &hellip; <a href=\"https:\/\/blog.unifr.ch\/e-NewsSomatosensoryRehabilitation\/nocomment\" class=\"more-link\">Continue reading <span class=\"screen-reader-text\">No Comment<\/span> <span class=\"meta-nav\">&rarr;<\/span><\/a><\/p>\n","protected":false},"author":3,"featured_media":0,"parent":0,"menu_order":0,"comment_status":"closed","ping_status":"open","template":"","meta":[],"_links":{"self":[{"href":"https:\/\/blog.unifr.ch\/e-NewsSomatosensoryRehabilitation\/wp-json\/wp\/v2\/pages\/654"}],"collection":[{"href":"https:\/\/blog.unifr.ch\/e-NewsSomatosensoryRehabilitation\/wp-json\/wp\/v2\/pages"}],"about":[{"href":"https:\/\/blog.unifr.ch\/e-NewsSomatosensoryRehabilitation\/wp-json\/wp\/v2\/types\/page"}],"author":[{"embeddable":true,"href":"https:\/\/blog.unifr.ch\/e-NewsSomatosensoryRehabilitation\/wp-json\/wp\/v2\/users\/3"}],"replies":[{"embeddable":true,"href":"https:\/\/blog.unifr.ch\/e-NewsSomatosensoryRehabilitation\/wp-json\/wp\/v2\/comments?post=654"}],"version-history":[{"count":70,"href":"https:\/\/blog.unifr.ch\/e-NewsSomatosensoryRehabilitation\/wp-json\/wp\/v2\/pages\/654\/revisions"}],"predecessor-version":[{"id":871,"href":"https:\/\/blog.unifr.ch\/e-NewsSomatosensoryRehabilitation\/wp-json\/wp\/v2\/pages\/654\/revisions\/871"}],"wp:attachment":[{"href":"https:\/\/blog.unifr.ch\/e-NewsSomatosensoryRehabilitation\/wp-json\/wp\/v2\/media?parent=654"}],"curies":[{"name":"wp","href":"https:\/\/api.w.org\/{rel}","templated":true}]}}