{"id":724,"date":"2019-01-25T16:17:05","date_gmt":"2019-01-25T16:17:05","guid":{"rendered":"http:\/\/blog.unifr.ch\/e-NewsSomatosensoryRehabilitation\/?page_id=724"},"modified":"2019-10-25T12:36:12","modified_gmt":"2019-10-25T12:36:12","slug":"patients-point-of-view","status":"publish","type":"page","link":"https:\/\/blog.unifr.ch\/e-NewsSomatosensoryRehabilitation\/patients-point-of-view","title":{"rendered":"Patient&#8217;s point of view"},"content":{"rendered":"<p style=\"text-align: left;\"><strong><span style=\"color: #d45e30;\">English:\u00a0 \u00a0 \u00a0 \u00a0 \u00a0 \u00a0 \u00a0 \u00a0 \u00a0 \u00a0 \u00a0 \u00a0 \u00a0 \u00a0 \u00a0 \u00a0 \u00a0 \u00a0 \u00a0 \u00a0 \u00a0 \u00a0 \u00a0 \u00a0 \u00a0 \u00a0 \u00a0 \u00a0 \u00a0 \u00a0 \u00a0 \u00a0 \u00a0 \u00a0 \u00a0 \u00a0 \u00a0 \u00a0 \u00a0 \u00a0 \u00a0 \u00a0 \u00a0 \u00a0 \u00a0 \u00a0 \u00a0 \u00a0 \u00a0 \u00a0 \u00a0 \u00a0 \u00a0 \u00a0 \u00a0 \u00a0 \u00a0 \u00a0 \u00a0\u00a0<\/span><\/strong><\/p>\n<p><span style=\"color: #000000;\"><a style=\"color: #000000;\" href=\"http:\/\/www.neuropain.ch\/sites\/default\/files\/e-news\/e-news_43_2.pdf#page=4\" target=\"_blank\">The Course of My Life<\/a><\/span><\/p>\n<p><span style=\"color: #000000;\"><a style=\"color: #000000;\" href=\"http:\/\/www.neuropain.ch\/sites\/default\/files\/e-news\/e-news_24_1.pdf#page=12\" target=\"_blank\">When Pain Comes to Stay<\/a><\/span><\/p>\n<p><span style=\"color: #000000;\"><a style=\"color: #000000;\" href=\"http:\/\/www.neuropain.ch\/sites\/default\/files\/e-news\/e-news_22_1.pdf#page=15\" target=\"_blank\">My Stimulator and I.<\/a><\/span><\/p>\n<p>&nbsp;<\/p>\n<p><strong><span style=\"color: #d45e30;\">Fran\u00e7ais\u00a0:<\/span><\/strong><\/p>\n<p><span style=\"color: #000000;\"><a style=\"color: #000000;\" href=\"http:\/\/www.neuropain.ch\/sites\/default\/files\/e-news\/murrayestelle_des-alteration_2019.pdf\" target=\"_blank\">D\u00e9s-alt\u00e9ration<\/a><\/span><\/p>\n<p><span style=\"color: #000000;\"><a style=\"color: #000000;\" href=\"http:\/\/www.neuropain.ch\/sites\/default\/files\/e-news\/e-news_somatosens_rehab_16_1_0.pdf#page=16\" target=\"_blank\">Exercices pratiqu\u00e9s quotidiennement \u00e0 la maison<\/a><\/span><\/p>\n<p><a href=\"http:\/\/www.neuropain.ch\/sites\/default\/files\/e-news\/e-news_somatosens_rehab_15_4.pdf#page=34\" target=\"_blank\"><span style=\"color: #000000;\">Mon exp\u00e9rience d\u2019ergoth\u00e9rapeute avec des patients atteints de scl\u00e9rose en plaques<\/span><\/a><\/p>\n<p><a href=\"http:\/\/www.neuropain.ch\/sites\/default\/files\/e-news\/e-news_somatosens_rehab_15_4.pdf#page=11\" target=\"_blank\"><span style=\"color: #000000;\">Douleurs neuropathiques: un mal intime<\/span><\/a><\/p>\n<p style=\"text-align: left;\"><span style=\"color: #000000;\"><a style=\"color: #000000;\" href=\"http:\/\/www.neuropain.ch\/sites\/default\/files\/e-news\/e-news_somatosens_rehab_15_2.pdf#page=35\" target=\"_blank\">R\u00e9\u00e9ducation sensitive des douleurs neuropathiques : \u00e7a marche<\/a>\u00a0 \u00a0 \u00a0 \u00a0<\/span><\/p>\n<p style=\"text-align: left;\"><span style=\"color: #000000;\"><a style=\"color: #000000;\" href=\"http:\/\/www.neuropain.ch\/sites\/default\/files\/e-news\/e-news_somatosens_rehab_14_3.pdf#page=31\" target=\"_blank\">Art brut\u00a0(1)<\/a>\u00a0 \u00a0 \u00a0 \u00a0 \u00a0 \u00a0 \u00a0 \u00a0 \u00a0 \u00a0 \u00a0 \u00a0 \u00a0 \u00a0 \u00a0\u00a0<\/span><\/p>\n<p><span style=\"color: #000000;\"><a style=\"color: #000000;\" href=\"http:\/\/www.neuropain.ch\/sites\/default\/files\/e-news\/e-news_somatosens_rehab_14_3.pdf#page=34\" target=\"_blank\">Art brut (2<\/a>)\u00a0<a style=\"color: #000000;\" href=\"http:\/\/www.neuropain.ch\/sites\/default\/files\/e-news\/e-news_somatosens_rehab_14_3.pdf#page=34\" target=\"_blank\"> \u00a0 \u00a0<\/a><\/span><\/p>\n<p><span style=\"color: #000000;\"><a style=\"color: #000000;\" href=\"http:\/\/www.neuropain.ch\/sites\/default\/files\/e-news\/e_news_13_2.pdf#page=30\" target=\"_blank\"><span style=\"color: #000000;\">Graves douleurs neuropathiques<\/span><\/a><\/span><\/p>\n<p><span style=\"color: #000000;\"><a style=\"color: #000000;\" href=\"http:\/\/www.neuropain.ch\/sites\/default\/files\/e-news\/e-news_12_2_0.pdf#page=14\" target=\"_blank\">Anamn\u00e8se morcell\u00e9e<\/a><\/span><\/p>\n<p><span style=\"color: #000000;\"><a style=\"color: #000000;\" href=\"http:\/\/www.neuropain.ch\/sites\/default\/files\/e-news\/e-news_12_1.pdf#page=18\" target=\"_blank\">N\u2019abandonnez jamais<\/a><\/span><\/p>\n<p><a style=\"color: #000000;\" href=\"http:\/\/www.neuropain.ch\/sites\/default\/files\/e-news\/e-news_12_1.pdf#page=32\" target=\"_blank\">Cam\u00e9ra cach\u00e9e<\/a><\/p>\n<p><span style=\"color: #000000;\"><a style=\"color: #000000;\" href=\"http:\/\/www.neuropain.ch\/sites\/default\/files\/e-news\/e-news_11_2-3_0_2.pdf#page=12\" target=\"_blank\">Douleur<\/a><\/span><\/p>\n<p><span style=\"color: #000000;\"><a style=\"color: #000000;\" href=\"http:\/\/www.neuropain.ch\/sites\/default\/files\/e-news\/e-news_11_1_2.pdf#page=39\" target=\"_blank\">Le mode zombie-cass\u00e9<\/a><\/span><\/p>\n<p><span style=\"color: #000000;\"><a style=\"color: #000000;\" href=\"http:\/\/www.neuropain.ch\/sites\/default\/files\/e-news\/le-news_104_1.pdf#page=38\" target=\"_blank\">Bilan &amp; \u00e9valuation de mon parcours en ergoth\u00e9rapie<\/a><a style=\"color: #000000;\" href=\"http:\/\/www.neuropain.ch\/sites\/default\/files\/e-news\/e-news_12_1.pdf#page=18\" target=\"_blank\">\u00a0 \u00a0 \u00a0 \u00a0 \u00a0 \u00a0 \u00a0 \u00a0 \u00a0 \u00a0 \u00a0 \u00a0 \u00a0<\/a>\u00a0\u00a0<\/span><\/p>\n<p><span style=\"color: #000000;\"><a style=\"color: #000000;\" href=\"http:\/\/www.neuropain.ch\/sites\/default\/files\/e-news\/le-news-103_1.pdf#page=27\" target=\"_blank\">Vivre avec mes douleurs neuropathiques<\/a><\/span><\/p>\n<p><span style=\"color: #000000;\"><a style=\"color: #000000;\" href=\"http:\/\/www.neuropain.ch\/sites\/default\/files\/e-news\/le-news_10_2__1.pdf#page=38\" target=\"_blank\">La gu\u00e9rison par la douceur<\/a><\/span><\/p>\n<p><a style=\"color: #000000;\" href=\"http:\/\/www.neuropain.ch\/sites\/default\/files\/e-news\/le-news_10_2__1.pdf#page=28\" target=\"_blank\">Impressionnant<\/a><\/p>\n<p><span style=\"color: #000000;\"><a style=\"color: #000000;\" href=\"http:\/\/www.neuropain.ch\/sites\/default\/files\/e-news\/le-news_101_1.pdf#page=43\" target=\"_blank\">Post-it<\/a><\/span><\/p>\n<p><a style=\"color: #000000;\" href=\"http:\/\/www.neuropain.ch\/sites\/default\/files\/e-news\/le-news_101_1.pdf#page=36\" target=\"_blank\">Je peux rire de bon coeur<\/a><a href=\"http:\/\/www.neuropain.ch\/sites\/default\/files\/e-news\/e-news_12_1.pdf#page=18\" target=\"_blank\">\u00a0 \u00a0 \u00a0 \u00a0 \u00a0 \u00a0 \u00a0 \u00a0 \u00a0 \u00a0 \u00a0 \u00a0 \u00a0 \u00a0 \u00a0<\/a><\/p>\n<p><a style=\"color: #000000;\" href=\"http:\/\/www.neuropain.ch\/sites\/default\/files\/e-news\/le-news_101_1.pdf#page=13\" target=\"_blank\">Eh oui ! L\u2019allodynie m\u00e9canique, on en gu\u00e9rit<\/a><\/p>\n<p><span style=\"color: #000000;\"><a style=\"color: #000000;\" href=\"http:\/\/www.neuropain.ch\/sites\/default\/files\/e-news\/e-news_93-4_1.pdf#page=40\" target=\"_blank\">Comment entendre l\u2019indicible ?<\/a><\/span><\/p>\n<p><a style=\"color: #000000;\" href=\"http:\/\/www.neuropain.ch\/sites\/default\/files\/e-news\/e-news_93-4_1.pdf#page=19\" target=\"_blank\">Une histoire<\/a><\/p>\n<p><span style=\"color: #000000;\"><a style=\"color: #000000;\" href=\"http:\/\/www.neuropain.ch\/sites\/default\/files\/e-news\/le-news_9_2_1.pdf#page=34\" target=\"_blank\">R\u00e9p\u00e9titions \u2026<\/a><\/span><\/p>\n<p><span style=\"color: #000000;\"><a style=\"color: #000000;\" href=\"http:\/\/www.neuropain.ch\/sites\/default\/files\/e-news\/e-news_9_1_0_0.pdf#page=6\" target=\"_blank\">T\u00e9moignage sur traitement sensitif<\/a><\/span><\/p>\n<p><span style=\"color: #000000;\"><a style=\"color: #000000;\" href=\"http:\/\/www.neuropain.ch\/sites\/default\/files\/e-news\/e-news_84_1.pdf#page=35\" target=\"_blank\">R\u00e9sultats inesp\u00e9r\u00e9s<\/a><\/span><\/p>\n<p><span style=\"color: #000000;\"><a style=\"color: #000000;\" href=\"http:\/\/www.neuropain.ch\/sites\/default\/files\/e-news\/e-news_83_1.pdf#page=58\" target=\"_blank\">Bannir les pantalons et de ne porter que des robes ou des jupes<\/a><\/span><\/p>\n<p><span style=\"color: #000000;\"><a style=\"color: #000000;\" href=\"http:\/\/www.neuropain.ch\/sites\/default\/files\/e-news\/e-news_82_1.pdf#page=41\" target=\"_blank\">Je vis une sorte de cohabitation avec un \u00ab \u00eatre \u00bb bizarre, pas bienvenu chez moi\u00a0<\/a><\/span><\/p>\n<p><span style=\"color: #000000;\"><a style=\"color: #000000;\" href=\"http:\/\/www.neuropain.ch\/sites\/default\/files\/e-news\/e-news_73_0.pdf#page=36\" target=\"_blank\">En \u00e9t\u00e9, je me suis tordue la cheville<\/a><\/span><\/p>\n<p><a style=\"color: #000000;\" href=\"http:\/\/www.neuropain.ch\/sites\/default\/files\/e-news\/e-news_73_0.pdf#page=32\" target=\"_blank\">Vous m\u2019avez d\u00e9barrass\u00e9e de cette saloperie<\/a><\/p>\n<p><a style=\"color: #000000;\" href=\"http:\/\/www.neuropain.ch\/sites\/default\/files\/e-news\/e-news_73_0.pdf#page=28\" target=\"_blank\">Traitement pour mal de dos par la r\u00e9\u00e9ducation sensitive<\/a><\/p>\n<p><span style=\"color: #000000;\"><a style=\"color: #000000;\" href=\"http:\/\/www.neuropain.ch\/sites\/default\/files\/e-news\/e-news_71_1.pdf#page=17\" target=\"_blank\">De 0 \u00e0 75 ans<\/a><\/span><\/p>\n<p><a style=\"color: #000000;\" href=\"http:\/\/www.neuropain.ch\/sites\/default\/files\/e-news\/e-news_64_1.pdf#page=30\" target=\"_blank\">Le bien du mal\u2026<\/a><\/p>\n<p><a style=\"color: #000000;\" href=\"http:\/\/www.neuropain.ch\/sites\/default\/files\/e-news\/e-news_62_1.pdf#page=34\" target=\"_blank\">Sur le qui-vive<\/a><\/p>\n<p><span style=\"color: #000000;\"><a style=\"color: #000000;\" href=\"http:\/\/www.neuropain.ch\/sites\/default\/files\/e-news\/e-news_54_1.pdf#page=41\" target=\"_blank\">Lettre aux nouveaux patients<\/a><\/span><\/p>\n<p><a style=\"color: #000000;\" href=\"http:\/\/www.neuropain.ch\/sites\/default\/files\/e-news\/e-news_53_1.pdf#page=6\" target=\"_blank\">Des mots sur les maux<\/a><\/p>\n<p><a style=\"color: #000000;\" href=\"http:\/\/www.neuropain.ch\/sites\/default\/files\/e-news\/e-news_52_1.pdf#page=9\" target=\"_blank\">Ma peau de chagrin<\/a><\/p>\n<p><a style=\"color: #000000;\" href=\"http:\/\/www.neuropain.ch\/sites\/default\/files\/e-news\/e-news_51_1.pdf#page=8\" target=\"_blank\">R\u00e9apprendre \u00e0 vivre dans un nouveau corps<\/a><\/p>\n<p><a style=\"color: #000000;\" href=\"http:\/\/www.neuropain.ch\/sites\/default\/files\/e-news\/e-news_51_1.pdf#page=5\" target=\"_blank\">Mon \u00e9paule et moi au quotidien<\/a><\/p>\n<p><span style=\"color: #000000;\"><a style=\"color: #000000;\" href=\"http:\/\/www.neuropain.ch\/sites\/default\/files\/e-news\/e-news_44_1.pdf#page=8\" target=\"_blank\">\u00a0Et moi aussi pour finir je pensais que c\u2019\u00e9tait plus psychique que r\u00e9el<\/a><\/span><\/p>\n<p><a style=\"color: #000000;\" href=\"http:\/\/www.neuropain.ch\/sites\/default\/files\/e-news\/e-news_43_2.pdf#page=29\" target=\"_blank\">Mon p\u2019tit bout d\u2019enfer<\/a><\/p>\n<p><span style=\"color: #000000;\"><a style=\"color: #000000;\" href=\"http:\/\/www.neuropain.ch\/sites\/default\/files\/e-news\/e-news_34_1.pdf#page=35\" target=\"_blank\">Description de mon v\u00e9cu au quotidien &#8211; cris d\u2019alarme<\/a><\/span><\/p>\n<p>&nbsp;<\/p>\n<p><strong><span style=\"color: #d45e30;\">Deutsch:<\/span><\/strong><\/p>\n<p><span style=\"color: #000000;\"><a style=\"color: #000000;\" href=\"http:\/\/www.neuropain.ch\/sites\/default\/files\/e-news\/e-news_somatosens_rehab_13_3_0.pdf#page=26\" target=\"_blank\">Wie eine Biene\u00a0 \u00a0 \u00a0 \u00a0 \u00a0 \u00a0 \u00a0 \u00a0 \u00a0 \u00a0 \u00a0 \u00a0 \u00a0 \u00a0\u00a0<\/a><\/span><\/p>\n<p><span style=\"color: #000000;\"><a style=\"color: #000000;\" href=\"http:\/\/www.neuropain.ch\/sites\/default\/files\/e-news\/e-news_13_1.pdf#page=40\" target=\"_blank\">CRPS<\/a><a style=\"color: #000000;\" href=\"http:\/\/www.neuropain.ch\/sites\/default\/files\/e-news\/e-news_somatosens_rehab_13_3_0.pdf#page=26\" target=\"_blank\">\u00a0 \u00a0 \u00a0 \u00a0 \u00a0 \u00a0 \u00a0 \u00a0 \u00a0 \u00a0 \u00a0 \u00a0 \u00a0 \u00a0 \u00a0<\/a>\u00a0<\/span><\/p>\n<p><span style=\"color: #000000;\"><a style=\"color: #000000;\" href=\"http:\/\/www.neuropain.ch\/sites\/default\/files\/e-news\/e-news_12_3_0.pdf#page=23\" target=\"_blank\">Das Brennen stieg \u00fcber das Schienbein bis zum Knie auf<\/a><\/span><\/p>\n<p><span style=\"color: #000000;\"><a style=\"color: #000000;\" href=\"http:\/\/www.neuropain.ch\/sites\/default\/files\/e-news\/e-news_82_1.pdf\" target=\"_blank\">Bericht : Brennende F\u00fcsse<\/a><\/span><\/p>\n<p><a style=\"color: #000000;\" href=\"http:\/\/www.neuropain.ch\/sites\/default\/files\/e-news\/e-news_72_0.pdf#page=15\" target=\"_blank\">Meine Krankheit<\/a><\/p>\n<p><span style=\"color: #000000;\"><a style=\"color: #000000;\" href=\"http:\/\/www.neuropain.ch\/sites\/default\/files\/e-news\/e-news_64_1.pdf#page=32\" target=\"_blank\">Auch kleine Schritte f\u00fchren zum Ziel<\/a><\/span><\/p>\n<p><a style=\"color: #000000;\" href=\"http:\/\/www.neuropain.ch\/sites\/default\/files\/e-news\/e-news_61_1.pdf#page=27\" target=\"_blank\">Eine lange Leidenszeit hat ein gl\u00fcckliches Ende gefunden<\/a><\/p>\n<p><span style=\"color: #000000;\"><a style=\"color: #000000;\" href=\"http:\/\/www.neuropain.ch\/sites\/default\/files\/e-news\/e-news_53_1.pdf#page=26\" target=\"_blank\">Schmerz bis an&#8217;s Durchdrehen<\/a><\/span><\/p>\n<p><a style=\"color: #000000;\" href=\"http:\/\/www.neuropain.ch\/sites\/default\/files\/e-news\/e-news_51_1.pdf#page=33\" target=\"_blank\">Ich freue mich auf die Zeit, denn dann sollte ich \u201e\u00fcber den Berg sein<\/a><\/p>\n<p><a style=\"color: #000000;\" href=\"http:\/\/www.neuropain.ch\/sites\/default\/files\/e-news\/e-news_4_2.pdf#page=3\" target=\"_blank\">Ich hatte das Gef\u00fchl, meine Zehen spr\u00fchen Feuer wie ein Drachen<\/a><\/p>\n<p><a style=\"color: #000000;\" href=\"http:\/\/www.neuropain.ch\/sites\/default\/files\/e-news\/e-news_32_1.pdf#page=42\" target=\"_blank\">Krankheitsverlauf<\/a><\/p>\n<p><a style=\"color: #000000;\" href=\"http:\/\/www.neuropain.ch\/sites\/default\/files\/e-news\/e-news_24_1.pdf#page=13\" target=\"_blank\">Wenn Schmerzen kommen und nicht mehr verschwinden<\/a><\/p>\n<p>&nbsp;<\/p>\n<p><strong><span style=\"color: #d45e30;\">Espa\u00f1ol:<\/span><\/strong><\/p>\n<p><span style=\"color: #000000;\"><a style=\"color: #000000;\" href=\"http:\/\/www.neuropain.ch\/sites\/default\/files\/e-news\/e-news_somatosens_rehab_14_1_0.pdf#page=15\" target=\"_blank\">Por fin podre disfrutar de una vida sana<\/a><\/span><\/p>\n<p><span style=\"color: #000000;\"><a style=\"color: #000000;\" href=\"http:\/\/www.neuropain.ch\/sites\/default\/files\/e-news\/e-news_11_2-3_0_2.pdf#page=21\" target=\"_blank\">Mi pie despu\u00e9s de la fractura<\/a><\/span><\/p>\n<p><span style=\"color: #000000;\"><a style=\"color: #000000;\" href=\"http:\/\/www.neuropain.ch\/sites\/default\/files\/e-news\/e-news_81_1.pdf#page=30\" target=\"_blank\">Esta terapia me ha ayudado principalmente a comprender mi problema<\/a><\/span><\/p>\n<p>&nbsp;<\/p>\n<p><strong><span style=\"color: #d45e30;\">Nederlands:<\/span><\/strong><\/p>\n<p><span style=\"color: #000000;\"><a style=\"color: #000000;\" href=\"http:\/\/www.neuropain.ch\/sites\/default\/files\/e-news\/e-news_somatosens_rehab_15_1.pdf#page=35\" target=\"_blank\">Hoop<\/a><\/span><\/p>\n<p>&nbsp;<\/p>\n<p><strong><span style=\"color: #d45e30;\">Srpski i Hrvatski:<\/span><\/strong><\/p>\n<p><a href=\"http:\/\/www.neuropain.ch\/sites\/default\/files\/e-news\/e-news_64_1.pdf#page=35\"><span style=\"color: #000000;\">Kako je sve pocelo, a<\/span><\/a><\/p>\n<p>&nbsp;<\/p>\n<p><strong><span style=\"color: #d45e30;\">Shqip:<\/span><\/strong><\/p>\n<p><span style=\"color: #000000;\"><a style=\"color: #000000;\" href=\"http:\/\/www.neuropain.ch\/sites\/default\/files\/e-news\/e-news_63_1.pdf#page=45\" target=\"_blank\">Deshmit\u00eb\u00a0N\u00b023<\/a><\/span><\/p>\n<p>&nbsp;<\/p>\n<p><strong><span style=\"color: #d45e30;\">Portugu\u00eas:<\/span><\/strong><\/p>\n<p><span style=\"color: #000000;\"><a style=\"color: #000000;\" href=\"http:\/\/www.neuropain.ch\/sites\/default\/files\/e-news\/e-news_11_4.pdf#page=22\" target=\"_blank\">Carta dirigida a todos os compatriotas Portugueses<\/a><\/span><\/p>\n<p><span style=\"color: #000000;\"><a style=\"color: #000000;\" href=\"http:\/\/www.neuropain.ch\/sites\/default\/files\/e-news\/e-news_61_1.pdf#page=41\" target=\"_blank\">Avan\u00e7ar e viver<\/a><\/span><\/p>\n<p><span style=\"color: #000000;\"><a style=\"color: #000000;\" href=\"http:\/\/www.neuropain.ch\/sites\/default\/files\/e-news\/e-news_52_1.pdf#page=12\" target=\"_blank\">Testemunho n\u00famero 14<\/a><\/span><\/p>\n<p>&nbsp;<\/p>\n<p><strong><span style=\"color: #d45e30;\">Italiano:<\/span><\/strong><\/p>\n<p><span style=\"color: #000000;\"><a style=\"color: #000000;\" href=\"http:\/\/www.neuropain.ch\/sites\/default\/files\/e-news\/le-news_104_1.pdf#page=27\" target=\"_blank\">\u00a0I bruciori diminuiscono di intensit\u00e0 e di frequenza<\/a><\/span><\/p>\n<p>&nbsp;<\/p>\n<p><strong><span style=\"color: #d45e30;\">Lingala:<\/span><\/strong><\/p>\n<p><a href=\"http:\/\/www.neuropain.ch\/sites\/default\/files\/e-news\/e-news_62_1.pdf#page=8\" target=\"_blank\"><span style=\"color: #000000;\">Litatoli ya misapi na ngai<\/span><\/a><\/p>\n<p>&nbsp;<\/p>\n<p><strong><span style=\"color: #d45e30;\">P\u0443\u0441\u0441\u043a\u0438\u0439:<\/span><\/strong><\/p>\n<p><a style=\"color: #000000;\" href=\"http:\/\/www.neuropain.ch\/sites\/default\/files\/e-news\/e-news_53_1.pdf#page=11\" target=\"_blank\">e-News Somatosens Rehab\u00a02008,\u00a05(3)<\/a><\/p>\n<p>&nbsp;<\/p>\n<p>&nbsp;<\/p>\n","protected":false},"excerpt":{"rendered":"<p>English:\u00a0 \u00a0 \u00a0 \u00a0 \u00a0 \u00a0 \u00a0 \u00a0 \u00a0 \u00a0 \u00a0 \u00a0 \u00a0 \u00a0 \u00a0 \u00a0 \u00a0 \u00a0 \u00a0 \u00a0 \u00a0 \u00a0 \u00a0 \u00a0 \u00a0 \u00a0 \u00a0 \u00a0 \u00a0 \u00a0 \u00a0 \u00a0 \u00a0 \u00a0 \u00a0 \u00a0 \u00a0 \u00a0 \u00a0 \u00a0 \u00a0 \u00a0 \u00a0 \u00a0 \u00a0 \u00a0 \u00a0 \u00a0 \u00a0 \u00a0 \u00a0 \u00a0 \u00a0 \u00a0 \u00a0 &hellip; <a href=\"https:\/\/blog.unifr.ch\/e-NewsSomatosensoryRehabilitation\/patients-point-of-view\" class=\"more-link\">Continue reading <span class=\"screen-reader-text\">Patient&#8217;s point of view<\/span> <span class=\"meta-nav\">&rarr;<\/span><\/a><\/p>\n","protected":false},"author":3,"featured_media":0,"parent":0,"menu_order":0,"comment_status":"closed","ping_status":"open","template":"","meta":[],"_links":{"self":[{"href":"https:\/\/blog.unifr.ch\/e-NewsSomatosensoryRehabilitation\/wp-json\/wp\/v2\/pages\/724"}],"collection":[{"href":"https:\/\/blog.unifr.ch\/e-NewsSomatosensoryRehabilitation\/wp-json\/wp\/v2\/pages"}],"about":[{"href":"https:\/\/blog.unifr.ch\/e-NewsSomatosensoryRehabilitation\/wp-json\/wp\/v2\/types\/page"}],"author":[{"embeddable":true,"href":"https:\/\/blog.unifr.ch\/e-NewsSomatosensoryRehabilitation\/wp-json\/wp\/v2\/users\/3"}],"replies":[{"embeddable":true,"href":"https:\/\/blog.unifr.ch\/e-NewsSomatosensoryRehabilitation\/wp-json\/wp\/v2\/comments?post=724"}],"version-history":[{"count":130,"href":"https:\/\/blog.unifr.ch\/e-NewsSomatosensoryRehabilitation\/wp-json\/wp\/v2\/pages\/724\/revisions"}],"predecessor-version":[{"id":887,"href":"https:\/\/blog.unifr.ch\/e-NewsSomatosensoryRehabilitation\/wp-json\/wp\/v2\/pages\/724\/revisions\/887"}],"wp:attachment":[{"href":"https:\/\/blog.unifr.ch\/e-NewsSomatosensoryRehabilitation\/wp-json\/wp\/v2\/media?parent=724"}],"curies":[{"name":"wp","href":"https:\/\/api.w.org\/{rel}","templated":true}]}}