{"id":11,"date":"2019-09-17T15:31:58","date_gmt":"2019-09-17T13:31:58","guid":{"rendered":"https:\/\/blog.unifr.ch\/engage\/?page_id=11"},"modified":"2019-09-17T16:20:56","modified_gmt":"2019-09-17T14:20:56","slug":"iles-englouties","status":"publish","type":"page","link":"https:\/\/blog.unifr.ch\/engage\/iles-englouties\/","title":{"rendered":"\u00eeles englouties"},"content":{"rendered":"<p>Avec la mont\u00e9e du niveau des Oc\u00e9ans, certaines \u00eeles sont en train de dispara\u00eetre. Mais \u00e0 quoi est due cette mont\u00e9e des eaux? Quelles en sont les cons\u00e9quences \u00e9cologiques, humaines et politiques? Et qui doit \u00ab\u00a0payer\u00a0\u00bb ces d\u00e9placements de population? Autant de r\u00e9ponses \u00e0 d\u00e9couvrir et de questions \u00e0 d\u00e9battre.<\/p>\n","protected":false},"excerpt":{"rendered":"<p>Avec la mont\u00e9e du niveau des Oc\u00e9ans, certaines \u00eeles sont en train de dispara\u00eetre. Mais \u00e0 quoi est due cette mont\u00e9e des eaux? Quelles en sont les cons\u00e9quences \u00e9cologiques, humaines et politiques? Et qui doit \u00ab\u00a0payer\u00a0\u00bb ces d\u00e9placements de population? Autant de r\u00e9ponses \u00e0 d\u00e9couvrir et de questions \u00e0 d\u00e9battre.<\/p>\n","protected":false},"author":4,"featured_media":0,"parent":0,"menu_order":0,"comment_status":"closed","ping_status":"closed","template":"","meta":{"_acf_changed":false,"footnotes":""},"class_list":["post-11","page","type-page","status-publish","hentry"],"acf":[],"yoast_head":"<!-- This site is optimized with the Yoast SEO plugin v25.6 - https:\/\/yoast.com\/wordpress\/plugins\/seo\/ -->\n<title>\u00eeles englouties - Engage&#039;<\/title>\n<meta name=\"robots\" content=\"index, follow, max-snippet:-1, max-image-preview:large, max-video-preview:-1\" \/>\n<link rel=\"canonical\" href=\"https:\/\/blog.unifr.ch\/engage\/iles-englouties\/\" \/>\n<meta property=\"og:locale\" content=\"fr_FR\" \/>\n<meta property=\"og:type\" content=\"article\" \/>\n<meta property=\"og:title\" content=\"\u00eeles englouties - Engage&#039;\" \/>\n<meta property=\"og:description\" content=\"Avec la mont\u00e9e du niveau des Oc\u00e9ans, certaines \u00eeles sont en train de dispara\u00eetre. Mais \u00e0 quoi est due cette mont\u00e9e des eaux? Quelles en sont les cons\u00e9quences \u00e9cologiques, humaines et politiques? Et qui doit \u00ab\u00a0payer\u00a0\u00bb ces d\u00e9placements de population? Autant de r\u00e9ponses \u00e0 d\u00e9couvrir et de questions \u00e0 d\u00e9battre.\" \/>\n<meta property=\"og:url\" content=\"https:\/\/blog.unifr.ch\/engage\/iles-englouties\/\" \/>\n<meta property=\"og:site_name\" content=\"Engage&#039;\" \/>\n<meta property=\"article:modified_time\" content=\"2019-09-17T14:20:56+00:00\" \/>\n<meta property=\"og:image\" content=\"https:\/\/blog.unifr.ch\/engage\/wp-content\/uploads\/2019\/09\/Capture-d\u2019e\u0301cran-2019-09-17-a\u0300-15.54.54.png\" \/>\n\t<meta property=\"og:image:width\" content=\"1034\" \/>\n\t<meta property=\"og:image:height\" content=\"404\" \/>\n\t<meta property=\"og:image:type\" content=\"image\/png\" \/>\n<meta name=\"twitter:card\" content=\"summary_large_image\" \/>\n<script type=\"application\/ld+json\" class=\"yoast-schema-graph\">{\"@context\":\"https:\/\/schema.org\",\"@graph\":[{\"@type\":\"WebPage\",\"@id\":\"https:\/\/blog.unifr.ch\/engage\/iles-englouties\/\",\"url\":\"https:\/\/blog.unifr.ch\/engage\/iles-englouties\/\",\"name\":\"\u00eeles englouties - Engage&#039;\",\"isPartOf\":{\"@id\":\"https:\/\/blog.unifr.ch\/engage\/#website\"},\"datePublished\":\"2019-09-17T13:31:58+00:00\",\"dateModified\":\"2019-09-17T14:20:56+00:00\",\"breadcrumb\":{\"@id\":\"https:\/\/blog.unifr.ch\/engage\/iles-englouties\/#breadcrumb\"},\"inLanguage\":\"fr-FR\",\"potentialAction\":[{\"@type\":\"ReadAction\",\"target\":[\"https:\/\/blog.unifr.ch\/engage\/iles-englouties\/\"]}]},{\"@type\":\"BreadcrumbList\",\"@id\":\"https:\/\/blog.unifr.ch\/engage\/iles-englouties\/#breadcrumb\",\"itemListElement\":[{\"@type\":\"ListItem\",\"position\":1,\"name\":\"Accueil\",\"item\":\"https:\/\/blog.unifr.ch\/engage\/\"},{\"@type\":\"ListItem\",\"position\":2,\"name\":\"\u00eeles englouties\"}]},{\"@type\":\"WebSite\",\"@id\":\"https:\/\/blog.unifr.ch\/engage\/#website\",\"url\":\"https:\/\/blog.unifr.ch\/engage\/\",\"name\":\"Engage&#039;\",\"description\":\"Un site utilisant HEP Multisite\",\"potentialAction\":[{\"@type\":\"SearchAction\",\"target\":{\"@type\":\"EntryPoint\",\"urlTemplate\":\"https:\/\/blog.unifr.ch\/engage\/?s={search_term_string}\"},\"query-input\":{\"@type\":\"PropertyValueSpecification\",\"valueRequired\":true,\"valueName\":\"search_term_string\"}}],\"inLanguage\":\"fr-FR\"}]}<\/script>\n<!-- \/ Yoast SEO plugin. -->","yoast_head_json":{"title":"\u00eeles englouties - Engage&#039;","robots":{"index":"index","follow":"follow","max-snippet":"max-snippet:-1","max-image-preview":"max-image-preview:large","max-video-preview":"max-video-preview:-1"},"canonical":"https:\/\/blog.unifr.ch\/engage\/iles-englouties\/","og_locale":"fr_FR","og_type":"article","og_title":"\u00eeles englouties - Engage&#039;","og_description":"Avec la mont\u00e9e du niveau des Oc\u00e9ans, certaines \u00eeles sont en train de dispara\u00eetre. Mais \u00e0 quoi est due cette mont\u00e9e des eaux? Quelles en sont les cons\u00e9quences \u00e9cologiques, humaines et politiques? Et qui doit \u00ab\u00a0payer\u00a0\u00bb ces d\u00e9placements de population? Autant de r\u00e9ponses \u00e0 d\u00e9couvrir et de questions \u00e0 d\u00e9battre.","og_url":"https:\/\/blog.unifr.ch\/engage\/iles-englouties\/","og_site_name":"Engage&#039;","article_modified_time":"2019-09-17T14:20:56+00:00","og_image":[{"width":1034,"height":404,"url":"https:\/\/blog.unifr.ch\/engage\/wp-content\/uploads\/2019\/09\/Capture-d\u2019e\u0301cran-2019-09-17-a\u0300-15.54.54.png","type":"image\/png"}],"twitter_card":"summary_large_image","schema":{"@context":"https:\/\/schema.org","@graph":[{"@type":"WebPage","@id":"https:\/\/blog.unifr.ch\/engage\/iles-englouties\/","url":"https:\/\/blog.unifr.ch\/engage\/iles-englouties\/","name":"\u00eeles englouties - Engage&#039;","isPartOf":{"@id":"https:\/\/blog.unifr.ch\/engage\/#website"},"datePublished":"2019-09-17T13:31:58+00:00","dateModified":"2019-09-17T14:20:56+00:00","breadcrumb":{"@id":"https:\/\/blog.unifr.ch\/engage\/iles-englouties\/#breadcrumb"},"inLanguage":"fr-FR","potentialAction":[{"@type":"ReadAction","target":["https:\/\/blog.unifr.ch\/engage\/iles-englouties\/"]}]},{"@type":"BreadcrumbList","@id":"https:\/\/blog.unifr.ch\/engage\/iles-englouties\/#breadcrumb","itemListElement":[{"@type":"ListItem","position":1,"name":"Accueil","item":"https:\/\/blog.unifr.ch\/engage\/"},{"@type":"ListItem","position":2,"name":"\u00eeles englouties"}]},{"@type":"WebSite","@id":"https:\/\/blog.unifr.ch\/engage\/#website","url":"https:\/\/blog.unifr.ch\/engage\/","name":"Engage&#039;","description":"Un site utilisant HEP Multisite","potentialAction":[{"@type":"SearchAction","target":{"@type":"EntryPoint","urlTemplate":"https:\/\/blog.unifr.ch\/engage\/?s={search_term_string}"},"query-input":{"@type":"PropertyValueSpecification","valueRequired":true,"valueName":"search_term_string"}}],"inLanguage":"fr-FR"}]}},"_links":{"self":[{"href":"https:\/\/blog.unifr.ch\/engage\/wp-json\/wp\/v2\/pages\/11","targetHints":{"allow":["GET"]}}],"collection":[{"href":"https:\/\/blog.unifr.ch\/engage\/wp-json\/wp\/v2\/pages"}],"about":[{"href":"https:\/\/blog.unifr.ch\/engage\/wp-json\/wp\/v2\/types\/page"}],"author":[{"embeddable":true,"href":"https:\/\/blog.unifr.ch\/engage\/wp-json\/wp\/v2\/users\/4"}],"replies":[{"embeddable":true,"href":"https:\/\/blog.unifr.ch\/engage\/wp-json\/wp\/v2\/comments?post=11"}],"version-history":[{"count":9,"href":"https:\/\/blog.unifr.ch\/engage\/wp-json\/wp\/v2\/pages\/11\/revisions"}],"predecessor-version":[{"id":38,"href":"https:\/\/blog.unifr.ch\/engage\/wp-json\/wp\/v2\/pages\/11\/revisions\/38"}],"wp:attachment":[{"href":"https:\/\/blog.unifr.ch\/engage\/wp-json\/wp\/v2\/media?parent=11"}],"curies":[{"name":"wp","href":"https:\/\/api.w.org\/{rel}","templated":true}]}}