{"id":113,"date":"2019-10-09T20:12:40","date_gmt":"2019-10-09T18:12:40","guid":{"rendered":"https:\/\/blog.unifr.ch\/engage\/?page_id=113"},"modified":"2019-10-09T20:12:40","modified_gmt":"2019-10-09T18:12:40","slug":"faire-le-test","status":"publish","type":"page","link":"https:\/\/blog.unifr.ch\/engage\/faire-le-test\/","title":{"rendered":"Faire le test?"},"content":{"rendered":"<p>Les tests g\u00e9n\u00e9tiques peuvent \u00eatre utilis\u00e9s pour d\u00e9terminer si une personne est porteuse d&rsquo;une maladie g\u00e9n\u00e9tique &#8211; mais se faire d\u00e9pister est-il toujours le bon choix ? Dans cette le\u00e7on, les \u00e9l\u00e8ves sont face \u00e0 un dilemme intrigant\u00a0: savoir si un jeune homme devrait passer un test de d\u00e9pistage apr\u00e8s que sa fianc\u00e9e ait d\u00e9couvert qu&rsquo;elle \u00e9tait porteuse de la dr\u00e9panocytose. Les \u00e9l\u00e8ves utilisent les informations pr\u00e9sent\u00e9es par des experts afin d\u2019examiner diff\u00e9rentes options et arriver \u00e0 une d\u00e9cision \u00e9clair\u00e9e.<\/p>\n","protected":false},"excerpt":{"rendered":"<p>Les tests g\u00e9n\u00e9tiques peuvent \u00eatre utilis\u00e9s pour d\u00e9terminer si une personne est porteuse d&rsquo;une maladie g\u00e9n\u00e9tique &#8211; mais se faire d\u00e9pister est-il toujours le bon choix ? Dans cette le\u00e7on, les \u00e9l\u00e8ves sont face \u00e0 un dilemme intrigant\u00a0: savoir si un jeune homme devrait passer un test de d\u00e9pistage apr\u00e8s que sa fianc\u00e9e ait d\u00e9couvert [&hellip;]<\/p>\n","protected":false},"author":4,"featured_media":0,"parent":0,"menu_order":0,"comment_status":"closed","ping_status":"closed","template":"","meta":{"_acf_changed":false,"footnotes":""},"class_list":["post-113","page","type-page","status-publish","hentry"],"acf":[],"yoast_head":"<!-- This site is optimized with the Yoast SEO plugin v25.6 - https:\/\/yoast.com\/wordpress\/plugins\/seo\/ -->\n<title>Faire le test? - Engage&#039;<\/title>\n<meta name=\"robots\" content=\"index, follow, max-snippet:-1, max-image-preview:large, max-video-preview:-1\" \/>\n<link rel=\"canonical\" href=\"https:\/\/blog.unifr.ch\/engage\/faire-le-test\/\" \/>\n<meta property=\"og:locale\" content=\"fr_FR\" \/>\n<meta property=\"og:type\" content=\"article\" \/>\n<meta property=\"og:title\" content=\"Faire le test? - Engage&#039;\" \/>\n<meta property=\"og:description\" content=\"Les tests g\u00e9n\u00e9tiques peuvent \u00eatre utilis\u00e9s pour d\u00e9terminer si une personne est porteuse d&rsquo;une maladie g\u00e9n\u00e9tique &#8211; mais se faire d\u00e9pister est-il toujours le bon choix ? Dans cette le\u00e7on, les \u00e9l\u00e8ves sont face \u00e0 un dilemme intrigant\u00a0: savoir si un jeune homme devrait passer un test de d\u00e9pistage apr\u00e8s que sa fianc\u00e9e ait d\u00e9couvert [&hellip;]\" \/>\n<meta property=\"og:url\" content=\"https:\/\/blog.unifr.ch\/engage\/faire-le-test\/\" \/>\n<meta property=\"og:site_name\" content=\"Engage&#039;\" \/>\n<meta property=\"og:image\" content=\"https:\/\/blog.unifr.ch\/engage\/wp-content\/uploads\/2019\/09\/Capture-d\u2019e\u0301cran-2019-09-17-a\u0300-15.54.54.png\" \/>\n\t<meta property=\"og:image:width\" content=\"1034\" \/>\n\t<meta property=\"og:image:height\" content=\"404\" \/>\n\t<meta property=\"og:image:type\" content=\"image\/png\" \/>\n<meta name=\"twitter:card\" content=\"summary_large_image\" \/>\n<script type=\"application\/ld+json\" class=\"yoast-schema-graph\">{\"@context\":\"https:\/\/schema.org\",\"@graph\":[{\"@type\":\"WebPage\",\"@id\":\"https:\/\/blog.unifr.ch\/engage\/faire-le-test\/\",\"url\":\"https:\/\/blog.unifr.ch\/engage\/faire-le-test\/\",\"name\":\"Faire le test? - Engage&#039;\",\"isPartOf\":{\"@id\":\"https:\/\/blog.unifr.ch\/engage\/#website\"},\"datePublished\":\"2019-10-09T18:12:40+00:00\",\"breadcrumb\":{\"@id\":\"https:\/\/blog.unifr.ch\/engage\/faire-le-test\/#breadcrumb\"},\"inLanguage\":\"fr-FR\",\"potentialAction\":[{\"@type\":\"ReadAction\",\"target\":[\"https:\/\/blog.unifr.ch\/engage\/faire-le-test\/\"]}]},{\"@type\":\"BreadcrumbList\",\"@id\":\"https:\/\/blog.unifr.ch\/engage\/faire-le-test\/#breadcrumb\",\"itemListElement\":[{\"@type\":\"ListItem\",\"position\":1,\"name\":\"Accueil\",\"item\":\"https:\/\/blog.unifr.ch\/engage\/\"},{\"@type\":\"ListItem\",\"position\":2,\"name\":\"Faire le test?\"}]},{\"@type\":\"WebSite\",\"@id\":\"https:\/\/blog.unifr.ch\/engage\/#website\",\"url\":\"https:\/\/blog.unifr.ch\/engage\/\",\"name\":\"Engage&#039;\",\"description\":\"Un site utilisant HEP Multisite\",\"potentialAction\":[{\"@type\":\"SearchAction\",\"target\":{\"@type\":\"EntryPoint\",\"urlTemplate\":\"https:\/\/blog.unifr.ch\/engage\/?s={search_term_string}\"},\"query-input\":{\"@type\":\"PropertyValueSpecification\",\"valueRequired\":true,\"valueName\":\"search_term_string\"}}],\"inLanguage\":\"fr-FR\"}]}<\/script>\n<!-- \/ Yoast SEO plugin. -->","yoast_head_json":{"title":"Faire le test? - Engage&#039;","robots":{"index":"index","follow":"follow","max-snippet":"max-snippet:-1","max-image-preview":"max-image-preview:large","max-video-preview":"max-video-preview:-1"},"canonical":"https:\/\/blog.unifr.ch\/engage\/faire-le-test\/","og_locale":"fr_FR","og_type":"article","og_title":"Faire le test? - Engage&#039;","og_description":"Les tests g\u00e9n\u00e9tiques peuvent \u00eatre utilis\u00e9s pour d\u00e9terminer si une personne est porteuse d&rsquo;une maladie g\u00e9n\u00e9tique &#8211; mais se faire d\u00e9pister est-il toujours le bon choix ? Dans cette le\u00e7on, les \u00e9l\u00e8ves sont face \u00e0 un dilemme intrigant\u00a0: savoir si un jeune homme devrait passer un test de d\u00e9pistage apr\u00e8s que sa fianc\u00e9e ait d\u00e9couvert [&hellip;]","og_url":"https:\/\/blog.unifr.ch\/engage\/faire-le-test\/","og_site_name":"Engage&#039;","og_image":[{"width":1034,"height":404,"url":"https:\/\/blog.unifr.ch\/engage\/wp-content\/uploads\/2019\/09\/Capture-d\u2019e\u0301cran-2019-09-17-a\u0300-15.54.54.png","type":"image\/png"}],"twitter_card":"summary_large_image","schema":{"@context":"https:\/\/schema.org","@graph":[{"@type":"WebPage","@id":"https:\/\/blog.unifr.ch\/engage\/faire-le-test\/","url":"https:\/\/blog.unifr.ch\/engage\/faire-le-test\/","name":"Faire le test? - Engage&#039;","isPartOf":{"@id":"https:\/\/blog.unifr.ch\/engage\/#website"},"datePublished":"2019-10-09T18:12:40+00:00","breadcrumb":{"@id":"https:\/\/blog.unifr.ch\/engage\/faire-le-test\/#breadcrumb"},"inLanguage":"fr-FR","potentialAction":[{"@type":"ReadAction","target":["https:\/\/blog.unifr.ch\/engage\/faire-le-test\/"]}]},{"@type":"BreadcrumbList","@id":"https:\/\/blog.unifr.ch\/engage\/faire-le-test\/#breadcrumb","itemListElement":[{"@type":"ListItem","position":1,"name":"Accueil","item":"https:\/\/blog.unifr.ch\/engage\/"},{"@type":"ListItem","position":2,"name":"Faire le test?"}]},{"@type":"WebSite","@id":"https:\/\/blog.unifr.ch\/engage\/#website","url":"https:\/\/blog.unifr.ch\/engage\/","name":"Engage&#039;","description":"Un site utilisant HEP Multisite","potentialAction":[{"@type":"SearchAction","target":{"@type":"EntryPoint","urlTemplate":"https:\/\/blog.unifr.ch\/engage\/?s={search_term_string}"},"query-input":{"@type":"PropertyValueSpecification","valueRequired":true,"valueName":"search_term_string"}}],"inLanguage":"fr-FR"}]}},"_links":{"self":[{"href":"https:\/\/blog.unifr.ch\/engage\/wp-json\/wp\/v2\/pages\/113","targetHints":{"allow":["GET"]}}],"collection":[{"href":"https:\/\/blog.unifr.ch\/engage\/wp-json\/wp\/v2\/pages"}],"about":[{"href":"https:\/\/blog.unifr.ch\/engage\/wp-json\/wp\/v2\/types\/page"}],"author":[{"embeddable":true,"href":"https:\/\/blog.unifr.ch\/engage\/wp-json\/wp\/v2\/users\/4"}],"replies":[{"embeddable":true,"href":"https:\/\/blog.unifr.ch\/engage\/wp-json\/wp\/v2\/comments?post=113"}],"version-history":[{"count":1,"href":"https:\/\/blog.unifr.ch\/engage\/wp-json\/wp\/v2\/pages\/113\/revisions"}],"predecessor-version":[{"id":116,"href":"https:\/\/blog.unifr.ch\/engage\/wp-json\/wp\/v2\/pages\/113\/revisions\/116"}],"wp:attachment":[{"href":"https:\/\/blog.unifr.ch\/engage\/wp-json\/wp\/v2\/media?parent=113"}],"curies":[{"name":"wp","href":"https:\/\/api.w.org\/{rel}","templated":true}]}}