{"id":123,"date":"2019-10-09T20:24:43","date_gmt":"2019-10-09T18:24:43","guid":{"rendered":"https:\/\/blog.unifr.ch\/engage\/?page_id=123"},"modified":"2019-11-05T16:11:22","modified_gmt":"2019-11-05T15:11:22","slug":"ethique","status":"publish","type":"page","link":"https:\/\/blog.unifr.ch\/engage\/ethique\/","title":{"rendered":"ETHIQUE"},"content":{"rendered":"<p>Prendre une d\u00e9cision n&rsquo;est jamais facile, qu&rsquo;il s&rsquo;agisse d&rsquo;une intervention sur soi, sur un autre \u00eatre humain ou sur des animaux. Derri\u00e8re les aspects purement scientifiques se cachent des croyances, des valeurs, des sentiments. Comment g\u00e9rer ces \u00e9l\u00e9ments et se sentir en accord avec la d\u00e9cision finale?<\/p>\n<p>Plusieurs de ces th\u00e8mes sont \u00e9galement en lien avec la sant\u00e9.<\/p>\n","protected":false},"excerpt":{"rendered":"<p>Prendre une d\u00e9cision n&rsquo;est jamais facile, qu&rsquo;il s&rsquo;agisse d&rsquo;une intervention sur soi, sur un autre \u00eatre humain ou sur des animaux. Derri\u00e8re les aspects purement scientifiques se cachent des croyances, des valeurs, des sentiments. Comment g\u00e9rer ces \u00e9l\u00e9ments et se sentir en accord avec la d\u00e9cision finale? Plusieurs de ces th\u00e8mes sont \u00e9galement en lien [&hellip;]<\/p>\n","protected":false},"author":4,"featured_media":0,"parent":0,"menu_order":0,"comment_status":"closed","ping_status":"closed","template":"","meta":{"_acf_changed":false,"footnotes":""},"class_list":["post-123","page","type-page","status-publish","hentry"],"acf":[],"yoast_head":"<!-- This site is optimized with the Yoast SEO plugin v25.6 - https:\/\/yoast.com\/wordpress\/plugins\/seo\/ -->\n<title>ETHIQUE - Engage&#039;<\/title>\n<meta name=\"robots\" content=\"index, follow, max-snippet:-1, max-image-preview:large, max-video-preview:-1\" \/>\n<link rel=\"canonical\" href=\"https:\/\/blog.unifr.ch\/engage\/ethique\/\" \/>\n<meta property=\"og:locale\" content=\"fr_FR\" \/>\n<meta property=\"og:type\" content=\"article\" \/>\n<meta property=\"og:title\" content=\"ETHIQUE - Engage&#039;\" \/>\n<meta property=\"og:description\" content=\"Prendre une d\u00e9cision n&rsquo;est jamais facile, qu&rsquo;il s&rsquo;agisse d&rsquo;une intervention sur soi, sur un autre \u00eatre humain ou sur des animaux. Derri\u00e8re les aspects purement scientifiques se cachent des croyances, des valeurs, des sentiments. Comment g\u00e9rer ces \u00e9l\u00e9ments et se sentir en accord avec la d\u00e9cision finale? Plusieurs de ces th\u00e8mes sont \u00e9galement en lien [&hellip;]\" \/>\n<meta property=\"og:url\" content=\"https:\/\/blog.unifr.ch\/engage\/ethique\/\" \/>\n<meta property=\"og:site_name\" content=\"Engage&#039;\" \/>\n<meta property=\"article:modified_time\" content=\"2019-11-05T15:11:22+00:00\" \/>\n<meta property=\"og:image\" content=\"https:\/\/blog.unifr.ch\/engage\/wp-content\/uploads\/2019\/09\/Capture-d\u2019e\u0301cran-2019-09-17-a\u0300-15.54.54.png\" \/>\n\t<meta property=\"og:image:width\" content=\"1034\" \/>\n\t<meta property=\"og:image:height\" content=\"404\" \/>\n\t<meta property=\"og:image:type\" content=\"image\/png\" \/>\n<meta name=\"twitter:card\" content=\"summary_large_image\" \/>\n<script type=\"application\/ld+json\" class=\"yoast-schema-graph\">{\"@context\":\"https:\/\/schema.org\",\"@graph\":[{\"@type\":\"WebPage\",\"@id\":\"https:\/\/blog.unifr.ch\/engage\/ethique\/\",\"url\":\"https:\/\/blog.unifr.ch\/engage\/ethique\/\",\"name\":\"ETHIQUE - Engage&#039;\",\"isPartOf\":{\"@id\":\"https:\/\/blog.unifr.ch\/engage\/#website\"},\"datePublished\":\"2019-10-09T18:24:43+00:00\",\"dateModified\":\"2019-11-05T15:11:22+00:00\",\"breadcrumb\":{\"@id\":\"https:\/\/blog.unifr.ch\/engage\/ethique\/#breadcrumb\"},\"inLanguage\":\"fr-FR\",\"potentialAction\":[{\"@type\":\"ReadAction\",\"target\":[\"https:\/\/blog.unifr.ch\/engage\/ethique\/\"]}]},{\"@type\":\"BreadcrumbList\",\"@id\":\"https:\/\/blog.unifr.ch\/engage\/ethique\/#breadcrumb\",\"itemListElement\":[{\"@type\":\"ListItem\",\"position\":1,\"name\":\"Accueil\",\"item\":\"https:\/\/blog.unifr.ch\/engage\/\"},{\"@type\":\"ListItem\",\"position\":2,\"name\":\"ETHIQUE\"}]},{\"@type\":\"WebSite\",\"@id\":\"https:\/\/blog.unifr.ch\/engage\/#website\",\"url\":\"https:\/\/blog.unifr.ch\/engage\/\",\"name\":\"Engage&#039;\",\"description\":\"Un site utilisant HEP Multisite\",\"potentialAction\":[{\"@type\":\"SearchAction\",\"target\":{\"@type\":\"EntryPoint\",\"urlTemplate\":\"https:\/\/blog.unifr.ch\/engage\/?s={search_term_string}\"},\"query-input\":{\"@type\":\"PropertyValueSpecification\",\"valueRequired\":true,\"valueName\":\"search_term_string\"}}],\"inLanguage\":\"fr-FR\"}]}<\/script>\n<!-- \/ Yoast SEO plugin. -->","yoast_head_json":{"title":"ETHIQUE - Engage&#039;","robots":{"index":"index","follow":"follow","max-snippet":"max-snippet:-1","max-image-preview":"max-image-preview:large","max-video-preview":"max-video-preview:-1"},"canonical":"https:\/\/blog.unifr.ch\/engage\/ethique\/","og_locale":"fr_FR","og_type":"article","og_title":"ETHIQUE - Engage&#039;","og_description":"Prendre une d\u00e9cision n&rsquo;est jamais facile, qu&rsquo;il s&rsquo;agisse d&rsquo;une intervention sur soi, sur un autre \u00eatre humain ou sur des animaux. Derri\u00e8re les aspects purement scientifiques se cachent des croyances, des valeurs, des sentiments. Comment g\u00e9rer ces \u00e9l\u00e9ments et se sentir en accord avec la d\u00e9cision finale? Plusieurs de ces th\u00e8mes sont \u00e9galement en lien [&hellip;]","og_url":"https:\/\/blog.unifr.ch\/engage\/ethique\/","og_site_name":"Engage&#039;","article_modified_time":"2019-11-05T15:11:22+00:00","og_image":[{"width":1034,"height":404,"url":"https:\/\/blog.unifr.ch\/engage\/wp-content\/uploads\/2019\/09\/Capture-d\u2019e\u0301cran-2019-09-17-a\u0300-15.54.54.png","type":"image\/png"}],"twitter_card":"summary_large_image","schema":{"@context":"https:\/\/schema.org","@graph":[{"@type":"WebPage","@id":"https:\/\/blog.unifr.ch\/engage\/ethique\/","url":"https:\/\/blog.unifr.ch\/engage\/ethique\/","name":"ETHIQUE - Engage&#039;","isPartOf":{"@id":"https:\/\/blog.unifr.ch\/engage\/#website"},"datePublished":"2019-10-09T18:24:43+00:00","dateModified":"2019-11-05T15:11:22+00:00","breadcrumb":{"@id":"https:\/\/blog.unifr.ch\/engage\/ethique\/#breadcrumb"},"inLanguage":"fr-FR","potentialAction":[{"@type":"ReadAction","target":["https:\/\/blog.unifr.ch\/engage\/ethique\/"]}]},{"@type":"BreadcrumbList","@id":"https:\/\/blog.unifr.ch\/engage\/ethique\/#breadcrumb","itemListElement":[{"@type":"ListItem","position":1,"name":"Accueil","item":"https:\/\/blog.unifr.ch\/engage\/"},{"@type":"ListItem","position":2,"name":"ETHIQUE"}]},{"@type":"WebSite","@id":"https:\/\/blog.unifr.ch\/engage\/#website","url":"https:\/\/blog.unifr.ch\/engage\/","name":"Engage&#039;","description":"Un site utilisant HEP Multisite","potentialAction":[{"@type":"SearchAction","target":{"@type":"EntryPoint","urlTemplate":"https:\/\/blog.unifr.ch\/engage\/?s={search_term_string}"},"query-input":{"@type":"PropertyValueSpecification","valueRequired":true,"valueName":"search_term_string"}}],"inLanguage":"fr-FR"}]}},"_links":{"self":[{"href":"https:\/\/blog.unifr.ch\/engage\/wp-json\/wp\/v2\/pages\/123","targetHints":{"allow":["GET"]}}],"collection":[{"href":"https:\/\/blog.unifr.ch\/engage\/wp-json\/wp\/v2\/pages"}],"about":[{"href":"https:\/\/blog.unifr.ch\/engage\/wp-json\/wp\/v2\/types\/page"}],"author":[{"embeddable":true,"href":"https:\/\/blog.unifr.ch\/engage\/wp-json\/wp\/v2\/users\/4"}],"replies":[{"embeddable":true,"href":"https:\/\/blog.unifr.ch\/engage\/wp-json\/wp\/v2\/comments?post=123"}],"version-history":[{"count":6,"href":"https:\/\/blog.unifr.ch\/engage\/wp-json\/wp\/v2\/pages\/123\/revisions"}],"predecessor-version":[{"id":303,"href":"https:\/\/blog.unifr.ch\/engage\/wp-json\/wp\/v2\/pages\/123\/revisions\/303"}],"wp:attachment":[{"href":"https:\/\/blog.unifr.ch\/engage\/wp-json\/wp\/v2\/media?parent=123"}],"curies":[{"name":"wp","href":"https:\/\/api.w.org\/{rel}","templated":true}]}}