{"id":128,"date":"2019-10-10T08:54:22","date_gmt":"2019-10-10T06:54:22","guid":{"rendered":"https:\/\/blog.unifr.ch\/engage\/?page_id=128"},"modified":"2019-11-05T16:30:21","modified_gmt":"2019-11-05T15:30:21","slug":"technologie","status":"publish","type":"page","link":"https:\/\/blog.unifr.ch\/engage\/technologie\/","title":{"rendered":"TECHNOLOGIES"},"content":{"rendered":"<p>Les sciences se cachent dans toutes les technologies qui accompagnent notre vie. Mais ces derni\u00e8res sont-elles toutes bonnes pour l&rsquo;\u00eatre humain? Jusqu&rsquo;o\u00f9 celles-ci nous aident-elles \u00e0 vivre? Sont-elles toujours des promesses d&rsquo;avenir? Sont-elles compatibles avec les normes environnementales, telles que les ressources dont elles ont besoin et l&rsquo;\u00e9nergie qu&rsquo;elles consomment? Toutes sont-elles fiables et pertinentes? De l&rsquo;\u00e9co-phone aux routes solaires et la vie sur Encelade, en passant par les sciences de l&rsquo;\u00e9lectrom\u00e9nager ou les derni\u00e8res recherches sur la communication animale, autant de th\u00e8mes \u00e0 comprendre et \u00e0 questionner.<\/p>\n","protected":false},"excerpt":{"rendered":"<p>Les sciences se cachent dans toutes les technologies qui accompagnent notre vie. Mais ces derni\u00e8res sont-elles toutes bonnes pour l&rsquo;\u00eatre humain? Jusqu&rsquo;o\u00f9 celles-ci nous aident-elles \u00e0 vivre? Sont-elles toujours des promesses d&rsquo;avenir? Sont-elles compatibles avec les normes environnementales, telles que les ressources dont elles ont besoin et l&rsquo;\u00e9nergie qu&rsquo;elles consomment? Toutes sont-elles fiables et pertinentes? [&hellip;]<\/p>\n","protected":false},"author":4,"featured_media":0,"parent":0,"menu_order":0,"comment_status":"closed","ping_status":"closed","template":"","meta":{"_acf_changed":false,"footnotes":""},"class_list":["post-128","page","type-page","status-publish","hentry"],"acf":[],"yoast_head":"<!-- This site is optimized with the Yoast SEO plugin v25.6 - https:\/\/yoast.com\/wordpress\/plugins\/seo\/ -->\n<title>TECHNOLOGIES - Engage&#039;<\/title>\n<meta name=\"robots\" content=\"index, follow, max-snippet:-1, max-image-preview:large, max-video-preview:-1\" \/>\n<link rel=\"canonical\" href=\"https:\/\/blog.unifr.ch\/engage\/technologie\/\" \/>\n<meta property=\"og:locale\" content=\"fr_FR\" \/>\n<meta property=\"og:type\" content=\"article\" \/>\n<meta property=\"og:title\" content=\"TECHNOLOGIES - Engage&#039;\" \/>\n<meta property=\"og:description\" content=\"Les sciences se cachent dans toutes les technologies qui accompagnent notre vie. Mais ces derni\u00e8res sont-elles toutes bonnes pour l&rsquo;\u00eatre humain? Jusqu&rsquo;o\u00f9 celles-ci nous aident-elles \u00e0 vivre? Sont-elles toujours des promesses d&rsquo;avenir? Sont-elles compatibles avec les normes environnementales, telles que les ressources dont elles ont besoin et l&rsquo;\u00e9nergie qu&rsquo;elles consomment? Toutes sont-elles fiables et pertinentes? [&hellip;]\" \/>\n<meta property=\"og:url\" content=\"https:\/\/blog.unifr.ch\/engage\/technologie\/\" \/>\n<meta property=\"og:site_name\" content=\"Engage&#039;\" \/>\n<meta property=\"article:modified_time\" content=\"2019-11-05T15:30:21+00:00\" \/>\n<meta property=\"og:image\" content=\"https:\/\/blog.unifr.ch\/engage\/wp-content\/uploads\/2019\/09\/Capture-d\u2019e\u0301cran-2019-09-17-a\u0300-15.54.54.png\" \/>\n\t<meta property=\"og:image:width\" content=\"1034\" \/>\n\t<meta property=\"og:image:height\" content=\"404\" \/>\n\t<meta property=\"og:image:type\" content=\"image\/png\" \/>\n<meta name=\"twitter:card\" content=\"summary_large_image\" \/>\n<script type=\"application\/ld+json\" class=\"yoast-schema-graph\">{\"@context\":\"https:\/\/schema.org\",\"@graph\":[{\"@type\":\"WebPage\",\"@id\":\"https:\/\/blog.unifr.ch\/engage\/technologie\/\",\"url\":\"https:\/\/blog.unifr.ch\/engage\/technologie\/\",\"name\":\"TECHNOLOGIES - Engage&#039;\",\"isPartOf\":{\"@id\":\"https:\/\/blog.unifr.ch\/engage\/#website\"},\"datePublished\":\"2019-10-10T06:54:22+00:00\",\"dateModified\":\"2019-11-05T15:30:21+00:00\",\"breadcrumb\":{\"@id\":\"https:\/\/blog.unifr.ch\/engage\/technologie\/#breadcrumb\"},\"inLanguage\":\"fr-FR\",\"potentialAction\":[{\"@type\":\"ReadAction\",\"target\":[\"https:\/\/blog.unifr.ch\/engage\/technologie\/\"]}]},{\"@type\":\"BreadcrumbList\",\"@id\":\"https:\/\/blog.unifr.ch\/engage\/technologie\/#breadcrumb\",\"itemListElement\":[{\"@type\":\"ListItem\",\"position\":1,\"name\":\"Accueil\",\"item\":\"https:\/\/blog.unifr.ch\/engage\/\"},{\"@type\":\"ListItem\",\"position\":2,\"name\":\"TECHNOLOGIES\"}]},{\"@type\":\"WebSite\",\"@id\":\"https:\/\/blog.unifr.ch\/engage\/#website\",\"url\":\"https:\/\/blog.unifr.ch\/engage\/\",\"name\":\"Engage&#039;\",\"description\":\"Un site utilisant HEP Multisite\",\"potentialAction\":[{\"@type\":\"SearchAction\",\"target\":{\"@type\":\"EntryPoint\",\"urlTemplate\":\"https:\/\/blog.unifr.ch\/engage\/?s={search_term_string}\"},\"query-input\":{\"@type\":\"PropertyValueSpecification\",\"valueRequired\":true,\"valueName\":\"search_term_string\"}}],\"inLanguage\":\"fr-FR\"}]}<\/script>\n<!-- \/ Yoast SEO plugin. -->","yoast_head_json":{"title":"TECHNOLOGIES - Engage&#039;","robots":{"index":"index","follow":"follow","max-snippet":"max-snippet:-1","max-image-preview":"max-image-preview:large","max-video-preview":"max-video-preview:-1"},"canonical":"https:\/\/blog.unifr.ch\/engage\/technologie\/","og_locale":"fr_FR","og_type":"article","og_title":"TECHNOLOGIES - Engage&#039;","og_description":"Les sciences se cachent dans toutes les technologies qui accompagnent notre vie. Mais ces derni\u00e8res sont-elles toutes bonnes pour l&rsquo;\u00eatre humain? Jusqu&rsquo;o\u00f9 celles-ci nous aident-elles \u00e0 vivre? Sont-elles toujours des promesses d&rsquo;avenir? Sont-elles compatibles avec les normes environnementales, telles que les ressources dont elles ont besoin et l&rsquo;\u00e9nergie qu&rsquo;elles consomment? Toutes sont-elles fiables et pertinentes? [&hellip;]","og_url":"https:\/\/blog.unifr.ch\/engage\/technologie\/","og_site_name":"Engage&#039;","article_modified_time":"2019-11-05T15:30:21+00:00","og_image":[{"width":1034,"height":404,"url":"https:\/\/blog.unifr.ch\/engage\/wp-content\/uploads\/2019\/09\/Capture-d\u2019e\u0301cran-2019-09-17-a\u0300-15.54.54.png","type":"image\/png"}],"twitter_card":"summary_large_image","schema":{"@context":"https:\/\/schema.org","@graph":[{"@type":"WebPage","@id":"https:\/\/blog.unifr.ch\/engage\/technologie\/","url":"https:\/\/blog.unifr.ch\/engage\/technologie\/","name":"TECHNOLOGIES - Engage&#039;","isPartOf":{"@id":"https:\/\/blog.unifr.ch\/engage\/#website"},"datePublished":"2019-10-10T06:54:22+00:00","dateModified":"2019-11-05T15:30:21+00:00","breadcrumb":{"@id":"https:\/\/blog.unifr.ch\/engage\/technologie\/#breadcrumb"},"inLanguage":"fr-FR","potentialAction":[{"@type":"ReadAction","target":["https:\/\/blog.unifr.ch\/engage\/technologie\/"]}]},{"@type":"BreadcrumbList","@id":"https:\/\/blog.unifr.ch\/engage\/technologie\/#breadcrumb","itemListElement":[{"@type":"ListItem","position":1,"name":"Accueil","item":"https:\/\/blog.unifr.ch\/engage\/"},{"@type":"ListItem","position":2,"name":"TECHNOLOGIES"}]},{"@type":"WebSite","@id":"https:\/\/blog.unifr.ch\/engage\/#website","url":"https:\/\/blog.unifr.ch\/engage\/","name":"Engage&#039;","description":"Un site utilisant HEP Multisite","potentialAction":[{"@type":"SearchAction","target":{"@type":"EntryPoint","urlTemplate":"https:\/\/blog.unifr.ch\/engage\/?s={search_term_string}"},"query-input":{"@type":"PropertyValueSpecification","valueRequired":true,"valueName":"search_term_string"}}],"inLanguage":"fr-FR"}]}},"_links":{"self":[{"href":"https:\/\/blog.unifr.ch\/engage\/wp-json\/wp\/v2\/pages\/128","targetHints":{"allow":["GET"]}}],"collection":[{"href":"https:\/\/blog.unifr.ch\/engage\/wp-json\/wp\/v2\/pages"}],"about":[{"href":"https:\/\/blog.unifr.ch\/engage\/wp-json\/wp\/v2\/types\/page"}],"author":[{"embeddable":true,"href":"https:\/\/blog.unifr.ch\/engage\/wp-json\/wp\/v2\/users\/4"}],"replies":[{"embeddable":true,"href":"https:\/\/blog.unifr.ch\/engage\/wp-json\/wp\/v2\/comments?post=128"}],"version-history":[{"count":11,"href":"https:\/\/blog.unifr.ch\/engage\/wp-json\/wp\/v2\/pages\/128\/revisions"}],"predecessor-version":[{"id":321,"href":"https:\/\/blog.unifr.ch\/engage\/wp-json\/wp\/v2\/pages\/128\/revisions\/321"}],"wp:attachment":[{"href":"https:\/\/blog.unifr.ch\/engage\/wp-json\/wp\/v2\/media?parent=128"}],"curies":[{"name":"wp","href":"https:\/\/api.w.org\/{rel}","templated":true}]}}