{"id":132,"date":"2019-10-10T10:09:46","date_gmt":"2019-10-10T08:09:46","guid":{"rendered":"https:\/\/blog.unifr.ch\/engage\/?page_id=132"},"modified":"2019-10-10T10:11:50","modified_gmt":"2019-10-10T08:11:50","slug":"que-dit-le-renard","status":"publish","type":"page","link":"https:\/\/blog.unifr.ch\/engage\/que-dit-le-renard\/","title":{"rendered":"Que dit le renard?"},"content":{"rendered":"<p>La science peut-elle traduire ce que disent les animaux et peut-elle interpr\u00e9ter leurs \u00e9motions ? Le traducteur pour chien Bow-lingual pr\u00e9tend pouvoir d\u00e9tecter les \u00e9motions des animaux en analysant les ondes sonores de leurs g\u00e9missements. Les \u00e9tudiants doivent utiliser les preuves scientifiquement d\u00e9montr\u00e9es pour d\u00e9cider si l&rsquo;appareil fonctionne effectivement comme on le pr\u00e9tend.<\/p>\n","protected":false},"excerpt":{"rendered":"<p>La science peut-elle traduire ce que disent les animaux et peut-elle interpr\u00e9ter leurs \u00e9motions ? Le traducteur pour chien Bow-lingual pr\u00e9tend pouvoir d\u00e9tecter les \u00e9motions des animaux en analysant les ondes sonores de leurs g\u00e9missements. Les \u00e9tudiants doivent utiliser les preuves scientifiquement d\u00e9montr\u00e9es pour d\u00e9cider si l&rsquo;appareil fonctionne effectivement comme on le pr\u00e9tend.<\/p>\n","protected":false},"author":4,"featured_media":0,"parent":0,"menu_order":0,"comment_status":"closed","ping_status":"closed","template":"","meta":{"_acf_changed":false,"footnotes":""},"class_list":["post-132","page","type-page","status-publish","hentry"],"acf":[],"yoast_head":"<!-- This site is optimized with the Yoast SEO plugin v25.6 - https:\/\/yoast.com\/wordpress\/plugins\/seo\/ -->\n<title>Que dit le renard? - Engage&#039;<\/title>\n<meta name=\"robots\" content=\"index, follow, max-snippet:-1, max-image-preview:large, max-video-preview:-1\" \/>\n<link rel=\"canonical\" href=\"https:\/\/blog.unifr.ch\/engage\/que-dit-le-renard\/\" \/>\n<meta property=\"og:locale\" content=\"fr_FR\" \/>\n<meta property=\"og:type\" content=\"article\" \/>\n<meta property=\"og:title\" content=\"Que dit le renard? - Engage&#039;\" \/>\n<meta property=\"og:description\" content=\"La science peut-elle traduire ce que disent les animaux et peut-elle interpr\u00e9ter leurs \u00e9motions ? Le traducteur pour chien Bow-lingual pr\u00e9tend pouvoir d\u00e9tecter les \u00e9motions des animaux en analysant les ondes sonores de leurs g\u00e9missements. Les \u00e9tudiants doivent utiliser les preuves scientifiquement d\u00e9montr\u00e9es pour d\u00e9cider si l&rsquo;appareil fonctionne effectivement comme on le pr\u00e9tend.\" \/>\n<meta property=\"og:url\" content=\"https:\/\/blog.unifr.ch\/engage\/que-dit-le-renard\/\" \/>\n<meta property=\"og:site_name\" content=\"Engage&#039;\" \/>\n<meta property=\"article:modified_time\" content=\"2019-10-10T08:11:50+00:00\" \/>\n<meta property=\"og:image\" content=\"https:\/\/blog.unifr.ch\/engage\/wp-content\/uploads\/2019\/09\/Capture-d\u2019e\u0301cran-2019-09-17-a\u0300-15.54.54.png\" \/>\n\t<meta property=\"og:image:width\" content=\"1034\" \/>\n\t<meta property=\"og:image:height\" content=\"404\" \/>\n\t<meta property=\"og:image:type\" content=\"image\/png\" \/>\n<meta name=\"twitter:card\" content=\"summary_large_image\" \/>\n<script type=\"application\/ld+json\" class=\"yoast-schema-graph\">{\"@context\":\"https:\/\/schema.org\",\"@graph\":[{\"@type\":\"WebPage\",\"@id\":\"https:\/\/blog.unifr.ch\/engage\/que-dit-le-renard\/\",\"url\":\"https:\/\/blog.unifr.ch\/engage\/que-dit-le-renard\/\",\"name\":\"Que dit le renard? - Engage&#039;\",\"isPartOf\":{\"@id\":\"https:\/\/blog.unifr.ch\/engage\/#website\"},\"datePublished\":\"2019-10-10T08:09:46+00:00\",\"dateModified\":\"2019-10-10T08:11:50+00:00\",\"breadcrumb\":{\"@id\":\"https:\/\/blog.unifr.ch\/engage\/que-dit-le-renard\/#breadcrumb\"},\"inLanguage\":\"fr-FR\",\"potentialAction\":[{\"@type\":\"ReadAction\",\"target\":[\"https:\/\/blog.unifr.ch\/engage\/que-dit-le-renard\/\"]}]},{\"@type\":\"BreadcrumbList\",\"@id\":\"https:\/\/blog.unifr.ch\/engage\/que-dit-le-renard\/#breadcrumb\",\"itemListElement\":[{\"@type\":\"ListItem\",\"position\":1,\"name\":\"Accueil\",\"item\":\"https:\/\/blog.unifr.ch\/engage\/\"},{\"@type\":\"ListItem\",\"position\":2,\"name\":\"Que dit le renard?\"}]},{\"@type\":\"WebSite\",\"@id\":\"https:\/\/blog.unifr.ch\/engage\/#website\",\"url\":\"https:\/\/blog.unifr.ch\/engage\/\",\"name\":\"Engage&#039;\",\"description\":\"Un site utilisant HEP Multisite\",\"potentialAction\":[{\"@type\":\"SearchAction\",\"target\":{\"@type\":\"EntryPoint\",\"urlTemplate\":\"https:\/\/blog.unifr.ch\/engage\/?s={search_term_string}\"},\"query-input\":{\"@type\":\"PropertyValueSpecification\",\"valueRequired\":true,\"valueName\":\"search_term_string\"}}],\"inLanguage\":\"fr-FR\"}]}<\/script>\n<!-- \/ Yoast SEO plugin. -->","yoast_head_json":{"title":"Que dit le renard? - Engage&#039;","robots":{"index":"index","follow":"follow","max-snippet":"max-snippet:-1","max-image-preview":"max-image-preview:large","max-video-preview":"max-video-preview:-1"},"canonical":"https:\/\/blog.unifr.ch\/engage\/que-dit-le-renard\/","og_locale":"fr_FR","og_type":"article","og_title":"Que dit le renard? - Engage&#039;","og_description":"La science peut-elle traduire ce que disent les animaux et peut-elle interpr\u00e9ter leurs \u00e9motions ? Le traducteur pour chien Bow-lingual pr\u00e9tend pouvoir d\u00e9tecter les \u00e9motions des animaux en analysant les ondes sonores de leurs g\u00e9missements. Les \u00e9tudiants doivent utiliser les preuves scientifiquement d\u00e9montr\u00e9es pour d\u00e9cider si l&rsquo;appareil fonctionne effectivement comme on le pr\u00e9tend.","og_url":"https:\/\/blog.unifr.ch\/engage\/que-dit-le-renard\/","og_site_name":"Engage&#039;","article_modified_time":"2019-10-10T08:11:50+00:00","og_image":[{"width":1034,"height":404,"url":"https:\/\/blog.unifr.ch\/engage\/wp-content\/uploads\/2019\/09\/Capture-d\u2019e\u0301cran-2019-09-17-a\u0300-15.54.54.png","type":"image\/png"}],"twitter_card":"summary_large_image","schema":{"@context":"https:\/\/schema.org","@graph":[{"@type":"WebPage","@id":"https:\/\/blog.unifr.ch\/engage\/que-dit-le-renard\/","url":"https:\/\/blog.unifr.ch\/engage\/que-dit-le-renard\/","name":"Que dit le renard? - Engage&#039;","isPartOf":{"@id":"https:\/\/blog.unifr.ch\/engage\/#website"},"datePublished":"2019-10-10T08:09:46+00:00","dateModified":"2019-10-10T08:11:50+00:00","breadcrumb":{"@id":"https:\/\/blog.unifr.ch\/engage\/que-dit-le-renard\/#breadcrumb"},"inLanguage":"fr-FR","potentialAction":[{"@type":"ReadAction","target":["https:\/\/blog.unifr.ch\/engage\/que-dit-le-renard\/"]}]},{"@type":"BreadcrumbList","@id":"https:\/\/blog.unifr.ch\/engage\/que-dit-le-renard\/#breadcrumb","itemListElement":[{"@type":"ListItem","position":1,"name":"Accueil","item":"https:\/\/blog.unifr.ch\/engage\/"},{"@type":"ListItem","position":2,"name":"Que dit le renard?"}]},{"@type":"WebSite","@id":"https:\/\/blog.unifr.ch\/engage\/#website","url":"https:\/\/blog.unifr.ch\/engage\/","name":"Engage&#039;","description":"Un site utilisant HEP Multisite","potentialAction":[{"@type":"SearchAction","target":{"@type":"EntryPoint","urlTemplate":"https:\/\/blog.unifr.ch\/engage\/?s={search_term_string}"},"query-input":{"@type":"PropertyValueSpecification","valueRequired":true,"valueName":"search_term_string"}}],"inLanguage":"fr-FR"}]}},"_links":{"self":[{"href":"https:\/\/blog.unifr.ch\/engage\/wp-json\/wp\/v2\/pages\/132","targetHints":{"allow":["GET"]}}],"collection":[{"href":"https:\/\/blog.unifr.ch\/engage\/wp-json\/wp\/v2\/pages"}],"about":[{"href":"https:\/\/blog.unifr.ch\/engage\/wp-json\/wp\/v2\/types\/page"}],"author":[{"embeddable":true,"href":"https:\/\/blog.unifr.ch\/engage\/wp-json\/wp\/v2\/users\/4"}],"replies":[{"embeddable":true,"href":"https:\/\/blog.unifr.ch\/engage\/wp-json\/wp\/v2\/comments?post=132"}],"version-history":[{"count":2,"href":"https:\/\/blog.unifr.ch\/engage\/wp-json\/wp\/v2\/pages\/132\/revisions"}],"predecessor-version":[{"id":139,"href":"https:\/\/blog.unifr.ch\/engage\/wp-json\/wp\/v2\/pages\/132\/revisions\/139"}],"wp:attachment":[{"href":"https:\/\/blog.unifr.ch\/engage\/wp-json\/wp\/v2\/media?parent=132"}],"curies":[{"name":"wp","href":"https:\/\/api.w.org\/{rel}","templated":true}]}}