{"id":140,"date":"2019-10-10T10:12:36","date_gmt":"2019-10-10T08:12:36","guid":{"rendered":"https:\/\/blog.unifr.ch\/engage\/?page_id=140"},"modified":"2019-10-10T10:13:59","modified_gmt":"2019-10-10T08:13:59","slug":"la-fin-du-diesel","status":"publish","type":"page","link":"https:\/\/blog.unifr.ch\/engage\/la-fin-du-diesel\/","title":{"rendered":"La fin du diesel?"},"content":{"rendered":"<p>Nous avons r\u00e9cemment d\u00e9couvert que des grands constructeurs automobiles avaient install\u00e9 un logiciel sur leurs v\u00e9hicules diesel afin de tricher lors des tests anti-pollution. Dans cette activit\u00e9, les apprenants appliqueront leurs connaissances en mati\u00e8re de r\u00e9actions chimiques pour identifier les produits de la combustion dans un moteur diesel. Ensuite, ils d\u00e9velopperont leurs comp\u00e9tences en communication par le biais de la production d\u2019une courte vid\u00e9o tentant de convaincre les automobilistes de ne pas acheter de v\u00e9hicule diesel.<\/p>\n","protected":false},"excerpt":{"rendered":"<p>Nous avons r\u00e9cemment d\u00e9couvert que des grands constructeurs automobiles avaient install\u00e9 un logiciel sur leurs v\u00e9hicules diesel afin de tricher lors des tests anti-pollution. Dans cette activit\u00e9, les apprenants appliqueront leurs connaissances en mati\u00e8re de r\u00e9actions chimiques pour identifier les produits de la combustion dans un moteur diesel. Ensuite, ils d\u00e9velopperont leurs comp\u00e9tences en communication [&hellip;]<\/p>\n","protected":false},"author":4,"featured_media":0,"parent":0,"menu_order":0,"comment_status":"closed","ping_status":"closed","template":"","meta":{"_acf_changed":false,"footnotes":""},"class_list":["post-140","page","type-page","status-publish","hentry"],"acf":[],"yoast_head":"<!-- This site is optimized with the Yoast SEO plugin v25.6 - https:\/\/yoast.com\/wordpress\/plugins\/seo\/ -->\n<title>La fin du diesel? - Engage&#039;<\/title>\n<meta name=\"robots\" content=\"index, follow, max-snippet:-1, max-image-preview:large, max-video-preview:-1\" \/>\n<link rel=\"canonical\" href=\"https:\/\/blog.unifr.ch\/engage\/la-fin-du-diesel\/\" \/>\n<meta property=\"og:locale\" content=\"fr_FR\" \/>\n<meta property=\"og:type\" content=\"article\" \/>\n<meta property=\"og:title\" content=\"La fin du diesel? - Engage&#039;\" \/>\n<meta property=\"og:description\" content=\"Nous avons r\u00e9cemment d\u00e9couvert que des grands constructeurs automobiles avaient install\u00e9 un logiciel sur leurs v\u00e9hicules diesel afin de tricher lors des tests anti-pollution. Dans cette activit\u00e9, les apprenants appliqueront leurs connaissances en mati\u00e8re de r\u00e9actions chimiques pour identifier les produits de la combustion dans un moteur diesel. Ensuite, ils d\u00e9velopperont leurs comp\u00e9tences en communication [&hellip;]\" \/>\n<meta property=\"og:url\" content=\"https:\/\/blog.unifr.ch\/engage\/la-fin-du-diesel\/\" \/>\n<meta property=\"og:site_name\" content=\"Engage&#039;\" \/>\n<meta property=\"article:modified_time\" content=\"2019-10-10T08:13:59+00:00\" \/>\n<meta property=\"og:image\" content=\"https:\/\/blog.unifr.ch\/engage\/wp-content\/uploads\/2019\/09\/Capture-d\u2019e\u0301cran-2019-09-17-a\u0300-15.54.54.png\" \/>\n\t<meta property=\"og:image:width\" content=\"1034\" \/>\n\t<meta property=\"og:image:height\" content=\"404\" \/>\n\t<meta property=\"og:image:type\" content=\"image\/png\" \/>\n<meta name=\"twitter:card\" content=\"summary_large_image\" \/>\n<script type=\"application\/ld+json\" class=\"yoast-schema-graph\">{\"@context\":\"https:\/\/schema.org\",\"@graph\":[{\"@type\":\"WebPage\",\"@id\":\"https:\/\/blog.unifr.ch\/engage\/la-fin-du-diesel\/\",\"url\":\"https:\/\/blog.unifr.ch\/engage\/la-fin-du-diesel\/\",\"name\":\"La fin du diesel? - Engage&#039;\",\"isPartOf\":{\"@id\":\"https:\/\/blog.unifr.ch\/engage\/#website\"},\"datePublished\":\"2019-10-10T08:12:36+00:00\",\"dateModified\":\"2019-10-10T08:13:59+00:00\",\"breadcrumb\":{\"@id\":\"https:\/\/blog.unifr.ch\/engage\/la-fin-du-diesel\/#breadcrumb\"},\"inLanguage\":\"fr-FR\",\"potentialAction\":[{\"@type\":\"ReadAction\",\"target\":[\"https:\/\/blog.unifr.ch\/engage\/la-fin-du-diesel\/\"]}]},{\"@type\":\"BreadcrumbList\",\"@id\":\"https:\/\/blog.unifr.ch\/engage\/la-fin-du-diesel\/#breadcrumb\",\"itemListElement\":[{\"@type\":\"ListItem\",\"position\":1,\"name\":\"Accueil\",\"item\":\"https:\/\/blog.unifr.ch\/engage\/\"},{\"@type\":\"ListItem\",\"position\":2,\"name\":\"La fin du diesel?\"}]},{\"@type\":\"WebSite\",\"@id\":\"https:\/\/blog.unifr.ch\/engage\/#website\",\"url\":\"https:\/\/blog.unifr.ch\/engage\/\",\"name\":\"Engage&#039;\",\"description\":\"Un site utilisant HEP Multisite\",\"potentialAction\":[{\"@type\":\"SearchAction\",\"target\":{\"@type\":\"EntryPoint\",\"urlTemplate\":\"https:\/\/blog.unifr.ch\/engage\/?s={search_term_string}\"},\"query-input\":{\"@type\":\"PropertyValueSpecification\",\"valueRequired\":true,\"valueName\":\"search_term_string\"}}],\"inLanguage\":\"fr-FR\"}]}<\/script>\n<!-- \/ Yoast SEO plugin. -->","yoast_head_json":{"title":"La fin du diesel? - Engage&#039;","robots":{"index":"index","follow":"follow","max-snippet":"max-snippet:-1","max-image-preview":"max-image-preview:large","max-video-preview":"max-video-preview:-1"},"canonical":"https:\/\/blog.unifr.ch\/engage\/la-fin-du-diesel\/","og_locale":"fr_FR","og_type":"article","og_title":"La fin du diesel? - Engage&#039;","og_description":"Nous avons r\u00e9cemment d\u00e9couvert que des grands constructeurs automobiles avaient install\u00e9 un logiciel sur leurs v\u00e9hicules diesel afin de tricher lors des tests anti-pollution. Dans cette activit\u00e9, les apprenants appliqueront leurs connaissances en mati\u00e8re de r\u00e9actions chimiques pour identifier les produits de la combustion dans un moteur diesel. Ensuite, ils d\u00e9velopperont leurs comp\u00e9tences en communication [&hellip;]","og_url":"https:\/\/blog.unifr.ch\/engage\/la-fin-du-diesel\/","og_site_name":"Engage&#039;","article_modified_time":"2019-10-10T08:13:59+00:00","og_image":[{"width":1034,"height":404,"url":"https:\/\/blog.unifr.ch\/engage\/wp-content\/uploads\/2019\/09\/Capture-d\u2019e\u0301cran-2019-09-17-a\u0300-15.54.54.png","type":"image\/png"}],"twitter_card":"summary_large_image","schema":{"@context":"https:\/\/schema.org","@graph":[{"@type":"WebPage","@id":"https:\/\/blog.unifr.ch\/engage\/la-fin-du-diesel\/","url":"https:\/\/blog.unifr.ch\/engage\/la-fin-du-diesel\/","name":"La fin du diesel? - Engage&#039;","isPartOf":{"@id":"https:\/\/blog.unifr.ch\/engage\/#website"},"datePublished":"2019-10-10T08:12:36+00:00","dateModified":"2019-10-10T08:13:59+00:00","breadcrumb":{"@id":"https:\/\/blog.unifr.ch\/engage\/la-fin-du-diesel\/#breadcrumb"},"inLanguage":"fr-FR","potentialAction":[{"@type":"ReadAction","target":["https:\/\/blog.unifr.ch\/engage\/la-fin-du-diesel\/"]}]},{"@type":"BreadcrumbList","@id":"https:\/\/blog.unifr.ch\/engage\/la-fin-du-diesel\/#breadcrumb","itemListElement":[{"@type":"ListItem","position":1,"name":"Accueil","item":"https:\/\/blog.unifr.ch\/engage\/"},{"@type":"ListItem","position":2,"name":"La fin du diesel?"}]},{"@type":"WebSite","@id":"https:\/\/blog.unifr.ch\/engage\/#website","url":"https:\/\/blog.unifr.ch\/engage\/","name":"Engage&#039;","description":"Un site utilisant HEP Multisite","potentialAction":[{"@type":"SearchAction","target":{"@type":"EntryPoint","urlTemplate":"https:\/\/blog.unifr.ch\/engage\/?s={search_term_string}"},"query-input":{"@type":"PropertyValueSpecification","valueRequired":true,"valueName":"search_term_string"}}],"inLanguage":"fr-FR"}]}},"_links":{"self":[{"href":"https:\/\/blog.unifr.ch\/engage\/wp-json\/wp\/v2\/pages\/140","targetHints":{"allow":["GET"]}}],"collection":[{"href":"https:\/\/blog.unifr.ch\/engage\/wp-json\/wp\/v2\/pages"}],"about":[{"href":"https:\/\/blog.unifr.ch\/engage\/wp-json\/wp\/v2\/types\/page"}],"author":[{"embeddable":true,"href":"https:\/\/blog.unifr.ch\/engage\/wp-json\/wp\/v2\/users\/4"}],"replies":[{"embeddable":true,"href":"https:\/\/blog.unifr.ch\/engage\/wp-json\/wp\/v2\/comments?post=140"}],"version-history":[{"count":2,"href":"https:\/\/blog.unifr.ch\/engage\/wp-json\/wp\/v2\/pages\/140\/revisions"}],"predecessor-version":[{"id":144,"href":"https:\/\/blog.unifr.ch\/engage\/wp-json\/wp\/v2\/pages\/140\/revisions\/144"}],"wp:attachment":[{"href":"https:\/\/blog.unifr.ch\/engage\/wp-json\/wp\/v2\/media?parent=140"}],"curies":[{"name":"wp","href":"https:\/\/api.w.org\/{rel}","templated":true}]}}