{"id":160,"date":"2019-10-10T10:49:41","date_gmt":"2019-10-10T08:49:41","guid":{"rendered":"https:\/\/blog.unifr.ch\/engage\/?page_id=160"},"modified":"2019-10-10T10:49:41","modified_gmt":"2019-10-10T08:49:41","slug":"sciences-de-lelectro-menager","status":"publish","type":"page","link":"https:\/\/blog.unifr.ch\/engage\/sciences-de-lelectro-menager\/","title":{"rendered":"Sciences de l&rsquo;\u00e9lectro-m\u00e9nager"},"content":{"rendered":"<p>L&rsquo;Union europ\u00e9enne a r\u00e9cemment impos\u00e9 des limitations sur la puissance des aspirateurs, et propose de nouvelles limitations sur certains appareils \u00e9lectriques comme les s\u00e8che-cheveux. Dans cette activit\u00e9, les apprenants vont se projeter dans un futur de restriction fictif de la consommation \u00e9lectrique domestique. C\u2019est aux apprenants de calculer l&rsquo;\u00e9nergie transf\u00e9r\u00e9e quotidiennement par les appareils qu&rsquo;ils utilisent. Ils d\u00e9cideront alors comment r\u00e9duire leur consommation d&rsquo;\u00e9lectricit\u00e9 afin de r\u00e9pondre \u00e0 ces limitations l\u00e9gales strictes.<\/p>\n","protected":false},"excerpt":{"rendered":"<p>L&rsquo;Union europ\u00e9enne a r\u00e9cemment impos\u00e9 des limitations sur la puissance des aspirateurs, et propose de nouvelles limitations sur certains appareils \u00e9lectriques comme les s\u00e8che-cheveux. Dans cette activit\u00e9, les apprenants vont se projeter dans un futur de restriction fictif de la consommation \u00e9lectrique domestique. C\u2019est aux apprenants de calculer l&rsquo;\u00e9nergie transf\u00e9r\u00e9e quotidiennement par les appareils qu&rsquo;ils [&hellip;]<\/p>\n","protected":false},"author":4,"featured_media":0,"parent":0,"menu_order":0,"comment_status":"closed","ping_status":"closed","template":"","meta":{"_acf_changed":false,"footnotes":""},"class_list":["post-160","page","type-page","status-publish","hentry"],"acf":[],"yoast_head":"<!-- This site is optimized with the Yoast SEO plugin v25.6 - https:\/\/yoast.com\/wordpress\/plugins\/seo\/ -->\n<title>Sciences de l&#039;\u00e9lectro-m\u00e9nager - Engage&#039;<\/title>\n<meta name=\"robots\" content=\"index, follow, max-snippet:-1, max-image-preview:large, max-video-preview:-1\" \/>\n<link rel=\"canonical\" href=\"https:\/\/blog.unifr.ch\/engage\/sciences-de-lelectro-menager\/\" \/>\n<meta property=\"og:locale\" content=\"fr_FR\" \/>\n<meta property=\"og:type\" content=\"article\" \/>\n<meta property=\"og:title\" content=\"Sciences de l&#039;\u00e9lectro-m\u00e9nager - Engage&#039;\" \/>\n<meta property=\"og:description\" content=\"L&rsquo;Union europ\u00e9enne a r\u00e9cemment impos\u00e9 des limitations sur la puissance des aspirateurs, et propose de nouvelles limitations sur certains appareils \u00e9lectriques comme les s\u00e8che-cheveux. Dans cette activit\u00e9, les apprenants vont se projeter dans un futur de restriction fictif de la consommation \u00e9lectrique domestique. C\u2019est aux apprenants de calculer l&rsquo;\u00e9nergie transf\u00e9r\u00e9e quotidiennement par les appareils qu&rsquo;ils [&hellip;]\" \/>\n<meta property=\"og:url\" content=\"https:\/\/blog.unifr.ch\/engage\/sciences-de-lelectro-menager\/\" \/>\n<meta property=\"og:site_name\" content=\"Engage&#039;\" \/>\n<meta property=\"og:image\" content=\"https:\/\/blog.unifr.ch\/engage\/wp-content\/uploads\/2019\/09\/Capture-d\u2019e\u0301cran-2019-09-17-a\u0300-15.54.54.png\" \/>\n\t<meta property=\"og:image:width\" content=\"1034\" \/>\n\t<meta property=\"og:image:height\" content=\"404\" \/>\n\t<meta property=\"og:image:type\" content=\"image\/png\" \/>\n<meta name=\"twitter:card\" content=\"summary_large_image\" \/>\n<script type=\"application\/ld+json\" class=\"yoast-schema-graph\">{\"@context\":\"https:\/\/schema.org\",\"@graph\":[{\"@type\":\"WebPage\",\"@id\":\"https:\/\/blog.unifr.ch\/engage\/sciences-de-lelectro-menager\/\",\"url\":\"https:\/\/blog.unifr.ch\/engage\/sciences-de-lelectro-menager\/\",\"name\":\"Sciences de l'\u00e9lectro-m\u00e9nager - Engage&#039;\",\"isPartOf\":{\"@id\":\"https:\/\/blog.unifr.ch\/engage\/#website\"},\"datePublished\":\"2019-10-10T08:49:41+00:00\",\"breadcrumb\":{\"@id\":\"https:\/\/blog.unifr.ch\/engage\/sciences-de-lelectro-menager\/#breadcrumb\"},\"inLanguage\":\"fr-FR\",\"potentialAction\":[{\"@type\":\"ReadAction\",\"target\":[\"https:\/\/blog.unifr.ch\/engage\/sciences-de-lelectro-menager\/\"]}]},{\"@type\":\"BreadcrumbList\",\"@id\":\"https:\/\/blog.unifr.ch\/engage\/sciences-de-lelectro-menager\/#breadcrumb\",\"itemListElement\":[{\"@type\":\"ListItem\",\"position\":1,\"name\":\"Accueil\",\"item\":\"https:\/\/blog.unifr.ch\/engage\/\"},{\"@type\":\"ListItem\",\"position\":2,\"name\":\"Sciences de l&rsquo;\u00e9lectro-m\u00e9nager\"}]},{\"@type\":\"WebSite\",\"@id\":\"https:\/\/blog.unifr.ch\/engage\/#website\",\"url\":\"https:\/\/blog.unifr.ch\/engage\/\",\"name\":\"Engage&#039;\",\"description\":\"Un site utilisant HEP Multisite\",\"potentialAction\":[{\"@type\":\"SearchAction\",\"target\":{\"@type\":\"EntryPoint\",\"urlTemplate\":\"https:\/\/blog.unifr.ch\/engage\/?s={search_term_string}\"},\"query-input\":{\"@type\":\"PropertyValueSpecification\",\"valueRequired\":true,\"valueName\":\"search_term_string\"}}],\"inLanguage\":\"fr-FR\"}]}<\/script>\n<!-- \/ Yoast SEO plugin. -->","yoast_head_json":{"title":"Sciences de l'\u00e9lectro-m\u00e9nager - Engage&#039;","robots":{"index":"index","follow":"follow","max-snippet":"max-snippet:-1","max-image-preview":"max-image-preview:large","max-video-preview":"max-video-preview:-1"},"canonical":"https:\/\/blog.unifr.ch\/engage\/sciences-de-lelectro-menager\/","og_locale":"fr_FR","og_type":"article","og_title":"Sciences de l'\u00e9lectro-m\u00e9nager - Engage&#039;","og_description":"L&rsquo;Union europ\u00e9enne a r\u00e9cemment impos\u00e9 des limitations sur la puissance des aspirateurs, et propose de nouvelles limitations sur certains appareils \u00e9lectriques comme les s\u00e8che-cheveux. Dans cette activit\u00e9, les apprenants vont se projeter dans un futur de restriction fictif de la consommation \u00e9lectrique domestique. C\u2019est aux apprenants de calculer l&rsquo;\u00e9nergie transf\u00e9r\u00e9e quotidiennement par les appareils qu&rsquo;ils [&hellip;]","og_url":"https:\/\/blog.unifr.ch\/engage\/sciences-de-lelectro-menager\/","og_site_name":"Engage&#039;","og_image":[{"width":1034,"height":404,"url":"https:\/\/blog.unifr.ch\/engage\/wp-content\/uploads\/2019\/09\/Capture-d\u2019e\u0301cran-2019-09-17-a\u0300-15.54.54.png","type":"image\/png"}],"twitter_card":"summary_large_image","schema":{"@context":"https:\/\/schema.org","@graph":[{"@type":"WebPage","@id":"https:\/\/blog.unifr.ch\/engage\/sciences-de-lelectro-menager\/","url":"https:\/\/blog.unifr.ch\/engage\/sciences-de-lelectro-menager\/","name":"Sciences de l'\u00e9lectro-m\u00e9nager - Engage&#039;","isPartOf":{"@id":"https:\/\/blog.unifr.ch\/engage\/#website"},"datePublished":"2019-10-10T08:49:41+00:00","breadcrumb":{"@id":"https:\/\/blog.unifr.ch\/engage\/sciences-de-lelectro-menager\/#breadcrumb"},"inLanguage":"fr-FR","potentialAction":[{"@type":"ReadAction","target":["https:\/\/blog.unifr.ch\/engage\/sciences-de-lelectro-menager\/"]}]},{"@type":"BreadcrumbList","@id":"https:\/\/blog.unifr.ch\/engage\/sciences-de-lelectro-menager\/#breadcrumb","itemListElement":[{"@type":"ListItem","position":1,"name":"Accueil","item":"https:\/\/blog.unifr.ch\/engage\/"},{"@type":"ListItem","position":2,"name":"Sciences de l&rsquo;\u00e9lectro-m\u00e9nager"}]},{"@type":"WebSite","@id":"https:\/\/blog.unifr.ch\/engage\/#website","url":"https:\/\/blog.unifr.ch\/engage\/","name":"Engage&#039;","description":"Un site utilisant HEP Multisite","potentialAction":[{"@type":"SearchAction","target":{"@type":"EntryPoint","urlTemplate":"https:\/\/blog.unifr.ch\/engage\/?s={search_term_string}"},"query-input":{"@type":"PropertyValueSpecification","valueRequired":true,"valueName":"search_term_string"}}],"inLanguage":"fr-FR"}]}},"_links":{"self":[{"href":"https:\/\/blog.unifr.ch\/engage\/wp-json\/wp\/v2\/pages\/160","targetHints":{"allow":["GET"]}}],"collection":[{"href":"https:\/\/blog.unifr.ch\/engage\/wp-json\/wp\/v2\/pages"}],"about":[{"href":"https:\/\/blog.unifr.ch\/engage\/wp-json\/wp\/v2\/types\/page"}],"author":[{"embeddable":true,"href":"https:\/\/blog.unifr.ch\/engage\/wp-json\/wp\/v2\/users\/4"}],"replies":[{"embeddable":true,"href":"https:\/\/blog.unifr.ch\/engage\/wp-json\/wp\/v2\/comments?post=160"}],"version-history":[{"count":1,"href":"https:\/\/blog.unifr.ch\/engage\/wp-json\/wp\/v2\/pages\/160\/revisions"}],"predecessor-version":[{"id":163,"href":"https:\/\/blog.unifr.ch\/engage\/wp-json\/wp\/v2\/pages\/160\/revisions\/163"}],"wp:attachment":[{"href":"https:\/\/blog.unifr.ch\/engage\/wp-json\/wp\/v2\/media?parent=160"}],"curies":[{"name":"wp","href":"https:\/\/api.w.org\/{rel}","templated":true}]}}