{"id":178,"date":"2019-10-10T11:17:41","date_gmt":"2019-10-10T09:17:41","guid":{"rendered":"https:\/\/blog.unifr.ch\/engage\/?page_id=178"},"modified":"2019-10-10T11:17:41","modified_gmt":"2019-10-10T09:17:41","slug":"crise-du-cacao","status":"publish","type":"page","link":"https:\/\/blog.unifr.ch\/engage\/crise-du-cacao\/","title":{"rendered":"Crise du cacao"},"content":{"rendered":"<p>Les europ\u00e9ens adorent le chocolat \u2013 ils consomment plus de la moiti\u00e9 de la production mondiale ! La mauvaise nouvelle est que nous sommes en train de manger plus de cacao que l\u2019on ne peut en produire et que bient\u00f4t le chocolat risque de devenir une marchandise exceptionnelle, malgr\u00e9 les efforts des paysans dans les pays producteurs pour satisfaire la demande. Dans cette activit\u00e9, les apprenants vont utiliser leurs connaissances sur la pollinisation pour analyser pourquoi les r\u00e9coltes de cacao sont en train de diminuer. Ils d\u00e9couvrent ensuite qui finance la recherche scientifique en participant \u00e0 une r\u00e9union fictive entre des investisseurs et des leveurs de fonds \u2013 seront-ils capables d\u2019arriver \u00e0 un accord o\u00f9 toutes les parties sont gagnantes ?<\/p>\n","protected":false},"excerpt":{"rendered":"<p>Les europ\u00e9ens adorent le chocolat \u2013 ils consomment plus de la moiti\u00e9 de la production mondiale ! La mauvaise nouvelle est que nous sommes en train de manger plus de cacao que l\u2019on ne peut en produire et que bient\u00f4t le chocolat risque de devenir une marchandise exceptionnelle, malgr\u00e9 les efforts des paysans dans les [&hellip;]<\/p>\n","protected":false},"author":4,"featured_media":0,"parent":0,"menu_order":0,"comment_status":"closed","ping_status":"closed","template":"","meta":{"_acf_changed":false,"footnotes":""},"class_list":["post-178","page","type-page","status-publish","hentry"],"acf":[],"yoast_head":"<!-- This site is optimized with the Yoast SEO plugin v25.6 - https:\/\/yoast.com\/wordpress\/plugins\/seo\/ -->\n<title>Crise du cacao - Engage&#039;<\/title>\n<meta name=\"robots\" content=\"index, follow, max-snippet:-1, max-image-preview:large, max-video-preview:-1\" \/>\n<link rel=\"canonical\" href=\"https:\/\/blog.unifr.ch\/engage\/crise-du-cacao\/\" \/>\n<meta property=\"og:locale\" content=\"fr_FR\" \/>\n<meta property=\"og:type\" content=\"article\" \/>\n<meta property=\"og:title\" content=\"Crise du cacao - Engage&#039;\" \/>\n<meta property=\"og:description\" content=\"Les europ\u00e9ens adorent le chocolat \u2013 ils consomment plus de la moiti\u00e9 de la production mondiale ! La mauvaise nouvelle est que nous sommes en train de manger plus de cacao que l\u2019on ne peut en produire et que bient\u00f4t le chocolat risque de devenir une marchandise exceptionnelle, malgr\u00e9 les efforts des paysans dans les [&hellip;]\" \/>\n<meta property=\"og:url\" content=\"https:\/\/blog.unifr.ch\/engage\/crise-du-cacao\/\" \/>\n<meta property=\"og:site_name\" content=\"Engage&#039;\" \/>\n<meta property=\"og:image\" content=\"https:\/\/blog.unifr.ch\/engage\/wp-content\/uploads\/2019\/09\/Capture-d\u2019e\u0301cran-2019-09-17-a\u0300-15.54.54.png\" \/>\n\t<meta property=\"og:image:width\" content=\"1034\" \/>\n\t<meta property=\"og:image:height\" content=\"404\" \/>\n\t<meta property=\"og:image:type\" content=\"image\/png\" \/>\n<meta name=\"twitter:card\" content=\"summary_large_image\" \/>\n<meta name=\"twitter:label1\" content=\"Dur\u00e9e de lecture estim\u00e9e\" \/>\n\t<meta name=\"twitter:data1\" content=\"1 minute\" \/>\n<script type=\"application\/ld+json\" class=\"yoast-schema-graph\">{\"@context\":\"https:\/\/schema.org\",\"@graph\":[{\"@type\":\"WebPage\",\"@id\":\"https:\/\/blog.unifr.ch\/engage\/crise-du-cacao\/\",\"url\":\"https:\/\/blog.unifr.ch\/engage\/crise-du-cacao\/\",\"name\":\"Crise du cacao - Engage&#039;\",\"isPartOf\":{\"@id\":\"https:\/\/blog.unifr.ch\/engage\/#website\"},\"datePublished\":\"2019-10-10T09:17:41+00:00\",\"breadcrumb\":{\"@id\":\"https:\/\/blog.unifr.ch\/engage\/crise-du-cacao\/#breadcrumb\"},\"inLanguage\":\"fr-FR\",\"potentialAction\":[{\"@type\":\"ReadAction\",\"target\":[\"https:\/\/blog.unifr.ch\/engage\/crise-du-cacao\/\"]}]},{\"@type\":\"BreadcrumbList\",\"@id\":\"https:\/\/blog.unifr.ch\/engage\/crise-du-cacao\/#breadcrumb\",\"itemListElement\":[{\"@type\":\"ListItem\",\"position\":1,\"name\":\"Accueil\",\"item\":\"https:\/\/blog.unifr.ch\/engage\/\"},{\"@type\":\"ListItem\",\"position\":2,\"name\":\"Crise du cacao\"}]},{\"@type\":\"WebSite\",\"@id\":\"https:\/\/blog.unifr.ch\/engage\/#website\",\"url\":\"https:\/\/blog.unifr.ch\/engage\/\",\"name\":\"Engage&#039;\",\"description\":\"Un site utilisant HEP Multisite\",\"potentialAction\":[{\"@type\":\"SearchAction\",\"target\":{\"@type\":\"EntryPoint\",\"urlTemplate\":\"https:\/\/blog.unifr.ch\/engage\/?s={search_term_string}\"},\"query-input\":{\"@type\":\"PropertyValueSpecification\",\"valueRequired\":true,\"valueName\":\"search_term_string\"}}],\"inLanguage\":\"fr-FR\"}]}<\/script>\n<!-- \/ Yoast SEO plugin. -->","yoast_head_json":{"title":"Crise du cacao - Engage&#039;","robots":{"index":"index","follow":"follow","max-snippet":"max-snippet:-1","max-image-preview":"max-image-preview:large","max-video-preview":"max-video-preview:-1"},"canonical":"https:\/\/blog.unifr.ch\/engage\/crise-du-cacao\/","og_locale":"fr_FR","og_type":"article","og_title":"Crise du cacao - Engage&#039;","og_description":"Les europ\u00e9ens adorent le chocolat \u2013 ils consomment plus de la moiti\u00e9 de la production mondiale ! La mauvaise nouvelle est que nous sommes en train de manger plus de cacao que l\u2019on ne peut en produire et que bient\u00f4t le chocolat risque de devenir une marchandise exceptionnelle, malgr\u00e9 les efforts des paysans dans les [&hellip;]","og_url":"https:\/\/blog.unifr.ch\/engage\/crise-du-cacao\/","og_site_name":"Engage&#039;","og_image":[{"width":1034,"height":404,"url":"https:\/\/blog.unifr.ch\/engage\/wp-content\/uploads\/2019\/09\/Capture-d\u2019e\u0301cran-2019-09-17-a\u0300-15.54.54.png","type":"image\/png"}],"twitter_card":"summary_large_image","twitter_misc":{"Dur\u00e9e de lecture estim\u00e9e":"1 minute"},"schema":{"@context":"https:\/\/schema.org","@graph":[{"@type":"WebPage","@id":"https:\/\/blog.unifr.ch\/engage\/crise-du-cacao\/","url":"https:\/\/blog.unifr.ch\/engage\/crise-du-cacao\/","name":"Crise du cacao - Engage&#039;","isPartOf":{"@id":"https:\/\/blog.unifr.ch\/engage\/#website"},"datePublished":"2019-10-10T09:17:41+00:00","breadcrumb":{"@id":"https:\/\/blog.unifr.ch\/engage\/crise-du-cacao\/#breadcrumb"},"inLanguage":"fr-FR","potentialAction":[{"@type":"ReadAction","target":["https:\/\/blog.unifr.ch\/engage\/crise-du-cacao\/"]}]},{"@type":"BreadcrumbList","@id":"https:\/\/blog.unifr.ch\/engage\/crise-du-cacao\/#breadcrumb","itemListElement":[{"@type":"ListItem","position":1,"name":"Accueil","item":"https:\/\/blog.unifr.ch\/engage\/"},{"@type":"ListItem","position":2,"name":"Crise du cacao"}]},{"@type":"WebSite","@id":"https:\/\/blog.unifr.ch\/engage\/#website","url":"https:\/\/blog.unifr.ch\/engage\/","name":"Engage&#039;","description":"Un site utilisant HEP Multisite","potentialAction":[{"@type":"SearchAction","target":{"@type":"EntryPoint","urlTemplate":"https:\/\/blog.unifr.ch\/engage\/?s={search_term_string}"},"query-input":{"@type":"PropertyValueSpecification","valueRequired":true,"valueName":"search_term_string"}}],"inLanguage":"fr-FR"}]}},"_links":{"self":[{"href":"https:\/\/blog.unifr.ch\/engage\/wp-json\/wp\/v2\/pages\/178","targetHints":{"allow":["GET"]}}],"collection":[{"href":"https:\/\/blog.unifr.ch\/engage\/wp-json\/wp\/v2\/pages"}],"about":[{"href":"https:\/\/blog.unifr.ch\/engage\/wp-json\/wp\/v2\/types\/page"}],"author":[{"embeddable":true,"href":"https:\/\/blog.unifr.ch\/engage\/wp-json\/wp\/v2\/users\/4"}],"replies":[{"embeddable":true,"href":"https:\/\/blog.unifr.ch\/engage\/wp-json\/wp\/v2\/comments?post=178"}],"version-history":[{"count":1,"href":"https:\/\/blog.unifr.ch\/engage\/wp-json\/wp\/v2\/pages\/178\/revisions"}],"predecessor-version":[{"id":181,"href":"https:\/\/blog.unifr.ch\/engage\/wp-json\/wp\/v2\/pages\/178\/revisions\/181"}],"wp:attachment":[{"href":"https:\/\/blog.unifr.ch\/engage\/wp-json\/wp\/v2\/media?parent=178"}],"curies":[{"name":"wp","href":"https:\/\/api.w.org\/{rel}","templated":true}]}}