{"id":183,"date":"2019-10-10T11:44:22","date_gmt":"2019-10-10T09:44:22","guid":{"rendered":"https:\/\/blog.unifr.ch\/engage\/?page_id=183"},"modified":"2019-10-10T11:46:23","modified_gmt":"2019-10-10T09:46:23","slug":"guerre-des-voitures","status":"publish","type":"page","link":"https:\/\/blog.unifr.ch\/engage\/guerre-des-voitures\/","title":{"rendered":"Guerre des voitures"},"content":{"rendered":"<p>Imagine-toi que nous sommes en 2020 et que les \u00e9tudiants d&rsquo;aujourd&rsquo;hui sont d\u00e9j\u00e0 en situation d&rsquo;acheter leur premi\u00e8re voiture. Suite \u00e0 l&rsquo;augmentation des \u00e9missions de dioxyde de carbone, d\u2019\u00e9normes aides financi\u00e8res sont offertes pour acheter des mod\u00e8les qui utilisent des \u00e9nergies renouvelables. Dans cette situation fictive, les stations-service fournissent du dihydrog\u00e8ne et du biodiesel et les points pour recharger les voitures \u00e9lectriques sont courants. Les \u00e9tudiants ont le choix : acheter une voiture \u00e9lectrique, qui fonctionne au dihydrog\u00e8ne ou au biodiesel. Mais quelle est la meilleure ? Les \u00e9tudiants comparent les options et d\u00e9finissent le meilleur des trois mod\u00e8les propos\u00e9s.<\/p>\n","protected":false},"excerpt":{"rendered":"<p>Imagine-toi que nous sommes en 2020 et que les \u00e9tudiants d&rsquo;aujourd&rsquo;hui sont d\u00e9j\u00e0 en situation d&rsquo;acheter leur premi\u00e8re voiture. Suite \u00e0 l&rsquo;augmentation des \u00e9missions de dioxyde de carbone, d\u2019\u00e9normes aides financi\u00e8res sont offertes pour acheter des mod\u00e8les qui utilisent des \u00e9nergies renouvelables. Dans cette situation fictive, les stations-service fournissent du dihydrog\u00e8ne et du biodiesel et [&hellip;]<\/p>\n","protected":false},"author":4,"featured_media":0,"parent":0,"menu_order":0,"comment_status":"closed","ping_status":"closed","template":"","meta":{"_acf_changed":false,"footnotes":""},"class_list":["post-183","page","type-page","status-publish","hentry"],"acf":[],"yoast_head":"<!-- This site is optimized with the Yoast SEO plugin v25.6 - https:\/\/yoast.com\/wordpress\/plugins\/seo\/ -->\n<title>Guerre des voitures - Engage&#039;<\/title>\n<meta name=\"robots\" content=\"index, follow, max-snippet:-1, max-image-preview:large, max-video-preview:-1\" \/>\n<link rel=\"canonical\" href=\"https:\/\/blog.unifr.ch\/engage\/guerre-des-voitures\/\" \/>\n<meta property=\"og:locale\" content=\"fr_FR\" \/>\n<meta property=\"og:type\" content=\"article\" \/>\n<meta property=\"og:title\" content=\"Guerre des voitures - Engage&#039;\" \/>\n<meta property=\"og:description\" content=\"Imagine-toi que nous sommes en 2020 et que les \u00e9tudiants d&rsquo;aujourd&rsquo;hui sont d\u00e9j\u00e0 en situation d&rsquo;acheter leur premi\u00e8re voiture. Suite \u00e0 l&rsquo;augmentation des \u00e9missions de dioxyde de carbone, d\u2019\u00e9normes aides financi\u00e8res sont offertes pour acheter des mod\u00e8les qui utilisent des \u00e9nergies renouvelables. Dans cette situation fictive, les stations-service fournissent du dihydrog\u00e8ne et du biodiesel et [&hellip;]\" \/>\n<meta property=\"og:url\" content=\"https:\/\/blog.unifr.ch\/engage\/guerre-des-voitures\/\" \/>\n<meta property=\"og:site_name\" content=\"Engage&#039;\" \/>\n<meta property=\"article:modified_time\" content=\"2019-10-10T09:46:23+00:00\" \/>\n<meta property=\"og:image\" content=\"https:\/\/blog.unifr.ch\/engage\/wp-content\/uploads\/2019\/09\/Capture-d\u2019e\u0301cran-2019-09-17-a\u0300-15.54.54.png\" \/>\n\t<meta property=\"og:image:width\" content=\"1034\" \/>\n\t<meta property=\"og:image:height\" content=\"404\" \/>\n\t<meta property=\"og:image:type\" content=\"image\/png\" \/>\n<meta name=\"twitter:card\" content=\"summary_large_image\" \/>\n<meta name=\"twitter:label1\" content=\"Dur\u00e9e de lecture estim\u00e9e\" \/>\n\t<meta name=\"twitter:data1\" content=\"1 minute\" \/>\n<script type=\"application\/ld+json\" class=\"yoast-schema-graph\">{\"@context\":\"https:\/\/schema.org\",\"@graph\":[{\"@type\":\"WebPage\",\"@id\":\"https:\/\/blog.unifr.ch\/engage\/guerre-des-voitures\/\",\"url\":\"https:\/\/blog.unifr.ch\/engage\/guerre-des-voitures\/\",\"name\":\"Guerre des voitures - Engage&#039;\",\"isPartOf\":{\"@id\":\"https:\/\/blog.unifr.ch\/engage\/#website\"},\"datePublished\":\"2019-10-10T09:44:22+00:00\",\"dateModified\":\"2019-10-10T09:46:23+00:00\",\"breadcrumb\":{\"@id\":\"https:\/\/blog.unifr.ch\/engage\/guerre-des-voitures\/#breadcrumb\"},\"inLanguage\":\"fr-FR\",\"potentialAction\":[{\"@type\":\"ReadAction\",\"target\":[\"https:\/\/blog.unifr.ch\/engage\/guerre-des-voitures\/\"]}]},{\"@type\":\"BreadcrumbList\",\"@id\":\"https:\/\/blog.unifr.ch\/engage\/guerre-des-voitures\/#breadcrumb\",\"itemListElement\":[{\"@type\":\"ListItem\",\"position\":1,\"name\":\"Accueil\",\"item\":\"https:\/\/blog.unifr.ch\/engage\/\"},{\"@type\":\"ListItem\",\"position\":2,\"name\":\"Guerre des voitures\"}]},{\"@type\":\"WebSite\",\"@id\":\"https:\/\/blog.unifr.ch\/engage\/#website\",\"url\":\"https:\/\/blog.unifr.ch\/engage\/\",\"name\":\"Engage&#039;\",\"description\":\"Un site utilisant HEP Multisite\",\"potentialAction\":[{\"@type\":\"SearchAction\",\"target\":{\"@type\":\"EntryPoint\",\"urlTemplate\":\"https:\/\/blog.unifr.ch\/engage\/?s={search_term_string}\"},\"query-input\":{\"@type\":\"PropertyValueSpecification\",\"valueRequired\":true,\"valueName\":\"search_term_string\"}}],\"inLanguage\":\"fr-FR\"}]}<\/script>\n<!-- \/ Yoast SEO plugin. -->","yoast_head_json":{"title":"Guerre des voitures - Engage&#039;","robots":{"index":"index","follow":"follow","max-snippet":"max-snippet:-1","max-image-preview":"max-image-preview:large","max-video-preview":"max-video-preview:-1"},"canonical":"https:\/\/blog.unifr.ch\/engage\/guerre-des-voitures\/","og_locale":"fr_FR","og_type":"article","og_title":"Guerre des voitures - Engage&#039;","og_description":"Imagine-toi que nous sommes en 2020 et que les \u00e9tudiants d&rsquo;aujourd&rsquo;hui sont d\u00e9j\u00e0 en situation d&rsquo;acheter leur premi\u00e8re voiture. Suite \u00e0 l&rsquo;augmentation des \u00e9missions de dioxyde de carbone, d\u2019\u00e9normes aides financi\u00e8res sont offertes pour acheter des mod\u00e8les qui utilisent des \u00e9nergies renouvelables. Dans cette situation fictive, les stations-service fournissent du dihydrog\u00e8ne et du biodiesel et [&hellip;]","og_url":"https:\/\/blog.unifr.ch\/engage\/guerre-des-voitures\/","og_site_name":"Engage&#039;","article_modified_time":"2019-10-10T09:46:23+00:00","og_image":[{"width":1034,"height":404,"url":"https:\/\/blog.unifr.ch\/engage\/wp-content\/uploads\/2019\/09\/Capture-d\u2019e\u0301cran-2019-09-17-a\u0300-15.54.54.png","type":"image\/png"}],"twitter_card":"summary_large_image","twitter_misc":{"Dur\u00e9e de lecture estim\u00e9e":"1 minute"},"schema":{"@context":"https:\/\/schema.org","@graph":[{"@type":"WebPage","@id":"https:\/\/blog.unifr.ch\/engage\/guerre-des-voitures\/","url":"https:\/\/blog.unifr.ch\/engage\/guerre-des-voitures\/","name":"Guerre des voitures - Engage&#039;","isPartOf":{"@id":"https:\/\/blog.unifr.ch\/engage\/#website"},"datePublished":"2019-10-10T09:44:22+00:00","dateModified":"2019-10-10T09:46:23+00:00","breadcrumb":{"@id":"https:\/\/blog.unifr.ch\/engage\/guerre-des-voitures\/#breadcrumb"},"inLanguage":"fr-FR","potentialAction":[{"@type":"ReadAction","target":["https:\/\/blog.unifr.ch\/engage\/guerre-des-voitures\/"]}]},{"@type":"BreadcrumbList","@id":"https:\/\/blog.unifr.ch\/engage\/guerre-des-voitures\/#breadcrumb","itemListElement":[{"@type":"ListItem","position":1,"name":"Accueil","item":"https:\/\/blog.unifr.ch\/engage\/"},{"@type":"ListItem","position":2,"name":"Guerre des voitures"}]},{"@type":"WebSite","@id":"https:\/\/blog.unifr.ch\/engage\/#website","url":"https:\/\/blog.unifr.ch\/engage\/","name":"Engage&#039;","description":"Un site utilisant HEP Multisite","potentialAction":[{"@type":"SearchAction","target":{"@type":"EntryPoint","urlTemplate":"https:\/\/blog.unifr.ch\/engage\/?s={search_term_string}"},"query-input":{"@type":"PropertyValueSpecification","valueRequired":true,"valueName":"search_term_string"}}],"inLanguage":"fr-FR"}]}},"_links":{"self":[{"href":"https:\/\/blog.unifr.ch\/engage\/wp-json\/wp\/v2\/pages\/183","targetHints":{"allow":["GET"]}}],"collection":[{"href":"https:\/\/blog.unifr.ch\/engage\/wp-json\/wp\/v2\/pages"}],"about":[{"href":"https:\/\/blog.unifr.ch\/engage\/wp-json\/wp\/v2\/types\/page"}],"author":[{"embeddable":true,"href":"https:\/\/blog.unifr.ch\/engage\/wp-json\/wp\/v2\/users\/4"}],"replies":[{"embeddable":true,"href":"https:\/\/blog.unifr.ch\/engage\/wp-json\/wp\/v2\/comments?post=183"}],"version-history":[{"count":2,"href":"https:\/\/blog.unifr.ch\/engage\/wp-json\/wp\/v2\/pages\/183\/revisions"}],"predecessor-version":[{"id":188,"href":"https:\/\/blog.unifr.ch\/engage\/wp-json\/wp\/v2\/pages\/183\/revisions\/188"}],"wp:attachment":[{"href":"https:\/\/blog.unifr.ch\/engage\/wp-json\/wp\/v2\/media?parent=183"}],"curies":[{"name":"wp","href":"https:\/\/api.w.org\/{rel}","templated":true}]}}