{"id":20,"date":"2019-09-17T15:52:06","date_gmt":"2019-09-17T13:52:06","guid":{"rendered":"https:\/\/blog.unifr.ch\/engage\/?page_id=20"},"modified":"2020-06-02T16:05:19","modified_gmt":"2020-06-02T14:05:19","slug":"bienvenue","status":"publish","type":"page","link":"https:\/\/blog.unifr.ch\/engage\/","title":{"rendered":"BIENVENUE"},"content":{"rendered":"<p>ENGAGE propose des le\u00e7ons \u00ab\u00a0cl\u00e9-en-main\u00a0\u00bb pour les \u00e9l\u00e8ves de la 8H au d\u00e9but du secondaire II, pour les classes de sciences et g\u00e9ographie. Les th\u00e9matiques, interdisciplinaires, sont bas\u00e9es sur des \u00e9l\u00e9ments d&rsquo;actualit\u00e9. Elles poussent les \u00e9l\u00e8ves \u00e0 d\u00e9velopper des comp\u00e9tences de r\u00e9solution de probl\u00e8me, de d\u00e9bat, de vision syst\u00e8mique, tout en acqu\u00e9rant les connaissances n\u00e9cessaires pour aborder les questions \u00e9cologiques, sociales, \u00e9conomiques et politiques actuelles. Issues d&rsquo;une collaboration dans le cadre d&rsquo;un projet europ\u00e9en, elles sont parfaitement adapt\u00e9es aux objectifs du PER.<\/p>\n","protected":false},"excerpt":{"rendered":"<p>ENGAGE propose des le\u00e7ons \u00ab\u00a0cl\u00e9-en-main\u00a0\u00bb pour les \u00e9l\u00e8ves de la 8H au d\u00e9but du secondaire II, pour les classes de sciences et g\u00e9ographie. Les th\u00e9matiques, interdisciplinaires, sont bas\u00e9es sur des \u00e9l\u00e9ments d&rsquo;actualit\u00e9. Elles poussent les \u00e9l\u00e8ves \u00e0 d\u00e9velopper des comp\u00e9tences de r\u00e9solution de probl\u00e8me, de d\u00e9bat, de vision syst\u00e8mique, tout en acqu\u00e9rant les connaissances n\u00e9cessaires [&hellip;]<\/p>\n","protected":false},"author":4,"featured_media":0,"parent":0,"menu_order":0,"comment_status":"closed","ping_status":"closed","template":"","meta":{"_acf_changed":false,"footnotes":""},"class_list":["post-20","page","type-page","status-publish","hentry"],"acf":[],"yoast_head":"<!-- This site is optimized with the Yoast SEO plugin v25.6 - https:\/\/yoast.com\/wordpress\/plugins\/seo\/ -->\n<title>Engage<\/title>\n<meta name=\"description\" content=\"Le\u00e7ons \u00ab cl\u00e9-en-main \u00bb pour les \u00e9l\u00e8ves de la 8H au d\u00e9but du secondaire II, pour les classes de sciences et g\u00e9ographie.\" \/>\n<meta name=\"robots\" content=\"index, follow, max-snippet:-1, max-image-preview:large, max-video-preview:-1\" \/>\n<link rel=\"canonical\" href=\"https:\/\/blog.unifr.ch\/engage\/\" \/>\n<meta property=\"og:locale\" content=\"fr_FR\" \/>\n<meta property=\"og:type\" content=\"article\" \/>\n<meta property=\"og:title\" content=\"Engage\" \/>\n<meta property=\"og:description\" content=\"Le\u00e7ons \u00ab cl\u00e9-en-main \u00bb pour les \u00e9l\u00e8ves de la 8H au d\u00e9but du secondaire II, pour les classes de sciences et g\u00e9ographie.\" \/>\n<meta property=\"og:url\" content=\"https:\/\/blog.unifr.ch\/engage\/\" \/>\n<meta property=\"og:site_name\" content=\"Engage&#039;\" \/>\n<meta property=\"article:modified_time\" content=\"2020-06-02T14:05:19+00:00\" \/>\n<meta property=\"og:image\" content=\"https:\/\/blog.unifr.ch\/engage\/wp-content\/uploads\/sites\/8\/2019\/10\/logo_engage_400x185.jpg\" \/>\n\t<meta property=\"og:image:width\" content=\"400\" \/>\n\t<meta property=\"og:image:height\" content=\"185\" \/>\n\t<meta property=\"og:image:type\" content=\"image\/jpeg\" \/>\n<meta name=\"twitter:card\" content=\"summary_large_image\" \/>\n<meta name=\"twitter:label1\" content=\"Dur\u00e9e de lecture estim\u00e9e\" \/>\n\t<meta name=\"twitter:data1\" content=\"1 minute\" \/>\n<script type=\"application\/ld+json\" class=\"yoast-schema-graph\">{\"@context\":\"https:\/\/schema.org\",\"@graph\":[{\"@type\":\"WebPage\",\"@id\":\"https:\/\/blog.unifr.ch\/engage\/\",\"url\":\"https:\/\/blog.unifr.ch\/engage\/\",\"name\":\"Engage\",\"isPartOf\":{\"@id\":\"https:\/\/blog.unifr.ch\/engage\/#website\"},\"datePublished\":\"2019-09-17T13:52:06+00:00\",\"dateModified\":\"2020-06-02T14:05:19+00:00\",\"description\":\"Le\u00e7ons \u00ab cl\u00e9-en-main \u00bb pour les \u00e9l\u00e8ves de la 8H au d\u00e9but du secondaire II, pour les classes de sciences et g\u00e9ographie.\",\"breadcrumb\":{\"@id\":\"https:\/\/blog.unifr.ch\/engage\/#breadcrumb\"},\"inLanguage\":\"fr-FR\",\"potentialAction\":[{\"@type\":\"ReadAction\",\"target\":[\"https:\/\/blog.unifr.ch\/engage\/\"]}]},{\"@type\":\"BreadcrumbList\",\"@id\":\"https:\/\/blog.unifr.ch\/engage\/#breadcrumb\",\"itemListElement\":[{\"@type\":\"ListItem\",\"position\":1,\"name\":\"Accueil\",\"item\":\"https:\/\/blog.unifr.ch\/engage\/\"},{\"@type\":\"ListItem\",\"position\":2,\"name\":\"BIENVENUE\"}]},{\"@type\":\"WebSite\",\"@id\":\"https:\/\/blog.unifr.ch\/engage\/#website\",\"url\":\"https:\/\/blog.unifr.ch\/engage\/\",\"name\":\"Engage&#039;\",\"description\":\"Un site utilisant HEP Multisite\",\"potentialAction\":[{\"@type\":\"SearchAction\",\"target\":{\"@type\":\"EntryPoint\",\"urlTemplate\":\"https:\/\/blog.unifr.ch\/engage\/?s={search_term_string}\"},\"query-input\":{\"@type\":\"PropertyValueSpecification\",\"valueRequired\":true,\"valueName\":\"search_term_string\"}}],\"inLanguage\":\"fr-FR\"}]}<\/script>\n<!-- \/ Yoast SEO plugin. -->","yoast_head_json":{"title":"Engage","description":"Le\u00e7ons \u00ab cl\u00e9-en-main \u00bb pour les \u00e9l\u00e8ves de la 8H au d\u00e9but du secondaire II, pour les classes de sciences et g\u00e9ographie.","robots":{"index":"index","follow":"follow","max-snippet":"max-snippet:-1","max-image-preview":"max-image-preview:large","max-video-preview":"max-video-preview:-1"},"canonical":"https:\/\/blog.unifr.ch\/engage\/","og_locale":"fr_FR","og_type":"article","og_title":"Engage","og_description":"Le\u00e7ons \u00ab cl\u00e9-en-main \u00bb pour les \u00e9l\u00e8ves de la 8H au d\u00e9but du secondaire II, pour les classes de sciences et g\u00e9ographie.","og_url":"https:\/\/blog.unifr.ch\/engage\/","og_site_name":"Engage&#039;","article_modified_time":"2020-06-02T14:05:19+00:00","og_image":[{"width":400,"height":185,"url":"https:\/\/blog.unifr.ch\/engage\/wp-content\/uploads\/sites\/8\/2019\/10\/logo_engage_400x185.jpg","type":"image\/jpeg"}],"twitter_card":"summary_large_image","twitter_misc":{"Dur\u00e9e de lecture estim\u00e9e":"1 minute"},"schema":{"@context":"https:\/\/schema.org","@graph":[{"@type":"WebPage","@id":"https:\/\/blog.unifr.ch\/engage\/","url":"https:\/\/blog.unifr.ch\/engage\/","name":"Engage","isPartOf":{"@id":"https:\/\/blog.unifr.ch\/engage\/#website"},"datePublished":"2019-09-17T13:52:06+00:00","dateModified":"2020-06-02T14:05:19+00:00","description":"Le\u00e7ons \u00ab cl\u00e9-en-main \u00bb pour les \u00e9l\u00e8ves de la 8H au d\u00e9but du secondaire II, pour les classes de sciences et g\u00e9ographie.","breadcrumb":{"@id":"https:\/\/blog.unifr.ch\/engage\/#breadcrumb"},"inLanguage":"fr-FR","potentialAction":[{"@type":"ReadAction","target":["https:\/\/blog.unifr.ch\/engage\/"]}]},{"@type":"BreadcrumbList","@id":"https:\/\/blog.unifr.ch\/engage\/#breadcrumb","itemListElement":[{"@type":"ListItem","position":1,"name":"Accueil","item":"https:\/\/blog.unifr.ch\/engage\/"},{"@type":"ListItem","position":2,"name":"BIENVENUE"}]},{"@type":"WebSite","@id":"https:\/\/blog.unifr.ch\/engage\/#website","url":"https:\/\/blog.unifr.ch\/engage\/","name":"Engage&#039;","description":"Un site utilisant HEP Multisite","potentialAction":[{"@type":"SearchAction","target":{"@type":"EntryPoint","urlTemplate":"https:\/\/blog.unifr.ch\/engage\/?s={search_term_string}"},"query-input":{"@type":"PropertyValueSpecification","valueRequired":true,"valueName":"search_term_string"}}],"inLanguage":"fr-FR"}]}},"_links":{"self":[{"href":"https:\/\/blog.unifr.ch\/engage\/wp-json\/wp\/v2\/pages\/20","targetHints":{"allow":["GET"]}}],"collection":[{"href":"https:\/\/blog.unifr.ch\/engage\/wp-json\/wp\/v2\/pages"}],"about":[{"href":"https:\/\/blog.unifr.ch\/engage\/wp-json\/wp\/v2\/types\/page"}],"author":[{"embeddable":true,"href":"https:\/\/blog.unifr.ch\/engage\/wp-json\/wp\/v2\/users\/4"}],"replies":[{"embeddable":true,"href":"https:\/\/blog.unifr.ch\/engage\/wp-json\/wp\/v2\/comments?post=20"}],"version-history":[{"count":29,"href":"https:\/\/blog.unifr.ch\/engage\/wp-json\/wp\/v2\/pages\/20\/revisions"}],"predecessor-version":[{"id":328,"href":"https:\/\/blog.unifr.ch\/engage\/wp-json\/wp\/v2\/pages\/20\/revisions\/328"}],"wp:attachment":[{"href":"https:\/\/blog.unifr.ch\/engage\/wp-json\/wp\/v2\/media?parent=20"}],"curies":[{"name":"wp","href":"https:\/\/api.w.org\/{rel}","templated":true}]}}