{"id":251,"date":"2019-11-05T14:48:22","date_gmt":"2019-11-05T13:48:22","guid":{"rendered":"https:\/\/blog.unifr.ch\/engage\/?page_id=251"},"modified":"2019-11-05T14:48:22","modified_gmt":"2019-11-05T13:48:22","slug":"routes-solaires","status":"publish","type":"page","link":"https:\/\/blog.unifr.ch\/engage\/routes-solaires\/","title":{"rendered":"Routes solaires"},"content":{"rendered":"<p>Un site web de financement participatif a r\u00e9cemment lev\u00e9 plus de deux millions de dollars pour financer des routes recouvertes de panneaux solaires. Ces routes, affirment les d\u00e9veloppeurs, resteront sans neige, et, sur simple pression d\u2019un bouton, pourront \u00eatre transform\u00e9es en parkings ou m\u00eame en terrains de sport. Dans cette activit\u00e9, les apprenants questionneront l\u2019int\u00e9r\u00eat du financement des routes solaires. Ils \u00e9tudieront les d\u00e9clarations des d\u00e9veloppeurs en raisonnant \u00e0 partir de preuves et appliqueront ce qu&rsquo;ils savent sur la production d&rsquo;\u00e9lectricit\u00e9 dans les cellules photovolta\u00efques, afin de prendre une d\u00e9cision.<\/p>\n<p>Mat\u00e9riel pour 1 le\u00e7on.<\/p>\n","protected":false},"excerpt":{"rendered":"<p>Un site web de financement participatif a r\u00e9cemment lev\u00e9 plus de deux millions de dollars pour financer des routes recouvertes de panneaux solaires. Ces routes, affirment les d\u00e9veloppeurs, resteront sans neige, et, sur simple pression d\u2019un bouton, pourront \u00eatre transform\u00e9es en parkings ou m\u00eame en terrains de sport. Dans cette activit\u00e9, les apprenants questionneront l\u2019int\u00e9r\u00eat [&hellip;]<\/p>\n","protected":false},"author":4,"featured_media":0,"parent":0,"menu_order":0,"comment_status":"closed","ping_status":"closed","template":"","meta":{"_acf_changed":false,"footnotes":""},"class_list":["post-251","page","type-page","status-publish","hentry"],"acf":[],"yoast_head":"<!-- This site is optimized with the Yoast SEO plugin v25.6 - https:\/\/yoast.com\/wordpress\/plugins\/seo\/ -->\n<title>Routes solaires - Engage&#039;<\/title>\n<meta name=\"robots\" content=\"index, follow, max-snippet:-1, max-image-preview:large, max-video-preview:-1\" \/>\n<link rel=\"canonical\" href=\"https:\/\/blog.unifr.ch\/engage\/routes-solaires\/\" \/>\n<meta property=\"og:locale\" content=\"fr_FR\" \/>\n<meta property=\"og:type\" content=\"article\" \/>\n<meta property=\"og:title\" content=\"Routes solaires - Engage&#039;\" \/>\n<meta property=\"og:description\" content=\"Un site web de financement participatif a r\u00e9cemment lev\u00e9 plus de deux millions de dollars pour financer des routes recouvertes de panneaux solaires. Ces routes, affirment les d\u00e9veloppeurs, resteront sans neige, et, sur simple pression d\u2019un bouton, pourront \u00eatre transform\u00e9es en parkings ou m\u00eame en terrains de sport. Dans cette activit\u00e9, les apprenants questionneront l\u2019int\u00e9r\u00eat [&hellip;]\" \/>\n<meta property=\"og:url\" content=\"https:\/\/blog.unifr.ch\/engage\/routes-solaires\/\" \/>\n<meta property=\"og:site_name\" content=\"Engage&#039;\" \/>\n<meta property=\"og:image\" content=\"https:\/\/blog.unifr.ch\/engage\/wp-content\/uploads\/2019\/09\/Capture-d\u2019e\u0301cran-2019-09-17-a\u0300-15.54.54.png\" \/>\n\t<meta property=\"og:image:width\" content=\"1034\" \/>\n\t<meta property=\"og:image:height\" content=\"404\" \/>\n\t<meta property=\"og:image:type\" content=\"image\/png\" \/>\n<meta name=\"twitter:card\" content=\"summary_large_image\" \/>\n<meta name=\"twitter:label1\" content=\"Dur\u00e9e de lecture estim\u00e9e\" \/>\n\t<meta name=\"twitter:data1\" content=\"1 minute\" \/>\n<script type=\"application\/ld+json\" class=\"yoast-schema-graph\">{\"@context\":\"https:\/\/schema.org\",\"@graph\":[{\"@type\":\"WebPage\",\"@id\":\"https:\/\/blog.unifr.ch\/engage\/routes-solaires\/\",\"url\":\"https:\/\/blog.unifr.ch\/engage\/routes-solaires\/\",\"name\":\"Routes solaires - Engage&#039;\",\"isPartOf\":{\"@id\":\"https:\/\/blog.unifr.ch\/engage\/#website\"},\"datePublished\":\"2019-11-05T13:48:22+00:00\",\"breadcrumb\":{\"@id\":\"https:\/\/blog.unifr.ch\/engage\/routes-solaires\/#breadcrumb\"},\"inLanguage\":\"fr-FR\",\"potentialAction\":[{\"@type\":\"ReadAction\",\"target\":[\"https:\/\/blog.unifr.ch\/engage\/routes-solaires\/\"]}]},{\"@type\":\"BreadcrumbList\",\"@id\":\"https:\/\/blog.unifr.ch\/engage\/routes-solaires\/#breadcrumb\",\"itemListElement\":[{\"@type\":\"ListItem\",\"position\":1,\"name\":\"Accueil\",\"item\":\"https:\/\/blog.unifr.ch\/engage\/\"},{\"@type\":\"ListItem\",\"position\":2,\"name\":\"Routes solaires\"}]},{\"@type\":\"WebSite\",\"@id\":\"https:\/\/blog.unifr.ch\/engage\/#website\",\"url\":\"https:\/\/blog.unifr.ch\/engage\/\",\"name\":\"Engage&#039;\",\"description\":\"Un site utilisant HEP Multisite\",\"potentialAction\":[{\"@type\":\"SearchAction\",\"target\":{\"@type\":\"EntryPoint\",\"urlTemplate\":\"https:\/\/blog.unifr.ch\/engage\/?s={search_term_string}\"},\"query-input\":{\"@type\":\"PropertyValueSpecification\",\"valueRequired\":true,\"valueName\":\"search_term_string\"}}],\"inLanguage\":\"fr-FR\"}]}<\/script>\n<!-- \/ Yoast SEO plugin. -->","yoast_head_json":{"title":"Routes solaires - Engage&#039;","robots":{"index":"index","follow":"follow","max-snippet":"max-snippet:-1","max-image-preview":"max-image-preview:large","max-video-preview":"max-video-preview:-1"},"canonical":"https:\/\/blog.unifr.ch\/engage\/routes-solaires\/","og_locale":"fr_FR","og_type":"article","og_title":"Routes solaires - Engage&#039;","og_description":"Un site web de financement participatif a r\u00e9cemment lev\u00e9 plus de deux millions de dollars pour financer des routes recouvertes de panneaux solaires. Ces routes, affirment les d\u00e9veloppeurs, resteront sans neige, et, sur simple pression d\u2019un bouton, pourront \u00eatre transform\u00e9es en parkings ou m\u00eame en terrains de sport. Dans cette activit\u00e9, les apprenants questionneront l\u2019int\u00e9r\u00eat [&hellip;]","og_url":"https:\/\/blog.unifr.ch\/engage\/routes-solaires\/","og_site_name":"Engage&#039;","og_image":[{"width":1034,"height":404,"url":"https:\/\/blog.unifr.ch\/engage\/wp-content\/uploads\/2019\/09\/Capture-d\u2019e\u0301cran-2019-09-17-a\u0300-15.54.54.png","type":"image\/png"}],"twitter_card":"summary_large_image","twitter_misc":{"Dur\u00e9e de lecture estim\u00e9e":"1 minute"},"schema":{"@context":"https:\/\/schema.org","@graph":[{"@type":"WebPage","@id":"https:\/\/blog.unifr.ch\/engage\/routes-solaires\/","url":"https:\/\/blog.unifr.ch\/engage\/routes-solaires\/","name":"Routes solaires - Engage&#039;","isPartOf":{"@id":"https:\/\/blog.unifr.ch\/engage\/#website"},"datePublished":"2019-11-05T13:48:22+00:00","breadcrumb":{"@id":"https:\/\/blog.unifr.ch\/engage\/routes-solaires\/#breadcrumb"},"inLanguage":"fr-FR","potentialAction":[{"@type":"ReadAction","target":["https:\/\/blog.unifr.ch\/engage\/routes-solaires\/"]}]},{"@type":"BreadcrumbList","@id":"https:\/\/blog.unifr.ch\/engage\/routes-solaires\/#breadcrumb","itemListElement":[{"@type":"ListItem","position":1,"name":"Accueil","item":"https:\/\/blog.unifr.ch\/engage\/"},{"@type":"ListItem","position":2,"name":"Routes solaires"}]},{"@type":"WebSite","@id":"https:\/\/blog.unifr.ch\/engage\/#website","url":"https:\/\/blog.unifr.ch\/engage\/","name":"Engage&#039;","description":"Un site utilisant HEP Multisite","potentialAction":[{"@type":"SearchAction","target":{"@type":"EntryPoint","urlTemplate":"https:\/\/blog.unifr.ch\/engage\/?s={search_term_string}"},"query-input":{"@type":"PropertyValueSpecification","valueRequired":true,"valueName":"search_term_string"}}],"inLanguage":"fr-FR"}]}},"_links":{"self":[{"href":"https:\/\/blog.unifr.ch\/engage\/wp-json\/wp\/v2\/pages\/251","targetHints":{"allow":["GET"]}}],"collection":[{"href":"https:\/\/blog.unifr.ch\/engage\/wp-json\/wp\/v2\/pages"}],"about":[{"href":"https:\/\/blog.unifr.ch\/engage\/wp-json\/wp\/v2\/types\/page"}],"author":[{"embeddable":true,"href":"https:\/\/blog.unifr.ch\/engage\/wp-json\/wp\/v2\/users\/4"}],"replies":[{"embeddable":true,"href":"https:\/\/blog.unifr.ch\/engage\/wp-json\/wp\/v2\/comments?post=251"}],"version-history":[{"count":1,"href":"https:\/\/blog.unifr.ch\/engage\/wp-json\/wp\/v2\/pages\/251\/revisions"}],"predecessor-version":[{"id":254,"href":"https:\/\/blog.unifr.ch\/engage\/wp-json\/wp\/v2\/pages\/251\/revisions\/254"}],"wp:attachment":[{"href":"https:\/\/blog.unifr.ch\/engage\/wp-json\/wp\/v2\/media?parent=251"}],"curies":[{"name":"wp","href":"https:\/\/api.w.org\/{rel}","templated":true}]}}