{"id":259,"date":"2019-11-05T14:57:07","date_gmt":"2019-11-05T13:57:07","guid":{"rendered":"https:\/\/blog.unifr.ch\/engage\/?page_id=259"},"modified":"2019-11-05T14:57:07","modified_gmt":"2019-11-05T13:57:07","slug":"vie-sur-encelade","status":"publish","type":"page","link":"https:\/\/blog.unifr.ch\/engage\/vie-sur-encelade\/","title":{"rendered":"Vie sur Encelade"},"content":{"rendered":"<p>Des preuves obtenues par Cassini, une sonde spatiale automatique, sugg\u00e8rent que des oc\u00e9ans d\u2019eau chaude existent sur une lune glac\u00e9e en orbite autour de Saturne, Encelade. Est-ce que ces oc\u00e9ans peuvent abriter une forme de vie extraterrestre\u00a0? Dans cette activit\u00e9, les apprenants appliqueront leurs connaissances en mati\u00e8re de comportement de l\u2019eau dans son \u00e9tat liquide et solide, afin d\u2019\u00e9valuer la pertinence de preuves pour \u00e9tayer ou r\u00e9futer la pr\u00e9sence d\u2019eau liquide sur Encelade. Ensuite, ils d\u00e9cideront si cela vaut la peine d\u2019envoyer une seconde sonde spatiale pour rechercher la pr\u00e9sence de vie extraterrestre sur cette lune glac\u00e9e.<\/p>\n<p>Mat\u00e9riel pour 1 le\u00e7on.<\/p>\n","protected":false},"excerpt":{"rendered":"<p>Des preuves obtenues par Cassini, une sonde spatiale automatique, sugg\u00e8rent que des oc\u00e9ans d\u2019eau chaude existent sur une lune glac\u00e9e en orbite autour de Saturne, Encelade. Est-ce que ces oc\u00e9ans peuvent abriter une forme de vie extraterrestre\u00a0? Dans cette activit\u00e9, les apprenants appliqueront leurs connaissances en mati\u00e8re de comportement de l\u2019eau dans son \u00e9tat liquide [&hellip;]<\/p>\n","protected":false},"author":4,"featured_media":0,"parent":0,"menu_order":0,"comment_status":"closed","ping_status":"closed","template":"","meta":{"_acf_changed":false,"footnotes":""},"class_list":["post-259","page","type-page","status-publish","hentry"],"acf":[],"yoast_head":"<!-- This site is optimized with the Yoast SEO plugin v25.6 - https:\/\/yoast.com\/wordpress\/plugins\/seo\/ -->\n<title>Vie sur Encelade - Engage&#039;<\/title>\n<meta name=\"robots\" content=\"index, follow, max-snippet:-1, max-image-preview:large, max-video-preview:-1\" \/>\n<link rel=\"canonical\" href=\"https:\/\/blog.unifr.ch\/engage\/vie-sur-encelade\/\" \/>\n<meta property=\"og:locale\" content=\"fr_FR\" \/>\n<meta property=\"og:type\" content=\"article\" \/>\n<meta property=\"og:title\" content=\"Vie sur Encelade - Engage&#039;\" \/>\n<meta property=\"og:description\" content=\"Des preuves obtenues par Cassini, une sonde spatiale automatique, sugg\u00e8rent que des oc\u00e9ans d\u2019eau chaude existent sur une lune glac\u00e9e en orbite autour de Saturne, Encelade. Est-ce que ces oc\u00e9ans peuvent abriter une forme de vie extraterrestre\u00a0? Dans cette activit\u00e9, les apprenants appliqueront leurs connaissances en mati\u00e8re de comportement de l\u2019eau dans son \u00e9tat liquide [&hellip;]\" \/>\n<meta property=\"og:url\" content=\"https:\/\/blog.unifr.ch\/engage\/vie-sur-encelade\/\" \/>\n<meta property=\"og:site_name\" content=\"Engage&#039;\" \/>\n<meta property=\"og:image\" content=\"https:\/\/blog.unifr.ch\/engage\/wp-content\/uploads\/2019\/09\/Capture-d\u2019e\u0301cran-2019-09-17-a\u0300-15.54.54.png\" \/>\n\t<meta property=\"og:image:width\" content=\"1034\" \/>\n\t<meta property=\"og:image:height\" content=\"404\" \/>\n\t<meta property=\"og:image:type\" content=\"image\/png\" \/>\n<meta name=\"twitter:card\" content=\"summary_large_image\" \/>\n<meta name=\"twitter:label1\" content=\"Dur\u00e9e de lecture estim\u00e9e\" \/>\n\t<meta name=\"twitter:data1\" content=\"1 minute\" \/>\n<script type=\"application\/ld+json\" class=\"yoast-schema-graph\">{\"@context\":\"https:\/\/schema.org\",\"@graph\":[{\"@type\":\"WebPage\",\"@id\":\"https:\/\/blog.unifr.ch\/engage\/vie-sur-encelade\/\",\"url\":\"https:\/\/blog.unifr.ch\/engage\/vie-sur-encelade\/\",\"name\":\"Vie sur Encelade - Engage&#039;\",\"isPartOf\":{\"@id\":\"https:\/\/blog.unifr.ch\/engage\/#website\"},\"datePublished\":\"2019-11-05T13:57:07+00:00\",\"breadcrumb\":{\"@id\":\"https:\/\/blog.unifr.ch\/engage\/vie-sur-encelade\/#breadcrumb\"},\"inLanguage\":\"fr-FR\",\"potentialAction\":[{\"@type\":\"ReadAction\",\"target\":[\"https:\/\/blog.unifr.ch\/engage\/vie-sur-encelade\/\"]}]},{\"@type\":\"BreadcrumbList\",\"@id\":\"https:\/\/blog.unifr.ch\/engage\/vie-sur-encelade\/#breadcrumb\",\"itemListElement\":[{\"@type\":\"ListItem\",\"position\":1,\"name\":\"Accueil\",\"item\":\"https:\/\/blog.unifr.ch\/engage\/\"},{\"@type\":\"ListItem\",\"position\":2,\"name\":\"Vie sur Encelade\"}]},{\"@type\":\"WebSite\",\"@id\":\"https:\/\/blog.unifr.ch\/engage\/#website\",\"url\":\"https:\/\/blog.unifr.ch\/engage\/\",\"name\":\"Engage&#039;\",\"description\":\"Un site utilisant HEP Multisite\",\"potentialAction\":[{\"@type\":\"SearchAction\",\"target\":{\"@type\":\"EntryPoint\",\"urlTemplate\":\"https:\/\/blog.unifr.ch\/engage\/?s={search_term_string}\"},\"query-input\":{\"@type\":\"PropertyValueSpecification\",\"valueRequired\":true,\"valueName\":\"search_term_string\"}}],\"inLanguage\":\"fr-FR\"}]}<\/script>\n<!-- \/ Yoast SEO plugin. -->","yoast_head_json":{"title":"Vie sur Encelade - Engage&#039;","robots":{"index":"index","follow":"follow","max-snippet":"max-snippet:-1","max-image-preview":"max-image-preview:large","max-video-preview":"max-video-preview:-1"},"canonical":"https:\/\/blog.unifr.ch\/engage\/vie-sur-encelade\/","og_locale":"fr_FR","og_type":"article","og_title":"Vie sur Encelade - Engage&#039;","og_description":"Des preuves obtenues par Cassini, une sonde spatiale automatique, sugg\u00e8rent que des oc\u00e9ans d\u2019eau chaude existent sur une lune glac\u00e9e en orbite autour de Saturne, Encelade. Est-ce que ces oc\u00e9ans peuvent abriter une forme de vie extraterrestre\u00a0? Dans cette activit\u00e9, les apprenants appliqueront leurs connaissances en mati\u00e8re de comportement de l\u2019eau dans son \u00e9tat liquide [&hellip;]","og_url":"https:\/\/blog.unifr.ch\/engage\/vie-sur-encelade\/","og_site_name":"Engage&#039;","og_image":[{"width":1034,"height":404,"url":"https:\/\/blog.unifr.ch\/engage\/wp-content\/uploads\/2019\/09\/Capture-d\u2019e\u0301cran-2019-09-17-a\u0300-15.54.54.png","type":"image\/png"}],"twitter_card":"summary_large_image","twitter_misc":{"Dur\u00e9e de lecture estim\u00e9e":"1 minute"},"schema":{"@context":"https:\/\/schema.org","@graph":[{"@type":"WebPage","@id":"https:\/\/blog.unifr.ch\/engage\/vie-sur-encelade\/","url":"https:\/\/blog.unifr.ch\/engage\/vie-sur-encelade\/","name":"Vie sur Encelade - Engage&#039;","isPartOf":{"@id":"https:\/\/blog.unifr.ch\/engage\/#website"},"datePublished":"2019-11-05T13:57:07+00:00","breadcrumb":{"@id":"https:\/\/blog.unifr.ch\/engage\/vie-sur-encelade\/#breadcrumb"},"inLanguage":"fr-FR","potentialAction":[{"@type":"ReadAction","target":["https:\/\/blog.unifr.ch\/engage\/vie-sur-encelade\/"]}]},{"@type":"BreadcrumbList","@id":"https:\/\/blog.unifr.ch\/engage\/vie-sur-encelade\/#breadcrumb","itemListElement":[{"@type":"ListItem","position":1,"name":"Accueil","item":"https:\/\/blog.unifr.ch\/engage\/"},{"@type":"ListItem","position":2,"name":"Vie sur Encelade"}]},{"@type":"WebSite","@id":"https:\/\/blog.unifr.ch\/engage\/#website","url":"https:\/\/blog.unifr.ch\/engage\/","name":"Engage&#039;","description":"Un site utilisant HEP Multisite","potentialAction":[{"@type":"SearchAction","target":{"@type":"EntryPoint","urlTemplate":"https:\/\/blog.unifr.ch\/engage\/?s={search_term_string}"},"query-input":{"@type":"PropertyValueSpecification","valueRequired":true,"valueName":"search_term_string"}}],"inLanguage":"fr-FR"}]}},"_links":{"self":[{"href":"https:\/\/blog.unifr.ch\/engage\/wp-json\/wp\/v2\/pages\/259","targetHints":{"allow":["GET"]}}],"collection":[{"href":"https:\/\/blog.unifr.ch\/engage\/wp-json\/wp\/v2\/pages"}],"about":[{"href":"https:\/\/blog.unifr.ch\/engage\/wp-json\/wp\/v2\/types\/page"}],"author":[{"embeddable":true,"href":"https:\/\/blog.unifr.ch\/engage\/wp-json\/wp\/v2\/users\/4"}],"replies":[{"embeddable":true,"href":"https:\/\/blog.unifr.ch\/engage\/wp-json\/wp\/v2\/comments?post=259"}],"version-history":[{"count":1,"href":"https:\/\/blog.unifr.ch\/engage\/wp-json\/wp\/v2\/pages\/259\/revisions"}],"predecessor-version":[{"id":262,"href":"https:\/\/blog.unifr.ch\/engage\/wp-json\/wp\/v2\/pages\/259\/revisions\/262"}],"wp:attachment":[{"href":"https:\/\/blog.unifr.ch\/engage\/wp-json\/wp\/v2\/media?parent=259"}],"curies":[{"name":"wp","href":"https:\/\/api.w.org\/{rel}","templated":true}]}}