{"id":26,"date":"2019-09-17T16:09:54","date_gmt":"2019-09-17T14:09:54","guid":{"rendered":"https:\/\/blog.unifr.ch\/engage\/?page_id=26"},"modified":"2019-11-05T16:33:26","modified_gmt":"2019-11-05T15:33:26","slug":"2-degres","status":"publish","type":"page","link":"https:\/\/blog.unifr.ch\/engage\/2-degres\/","title":{"rendered":"2 degr\u00e9s"},"content":{"rendered":"<p>Le Monde s\u2019est donn\u00e9 un objectif ambitieux : emp\u00eacher une hausse des temp\u00e9ratures moyennes mondiales de plus de deux degr\u00e9s, ou se pr\u00e9parer \u00e0 faire face \u00e0 des cons\u00e9quences catastrophiques. Dans cette activit\u00e9, les apprenants vont utiliser leurs connaissances en mati\u00e8re de changement climatique dans un nouveau contexte captivant. Ils cr\u00e9ent un bulletin m\u00e9t\u00e9o apocalyptique pour montrer les cons\u00e9quences possibles du changement climatique, ensuite ils apprennent \u00e0 \u00e9tudier les cons\u00e9quences des actions, ce qui leur permettra de d\u00e9cider comment ils pensent sauver la plan\u00e8te.<\/p>\n<p>Mat\u00e9riel pour 2 le\u00e7ons.<\/p>\n","protected":false},"excerpt":{"rendered":"<p>Le Monde s\u2019est donn\u00e9 un objectif ambitieux : emp\u00eacher une hausse des temp\u00e9ratures moyennes mondiales de plus de deux degr\u00e9s, ou se pr\u00e9parer \u00e0 faire face \u00e0 des cons\u00e9quences catastrophiques. Dans cette activit\u00e9, les apprenants vont utiliser leurs connaissances en mati\u00e8re de changement climatique dans un nouveau contexte captivant. Ils cr\u00e9ent un bulletin m\u00e9t\u00e9o apocalyptique [&hellip;]<\/p>\n","protected":false},"author":4,"featured_media":0,"parent":0,"menu_order":0,"comment_status":"closed","ping_status":"closed","template":"","meta":{"_acf_changed":false,"footnotes":""},"class_list":["post-26","page","type-page","status-publish","hentry"],"acf":[],"yoast_head":"<!-- This site is optimized with the Yoast SEO plugin v25.6 - https:\/\/yoast.com\/wordpress\/plugins\/seo\/ -->\n<title>2 degr\u00e9s - Engage&#039;<\/title>\n<meta name=\"robots\" content=\"index, follow, max-snippet:-1, max-image-preview:large, max-video-preview:-1\" \/>\n<link rel=\"canonical\" href=\"https:\/\/blog.unifr.ch\/engage\/2-degres\/\" \/>\n<meta property=\"og:locale\" content=\"fr_FR\" \/>\n<meta property=\"og:type\" content=\"article\" \/>\n<meta property=\"og:title\" content=\"2 degr\u00e9s - Engage&#039;\" \/>\n<meta property=\"og:description\" content=\"Le Monde s\u2019est donn\u00e9 un objectif ambitieux : emp\u00eacher une hausse des temp\u00e9ratures moyennes mondiales de plus de deux degr\u00e9s, ou se pr\u00e9parer \u00e0 faire face \u00e0 des cons\u00e9quences catastrophiques. Dans cette activit\u00e9, les apprenants vont utiliser leurs connaissances en mati\u00e8re de changement climatique dans un nouveau contexte captivant. Ils cr\u00e9ent un bulletin m\u00e9t\u00e9o apocalyptique [&hellip;]\" \/>\n<meta property=\"og:url\" content=\"https:\/\/blog.unifr.ch\/engage\/2-degres\/\" \/>\n<meta property=\"og:site_name\" content=\"Engage&#039;\" \/>\n<meta property=\"article:modified_time\" content=\"2019-11-05T15:33:26+00:00\" \/>\n<meta property=\"og:image\" content=\"https:\/\/blog.unifr.ch\/engage\/wp-content\/uploads\/2019\/09\/Capture-d\u2019e\u0301cran-2019-09-17-a\u0300-15.54.54.png\" \/>\n\t<meta property=\"og:image:width\" content=\"1034\" \/>\n\t<meta property=\"og:image:height\" content=\"404\" \/>\n\t<meta property=\"og:image:type\" content=\"image\/png\" \/>\n<meta name=\"twitter:card\" content=\"summary_large_image\" \/>\n<script type=\"application\/ld+json\" class=\"yoast-schema-graph\">{\"@context\":\"https:\/\/schema.org\",\"@graph\":[{\"@type\":\"WebPage\",\"@id\":\"https:\/\/blog.unifr.ch\/engage\/2-degres\/\",\"url\":\"https:\/\/blog.unifr.ch\/engage\/2-degres\/\",\"name\":\"2 degr\u00e9s - Engage&#039;\",\"isPartOf\":{\"@id\":\"https:\/\/blog.unifr.ch\/engage\/#website\"},\"datePublished\":\"2019-09-17T14:09:54+00:00\",\"dateModified\":\"2019-11-05T15:33:26+00:00\",\"breadcrumb\":{\"@id\":\"https:\/\/blog.unifr.ch\/engage\/2-degres\/#breadcrumb\"},\"inLanguage\":\"fr-FR\",\"potentialAction\":[{\"@type\":\"ReadAction\",\"target\":[\"https:\/\/blog.unifr.ch\/engage\/2-degres\/\"]}]},{\"@type\":\"BreadcrumbList\",\"@id\":\"https:\/\/blog.unifr.ch\/engage\/2-degres\/#breadcrumb\",\"itemListElement\":[{\"@type\":\"ListItem\",\"position\":1,\"name\":\"Accueil\",\"item\":\"https:\/\/blog.unifr.ch\/engage\/\"},{\"@type\":\"ListItem\",\"position\":2,\"name\":\"2 degr\u00e9s\"}]},{\"@type\":\"WebSite\",\"@id\":\"https:\/\/blog.unifr.ch\/engage\/#website\",\"url\":\"https:\/\/blog.unifr.ch\/engage\/\",\"name\":\"Engage&#039;\",\"description\":\"Un site utilisant HEP Multisite\",\"potentialAction\":[{\"@type\":\"SearchAction\",\"target\":{\"@type\":\"EntryPoint\",\"urlTemplate\":\"https:\/\/blog.unifr.ch\/engage\/?s={search_term_string}\"},\"query-input\":{\"@type\":\"PropertyValueSpecification\",\"valueRequired\":true,\"valueName\":\"search_term_string\"}}],\"inLanguage\":\"fr-FR\"}]}<\/script>\n<!-- \/ Yoast SEO plugin. -->","yoast_head_json":{"title":"2 degr\u00e9s - Engage&#039;","robots":{"index":"index","follow":"follow","max-snippet":"max-snippet:-1","max-image-preview":"max-image-preview:large","max-video-preview":"max-video-preview:-1"},"canonical":"https:\/\/blog.unifr.ch\/engage\/2-degres\/","og_locale":"fr_FR","og_type":"article","og_title":"2 degr\u00e9s - Engage&#039;","og_description":"Le Monde s\u2019est donn\u00e9 un objectif ambitieux : emp\u00eacher une hausse des temp\u00e9ratures moyennes mondiales de plus de deux degr\u00e9s, ou se pr\u00e9parer \u00e0 faire face \u00e0 des cons\u00e9quences catastrophiques. Dans cette activit\u00e9, les apprenants vont utiliser leurs connaissances en mati\u00e8re de changement climatique dans un nouveau contexte captivant. Ils cr\u00e9ent un bulletin m\u00e9t\u00e9o apocalyptique [&hellip;]","og_url":"https:\/\/blog.unifr.ch\/engage\/2-degres\/","og_site_name":"Engage&#039;","article_modified_time":"2019-11-05T15:33:26+00:00","og_image":[{"width":1034,"height":404,"url":"https:\/\/blog.unifr.ch\/engage\/wp-content\/uploads\/2019\/09\/Capture-d\u2019e\u0301cran-2019-09-17-a\u0300-15.54.54.png","type":"image\/png"}],"twitter_card":"summary_large_image","schema":{"@context":"https:\/\/schema.org","@graph":[{"@type":"WebPage","@id":"https:\/\/blog.unifr.ch\/engage\/2-degres\/","url":"https:\/\/blog.unifr.ch\/engage\/2-degres\/","name":"2 degr\u00e9s - Engage&#039;","isPartOf":{"@id":"https:\/\/blog.unifr.ch\/engage\/#website"},"datePublished":"2019-09-17T14:09:54+00:00","dateModified":"2019-11-05T15:33:26+00:00","breadcrumb":{"@id":"https:\/\/blog.unifr.ch\/engage\/2-degres\/#breadcrumb"},"inLanguage":"fr-FR","potentialAction":[{"@type":"ReadAction","target":["https:\/\/blog.unifr.ch\/engage\/2-degres\/"]}]},{"@type":"BreadcrumbList","@id":"https:\/\/blog.unifr.ch\/engage\/2-degres\/#breadcrumb","itemListElement":[{"@type":"ListItem","position":1,"name":"Accueil","item":"https:\/\/blog.unifr.ch\/engage\/"},{"@type":"ListItem","position":2,"name":"2 degr\u00e9s"}]},{"@type":"WebSite","@id":"https:\/\/blog.unifr.ch\/engage\/#website","url":"https:\/\/blog.unifr.ch\/engage\/","name":"Engage&#039;","description":"Un site utilisant HEP Multisite","potentialAction":[{"@type":"SearchAction","target":{"@type":"EntryPoint","urlTemplate":"https:\/\/blog.unifr.ch\/engage\/?s={search_term_string}"},"query-input":{"@type":"PropertyValueSpecification","valueRequired":true,"valueName":"search_term_string"}}],"inLanguage":"fr-FR"}]}},"_links":{"self":[{"href":"https:\/\/blog.unifr.ch\/engage\/wp-json\/wp\/v2\/pages\/26","targetHints":{"allow":["GET"]}}],"collection":[{"href":"https:\/\/blog.unifr.ch\/engage\/wp-json\/wp\/v2\/pages"}],"about":[{"href":"https:\/\/blog.unifr.ch\/engage\/wp-json\/wp\/v2\/types\/page"}],"author":[{"embeddable":true,"href":"https:\/\/blog.unifr.ch\/engage\/wp-json\/wp\/v2\/users\/4"}],"replies":[{"embeddable":true,"href":"https:\/\/blog.unifr.ch\/engage\/wp-json\/wp\/v2\/comments?post=26"}],"version-history":[{"count":6,"href":"https:\/\/blog.unifr.ch\/engage\/wp-json\/wp\/v2\/pages\/26\/revisions"}],"predecessor-version":[{"id":323,"href":"https:\/\/blog.unifr.ch\/engage\/wp-json\/wp\/v2\/pages\/26\/revisions\/323"}],"wp:attachment":[{"href":"https:\/\/blog.unifr.ch\/engage\/wp-json\/wp\/v2\/media?parent=26"}],"curies":[{"name":"wp","href":"https:\/\/api.w.org\/{rel}","templated":true}]}}