{"id":264,"date":"2019-11-05T15:30:53","date_gmt":"2019-11-05T14:30:53","guid":{"rendered":"https:\/\/blog.unifr.ch\/engage\/?page_id=264"},"modified":"2019-11-05T15:31:56","modified_gmt":"2019-11-05T14:31:56","slug":"un-telephone-ecologique","status":"publish","type":"page","link":"https:\/\/blog.unifr.ch\/engage\/un-telephone-ecologique\/","title":{"rendered":"Un t\u00e9l\u00e9phone \u00e9cologique\u00a0?"},"content":{"rendered":"<p>Au moment o\u00f9 le nombre d\u2019utilisateurs de smartphones d\u00e9passe les 2 milliards dans le monde, et les utilisateurs changent de t\u00e9l\u00e9phone \u00e0 une fr\u00e9quence de plus en plus rapproch\u00e9e, certains se pr\u00e9occupent des impacts de la fabrication et du rejet de ces smartphones pour l\u2019environnement et la sant\u00e9 des humains. Dans cette activit\u00e9, les apprenant utiliseront leurs connaissances concernant les ressources sur Terre, et appliqueront leurs connaissances du travail scientifique pour d\u00e9terminer comment convaincre les fabricants de t\u00e9l\u00e9phones portables de produire des t\u00e9l\u00e9phones \u00e9cologiques \u00e0 partir de mat\u00e9riaux durables.<\/p>\n<p>Mat\u00e9riel pour plusieurs s\u00e9quences d&rsquo;enseignement.<\/p>\n","protected":false},"excerpt":{"rendered":"<p>Au moment o\u00f9 le nombre d\u2019utilisateurs de smartphones d\u00e9passe les 2 milliards dans le monde, et les utilisateurs changent de t\u00e9l\u00e9phone \u00e0 une fr\u00e9quence de plus en plus rapproch\u00e9e, certains se pr\u00e9occupent des impacts de la fabrication et du rejet de ces smartphones pour l\u2019environnement et la sant\u00e9 des humains. Dans cette activit\u00e9, les apprenant [&hellip;]<\/p>\n","protected":false},"author":4,"featured_media":0,"parent":0,"menu_order":0,"comment_status":"closed","ping_status":"closed","template":"","meta":{"_acf_changed":false,"footnotes":""},"class_list":["post-264","page","type-page","status-publish","hentry"],"acf":[],"yoast_head":"<!-- This site is optimized with the Yoast SEO plugin v25.6 - https:\/\/yoast.com\/wordpress\/plugins\/seo\/ -->\n<title>Un t\u00e9l\u00e9phone \u00e9cologique\u00a0? - Engage&#039;<\/title>\n<meta name=\"robots\" content=\"index, follow, max-snippet:-1, max-image-preview:large, max-video-preview:-1\" \/>\n<link rel=\"canonical\" href=\"https:\/\/blog.unifr.ch\/engage\/un-telephone-ecologique\/\" \/>\n<meta property=\"og:locale\" content=\"fr_FR\" \/>\n<meta property=\"og:type\" content=\"article\" \/>\n<meta property=\"og:title\" content=\"Un t\u00e9l\u00e9phone \u00e9cologique\u00a0? - Engage&#039;\" \/>\n<meta property=\"og:description\" content=\"Au moment o\u00f9 le nombre d\u2019utilisateurs de smartphones d\u00e9passe les 2 milliards dans le monde, et les utilisateurs changent de t\u00e9l\u00e9phone \u00e0 une fr\u00e9quence de plus en plus rapproch\u00e9e, certains se pr\u00e9occupent des impacts de la fabrication et du rejet de ces smartphones pour l\u2019environnement et la sant\u00e9 des humains. Dans cette activit\u00e9, les apprenant [&hellip;]\" \/>\n<meta property=\"og:url\" content=\"https:\/\/blog.unifr.ch\/engage\/un-telephone-ecologique\/\" \/>\n<meta property=\"og:site_name\" content=\"Engage&#039;\" \/>\n<meta property=\"article:modified_time\" content=\"2019-11-05T14:31:56+00:00\" \/>\n<meta property=\"og:image\" content=\"https:\/\/blog.unifr.ch\/engage\/wp-content\/uploads\/2019\/09\/Capture-d\u2019e\u0301cran-2019-09-17-a\u0300-15.54.54.png\" \/>\n\t<meta property=\"og:image:width\" content=\"1034\" \/>\n\t<meta property=\"og:image:height\" content=\"404\" \/>\n\t<meta property=\"og:image:type\" content=\"image\/png\" \/>\n<meta name=\"twitter:card\" content=\"summary_large_image\" \/>\n<meta name=\"twitter:label1\" content=\"Dur\u00e9e de lecture estim\u00e9e\" \/>\n\t<meta name=\"twitter:data1\" content=\"1 minute\" \/>\n<script type=\"application\/ld+json\" class=\"yoast-schema-graph\">{\"@context\":\"https:\/\/schema.org\",\"@graph\":[{\"@type\":\"WebPage\",\"@id\":\"https:\/\/blog.unifr.ch\/engage\/un-telephone-ecologique\/\",\"url\":\"https:\/\/blog.unifr.ch\/engage\/un-telephone-ecologique\/\",\"name\":\"Un t\u00e9l\u00e9phone \u00e9cologique\u00a0? - Engage&#039;\",\"isPartOf\":{\"@id\":\"https:\/\/blog.unifr.ch\/engage\/#website\"},\"datePublished\":\"2019-11-05T14:30:53+00:00\",\"dateModified\":\"2019-11-05T14:31:56+00:00\",\"breadcrumb\":{\"@id\":\"https:\/\/blog.unifr.ch\/engage\/un-telephone-ecologique\/#breadcrumb\"},\"inLanguage\":\"fr-FR\",\"potentialAction\":[{\"@type\":\"ReadAction\",\"target\":[\"https:\/\/blog.unifr.ch\/engage\/un-telephone-ecologique\/\"]}]},{\"@type\":\"BreadcrumbList\",\"@id\":\"https:\/\/blog.unifr.ch\/engage\/un-telephone-ecologique\/#breadcrumb\",\"itemListElement\":[{\"@type\":\"ListItem\",\"position\":1,\"name\":\"Accueil\",\"item\":\"https:\/\/blog.unifr.ch\/engage\/\"},{\"@type\":\"ListItem\",\"position\":2,\"name\":\"Un t\u00e9l\u00e9phone \u00e9cologique\u00a0?\"}]},{\"@type\":\"WebSite\",\"@id\":\"https:\/\/blog.unifr.ch\/engage\/#website\",\"url\":\"https:\/\/blog.unifr.ch\/engage\/\",\"name\":\"Engage&#039;\",\"description\":\"Un site utilisant HEP Multisite\",\"potentialAction\":[{\"@type\":\"SearchAction\",\"target\":{\"@type\":\"EntryPoint\",\"urlTemplate\":\"https:\/\/blog.unifr.ch\/engage\/?s={search_term_string}\"},\"query-input\":{\"@type\":\"PropertyValueSpecification\",\"valueRequired\":true,\"valueName\":\"search_term_string\"}}],\"inLanguage\":\"fr-FR\"}]}<\/script>\n<!-- \/ Yoast SEO plugin. -->","yoast_head_json":{"title":"Un t\u00e9l\u00e9phone \u00e9cologique\u00a0? - Engage&#039;","robots":{"index":"index","follow":"follow","max-snippet":"max-snippet:-1","max-image-preview":"max-image-preview:large","max-video-preview":"max-video-preview:-1"},"canonical":"https:\/\/blog.unifr.ch\/engage\/un-telephone-ecologique\/","og_locale":"fr_FR","og_type":"article","og_title":"Un t\u00e9l\u00e9phone \u00e9cologique\u00a0? - Engage&#039;","og_description":"Au moment o\u00f9 le nombre d\u2019utilisateurs de smartphones d\u00e9passe les 2 milliards dans le monde, et les utilisateurs changent de t\u00e9l\u00e9phone \u00e0 une fr\u00e9quence de plus en plus rapproch\u00e9e, certains se pr\u00e9occupent des impacts de la fabrication et du rejet de ces smartphones pour l\u2019environnement et la sant\u00e9 des humains. Dans cette activit\u00e9, les apprenant [&hellip;]","og_url":"https:\/\/blog.unifr.ch\/engage\/un-telephone-ecologique\/","og_site_name":"Engage&#039;","article_modified_time":"2019-11-05T14:31:56+00:00","og_image":[{"width":1034,"height":404,"url":"https:\/\/blog.unifr.ch\/engage\/wp-content\/uploads\/2019\/09\/Capture-d\u2019e\u0301cran-2019-09-17-a\u0300-15.54.54.png","type":"image\/png"}],"twitter_card":"summary_large_image","twitter_misc":{"Dur\u00e9e de lecture estim\u00e9e":"1 minute"},"schema":{"@context":"https:\/\/schema.org","@graph":[{"@type":"WebPage","@id":"https:\/\/blog.unifr.ch\/engage\/un-telephone-ecologique\/","url":"https:\/\/blog.unifr.ch\/engage\/un-telephone-ecologique\/","name":"Un t\u00e9l\u00e9phone \u00e9cologique\u00a0? - Engage&#039;","isPartOf":{"@id":"https:\/\/blog.unifr.ch\/engage\/#website"},"datePublished":"2019-11-05T14:30:53+00:00","dateModified":"2019-11-05T14:31:56+00:00","breadcrumb":{"@id":"https:\/\/blog.unifr.ch\/engage\/un-telephone-ecologique\/#breadcrumb"},"inLanguage":"fr-FR","potentialAction":[{"@type":"ReadAction","target":["https:\/\/blog.unifr.ch\/engage\/un-telephone-ecologique\/"]}]},{"@type":"BreadcrumbList","@id":"https:\/\/blog.unifr.ch\/engage\/un-telephone-ecologique\/#breadcrumb","itemListElement":[{"@type":"ListItem","position":1,"name":"Accueil","item":"https:\/\/blog.unifr.ch\/engage\/"},{"@type":"ListItem","position":2,"name":"Un t\u00e9l\u00e9phone \u00e9cologique\u00a0?"}]},{"@type":"WebSite","@id":"https:\/\/blog.unifr.ch\/engage\/#website","url":"https:\/\/blog.unifr.ch\/engage\/","name":"Engage&#039;","description":"Un site utilisant HEP Multisite","potentialAction":[{"@type":"SearchAction","target":{"@type":"EntryPoint","urlTemplate":"https:\/\/blog.unifr.ch\/engage\/?s={search_term_string}"},"query-input":{"@type":"PropertyValueSpecification","valueRequired":true,"valueName":"search_term_string"}}],"inLanguage":"fr-FR"}]}},"_links":{"self":[{"href":"https:\/\/blog.unifr.ch\/engage\/wp-json\/wp\/v2\/pages\/264","targetHints":{"allow":["GET"]}}],"collection":[{"href":"https:\/\/blog.unifr.ch\/engage\/wp-json\/wp\/v2\/pages"}],"about":[{"href":"https:\/\/blog.unifr.ch\/engage\/wp-json\/wp\/v2\/types\/page"}],"author":[{"embeddable":true,"href":"https:\/\/blog.unifr.ch\/engage\/wp-json\/wp\/v2\/users\/4"}],"replies":[{"embeddable":true,"href":"https:\/\/blog.unifr.ch\/engage\/wp-json\/wp\/v2\/comments?post=264"}],"version-history":[{"count":2,"href":"https:\/\/blog.unifr.ch\/engage\/wp-json\/wp\/v2\/pages\/264\/revisions"}],"predecessor-version":[{"id":275,"href":"https:\/\/blog.unifr.ch\/engage\/wp-json\/wp\/v2\/pages\/264\/revisions\/275"}],"wp:attachment":[{"href":"https:\/\/blog.unifr.ch\/engage\/wp-json\/wp\/v2\/media?parent=264"}],"curies":[{"name":"wp","href":"https:\/\/api.w.org\/{rel}","templated":true}]}}