{"id":297,"date":"2019-11-05T16:07:47","date_gmt":"2019-11-05T15:07:47","guid":{"rendered":"https:\/\/blog.unifr.ch\/engage\/?page_id=297"},"modified":"2019-11-05T16:10:42","modified_gmt":"2019-11-05T15:10:42","slug":"test-sur-les-animaux","status":"publish","type":"page","link":"https:\/\/blog.unifr.ch\/engage\/test-sur-les-animaux\/","title":{"rendered":"Test sur les animaux"},"content":{"rendered":"<p>1,2 millions de citoyens europ\u00e9ens ont sign\u00e9 une p\u00e9tition pour interdire tous les tests sur les animaux. L\u2019argument mis en avant est que cette pratique est \u00e0 la fois contre l\u2019\u00e9thique et inutile. Dans cette activit\u00e9, les apprenants vont devoir d\u00e9cider s\u2019ils sont d\u2019accord avec la p\u00e9tition. Ils utilisent leurs connaissances concernant l\u2019impact de l\u2019asthme sur les \u00e9changes gazeux, passent en revue les arguments et d\u00e9cident si les tests sur les animaux sont essentiels pour le d\u00e9veloppement de nouveaux m\u00e9dicaments contre l\u2019asthme. Ils apprendront \u00e9galement comment mettre en \u0153uvre la r\u00e9flexion \u00e9thique pour prendre une d\u00e9cision complexe, et comment \u00e9tudier des points de vue \u00e9thiques diff\u00e9rents.<\/p>\n<p>Mat\u00e9riel pour 2 le\u00e7ons.<\/p>\n","protected":false},"excerpt":{"rendered":"<p>1,2 millions de citoyens europ\u00e9ens ont sign\u00e9 une p\u00e9tition pour interdire tous les tests sur les animaux. L\u2019argument mis en avant est que cette pratique est \u00e0 la fois contre l\u2019\u00e9thique et inutile. Dans cette activit\u00e9, les apprenants vont devoir d\u00e9cider s\u2019ils sont d\u2019accord avec la p\u00e9tition. Ils utilisent leurs connaissances concernant l\u2019impact de l\u2019asthme [&hellip;]<\/p>\n","protected":false},"author":4,"featured_media":0,"parent":0,"menu_order":0,"comment_status":"closed","ping_status":"closed","template":"","meta":{"_acf_changed":false,"footnotes":""},"class_list":["post-297","page","type-page","status-publish","hentry"],"acf":[],"yoast_head":"<!-- This site is optimized with the Yoast SEO plugin v25.6 - https:\/\/yoast.com\/wordpress\/plugins\/seo\/ -->\n<title>Test sur les animaux - Engage&#039;<\/title>\n<meta name=\"robots\" content=\"index, follow, max-snippet:-1, max-image-preview:large, max-video-preview:-1\" \/>\n<link rel=\"canonical\" href=\"https:\/\/blog.unifr.ch\/engage\/test-sur-les-animaux\/\" \/>\n<meta property=\"og:locale\" content=\"fr_FR\" \/>\n<meta property=\"og:type\" content=\"article\" \/>\n<meta property=\"og:title\" content=\"Test sur les animaux - Engage&#039;\" \/>\n<meta property=\"og:description\" content=\"1,2 millions de citoyens europ\u00e9ens ont sign\u00e9 une p\u00e9tition pour interdire tous les tests sur les animaux. L\u2019argument mis en avant est que cette pratique est \u00e0 la fois contre l\u2019\u00e9thique et inutile. Dans cette activit\u00e9, les apprenants vont devoir d\u00e9cider s\u2019ils sont d\u2019accord avec la p\u00e9tition. Ils utilisent leurs connaissances concernant l\u2019impact de l\u2019asthme [&hellip;]\" \/>\n<meta property=\"og:url\" content=\"https:\/\/blog.unifr.ch\/engage\/test-sur-les-animaux\/\" \/>\n<meta property=\"og:site_name\" content=\"Engage&#039;\" \/>\n<meta property=\"article:modified_time\" content=\"2019-11-05T15:10:42+00:00\" \/>\n<meta property=\"og:image\" content=\"https:\/\/blog.unifr.ch\/engage\/wp-content\/uploads\/2019\/09\/Capture-d\u2019e\u0301cran-2019-09-17-a\u0300-15.54.54.png\" \/>\n\t<meta property=\"og:image:width\" content=\"1034\" \/>\n\t<meta property=\"og:image:height\" content=\"404\" \/>\n\t<meta property=\"og:image:type\" content=\"image\/png\" \/>\n<meta name=\"twitter:card\" content=\"summary_large_image\" \/>\n<meta name=\"twitter:label1\" content=\"Dur\u00e9e de lecture estim\u00e9e\" \/>\n\t<meta name=\"twitter:data1\" content=\"1 minute\" \/>\n<script type=\"application\/ld+json\" class=\"yoast-schema-graph\">{\"@context\":\"https:\/\/schema.org\",\"@graph\":[{\"@type\":\"WebPage\",\"@id\":\"https:\/\/blog.unifr.ch\/engage\/test-sur-les-animaux\/\",\"url\":\"https:\/\/blog.unifr.ch\/engage\/test-sur-les-animaux\/\",\"name\":\"Test sur les animaux - Engage&#039;\",\"isPartOf\":{\"@id\":\"https:\/\/blog.unifr.ch\/engage\/#website\"},\"datePublished\":\"2019-11-05T15:07:47+00:00\",\"dateModified\":\"2019-11-05T15:10:42+00:00\",\"breadcrumb\":{\"@id\":\"https:\/\/blog.unifr.ch\/engage\/test-sur-les-animaux\/#breadcrumb\"},\"inLanguage\":\"fr-FR\",\"potentialAction\":[{\"@type\":\"ReadAction\",\"target\":[\"https:\/\/blog.unifr.ch\/engage\/test-sur-les-animaux\/\"]}]},{\"@type\":\"BreadcrumbList\",\"@id\":\"https:\/\/blog.unifr.ch\/engage\/test-sur-les-animaux\/#breadcrumb\",\"itemListElement\":[{\"@type\":\"ListItem\",\"position\":1,\"name\":\"Accueil\",\"item\":\"https:\/\/blog.unifr.ch\/engage\/\"},{\"@type\":\"ListItem\",\"position\":2,\"name\":\"Test sur les animaux\"}]},{\"@type\":\"WebSite\",\"@id\":\"https:\/\/blog.unifr.ch\/engage\/#website\",\"url\":\"https:\/\/blog.unifr.ch\/engage\/\",\"name\":\"Engage&#039;\",\"description\":\"Un site utilisant HEP Multisite\",\"potentialAction\":[{\"@type\":\"SearchAction\",\"target\":{\"@type\":\"EntryPoint\",\"urlTemplate\":\"https:\/\/blog.unifr.ch\/engage\/?s={search_term_string}\"},\"query-input\":{\"@type\":\"PropertyValueSpecification\",\"valueRequired\":true,\"valueName\":\"search_term_string\"}}],\"inLanguage\":\"fr-FR\"}]}<\/script>\n<!-- \/ Yoast SEO plugin. -->","yoast_head_json":{"title":"Test sur les animaux - Engage&#039;","robots":{"index":"index","follow":"follow","max-snippet":"max-snippet:-1","max-image-preview":"max-image-preview:large","max-video-preview":"max-video-preview:-1"},"canonical":"https:\/\/blog.unifr.ch\/engage\/test-sur-les-animaux\/","og_locale":"fr_FR","og_type":"article","og_title":"Test sur les animaux - Engage&#039;","og_description":"1,2 millions de citoyens europ\u00e9ens ont sign\u00e9 une p\u00e9tition pour interdire tous les tests sur les animaux. L\u2019argument mis en avant est que cette pratique est \u00e0 la fois contre l\u2019\u00e9thique et inutile. Dans cette activit\u00e9, les apprenants vont devoir d\u00e9cider s\u2019ils sont d\u2019accord avec la p\u00e9tition. Ils utilisent leurs connaissances concernant l\u2019impact de l\u2019asthme [&hellip;]","og_url":"https:\/\/blog.unifr.ch\/engage\/test-sur-les-animaux\/","og_site_name":"Engage&#039;","article_modified_time":"2019-11-05T15:10:42+00:00","og_image":[{"width":1034,"height":404,"url":"https:\/\/blog.unifr.ch\/engage\/wp-content\/uploads\/2019\/09\/Capture-d\u2019e\u0301cran-2019-09-17-a\u0300-15.54.54.png","type":"image\/png"}],"twitter_card":"summary_large_image","twitter_misc":{"Dur\u00e9e de lecture estim\u00e9e":"1 minute"},"schema":{"@context":"https:\/\/schema.org","@graph":[{"@type":"WebPage","@id":"https:\/\/blog.unifr.ch\/engage\/test-sur-les-animaux\/","url":"https:\/\/blog.unifr.ch\/engage\/test-sur-les-animaux\/","name":"Test sur les animaux - Engage&#039;","isPartOf":{"@id":"https:\/\/blog.unifr.ch\/engage\/#website"},"datePublished":"2019-11-05T15:07:47+00:00","dateModified":"2019-11-05T15:10:42+00:00","breadcrumb":{"@id":"https:\/\/blog.unifr.ch\/engage\/test-sur-les-animaux\/#breadcrumb"},"inLanguage":"fr-FR","potentialAction":[{"@type":"ReadAction","target":["https:\/\/blog.unifr.ch\/engage\/test-sur-les-animaux\/"]}]},{"@type":"BreadcrumbList","@id":"https:\/\/blog.unifr.ch\/engage\/test-sur-les-animaux\/#breadcrumb","itemListElement":[{"@type":"ListItem","position":1,"name":"Accueil","item":"https:\/\/blog.unifr.ch\/engage\/"},{"@type":"ListItem","position":2,"name":"Test sur les animaux"}]},{"@type":"WebSite","@id":"https:\/\/blog.unifr.ch\/engage\/#website","url":"https:\/\/blog.unifr.ch\/engage\/","name":"Engage&#039;","description":"Un site utilisant HEP Multisite","potentialAction":[{"@type":"SearchAction","target":{"@type":"EntryPoint","urlTemplate":"https:\/\/blog.unifr.ch\/engage\/?s={search_term_string}"},"query-input":{"@type":"PropertyValueSpecification","valueRequired":true,"valueName":"search_term_string"}}],"inLanguage":"fr-FR"}]}},"_links":{"self":[{"href":"https:\/\/blog.unifr.ch\/engage\/wp-json\/wp\/v2\/pages\/297","targetHints":{"allow":["GET"]}}],"collection":[{"href":"https:\/\/blog.unifr.ch\/engage\/wp-json\/wp\/v2\/pages"}],"about":[{"href":"https:\/\/blog.unifr.ch\/engage\/wp-json\/wp\/v2\/types\/page"}],"author":[{"embeddable":true,"href":"https:\/\/blog.unifr.ch\/engage\/wp-json\/wp\/v2\/users\/4"}],"replies":[{"embeddable":true,"href":"https:\/\/blog.unifr.ch\/engage\/wp-json\/wp\/v2\/comments?post=297"}],"version-history":[{"count":2,"href":"https:\/\/blog.unifr.ch\/engage\/wp-json\/wp\/v2\/pages\/297\/revisions"}],"predecessor-version":[{"id":302,"href":"https:\/\/blog.unifr.ch\/engage\/wp-json\/wp\/v2\/pages\/297\/revisions\/302"}],"wp:attachment":[{"href":"https:\/\/blog.unifr.ch\/engage\/wp-json\/wp\/v2\/media?parent=297"}],"curies":[{"name":"wp","href":"https:\/\/api.w.org\/{rel}","templated":true}]}}