{"id":304,"date":"2019-11-05T16:14:21","date_gmt":"2019-11-05T15:14:21","guid":{"rendered":"https:\/\/blog.unifr.ch\/engage\/?page_id=304"},"modified":"2019-11-05T16:17:22","modified_gmt":"2019-11-05T15:17:22","slug":"cigarette-electronique","status":"publish","type":"page","link":"https:\/\/blog.unifr.ch\/engage\/cigarette-electronique\/","title":{"rendered":"Cigarette \u00e9lectronique"},"content":{"rendered":"<p>La Turquie, le Pays de Galles et certaines r\u00e9gions du Canada ont interdit r\u00e9cemment l\u2019utilisation des cigarettes \u00e9lectroniques dans les lieux ferm\u00e9s, et l\u2019UE envisage de suivre l\u2019exemple. Les militants qui soutiennent l\u2019interdiction europ\u00e9enne soulignent que la nicotine des e-cigarettes peut faire partie des causes de maladies cardiaques et de cancers, et peut causer des dommages au cerveau du f\u0153tus en cours de d\u00e9veloppement. Dans cette activit\u00e9, les apprenants vont d\u00e9cider s\u2019ils soutiennent l\u2019interdiction. Ils appliqueront leurs connaissances th\u00e9oriques sur les particules pour d\u00e9terminer si la nicotine expir\u00e9e peut atteindre l\u2019entourage des \u201cvapoteurs\u201d, et vont apprendre \u00e0 appr\u00e9cier les risques pour savoir si les avantages d\u2019une interdiction du vapotage dans les lieux int\u00e9rieurs justifient les risques.<\/p>\n<p>Mat\u00e9riel pour 2 le\u00e7ons.<\/p>\n","protected":false},"excerpt":{"rendered":"<p>La Turquie, le Pays de Galles et certaines r\u00e9gions du Canada ont interdit r\u00e9cemment l\u2019utilisation des cigarettes \u00e9lectroniques dans les lieux ferm\u00e9s, et l\u2019UE envisage de suivre l\u2019exemple. Les militants qui soutiennent l\u2019interdiction europ\u00e9enne soulignent que la nicotine des e-cigarettes peut faire partie des causes de maladies cardiaques et de cancers, et peut causer des [&hellip;]<\/p>\n","protected":false},"author":4,"featured_media":0,"parent":0,"menu_order":0,"comment_status":"closed","ping_status":"closed","template":"","meta":{"_acf_changed":false,"footnotes":""},"class_list":["post-304","page","type-page","status-publish","hentry"],"acf":[],"yoast_head":"<!-- This site is optimized with the Yoast SEO plugin v25.6 - https:\/\/yoast.com\/wordpress\/plugins\/seo\/ -->\n<title>Cigarette \u00e9lectronique - Engage&#039;<\/title>\n<meta name=\"robots\" content=\"index, follow, max-snippet:-1, max-image-preview:large, max-video-preview:-1\" \/>\n<link rel=\"canonical\" href=\"https:\/\/blog.unifr.ch\/engage\/cigarette-electronique\/\" \/>\n<meta property=\"og:locale\" content=\"fr_FR\" \/>\n<meta property=\"og:type\" content=\"article\" \/>\n<meta property=\"og:title\" content=\"Cigarette \u00e9lectronique - Engage&#039;\" \/>\n<meta property=\"og:description\" content=\"La Turquie, le Pays de Galles et certaines r\u00e9gions du Canada ont interdit r\u00e9cemment l\u2019utilisation des cigarettes \u00e9lectroniques dans les lieux ferm\u00e9s, et l\u2019UE envisage de suivre l\u2019exemple. Les militants qui soutiennent l\u2019interdiction europ\u00e9enne soulignent que la nicotine des e-cigarettes peut faire partie des causes de maladies cardiaques et de cancers, et peut causer des [&hellip;]\" \/>\n<meta property=\"og:url\" content=\"https:\/\/blog.unifr.ch\/engage\/cigarette-electronique\/\" \/>\n<meta property=\"og:site_name\" content=\"Engage&#039;\" \/>\n<meta property=\"article:modified_time\" content=\"2019-11-05T15:17:22+00:00\" \/>\n<meta property=\"og:image\" content=\"https:\/\/blog.unifr.ch\/engage\/wp-content\/uploads\/2019\/09\/Capture-d\u2019e\u0301cran-2019-09-17-a\u0300-15.54.54.png\" \/>\n\t<meta property=\"og:image:width\" content=\"1034\" \/>\n\t<meta property=\"og:image:height\" content=\"404\" \/>\n\t<meta property=\"og:image:type\" content=\"image\/png\" \/>\n<meta name=\"twitter:card\" content=\"summary_large_image\" \/>\n<meta name=\"twitter:label1\" content=\"Dur\u00e9e de lecture estim\u00e9e\" \/>\n\t<meta name=\"twitter:data1\" content=\"1 minute\" \/>\n<script type=\"application\/ld+json\" class=\"yoast-schema-graph\">{\"@context\":\"https:\/\/schema.org\",\"@graph\":[{\"@type\":\"WebPage\",\"@id\":\"https:\/\/blog.unifr.ch\/engage\/cigarette-electronique\/\",\"url\":\"https:\/\/blog.unifr.ch\/engage\/cigarette-electronique\/\",\"name\":\"Cigarette \u00e9lectronique - Engage&#039;\",\"isPartOf\":{\"@id\":\"https:\/\/blog.unifr.ch\/engage\/#website\"},\"datePublished\":\"2019-11-05T15:14:21+00:00\",\"dateModified\":\"2019-11-05T15:17:22+00:00\",\"breadcrumb\":{\"@id\":\"https:\/\/blog.unifr.ch\/engage\/cigarette-electronique\/#breadcrumb\"},\"inLanguage\":\"fr-FR\",\"potentialAction\":[{\"@type\":\"ReadAction\",\"target\":[\"https:\/\/blog.unifr.ch\/engage\/cigarette-electronique\/\"]}]},{\"@type\":\"BreadcrumbList\",\"@id\":\"https:\/\/blog.unifr.ch\/engage\/cigarette-electronique\/#breadcrumb\",\"itemListElement\":[{\"@type\":\"ListItem\",\"position\":1,\"name\":\"Accueil\",\"item\":\"https:\/\/blog.unifr.ch\/engage\/\"},{\"@type\":\"ListItem\",\"position\":2,\"name\":\"Cigarette \u00e9lectronique\"}]},{\"@type\":\"WebSite\",\"@id\":\"https:\/\/blog.unifr.ch\/engage\/#website\",\"url\":\"https:\/\/blog.unifr.ch\/engage\/\",\"name\":\"Engage&#039;\",\"description\":\"Un site utilisant HEP Multisite\",\"potentialAction\":[{\"@type\":\"SearchAction\",\"target\":{\"@type\":\"EntryPoint\",\"urlTemplate\":\"https:\/\/blog.unifr.ch\/engage\/?s={search_term_string}\"},\"query-input\":{\"@type\":\"PropertyValueSpecification\",\"valueRequired\":true,\"valueName\":\"search_term_string\"}}],\"inLanguage\":\"fr-FR\"}]}<\/script>\n<!-- \/ Yoast SEO plugin. -->","yoast_head_json":{"title":"Cigarette \u00e9lectronique - Engage&#039;","robots":{"index":"index","follow":"follow","max-snippet":"max-snippet:-1","max-image-preview":"max-image-preview:large","max-video-preview":"max-video-preview:-1"},"canonical":"https:\/\/blog.unifr.ch\/engage\/cigarette-electronique\/","og_locale":"fr_FR","og_type":"article","og_title":"Cigarette \u00e9lectronique - Engage&#039;","og_description":"La Turquie, le Pays de Galles et certaines r\u00e9gions du Canada ont interdit r\u00e9cemment l\u2019utilisation des cigarettes \u00e9lectroniques dans les lieux ferm\u00e9s, et l\u2019UE envisage de suivre l\u2019exemple. Les militants qui soutiennent l\u2019interdiction europ\u00e9enne soulignent que la nicotine des e-cigarettes peut faire partie des causes de maladies cardiaques et de cancers, et peut causer des [&hellip;]","og_url":"https:\/\/blog.unifr.ch\/engage\/cigarette-electronique\/","og_site_name":"Engage&#039;","article_modified_time":"2019-11-05T15:17:22+00:00","og_image":[{"width":1034,"height":404,"url":"https:\/\/blog.unifr.ch\/engage\/wp-content\/uploads\/2019\/09\/Capture-d\u2019e\u0301cran-2019-09-17-a\u0300-15.54.54.png","type":"image\/png"}],"twitter_card":"summary_large_image","twitter_misc":{"Dur\u00e9e de lecture estim\u00e9e":"1 minute"},"schema":{"@context":"https:\/\/schema.org","@graph":[{"@type":"WebPage","@id":"https:\/\/blog.unifr.ch\/engage\/cigarette-electronique\/","url":"https:\/\/blog.unifr.ch\/engage\/cigarette-electronique\/","name":"Cigarette \u00e9lectronique - Engage&#039;","isPartOf":{"@id":"https:\/\/blog.unifr.ch\/engage\/#website"},"datePublished":"2019-11-05T15:14:21+00:00","dateModified":"2019-11-05T15:17:22+00:00","breadcrumb":{"@id":"https:\/\/blog.unifr.ch\/engage\/cigarette-electronique\/#breadcrumb"},"inLanguage":"fr-FR","potentialAction":[{"@type":"ReadAction","target":["https:\/\/blog.unifr.ch\/engage\/cigarette-electronique\/"]}]},{"@type":"BreadcrumbList","@id":"https:\/\/blog.unifr.ch\/engage\/cigarette-electronique\/#breadcrumb","itemListElement":[{"@type":"ListItem","position":1,"name":"Accueil","item":"https:\/\/blog.unifr.ch\/engage\/"},{"@type":"ListItem","position":2,"name":"Cigarette \u00e9lectronique"}]},{"@type":"WebSite","@id":"https:\/\/blog.unifr.ch\/engage\/#website","url":"https:\/\/blog.unifr.ch\/engage\/","name":"Engage&#039;","description":"Un site utilisant HEP Multisite","potentialAction":[{"@type":"SearchAction","target":{"@type":"EntryPoint","urlTemplate":"https:\/\/blog.unifr.ch\/engage\/?s={search_term_string}"},"query-input":{"@type":"PropertyValueSpecification","valueRequired":true,"valueName":"search_term_string"}}],"inLanguage":"fr-FR"}]}},"_links":{"self":[{"href":"https:\/\/blog.unifr.ch\/engage\/wp-json\/wp\/v2\/pages\/304","targetHints":{"allow":["GET"]}}],"collection":[{"href":"https:\/\/blog.unifr.ch\/engage\/wp-json\/wp\/v2\/pages"}],"about":[{"href":"https:\/\/blog.unifr.ch\/engage\/wp-json\/wp\/v2\/types\/page"}],"author":[{"embeddable":true,"href":"https:\/\/blog.unifr.ch\/engage\/wp-json\/wp\/v2\/users\/4"}],"replies":[{"embeddable":true,"href":"https:\/\/blog.unifr.ch\/engage\/wp-json\/wp\/v2\/comments?post=304"}],"version-history":[{"count":2,"href":"https:\/\/blog.unifr.ch\/engage\/wp-json\/wp\/v2\/pages\/304\/revisions"}],"predecessor-version":[{"id":309,"href":"https:\/\/blog.unifr.ch\/engage\/wp-json\/wp\/v2\/pages\/304\/revisions\/309"}],"wp:attachment":[{"href":"https:\/\/blog.unifr.ch\/engage\/wp-json\/wp\/v2\/media?parent=304"}],"curies":[{"name":"wp","href":"https:\/\/api.w.org\/{rel}","templated":true}]}}