{"id":31,"date":"2019-09-17T16:13:26","date_gmt":"2019-09-17T14:13:26","guid":{"rendered":"https:\/\/blog.unifr.ch\/engage\/?page_id=31"},"modified":"2019-10-10T11:19:31","modified_gmt":"2019-10-10T09:19:31","slug":"climat","status":"publish","type":"page","link":"https:\/\/blog.unifr.ch\/engage\/climat\/","title":{"rendered":"CLIMAT et POPULATION"},"content":{"rendered":"<p>Plusieurs th\u00e9matiques sont abord\u00e9es dans cette rubrique. Certaines sont con\u00e7ues pour une seule le\u00e7on (\u00eeles englouties), d&rsquo;autres pour deux (2 degr\u00e9s) ou m\u00eame pour une v\u00e9ritable p\u00e9dagogie par projet (nourrir l&rsquo;humanit\u00e9). Nous avons mis dans cette th\u00e9matique du climat \u00ab\u00a0Manger des insectes\u00a0\u00bb (1 le\u00e7on) qui introduit ou compl\u00e8te parfaitement le projet \u00ab\u00a0Nourrir l&rsquo;humanit\u00e9\u00a0\u00bb ou \u00ab\u00a0Attaque de virus g\u00e9ants\u00a0\u00bb qui aborde l&rsquo;un des probl\u00e8mes li\u00e9s \u00e0 la fonte du permafrost. Les modifications climatiques sont illustr\u00e9es par \u00ab\u00a0Invasions\u00a0\u00bb (1 le\u00e7on) qui parle de ces plantes qui migrent avec les temp\u00e9ratures. La \u00ab\u00a0crise du cacao\u00a0\u00bb (1 le\u00e7on), en lien avec la surconsommation, aborde un aspect moins connu: le financement de la recherche.<\/p>\n","protected":false},"excerpt":{"rendered":"<p>Plusieurs th\u00e9matiques sont abord\u00e9es dans cette rubrique. Certaines sont con\u00e7ues pour une seule le\u00e7on (\u00eeles englouties), d&rsquo;autres pour deux (2 degr\u00e9s) ou m\u00eame pour une v\u00e9ritable p\u00e9dagogie par projet (nourrir l&rsquo;humanit\u00e9). Nous avons mis dans cette th\u00e9matique du climat \u00ab\u00a0Manger des insectes\u00a0\u00bb (1 le\u00e7on) qui introduit ou compl\u00e8te parfaitement le projet \u00ab\u00a0Nourrir l&rsquo;humanit\u00e9\u00a0\u00bb ou \u00ab\u00a0Attaque [&hellip;]<\/p>\n","protected":false},"author":4,"featured_media":0,"parent":0,"menu_order":0,"comment_status":"closed","ping_status":"closed","template":"","meta":{"_acf_changed":false,"footnotes":""},"class_list":["post-31","page","type-page","status-publish","hentry"],"acf":[],"yoast_head":"<!-- This site is optimized with the Yoast SEO plugin v25.6 - https:\/\/yoast.com\/wordpress\/plugins\/seo\/ -->\n<title>CLIMAT et POPULATION - Engage&#039;<\/title>\n<meta name=\"robots\" content=\"index, follow, max-snippet:-1, max-image-preview:large, max-video-preview:-1\" \/>\n<link rel=\"canonical\" href=\"https:\/\/blog.unifr.ch\/engage\/climat\/\" \/>\n<meta property=\"og:locale\" content=\"fr_FR\" \/>\n<meta property=\"og:type\" content=\"article\" \/>\n<meta property=\"og:title\" content=\"CLIMAT et POPULATION - Engage&#039;\" \/>\n<meta property=\"og:description\" content=\"Plusieurs th\u00e9matiques sont abord\u00e9es dans cette rubrique. Certaines sont con\u00e7ues pour une seule le\u00e7on (\u00eeles englouties), d&rsquo;autres pour deux (2 degr\u00e9s) ou m\u00eame pour une v\u00e9ritable p\u00e9dagogie par projet (nourrir l&rsquo;humanit\u00e9). Nous avons mis dans cette th\u00e9matique du climat \u00ab\u00a0Manger des insectes\u00a0\u00bb (1 le\u00e7on) qui introduit ou compl\u00e8te parfaitement le projet \u00ab\u00a0Nourrir l&rsquo;humanit\u00e9\u00a0\u00bb ou \u00ab\u00a0Attaque [&hellip;]\" \/>\n<meta property=\"og:url\" content=\"https:\/\/blog.unifr.ch\/engage\/climat\/\" \/>\n<meta property=\"og:site_name\" content=\"Engage&#039;\" \/>\n<meta property=\"article:modified_time\" content=\"2019-10-10T09:19:31+00:00\" \/>\n<meta property=\"og:image\" content=\"https:\/\/blog.unifr.ch\/engage\/wp-content\/uploads\/2019\/09\/Capture-d\u2019e\u0301cran-2019-09-17-a\u0300-15.54.54.png\" \/>\n\t<meta property=\"og:image:width\" content=\"1034\" \/>\n\t<meta property=\"og:image:height\" content=\"404\" \/>\n\t<meta property=\"og:image:type\" content=\"image\/png\" \/>\n<meta name=\"twitter:card\" content=\"summary_large_image\" \/>\n<meta name=\"twitter:label1\" content=\"Dur\u00e9e de lecture estim\u00e9e\" \/>\n\t<meta name=\"twitter:data1\" content=\"1 minute\" \/>\n<script type=\"application\/ld+json\" class=\"yoast-schema-graph\">{\"@context\":\"https:\/\/schema.org\",\"@graph\":[{\"@type\":\"WebPage\",\"@id\":\"https:\/\/blog.unifr.ch\/engage\/climat\/\",\"url\":\"https:\/\/blog.unifr.ch\/engage\/climat\/\",\"name\":\"CLIMAT et POPULATION - Engage&#039;\",\"isPartOf\":{\"@id\":\"https:\/\/blog.unifr.ch\/engage\/#website\"},\"datePublished\":\"2019-09-17T14:13:26+00:00\",\"dateModified\":\"2019-10-10T09:19:31+00:00\",\"breadcrumb\":{\"@id\":\"https:\/\/blog.unifr.ch\/engage\/climat\/#breadcrumb\"},\"inLanguage\":\"fr-FR\",\"potentialAction\":[{\"@type\":\"ReadAction\",\"target\":[\"https:\/\/blog.unifr.ch\/engage\/climat\/\"]}]},{\"@type\":\"BreadcrumbList\",\"@id\":\"https:\/\/blog.unifr.ch\/engage\/climat\/#breadcrumb\",\"itemListElement\":[{\"@type\":\"ListItem\",\"position\":1,\"name\":\"Accueil\",\"item\":\"https:\/\/blog.unifr.ch\/engage\/\"},{\"@type\":\"ListItem\",\"position\":2,\"name\":\"CLIMAT et POPULATION\"}]},{\"@type\":\"WebSite\",\"@id\":\"https:\/\/blog.unifr.ch\/engage\/#website\",\"url\":\"https:\/\/blog.unifr.ch\/engage\/\",\"name\":\"Engage&#039;\",\"description\":\"Un site utilisant HEP Multisite\",\"potentialAction\":[{\"@type\":\"SearchAction\",\"target\":{\"@type\":\"EntryPoint\",\"urlTemplate\":\"https:\/\/blog.unifr.ch\/engage\/?s={search_term_string}\"},\"query-input\":{\"@type\":\"PropertyValueSpecification\",\"valueRequired\":true,\"valueName\":\"search_term_string\"}}],\"inLanguage\":\"fr-FR\"}]}<\/script>\n<!-- \/ Yoast SEO plugin. -->","yoast_head_json":{"title":"CLIMAT et POPULATION - Engage&#039;","robots":{"index":"index","follow":"follow","max-snippet":"max-snippet:-1","max-image-preview":"max-image-preview:large","max-video-preview":"max-video-preview:-1"},"canonical":"https:\/\/blog.unifr.ch\/engage\/climat\/","og_locale":"fr_FR","og_type":"article","og_title":"CLIMAT et POPULATION - Engage&#039;","og_description":"Plusieurs th\u00e9matiques sont abord\u00e9es dans cette rubrique. Certaines sont con\u00e7ues pour une seule le\u00e7on (\u00eeles englouties), d&rsquo;autres pour deux (2 degr\u00e9s) ou m\u00eame pour une v\u00e9ritable p\u00e9dagogie par projet (nourrir l&rsquo;humanit\u00e9). Nous avons mis dans cette th\u00e9matique du climat \u00ab\u00a0Manger des insectes\u00a0\u00bb (1 le\u00e7on) qui introduit ou compl\u00e8te parfaitement le projet \u00ab\u00a0Nourrir l&rsquo;humanit\u00e9\u00a0\u00bb ou \u00ab\u00a0Attaque [&hellip;]","og_url":"https:\/\/blog.unifr.ch\/engage\/climat\/","og_site_name":"Engage&#039;","article_modified_time":"2019-10-10T09:19:31+00:00","og_image":[{"width":1034,"height":404,"url":"https:\/\/blog.unifr.ch\/engage\/wp-content\/uploads\/2019\/09\/Capture-d\u2019e\u0301cran-2019-09-17-a\u0300-15.54.54.png","type":"image\/png"}],"twitter_card":"summary_large_image","twitter_misc":{"Dur\u00e9e de lecture estim\u00e9e":"1 minute"},"schema":{"@context":"https:\/\/schema.org","@graph":[{"@type":"WebPage","@id":"https:\/\/blog.unifr.ch\/engage\/climat\/","url":"https:\/\/blog.unifr.ch\/engage\/climat\/","name":"CLIMAT et POPULATION - Engage&#039;","isPartOf":{"@id":"https:\/\/blog.unifr.ch\/engage\/#website"},"datePublished":"2019-09-17T14:13:26+00:00","dateModified":"2019-10-10T09:19:31+00:00","breadcrumb":{"@id":"https:\/\/blog.unifr.ch\/engage\/climat\/#breadcrumb"},"inLanguage":"fr-FR","potentialAction":[{"@type":"ReadAction","target":["https:\/\/blog.unifr.ch\/engage\/climat\/"]}]},{"@type":"BreadcrumbList","@id":"https:\/\/blog.unifr.ch\/engage\/climat\/#breadcrumb","itemListElement":[{"@type":"ListItem","position":1,"name":"Accueil","item":"https:\/\/blog.unifr.ch\/engage\/"},{"@type":"ListItem","position":2,"name":"CLIMAT et POPULATION"}]},{"@type":"WebSite","@id":"https:\/\/blog.unifr.ch\/engage\/#website","url":"https:\/\/blog.unifr.ch\/engage\/","name":"Engage&#039;","description":"Un site utilisant HEP Multisite","potentialAction":[{"@type":"SearchAction","target":{"@type":"EntryPoint","urlTemplate":"https:\/\/blog.unifr.ch\/engage\/?s={search_term_string}"},"query-input":{"@type":"PropertyValueSpecification","valueRequired":true,"valueName":"search_term_string"}}],"inLanguage":"fr-FR"}]}},"_links":{"self":[{"href":"https:\/\/blog.unifr.ch\/engage\/wp-json\/wp\/v2\/pages\/31","targetHints":{"allow":["GET"]}}],"collection":[{"href":"https:\/\/blog.unifr.ch\/engage\/wp-json\/wp\/v2\/pages"}],"about":[{"href":"https:\/\/blog.unifr.ch\/engage\/wp-json\/wp\/v2\/types\/page"}],"author":[{"embeddable":true,"href":"https:\/\/blog.unifr.ch\/engage\/wp-json\/wp\/v2\/users\/4"}],"replies":[{"embeddable":true,"href":"https:\/\/blog.unifr.ch\/engage\/wp-json\/wp\/v2\/comments?post=31"}],"version-history":[{"count":12,"href":"https:\/\/blog.unifr.ch\/engage\/wp-json\/wp\/v2\/pages\/31\/revisions"}],"predecessor-version":[{"id":182,"href":"https:\/\/blog.unifr.ch\/engage\/wp-json\/wp\/v2\/pages\/31\/revisions\/182"}],"wp:attachment":[{"href":"https:\/\/blog.unifr.ch\/engage\/wp-json\/wp\/v2\/media?parent=31"}],"curies":[{"name":"wp","href":"https:\/\/api.w.org\/{rel}","templated":true}]}}