{"id":313,"date":"2019-11-05T16:25:50","date_gmt":"2019-11-05T15:25:50","guid":{"rendered":"https:\/\/blog.unifr.ch\/engage\/?page_id=313"},"modified":"2019-11-05T16:28:34","modified_gmt":"2019-11-05T15:28:34","slug":"lhomme-ou-la-machine","status":"publish","type":"page","link":"https:\/\/blog.unifr.ch\/engage\/lhomme-ou-la-machine\/","title":{"rendered":"L&rsquo;homme ou la machine\u00a0?"},"content":{"rendered":"<p>De nouveaux records sont atteints constamment dans le monde du sport : les balles sont plus rapides, les javelots sont lanc\u00e9s plus loin, les v\u00e9los vont plus vite\u2026 Ces am\u00e9liorations sont-elles possibles gr\u00e2ce aux athl\u00e8tes, ou aux ing\u00e9nieurs\u00a0? Dans cette activit\u00e9, les apprenants utiliseront leurs connaissances en mati\u00e8re de forces pour concevoir le v\u00e9lo de course qui aidera l\u2019\u00e9quipe de leur pays \u00e0 atteindre de nouveaux records sur la piste des Jeux Olympiques 2016. La F\u00e9d\u00e9ration Internationale affirme que le v\u00e9lo propos\u00e9 donne un avantage antisportif \u00e0 leur \u00e9quipe. Ils apprendront \u00e0 critiquer les preuves afin de d\u00e9cider s\u2019ils sont d\u2019accord avec cette d\u00e9cision.<\/p>\n<p>Mat\u00e9riel pour 2 le\u00e7ons.<\/p>\n","protected":false},"excerpt":{"rendered":"<p>De nouveaux records sont atteints constamment dans le monde du sport : les balles sont plus rapides, les javelots sont lanc\u00e9s plus loin, les v\u00e9los vont plus vite\u2026 Ces am\u00e9liorations sont-elles possibles gr\u00e2ce aux athl\u00e8tes, ou aux ing\u00e9nieurs\u00a0? Dans cette activit\u00e9, les apprenants utiliseront leurs connaissances en mati\u00e8re de forces pour concevoir le v\u00e9lo de [&hellip;]<\/p>\n","protected":false},"author":4,"featured_media":0,"parent":0,"menu_order":0,"comment_status":"closed","ping_status":"closed","template":"","meta":{"_acf_changed":false,"footnotes":""},"class_list":["post-313","page","type-page","status-publish","hentry"],"acf":[],"yoast_head":"<!-- This site is optimized with the Yoast SEO plugin v25.6 - https:\/\/yoast.com\/wordpress\/plugins\/seo\/ -->\n<title>L&#039;homme ou la machine\u00a0? - Engage&#039;<\/title>\n<meta name=\"robots\" content=\"index, follow, max-snippet:-1, max-image-preview:large, max-video-preview:-1\" \/>\n<link rel=\"canonical\" href=\"https:\/\/blog.unifr.ch\/engage\/lhomme-ou-la-machine\/\" \/>\n<meta property=\"og:locale\" content=\"fr_FR\" \/>\n<meta property=\"og:type\" content=\"article\" \/>\n<meta property=\"og:title\" content=\"L&#039;homme ou la machine\u00a0? - Engage&#039;\" \/>\n<meta property=\"og:description\" content=\"De nouveaux records sont atteints constamment dans le monde du sport : les balles sont plus rapides, les javelots sont lanc\u00e9s plus loin, les v\u00e9los vont plus vite\u2026 Ces am\u00e9liorations sont-elles possibles gr\u00e2ce aux athl\u00e8tes, ou aux ing\u00e9nieurs\u00a0? Dans cette activit\u00e9, les apprenants utiliseront leurs connaissances en mati\u00e8re de forces pour concevoir le v\u00e9lo de [&hellip;]\" \/>\n<meta property=\"og:url\" content=\"https:\/\/blog.unifr.ch\/engage\/lhomme-ou-la-machine\/\" \/>\n<meta property=\"og:site_name\" content=\"Engage&#039;\" \/>\n<meta property=\"article:modified_time\" content=\"2019-11-05T15:28:34+00:00\" \/>\n<meta property=\"og:image\" content=\"https:\/\/blog.unifr.ch\/engage\/wp-content\/uploads\/2019\/09\/Capture-d\u2019e\u0301cran-2019-09-17-a\u0300-15.54.54.png\" \/>\n\t<meta property=\"og:image:width\" content=\"1034\" \/>\n\t<meta property=\"og:image:height\" content=\"404\" \/>\n\t<meta property=\"og:image:type\" content=\"image\/png\" \/>\n<meta name=\"twitter:card\" content=\"summary_large_image\" \/>\n<meta name=\"twitter:label1\" content=\"Dur\u00e9e de lecture estim\u00e9e\" \/>\n\t<meta name=\"twitter:data1\" content=\"1 minute\" \/>\n<script type=\"application\/ld+json\" class=\"yoast-schema-graph\">{\"@context\":\"https:\/\/schema.org\",\"@graph\":[{\"@type\":\"WebPage\",\"@id\":\"https:\/\/blog.unifr.ch\/engage\/lhomme-ou-la-machine\/\",\"url\":\"https:\/\/blog.unifr.ch\/engage\/lhomme-ou-la-machine\/\",\"name\":\"L'homme ou la machine\u00a0? - Engage&#039;\",\"isPartOf\":{\"@id\":\"https:\/\/blog.unifr.ch\/engage\/#website\"},\"datePublished\":\"2019-11-05T15:25:50+00:00\",\"dateModified\":\"2019-11-05T15:28:34+00:00\",\"breadcrumb\":{\"@id\":\"https:\/\/blog.unifr.ch\/engage\/lhomme-ou-la-machine\/#breadcrumb\"},\"inLanguage\":\"fr-FR\",\"potentialAction\":[{\"@type\":\"ReadAction\",\"target\":[\"https:\/\/blog.unifr.ch\/engage\/lhomme-ou-la-machine\/\"]}]},{\"@type\":\"BreadcrumbList\",\"@id\":\"https:\/\/blog.unifr.ch\/engage\/lhomme-ou-la-machine\/#breadcrumb\",\"itemListElement\":[{\"@type\":\"ListItem\",\"position\":1,\"name\":\"Accueil\",\"item\":\"https:\/\/blog.unifr.ch\/engage\/\"},{\"@type\":\"ListItem\",\"position\":2,\"name\":\"L&rsquo;homme ou la machine\u00a0?\"}]},{\"@type\":\"WebSite\",\"@id\":\"https:\/\/blog.unifr.ch\/engage\/#website\",\"url\":\"https:\/\/blog.unifr.ch\/engage\/\",\"name\":\"Engage&#039;\",\"description\":\"Un site utilisant HEP Multisite\",\"potentialAction\":[{\"@type\":\"SearchAction\",\"target\":{\"@type\":\"EntryPoint\",\"urlTemplate\":\"https:\/\/blog.unifr.ch\/engage\/?s={search_term_string}\"},\"query-input\":{\"@type\":\"PropertyValueSpecification\",\"valueRequired\":true,\"valueName\":\"search_term_string\"}}],\"inLanguage\":\"fr-FR\"}]}<\/script>\n<!-- \/ Yoast SEO plugin. -->","yoast_head_json":{"title":"L'homme ou la machine\u00a0? - Engage&#039;","robots":{"index":"index","follow":"follow","max-snippet":"max-snippet:-1","max-image-preview":"max-image-preview:large","max-video-preview":"max-video-preview:-1"},"canonical":"https:\/\/blog.unifr.ch\/engage\/lhomme-ou-la-machine\/","og_locale":"fr_FR","og_type":"article","og_title":"L'homme ou la machine\u00a0? - Engage&#039;","og_description":"De nouveaux records sont atteints constamment dans le monde du sport : les balles sont plus rapides, les javelots sont lanc\u00e9s plus loin, les v\u00e9los vont plus vite\u2026 Ces am\u00e9liorations sont-elles possibles gr\u00e2ce aux athl\u00e8tes, ou aux ing\u00e9nieurs\u00a0? Dans cette activit\u00e9, les apprenants utiliseront leurs connaissances en mati\u00e8re de forces pour concevoir le v\u00e9lo de [&hellip;]","og_url":"https:\/\/blog.unifr.ch\/engage\/lhomme-ou-la-machine\/","og_site_name":"Engage&#039;","article_modified_time":"2019-11-05T15:28:34+00:00","og_image":[{"width":1034,"height":404,"url":"https:\/\/blog.unifr.ch\/engage\/wp-content\/uploads\/2019\/09\/Capture-d\u2019e\u0301cran-2019-09-17-a\u0300-15.54.54.png","type":"image\/png"}],"twitter_card":"summary_large_image","twitter_misc":{"Dur\u00e9e de lecture estim\u00e9e":"1 minute"},"schema":{"@context":"https:\/\/schema.org","@graph":[{"@type":"WebPage","@id":"https:\/\/blog.unifr.ch\/engage\/lhomme-ou-la-machine\/","url":"https:\/\/blog.unifr.ch\/engage\/lhomme-ou-la-machine\/","name":"L'homme ou la machine\u00a0? - Engage&#039;","isPartOf":{"@id":"https:\/\/blog.unifr.ch\/engage\/#website"},"datePublished":"2019-11-05T15:25:50+00:00","dateModified":"2019-11-05T15:28:34+00:00","breadcrumb":{"@id":"https:\/\/blog.unifr.ch\/engage\/lhomme-ou-la-machine\/#breadcrumb"},"inLanguage":"fr-FR","potentialAction":[{"@type":"ReadAction","target":["https:\/\/blog.unifr.ch\/engage\/lhomme-ou-la-machine\/"]}]},{"@type":"BreadcrumbList","@id":"https:\/\/blog.unifr.ch\/engage\/lhomme-ou-la-machine\/#breadcrumb","itemListElement":[{"@type":"ListItem","position":1,"name":"Accueil","item":"https:\/\/blog.unifr.ch\/engage\/"},{"@type":"ListItem","position":2,"name":"L&rsquo;homme ou la machine\u00a0?"}]},{"@type":"WebSite","@id":"https:\/\/blog.unifr.ch\/engage\/#website","url":"https:\/\/blog.unifr.ch\/engage\/","name":"Engage&#039;","description":"Un site utilisant HEP Multisite","potentialAction":[{"@type":"SearchAction","target":{"@type":"EntryPoint","urlTemplate":"https:\/\/blog.unifr.ch\/engage\/?s={search_term_string}"},"query-input":{"@type":"PropertyValueSpecification","valueRequired":true,"valueName":"search_term_string"}}],"inLanguage":"fr-FR"}]}},"_links":{"self":[{"href":"https:\/\/blog.unifr.ch\/engage\/wp-json\/wp\/v2\/pages\/313","targetHints":{"allow":["GET"]}}],"collection":[{"href":"https:\/\/blog.unifr.ch\/engage\/wp-json\/wp\/v2\/pages"}],"about":[{"href":"https:\/\/blog.unifr.ch\/engage\/wp-json\/wp\/v2\/types\/page"}],"author":[{"embeddable":true,"href":"https:\/\/blog.unifr.ch\/engage\/wp-json\/wp\/v2\/users\/4"}],"replies":[{"embeddable":true,"href":"https:\/\/blog.unifr.ch\/engage\/wp-json\/wp\/v2\/comments?post=313"}],"version-history":[{"count":2,"href":"https:\/\/blog.unifr.ch\/engage\/wp-json\/wp\/v2\/pages\/313\/revisions"}],"predecessor-version":[{"id":318,"href":"https:\/\/blog.unifr.ch\/engage\/wp-json\/wp\/v2\/pages\/313\/revisions\/318"}],"wp:attachment":[{"href":"https:\/\/blog.unifr.ch\/engage\/wp-json\/wp\/v2\/media?parent=313"}],"curies":[{"name":"wp","href":"https:\/\/api.w.org\/{rel}","templated":true}]}}