{"id":43,"date":"2019-09-17T16:44:34","date_gmt":"2019-09-17T14:44:34","guid":{"rendered":"https:\/\/blog.unifr.ch\/engage\/?page_id=43"},"modified":"2023-04-04T15:06:16","modified_gmt":"2023-04-04T13:06:16","slug":"nourrir-lhumanite","status":"publish","type":"page","link":"https:\/\/blog.unifr.ch\/engage\/nourrir-lhumanite\/","title":{"rendered":"Nourrir l&rsquo;humanit\u00e9"},"content":{"rendered":"<p>Quelles sont les d\u00e9cisions \u00e0 prendre pour faire face \u00e0 l&rsquo;\u00e9volution de la population? Quels alternatives pouvons-nous envisager pour modifier nos habitudes de consommation? Comment s&rsquo;y prendre pour chercher ensembles des solutions? Un regard critique sur les sources, un \u00ab\u00a0jeu des cons\u00e9quences\u00a0\u00bb pour acc\u00e9der \u00e0 un regard syst\u00e9mique et empathique, un regard diff\u00e9rent sur le monde.<\/p>\n","protected":false},"excerpt":{"rendered":"<p>Quelles sont les d\u00e9cisions \u00e0 prendre pour faire face \u00e0 l&rsquo;\u00e9volution de la population? Quels alternatives pouvons-nous envisager pour modifier nos habitudes de consommation? Comment s&rsquo;y prendre pour chercher ensembles des solutions? Un regard critique sur les sources, un \u00ab\u00a0jeu des cons\u00e9quences\u00a0\u00bb pour acc\u00e9der \u00e0 un regard syst\u00e9mique et empathique, un regard diff\u00e9rent sur le [&hellip;]<\/p>\n","protected":false},"author":4,"featured_media":0,"parent":0,"menu_order":0,"comment_status":"closed","ping_status":"closed","template":"","meta":{"_acf_changed":false,"footnotes":""},"class_list":["post-43","page","type-page","status-publish","hentry"],"acf":[],"yoast_head":"<!-- This site is optimized with the Yoast SEO plugin v25.6 - https:\/\/yoast.com\/wordpress\/plugins\/seo\/ -->\n<title>Nourrir l&#039;humanit\u00e9 - Engage&#039;<\/title>\n<meta name=\"robots\" content=\"index, follow, max-snippet:-1, max-image-preview:large, max-video-preview:-1\" \/>\n<link rel=\"canonical\" href=\"https:\/\/blog.unifr.ch\/engage\/nourrir-lhumanite\/\" \/>\n<meta property=\"og:locale\" content=\"fr_FR\" \/>\n<meta property=\"og:type\" content=\"article\" \/>\n<meta property=\"og:title\" content=\"Nourrir l&#039;humanit\u00e9 - Engage&#039;\" \/>\n<meta property=\"og:description\" content=\"Quelles sont les d\u00e9cisions \u00e0 prendre pour faire face \u00e0 l&rsquo;\u00e9volution de la population? Quels alternatives pouvons-nous envisager pour modifier nos habitudes de consommation? Comment s&rsquo;y prendre pour chercher ensembles des solutions? Un regard critique sur les sources, un \u00ab\u00a0jeu des cons\u00e9quences\u00a0\u00bb pour acc\u00e9der \u00e0 un regard syst\u00e9mique et empathique, un regard diff\u00e9rent sur le [&hellip;]\" \/>\n<meta property=\"og:url\" content=\"https:\/\/blog.unifr.ch\/engage\/nourrir-lhumanite\/\" \/>\n<meta property=\"og:site_name\" content=\"Engage&#039;\" \/>\n<meta property=\"article:modified_time\" content=\"2023-04-04T13:06:16+00:00\" \/>\n<meta property=\"og:image\" content=\"https:\/\/blog.unifr.ch\/engage\/wp-content\/uploads\/2019\/09\/Capture-d\u2019e\u0301cran-2019-09-17-a\u0300-15.54.54.png\" \/>\n\t<meta property=\"og:image:width\" content=\"1034\" \/>\n\t<meta property=\"og:image:height\" content=\"404\" \/>\n\t<meta property=\"og:image:type\" content=\"image\/png\" \/>\n<meta name=\"twitter:card\" content=\"summary_large_image\" \/>\n<script type=\"application\/ld+json\" class=\"yoast-schema-graph\">{\"@context\":\"https:\/\/schema.org\",\"@graph\":[{\"@type\":\"WebPage\",\"@id\":\"https:\/\/blog.unifr.ch\/engage\/nourrir-lhumanite\/\",\"url\":\"https:\/\/blog.unifr.ch\/engage\/nourrir-lhumanite\/\",\"name\":\"Nourrir l'humanit\u00e9 - Engage&#039;\",\"isPartOf\":{\"@id\":\"https:\/\/blog.unifr.ch\/engage\/#website\"},\"datePublished\":\"2019-09-17T14:44:34+00:00\",\"dateModified\":\"2023-04-04T13:06:16+00:00\",\"breadcrumb\":{\"@id\":\"https:\/\/blog.unifr.ch\/engage\/nourrir-lhumanite\/#breadcrumb\"},\"inLanguage\":\"fr-FR\",\"potentialAction\":[{\"@type\":\"ReadAction\",\"target\":[\"https:\/\/blog.unifr.ch\/engage\/nourrir-lhumanite\/\"]}]},{\"@type\":\"BreadcrumbList\",\"@id\":\"https:\/\/blog.unifr.ch\/engage\/nourrir-lhumanite\/#breadcrumb\",\"itemListElement\":[{\"@type\":\"ListItem\",\"position\":1,\"name\":\"Accueil\",\"item\":\"https:\/\/blog.unifr.ch\/engage\/\"},{\"@type\":\"ListItem\",\"position\":2,\"name\":\"Nourrir l&rsquo;humanit\u00e9\"}]},{\"@type\":\"WebSite\",\"@id\":\"https:\/\/blog.unifr.ch\/engage\/#website\",\"url\":\"https:\/\/blog.unifr.ch\/engage\/\",\"name\":\"Engage&#039;\",\"description\":\"Un site utilisant HEP Multisite\",\"potentialAction\":[{\"@type\":\"SearchAction\",\"target\":{\"@type\":\"EntryPoint\",\"urlTemplate\":\"https:\/\/blog.unifr.ch\/engage\/?s={search_term_string}\"},\"query-input\":{\"@type\":\"PropertyValueSpecification\",\"valueRequired\":true,\"valueName\":\"search_term_string\"}}],\"inLanguage\":\"fr-FR\"}]}<\/script>\n<!-- \/ Yoast SEO plugin. -->","yoast_head_json":{"title":"Nourrir l'humanit\u00e9 - Engage&#039;","robots":{"index":"index","follow":"follow","max-snippet":"max-snippet:-1","max-image-preview":"max-image-preview:large","max-video-preview":"max-video-preview:-1"},"canonical":"https:\/\/blog.unifr.ch\/engage\/nourrir-lhumanite\/","og_locale":"fr_FR","og_type":"article","og_title":"Nourrir l'humanit\u00e9 - Engage&#039;","og_description":"Quelles sont les d\u00e9cisions \u00e0 prendre pour faire face \u00e0 l&rsquo;\u00e9volution de la population? Quels alternatives pouvons-nous envisager pour modifier nos habitudes de consommation? Comment s&rsquo;y prendre pour chercher ensembles des solutions? Un regard critique sur les sources, un \u00ab\u00a0jeu des cons\u00e9quences\u00a0\u00bb pour acc\u00e9der \u00e0 un regard syst\u00e9mique et empathique, un regard diff\u00e9rent sur le [&hellip;]","og_url":"https:\/\/blog.unifr.ch\/engage\/nourrir-lhumanite\/","og_site_name":"Engage&#039;","article_modified_time":"2023-04-04T13:06:16+00:00","og_image":[{"width":1034,"height":404,"url":"https:\/\/blog.unifr.ch\/engage\/wp-content\/uploads\/2019\/09\/Capture-d\u2019e\u0301cran-2019-09-17-a\u0300-15.54.54.png","type":"image\/png"}],"twitter_card":"summary_large_image","schema":{"@context":"https:\/\/schema.org","@graph":[{"@type":"WebPage","@id":"https:\/\/blog.unifr.ch\/engage\/nourrir-lhumanite\/","url":"https:\/\/blog.unifr.ch\/engage\/nourrir-lhumanite\/","name":"Nourrir l'humanit\u00e9 - Engage&#039;","isPartOf":{"@id":"https:\/\/blog.unifr.ch\/engage\/#website"},"datePublished":"2019-09-17T14:44:34+00:00","dateModified":"2023-04-04T13:06:16+00:00","breadcrumb":{"@id":"https:\/\/blog.unifr.ch\/engage\/nourrir-lhumanite\/#breadcrumb"},"inLanguage":"fr-FR","potentialAction":[{"@type":"ReadAction","target":["https:\/\/blog.unifr.ch\/engage\/nourrir-lhumanite\/"]}]},{"@type":"BreadcrumbList","@id":"https:\/\/blog.unifr.ch\/engage\/nourrir-lhumanite\/#breadcrumb","itemListElement":[{"@type":"ListItem","position":1,"name":"Accueil","item":"https:\/\/blog.unifr.ch\/engage\/"},{"@type":"ListItem","position":2,"name":"Nourrir l&rsquo;humanit\u00e9"}]},{"@type":"WebSite","@id":"https:\/\/blog.unifr.ch\/engage\/#website","url":"https:\/\/blog.unifr.ch\/engage\/","name":"Engage&#039;","description":"Un site utilisant HEP Multisite","potentialAction":[{"@type":"SearchAction","target":{"@type":"EntryPoint","urlTemplate":"https:\/\/blog.unifr.ch\/engage\/?s={search_term_string}"},"query-input":{"@type":"PropertyValueSpecification","valueRequired":true,"valueName":"search_term_string"}}],"inLanguage":"fr-FR"}]}},"_links":{"self":[{"href":"https:\/\/blog.unifr.ch\/engage\/wp-json\/wp\/v2\/pages\/43","targetHints":{"allow":["GET"]}}],"collection":[{"href":"https:\/\/blog.unifr.ch\/engage\/wp-json\/wp\/v2\/pages"}],"about":[{"href":"https:\/\/blog.unifr.ch\/engage\/wp-json\/wp\/v2\/types\/page"}],"author":[{"embeddable":true,"href":"https:\/\/blog.unifr.ch\/engage\/wp-json\/wp\/v2\/users\/4"}],"replies":[{"embeddable":true,"href":"https:\/\/blog.unifr.ch\/engage\/wp-json\/wp\/v2\/comments?post=43"}],"version-history":[{"count":2,"href":"https:\/\/blog.unifr.ch\/engage\/wp-json\/wp\/v2\/pages\/43\/revisions"}],"predecessor-version":[{"id":331,"href":"https:\/\/blog.unifr.ch\/engage\/wp-json\/wp\/v2\/pages\/43\/revisions\/331"}],"wp:attachment":[{"href":"https:\/\/blog.unifr.ch\/engage\/wp-json\/wp\/v2\/media?parent=43"}],"curies":[{"name":"wp","href":"https:\/\/api.w.org\/{rel}","templated":true}]}}