{"id":57,"date":"2019-09-17T17:01:25","date_gmt":"2019-09-17T15:01:25","guid":{"rendered":"https:\/\/blog.unifr.ch\/engage\/?page_id=57"},"modified":"2019-09-17T17:03:41","modified_gmt":"2019-09-17T15:03:41","slug":"manger-des-insectes","status":"publish","type":"page","link":"https:\/\/blog.unifr.ch\/engage\/manger-des-insectes\/","title":{"rendered":"Manger des insectes"},"content":{"rendered":"<p>La consommation de prot\u00e9ines animales est tr\u00e8s lourde d&rsquo;un point de vue environnemental, mais a \u00e9galement un co\u00fbt non n\u00e9gligeable pour la sant\u00e9. Manger des insectes serait-il une solution envisageable pour pallier ces probl\u00e8mes? Mais sommes-nous pr\u00eats \u00e0 changer nos habitudes alimentaires? Qu&rsquo;est-ce qui nous en emp\u00eache&#8230;?<\/p>\n","protected":false},"excerpt":{"rendered":"<p>La consommation de prot\u00e9ines animales est tr\u00e8s lourde d&rsquo;un point de vue environnemental, mais a \u00e9galement un co\u00fbt non n\u00e9gligeable pour la sant\u00e9. Manger des insectes serait-il une solution envisageable pour pallier ces probl\u00e8mes? Mais sommes-nous pr\u00eats \u00e0 changer nos habitudes alimentaires? Qu&rsquo;est-ce qui nous en emp\u00eache&#8230;?<\/p>\n","protected":false},"author":4,"featured_media":0,"parent":0,"menu_order":0,"comment_status":"closed","ping_status":"closed","template":"","meta":{"_acf_changed":false,"footnotes":""},"class_list":["post-57","page","type-page","status-publish","hentry"],"acf":[],"yoast_head":"<!-- This site is optimized with the Yoast SEO plugin v25.6 - https:\/\/yoast.com\/wordpress\/plugins\/seo\/ -->\n<title>Manger des insectes - Engage&#039;<\/title>\n<meta name=\"robots\" content=\"index, follow, max-snippet:-1, max-image-preview:large, max-video-preview:-1\" \/>\n<link rel=\"canonical\" href=\"https:\/\/blog.unifr.ch\/engage\/manger-des-insectes\/\" \/>\n<meta property=\"og:locale\" content=\"fr_FR\" \/>\n<meta property=\"og:type\" content=\"article\" \/>\n<meta property=\"og:title\" content=\"Manger des insectes - Engage&#039;\" \/>\n<meta property=\"og:description\" content=\"La consommation de prot\u00e9ines animales est tr\u00e8s lourde d&rsquo;un point de vue environnemental, mais a \u00e9galement un co\u00fbt non n\u00e9gligeable pour la sant\u00e9. Manger des insectes serait-il une solution envisageable pour pallier ces probl\u00e8mes? Mais sommes-nous pr\u00eats \u00e0 changer nos habitudes alimentaires? Qu&rsquo;est-ce qui nous en emp\u00eache&#8230;?\" \/>\n<meta property=\"og:url\" content=\"https:\/\/blog.unifr.ch\/engage\/manger-des-insectes\/\" \/>\n<meta property=\"og:site_name\" content=\"Engage&#039;\" \/>\n<meta property=\"article:modified_time\" content=\"2019-09-17T15:03:41+00:00\" \/>\n<meta property=\"og:image\" content=\"https:\/\/blog.unifr.ch\/engage\/wp-content\/uploads\/2019\/09\/Capture-d\u2019e\u0301cran-2019-09-17-a\u0300-15.54.54.png\" \/>\n\t<meta property=\"og:image:width\" content=\"1034\" \/>\n\t<meta property=\"og:image:height\" content=\"404\" \/>\n\t<meta property=\"og:image:type\" content=\"image\/png\" \/>\n<meta name=\"twitter:card\" content=\"summary_large_image\" \/>\n<script type=\"application\/ld+json\" class=\"yoast-schema-graph\">{\"@context\":\"https:\/\/schema.org\",\"@graph\":[{\"@type\":\"WebPage\",\"@id\":\"https:\/\/blog.unifr.ch\/engage\/manger-des-insectes\/\",\"url\":\"https:\/\/blog.unifr.ch\/engage\/manger-des-insectes\/\",\"name\":\"Manger des insectes - Engage&#039;\",\"isPartOf\":{\"@id\":\"https:\/\/blog.unifr.ch\/engage\/#website\"},\"datePublished\":\"2019-09-17T15:01:25+00:00\",\"dateModified\":\"2019-09-17T15:03:41+00:00\",\"breadcrumb\":{\"@id\":\"https:\/\/blog.unifr.ch\/engage\/manger-des-insectes\/#breadcrumb\"},\"inLanguage\":\"fr-FR\",\"potentialAction\":[{\"@type\":\"ReadAction\",\"target\":[\"https:\/\/blog.unifr.ch\/engage\/manger-des-insectes\/\"]}]},{\"@type\":\"BreadcrumbList\",\"@id\":\"https:\/\/blog.unifr.ch\/engage\/manger-des-insectes\/#breadcrumb\",\"itemListElement\":[{\"@type\":\"ListItem\",\"position\":1,\"name\":\"Accueil\",\"item\":\"https:\/\/blog.unifr.ch\/engage\/\"},{\"@type\":\"ListItem\",\"position\":2,\"name\":\"Manger des insectes\"}]},{\"@type\":\"WebSite\",\"@id\":\"https:\/\/blog.unifr.ch\/engage\/#website\",\"url\":\"https:\/\/blog.unifr.ch\/engage\/\",\"name\":\"Engage&#039;\",\"description\":\"Un site utilisant HEP Multisite\",\"potentialAction\":[{\"@type\":\"SearchAction\",\"target\":{\"@type\":\"EntryPoint\",\"urlTemplate\":\"https:\/\/blog.unifr.ch\/engage\/?s={search_term_string}\"},\"query-input\":{\"@type\":\"PropertyValueSpecification\",\"valueRequired\":true,\"valueName\":\"search_term_string\"}}],\"inLanguage\":\"fr-FR\"}]}<\/script>\n<!-- \/ Yoast SEO plugin. -->","yoast_head_json":{"title":"Manger des insectes - Engage&#039;","robots":{"index":"index","follow":"follow","max-snippet":"max-snippet:-1","max-image-preview":"max-image-preview:large","max-video-preview":"max-video-preview:-1"},"canonical":"https:\/\/blog.unifr.ch\/engage\/manger-des-insectes\/","og_locale":"fr_FR","og_type":"article","og_title":"Manger des insectes - Engage&#039;","og_description":"La consommation de prot\u00e9ines animales est tr\u00e8s lourde d&rsquo;un point de vue environnemental, mais a \u00e9galement un co\u00fbt non n\u00e9gligeable pour la sant\u00e9. Manger des insectes serait-il une solution envisageable pour pallier ces probl\u00e8mes? Mais sommes-nous pr\u00eats \u00e0 changer nos habitudes alimentaires? Qu&rsquo;est-ce qui nous en emp\u00eache&#8230;?","og_url":"https:\/\/blog.unifr.ch\/engage\/manger-des-insectes\/","og_site_name":"Engage&#039;","article_modified_time":"2019-09-17T15:03:41+00:00","og_image":[{"width":1034,"height":404,"url":"https:\/\/blog.unifr.ch\/engage\/wp-content\/uploads\/2019\/09\/Capture-d\u2019e\u0301cran-2019-09-17-a\u0300-15.54.54.png","type":"image\/png"}],"twitter_card":"summary_large_image","schema":{"@context":"https:\/\/schema.org","@graph":[{"@type":"WebPage","@id":"https:\/\/blog.unifr.ch\/engage\/manger-des-insectes\/","url":"https:\/\/blog.unifr.ch\/engage\/manger-des-insectes\/","name":"Manger des insectes - Engage&#039;","isPartOf":{"@id":"https:\/\/blog.unifr.ch\/engage\/#website"},"datePublished":"2019-09-17T15:01:25+00:00","dateModified":"2019-09-17T15:03:41+00:00","breadcrumb":{"@id":"https:\/\/blog.unifr.ch\/engage\/manger-des-insectes\/#breadcrumb"},"inLanguage":"fr-FR","potentialAction":[{"@type":"ReadAction","target":["https:\/\/blog.unifr.ch\/engage\/manger-des-insectes\/"]}]},{"@type":"BreadcrumbList","@id":"https:\/\/blog.unifr.ch\/engage\/manger-des-insectes\/#breadcrumb","itemListElement":[{"@type":"ListItem","position":1,"name":"Accueil","item":"https:\/\/blog.unifr.ch\/engage\/"},{"@type":"ListItem","position":2,"name":"Manger des insectes"}]},{"@type":"WebSite","@id":"https:\/\/blog.unifr.ch\/engage\/#website","url":"https:\/\/blog.unifr.ch\/engage\/","name":"Engage&#039;","description":"Un site utilisant HEP Multisite","potentialAction":[{"@type":"SearchAction","target":{"@type":"EntryPoint","urlTemplate":"https:\/\/blog.unifr.ch\/engage\/?s={search_term_string}"},"query-input":{"@type":"PropertyValueSpecification","valueRequired":true,"valueName":"search_term_string"}}],"inLanguage":"fr-FR"}]}},"_links":{"self":[{"href":"https:\/\/blog.unifr.ch\/engage\/wp-json\/wp\/v2\/pages\/57","targetHints":{"allow":["GET"]}}],"collection":[{"href":"https:\/\/blog.unifr.ch\/engage\/wp-json\/wp\/v2\/pages"}],"about":[{"href":"https:\/\/blog.unifr.ch\/engage\/wp-json\/wp\/v2\/types\/page"}],"author":[{"embeddable":true,"href":"https:\/\/blog.unifr.ch\/engage\/wp-json\/wp\/v2\/users\/4"}],"replies":[{"embeddable":true,"href":"https:\/\/blog.unifr.ch\/engage\/wp-json\/wp\/v2\/comments?post=57"}],"version-history":[{"count":2,"href":"https:\/\/blog.unifr.ch\/engage\/wp-json\/wp\/v2\/pages\/57\/revisions"}],"predecessor-version":[{"id":61,"href":"https:\/\/blog.unifr.ch\/engage\/wp-json\/wp\/v2\/pages\/57\/revisions\/61"}],"wp:attachment":[{"href":"https:\/\/blog.unifr.ch\/engage\/wp-json\/wp\/v2\/media?parent=57"}],"curies":[{"name":"wp","href":"https:\/\/api.w.org\/{rel}","templated":true}]}}