{"id":63,"date":"2019-09-17T17:23:06","date_gmt":"2019-09-17T15:23:06","guid":{"rendered":"https:\/\/blog.unifr.ch\/engage\/?page_id=63"},"modified":"2019-11-05T16:23:06","modified_gmt":"2019-11-05T15:23:06","slug":"sante","status":"publish","type":"page","link":"https:\/\/blog.unifr.ch\/engage\/sante\/","title":{"rendered":"SANTE"},"content":{"rendered":"<p>Des maladies (Zika, Ebola), des risques alimentaires (les sodas) ou li\u00e9s \u00e0 notre mode de vie (le co\u00fb(t) des textos, les bancs solaires), des besoins vitaux (vitamine D) ou les nouvelles technologies\u00a0 qui permettent de reconstruire certains organes, autant de sujets qui conduisent \u00e0 mieux conna\u00eetre notre corps et ses besoins, mais \u00e9galement \u00e0 se pencher sur des questions \u00e9thiques qui vont bien au del\u00e0 de nos seules d\u00e9cisions individuelles.<\/p>\n<p>Li\u00e9es \u00e9galement \u00e0 la sant\u00e9, les th\u00e9matiques\u00a0 sur l&rsquo;extermination des moustiques, les d\u00e9cisions face aux OGM, ou face \u00e0 des maladies h\u00e9r\u00e9ditaires sont \u00e0 chercher sous \u00ab\u00a0\u00e9thique\u00a0\u00bb.<\/p>\n","protected":false},"excerpt":{"rendered":"<p>Des maladies (Zika, Ebola), des risques alimentaires (les sodas) ou li\u00e9s \u00e0 notre mode de vie (le co\u00fb(t) des textos, les bancs solaires), des besoins vitaux (vitamine D) ou les nouvelles technologies\u00a0 qui permettent de reconstruire certains organes, autant de sujets qui conduisent \u00e0 mieux conna\u00eetre notre corps et ses besoins, mais \u00e9galement \u00e0 se [&hellip;]<\/p>\n","protected":false},"author":4,"featured_media":0,"parent":0,"menu_order":0,"comment_status":"closed","ping_status":"closed","template":"","meta":{"_acf_changed":false,"footnotes":""},"class_list":["post-63","page","type-page","status-publish","hentry"],"acf":[],"yoast_head":"<!-- This site is optimized with the Yoast SEO plugin v25.6 - https:\/\/yoast.com\/wordpress\/plugins\/seo\/ -->\n<title>SANTE - Engage&#039;<\/title>\n<meta name=\"robots\" content=\"index, follow, max-snippet:-1, max-image-preview:large, max-video-preview:-1\" \/>\n<link rel=\"canonical\" href=\"https:\/\/blog.unifr.ch\/engage\/sante\/\" \/>\n<meta property=\"og:locale\" content=\"fr_FR\" \/>\n<meta property=\"og:type\" content=\"article\" \/>\n<meta property=\"og:title\" content=\"SANTE - Engage&#039;\" \/>\n<meta property=\"og:description\" content=\"Des maladies (Zika, Ebola), des risques alimentaires (les sodas) ou li\u00e9s \u00e0 notre mode de vie (le co\u00fb(t) des textos, les bancs solaires), des besoins vitaux (vitamine D) ou les nouvelles technologies\u00a0 qui permettent de reconstruire certains organes, autant de sujets qui conduisent \u00e0 mieux conna\u00eetre notre corps et ses besoins, mais \u00e9galement \u00e0 se [&hellip;]\" \/>\n<meta property=\"og:url\" content=\"https:\/\/blog.unifr.ch\/engage\/sante\/\" \/>\n<meta property=\"og:site_name\" content=\"Engage&#039;\" \/>\n<meta property=\"article:modified_time\" content=\"2019-11-05T15:23:06+00:00\" \/>\n<meta property=\"og:image\" content=\"https:\/\/blog.unifr.ch\/engage\/wp-content\/uploads\/2019\/09\/Capture-d\u2019e\u0301cran-2019-09-17-a\u0300-15.54.54.png\" \/>\n\t<meta property=\"og:image:width\" content=\"1034\" \/>\n\t<meta property=\"og:image:height\" content=\"404\" \/>\n\t<meta property=\"og:image:type\" content=\"image\/png\" \/>\n<meta name=\"twitter:card\" content=\"summary_large_image\" \/>\n<meta name=\"twitter:label1\" content=\"Dur\u00e9e de lecture estim\u00e9e\" \/>\n\t<meta name=\"twitter:data1\" content=\"1 minute\" \/>\n<script type=\"application\/ld+json\" class=\"yoast-schema-graph\">{\"@context\":\"https:\/\/schema.org\",\"@graph\":[{\"@type\":\"WebPage\",\"@id\":\"https:\/\/blog.unifr.ch\/engage\/sante\/\",\"url\":\"https:\/\/blog.unifr.ch\/engage\/sante\/\",\"name\":\"SANTE - Engage&#039;\",\"isPartOf\":{\"@id\":\"https:\/\/blog.unifr.ch\/engage\/#website\"},\"datePublished\":\"2019-09-17T15:23:06+00:00\",\"dateModified\":\"2019-11-05T15:23:06+00:00\",\"breadcrumb\":{\"@id\":\"https:\/\/blog.unifr.ch\/engage\/sante\/#breadcrumb\"},\"inLanguage\":\"fr-FR\",\"potentialAction\":[{\"@type\":\"ReadAction\",\"target\":[\"https:\/\/blog.unifr.ch\/engage\/sante\/\"]}]},{\"@type\":\"BreadcrumbList\",\"@id\":\"https:\/\/blog.unifr.ch\/engage\/sante\/#breadcrumb\",\"itemListElement\":[{\"@type\":\"ListItem\",\"position\":1,\"name\":\"Accueil\",\"item\":\"https:\/\/blog.unifr.ch\/engage\/\"},{\"@type\":\"ListItem\",\"position\":2,\"name\":\"SANTE\"}]},{\"@type\":\"WebSite\",\"@id\":\"https:\/\/blog.unifr.ch\/engage\/#website\",\"url\":\"https:\/\/blog.unifr.ch\/engage\/\",\"name\":\"Engage&#039;\",\"description\":\"Un site utilisant HEP Multisite\",\"potentialAction\":[{\"@type\":\"SearchAction\",\"target\":{\"@type\":\"EntryPoint\",\"urlTemplate\":\"https:\/\/blog.unifr.ch\/engage\/?s={search_term_string}\"},\"query-input\":{\"@type\":\"PropertyValueSpecification\",\"valueRequired\":true,\"valueName\":\"search_term_string\"}}],\"inLanguage\":\"fr-FR\"}]}<\/script>\n<!-- \/ Yoast SEO plugin. -->","yoast_head_json":{"title":"SANTE - Engage&#039;","robots":{"index":"index","follow":"follow","max-snippet":"max-snippet:-1","max-image-preview":"max-image-preview:large","max-video-preview":"max-video-preview:-1"},"canonical":"https:\/\/blog.unifr.ch\/engage\/sante\/","og_locale":"fr_FR","og_type":"article","og_title":"SANTE - Engage&#039;","og_description":"Des maladies (Zika, Ebola), des risques alimentaires (les sodas) ou li\u00e9s \u00e0 notre mode de vie (le co\u00fb(t) des textos, les bancs solaires), des besoins vitaux (vitamine D) ou les nouvelles technologies\u00a0 qui permettent de reconstruire certains organes, autant de sujets qui conduisent \u00e0 mieux conna\u00eetre notre corps et ses besoins, mais \u00e9galement \u00e0 se [&hellip;]","og_url":"https:\/\/blog.unifr.ch\/engage\/sante\/","og_site_name":"Engage&#039;","article_modified_time":"2019-11-05T15:23:06+00:00","og_image":[{"width":1034,"height":404,"url":"https:\/\/blog.unifr.ch\/engage\/wp-content\/uploads\/2019\/09\/Capture-d\u2019e\u0301cran-2019-09-17-a\u0300-15.54.54.png","type":"image\/png"}],"twitter_card":"summary_large_image","twitter_misc":{"Dur\u00e9e de lecture estim\u00e9e":"1 minute"},"schema":{"@context":"https:\/\/schema.org","@graph":[{"@type":"WebPage","@id":"https:\/\/blog.unifr.ch\/engage\/sante\/","url":"https:\/\/blog.unifr.ch\/engage\/sante\/","name":"SANTE - Engage&#039;","isPartOf":{"@id":"https:\/\/blog.unifr.ch\/engage\/#website"},"datePublished":"2019-09-17T15:23:06+00:00","dateModified":"2019-11-05T15:23:06+00:00","breadcrumb":{"@id":"https:\/\/blog.unifr.ch\/engage\/sante\/#breadcrumb"},"inLanguage":"fr-FR","potentialAction":[{"@type":"ReadAction","target":["https:\/\/blog.unifr.ch\/engage\/sante\/"]}]},{"@type":"BreadcrumbList","@id":"https:\/\/blog.unifr.ch\/engage\/sante\/#breadcrumb","itemListElement":[{"@type":"ListItem","position":1,"name":"Accueil","item":"https:\/\/blog.unifr.ch\/engage\/"},{"@type":"ListItem","position":2,"name":"SANTE"}]},{"@type":"WebSite","@id":"https:\/\/blog.unifr.ch\/engage\/#website","url":"https:\/\/blog.unifr.ch\/engage\/","name":"Engage&#039;","description":"Un site utilisant HEP Multisite","potentialAction":[{"@type":"SearchAction","target":{"@type":"EntryPoint","urlTemplate":"https:\/\/blog.unifr.ch\/engage\/?s={search_term_string}"},"query-input":{"@type":"PropertyValueSpecification","valueRequired":true,"valueName":"search_term_string"}}],"inLanguage":"fr-FR"}]}},"_links":{"self":[{"href":"https:\/\/blog.unifr.ch\/engage\/wp-json\/wp\/v2\/pages\/63","targetHints":{"allow":["GET"]}}],"collection":[{"href":"https:\/\/blog.unifr.ch\/engage\/wp-json\/wp\/v2\/pages"}],"about":[{"href":"https:\/\/blog.unifr.ch\/engage\/wp-json\/wp\/v2\/types\/page"}],"author":[{"embeddable":true,"href":"https:\/\/blog.unifr.ch\/engage\/wp-json\/wp\/v2\/users\/4"}],"replies":[{"embeddable":true,"href":"https:\/\/blog.unifr.ch\/engage\/wp-json\/wp\/v2\/comments?post=63"}],"version-history":[{"count":23,"href":"https:\/\/blog.unifr.ch\/engage\/wp-json\/wp\/v2\/pages\/63\/revisions"}],"predecessor-version":[{"id":312,"href":"https:\/\/blog.unifr.ch\/engage\/wp-json\/wp\/v2\/pages\/63\/revisions\/312"}],"wp:attachment":[{"href":"https:\/\/blog.unifr.ch\/engage\/wp-json\/wp\/v2\/media?parent=63"}],"curies":[{"name":"wp","href":"https:\/\/api.w.org\/{rel}","templated":true}]}}