{"id":84,"date":"2019-10-09T19:18:27","date_gmt":"2019-10-09T17:18:27","guid":{"rendered":"https:\/\/blog.unifr.ch\/engage\/?page_id=84"},"modified":"2023-11-06T10:07:57","modified_gmt":"2023-11-06T09:07:57","slug":"ebola","status":"publish","type":"page","link":"https:\/\/blog.unifr.ch\/engage\/ebola\/","title":{"rendered":"Ebola"},"content":{"rendered":"<p>Ebola peut se r\u00e9pandre vite et causer des d\u00e9g\u00e2ts d\u00e9vastateurs. Pour aider \u00e0 combattre cette \u00e9pid\u00e9mie, des scientifiques sont en train de d\u00e9velopper des m\u00e9dicaments et des vaccins. Seriez-vous pr\u00eats \u00e0 tester un nouveau vaccin contre l\u2019Ebola sur vous-m\u00eames ? \u00a0Pour r\u00e9pondre \u00e0 cette d\u00e9licate question, les \u00e9l\u00e8ves vont devoir rassembler des informations issues de plusieurs sources diff\u00e9rentes et pond\u00e9rer les risques et les avantages.<\/p>\n","protected":false},"excerpt":{"rendered":"<p>Ebola peut se r\u00e9pandre vite et causer des d\u00e9g\u00e2ts d\u00e9vastateurs. Pour aider \u00e0 combattre cette \u00e9pid\u00e9mie, des scientifiques sont en train de d\u00e9velopper des m\u00e9dicaments et des vaccins. Seriez-vous pr\u00eats \u00e0 tester un nouveau vaccin contre l\u2019Ebola sur vous-m\u00eames ? \u00a0Pour r\u00e9pondre \u00e0 cette d\u00e9licate question, les \u00e9l\u00e8ves vont devoir rassembler des informations issues de [&hellip;]<\/p>\n","protected":false},"author":4,"featured_media":0,"parent":0,"menu_order":0,"comment_status":"closed","ping_status":"closed","template":"","meta":{"_acf_changed":false,"footnotes":""},"class_list":["post-84","page","type-page","status-publish","hentry"],"acf":[],"yoast_head":"<!-- This site is optimized with the Yoast SEO plugin v25.6 - https:\/\/yoast.com\/wordpress\/plugins\/seo\/ -->\n<title>Ebola - Engage&#039;<\/title>\n<meta name=\"robots\" content=\"index, follow, max-snippet:-1, max-image-preview:large, max-video-preview:-1\" \/>\n<link rel=\"canonical\" href=\"https:\/\/blog.unifr.ch\/engage\/ebola\/\" \/>\n<meta property=\"og:locale\" content=\"fr_FR\" \/>\n<meta property=\"og:type\" content=\"article\" \/>\n<meta property=\"og:title\" content=\"Ebola - Engage&#039;\" \/>\n<meta property=\"og:description\" content=\"Ebola peut se r\u00e9pandre vite et causer des d\u00e9g\u00e2ts d\u00e9vastateurs. Pour aider \u00e0 combattre cette \u00e9pid\u00e9mie, des scientifiques sont en train de d\u00e9velopper des m\u00e9dicaments et des vaccins. Seriez-vous pr\u00eats \u00e0 tester un nouveau vaccin contre l\u2019Ebola sur vous-m\u00eames ? \u00a0Pour r\u00e9pondre \u00e0 cette d\u00e9licate question, les \u00e9l\u00e8ves vont devoir rassembler des informations issues de [&hellip;]\" \/>\n<meta property=\"og:url\" content=\"https:\/\/blog.unifr.ch\/engage\/ebola\/\" \/>\n<meta property=\"og:site_name\" content=\"Engage&#039;\" \/>\n<meta property=\"article:modified_time\" content=\"2023-11-06T09:07:57+00:00\" \/>\n<meta property=\"og:image\" content=\"https:\/\/blog.unifr.ch\/engage\/wp-content\/uploads\/2019\/09\/Capture-d\u2019e\u0301cran-2019-09-17-a\u0300-15.54.54.png\" \/>\n\t<meta property=\"og:image:width\" content=\"1034\" \/>\n\t<meta property=\"og:image:height\" content=\"404\" \/>\n\t<meta property=\"og:image:type\" content=\"image\/png\" \/>\n<meta name=\"twitter:card\" content=\"summary_large_image\" \/>\n<meta name=\"twitter:label1\" content=\"Dur\u00e9e de lecture estim\u00e9e\" \/>\n\t<meta name=\"twitter:data1\" content=\"1 minute\" \/>\n<script type=\"application\/ld+json\" class=\"yoast-schema-graph\">{\"@context\":\"https:\/\/schema.org\",\"@graph\":[{\"@type\":\"WebPage\",\"@id\":\"https:\/\/blog.unifr.ch\/engage\/ebola\/\",\"url\":\"https:\/\/blog.unifr.ch\/engage\/ebola\/\",\"name\":\"Ebola - Engage&#039;\",\"isPartOf\":{\"@id\":\"https:\/\/blog.unifr.ch\/engage\/#website\"},\"datePublished\":\"2019-10-09T17:18:27+00:00\",\"dateModified\":\"2023-11-06T09:07:57+00:00\",\"breadcrumb\":{\"@id\":\"https:\/\/blog.unifr.ch\/engage\/ebola\/#breadcrumb\"},\"inLanguage\":\"fr-FR\",\"potentialAction\":[{\"@type\":\"ReadAction\",\"target\":[\"https:\/\/blog.unifr.ch\/engage\/ebola\/\"]}]},{\"@type\":\"BreadcrumbList\",\"@id\":\"https:\/\/blog.unifr.ch\/engage\/ebola\/#breadcrumb\",\"itemListElement\":[{\"@type\":\"ListItem\",\"position\":1,\"name\":\"Accueil\",\"item\":\"https:\/\/blog.unifr.ch\/engage\/\"},{\"@type\":\"ListItem\",\"position\":2,\"name\":\"Ebola\"}]},{\"@type\":\"WebSite\",\"@id\":\"https:\/\/blog.unifr.ch\/engage\/#website\",\"url\":\"https:\/\/blog.unifr.ch\/engage\/\",\"name\":\"Engage&#039;\",\"description\":\"Un site utilisant HEP Multisite\",\"potentialAction\":[{\"@type\":\"SearchAction\",\"target\":{\"@type\":\"EntryPoint\",\"urlTemplate\":\"https:\/\/blog.unifr.ch\/engage\/?s={search_term_string}\"},\"query-input\":{\"@type\":\"PropertyValueSpecification\",\"valueRequired\":true,\"valueName\":\"search_term_string\"}}],\"inLanguage\":\"fr-FR\"}]}<\/script>\n<!-- \/ Yoast SEO plugin. -->","yoast_head_json":{"title":"Ebola - Engage&#039;","robots":{"index":"index","follow":"follow","max-snippet":"max-snippet:-1","max-image-preview":"max-image-preview:large","max-video-preview":"max-video-preview:-1"},"canonical":"https:\/\/blog.unifr.ch\/engage\/ebola\/","og_locale":"fr_FR","og_type":"article","og_title":"Ebola - Engage&#039;","og_description":"Ebola peut se r\u00e9pandre vite et causer des d\u00e9g\u00e2ts d\u00e9vastateurs. Pour aider \u00e0 combattre cette \u00e9pid\u00e9mie, des scientifiques sont en train de d\u00e9velopper des m\u00e9dicaments et des vaccins. Seriez-vous pr\u00eats \u00e0 tester un nouveau vaccin contre l\u2019Ebola sur vous-m\u00eames ? \u00a0Pour r\u00e9pondre \u00e0 cette d\u00e9licate question, les \u00e9l\u00e8ves vont devoir rassembler des informations issues de [&hellip;]","og_url":"https:\/\/blog.unifr.ch\/engage\/ebola\/","og_site_name":"Engage&#039;","article_modified_time":"2023-11-06T09:07:57+00:00","og_image":[{"width":1034,"height":404,"url":"https:\/\/blog.unifr.ch\/engage\/wp-content\/uploads\/2019\/09\/Capture-d\u2019e\u0301cran-2019-09-17-a\u0300-15.54.54.png","type":"image\/png"}],"twitter_card":"summary_large_image","twitter_misc":{"Dur\u00e9e de lecture estim\u00e9e":"1 minute"},"schema":{"@context":"https:\/\/schema.org","@graph":[{"@type":"WebPage","@id":"https:\/\/blog.unifr.ch\/engage\/ebola\/","url":"https:\/\/blog.unifr.ch\/engage\/ebola\/","name":"Ebola - Engage&#039;","isPartOf":{"@id":"https:\/\/blog.unifr.ch\/engage\/#website"},"datePublished":"2019-10-09T17:18:27+00:00","dateModified":"2023-11-06T09:07:57+00:00","breadcrumb":{"@id":"https:\/\/blog.unifr.ch\/engage\/ebola\/#breadcrumb"},"inLanguage":"fr-FR","potentialAction":[{"@type":"ReadAction","target":["https:\/\/blog.unifr.ch\/engage\/ebola\/"]}]},{"@type":"BreadcrumbList","@id":"https:\/\/blog.unifr.ch\/engage\/ebola\/#breadcrumb","itemListElement":[{"@type":"ListItem","position":1,"name":"Accueil","item":"https:\/\/blog.unifr.ch\/engage\/"},{"@type":"ListItem","position":2,"name":"Ebola"}]},{"@type":"WebSite","@id":"https:\/\/blog.unifr.ch\/engage\/#website","url":"https:\/\/blog.unifr.ch\/engage\/","name":"Engage&#039;","description":"Un site utilisant HEP Multisite","potentialAction":[{"@type":"SearchAction","target":{"@type":"EntryPoint","urlTemplate":"https:\/\/blog.unifr.ch\/engage\/?s={search_term_string}"},"query-input":{"@type":"PropertyValueSpecification","valueRequired":true,"valueName":"search_term_string"}}],"inLanguage":"fr-FR"}]}},"_links":{"self":[{"href":"https:\/\/blog.unifr.ch\/engage\/wp-json\/wp\/v2\/pages\/84","targetHints":{"allow":["GET"]}}],"collection":[{"href":"https:\/\/blog.unifr.ch\/engage\/wp-json\/wp\/v2\/pages"}],"about":[{"href":"https:\/\/blog.unifr.ch\/engage\/wp-json\/wp\/v2\/types\/page"}],"author":[{"embeddable":true,"href":"https:\/\/blog.unifr.ch\/engage\/wp-json\/wp\/v2\/users\/4"}],"replies":[{"embeddable":true,"href":"https:\/\/blog.unifr.ch\/engage\/wp-json\/wp\/v2\/comments?post=84"}],"version-history":[{"count":3,"href":"https:\/\/blog.unifr.ch\/engage\/wp-json\/wp\/v2\/pages\/84\/revisions"}],"predecessor-version":[{"id":335,"href":"https:\/\/blog.unifr.ch\/engage\/wp-json\/wp\/v2\/pages\/84\/revisions\/335"}],"wp:attachment":[{"href":"https:\/\/blog.unifr.ch\/engage\/wp-json\/wp\/v2\/media?parent=84"}],"curies":[{"name":"wp","href":"https:\/\/api.w.org\/{rel}","templated":true}]}}