{"id":87,"date":"2019-10-09T19:27:44","date_gmt":"2019-10-09T17:27:44","guid":{"rendered":"https:\/\/blog.unifr.ch\/engage\/?page_id=87"},"modified":"2019-10-09T19:34:59","modified_gmt":"2019-10-09T17:34:59","slug":"decision-ogm","status":"publish","type":"page","link":"https:\/\/blog.unifr.ch\/engage\/decision-ogm\/","title":{"rendered":"D\u00e9cision OGM"},"content":{"rendered":"<p>Suite \u00e0 un changement de la r\u00e9glementation europ\u00e9enne, la culture d\u2019OGM va \u00eatre de plus en plus r\u00e9pandue dans de nombreux pays. Il semble probable que les aliments GM tels que les c\u00e9r\u00e9ales pour le petit-d\u00e9jeuner se retrouvent dans les rayons de nos supermarch\u00e9s dans l\u2019ann\u00e9e \u00e0 venir. Est-ce que les consommateurs les choisiront ? Comment modifie-t-on g\u00e9n\u00e9tiquement des c\u00e9r\u00e9ales et que sait-on de leur innocuit\u00e9 pour la sant\u00e9?<\/p>\n<p>&nbsp;<\/p>\n","protected":false},"excerpt":{"rendered":"<p>Suite \u00e0 un changement de la r\u00e9glementation europ\u00e9enne, la culture d\u2019OGM va \u00eatre de plus en plus r\u00e9pandue dans de nombreux pays. Il semble probable que les aliments GM tels que les c\u00e9r\u00e9ales pour le petit-d\u00e9jeuner se retrouvent dans les rayons de nos supermarch\u00e9s dans l\u2019ann\u00e9e \u00e0 venir. Est-ce que les consommateurs les choisiront ? [&hellip;]<\/p>\n","protected":false},"author":4,"featured_media":0,"parent":0,"menu_order":0,"comment_status":"closed","ping_status":"closed","template":"","meta":{"_acf_changed":false,"footnotes":""},"class_list":["post-87","page","type-page","status-publish","hentry"],"acf":[],"yoast_head":"<!-- This site is optimized with the Yoast SEO plugin v25.6 - https:\/\/yoast.com\/wordpress\/plugins\/seo\/ -->\n<title>D\u00e9cision OGM - Engage&#039;<\/title>\n<meta name=\"robots\" content=\"index, follow, max-snippet:-1, max-image-preview:large, max-video-preview:-1\" \/>\n<link rel=\"canonical\" href=\"https:\/\/blog.unifr.ch\/engage\/decision-ogm\/\" \/>\n<meta property=\"og:locale\" content=\"fr_FR\" \/>\n<meta property=\"og:type\" content=\"article\" \/>\n<meta property=\"og:title\" content=\"D\u00e9cision OGM - Engage&#039;\" \/>\n<meta property=\"og:description\" content=\"Suite \u00e0 un changement de la r\u00e9glementation europ\u00e9enne, la culture d\u2019OGM va \u00eatre de plus en plus r\u00e9pandue dans de nombreux pays. Il semble probable que les aliments GM tels que les c\u00e9r\u00e9ales pour le petit-d\u00e9jeuner se retrouvent dans les rayons de nos supermarch\u00e9s dans l\u2019ann\u00e9e \u00e0 venir. Est-ce que les consommateurs les choisiront ? [&hellip;]\" \/>\n<meta property=\"og:url\" content=\"https:\/\/blog.unifr.ch\/engage\/decision-ogm\/\" \/>\n<meta property=\"og:site_name\" content=\"Engage&#039;\" \/>\n<meta property=\"article:modified_time\" content=\"2019-10-09T17:34:59+00:00\" \/>\n<meta property=\"og:image\" content=\"https:\/\/blog.unifr.ch\/engage\/wp-content\/uploads\/2019\/09\/Capture-d\u2019e\u0301cran-2019-09-17-a\u0300-15.54.54.png\" \/>\n\t<meta property=\"og:image:width\" content=\"1034\" \/>\n\t<meta property=\"og:image:height\" content=\"404\" \/>\n\t<meta property=\"og:image:type\" content=\"image\/png\" \/>\n<meta name=\"twitter:card\" content=\"summary_large_image\" \/>\n<script type=\"application\/ld+json\" class=\"yoast-schema-graph\">{\"@context\":\"https:\/\/schema.org\",\"@graph\":[{\"@type\":\"WebPage\",\"@id\":\"https:\/\/blog.unifr.ch\/engage\/decision-ogm\/\",\"url\":\"https:\/\/blog.unifr.ch\/engage\/decision-ogm\/\",\"name\":\"D\u00e9cision OGM - Engage&#039;\",\"isPartOf\":{\"@id\":\"https:\/\/blog.unifr.ch\/engage\/#website\"},\"datePublished\":\"2019-10-09T17:27:44+00:00\",\"dateModified\":\"2019-10-09T17:34:59+00:00\",\"breadcrumb\":{\"@id\":\"https:\/\/blog.unifr.ch\/engage\/decision-ogm\/#breadcrumb\"},\"inLanguage\":\"fr-FR\",\"potentialAction\":[{\"@type\":\"ReadAction\",\"target\":[\"https:\/\/blog.unifr.ch\/engage\/decision-ogm\/\"]}]},{\"@type\":\"BreadcrumbList\",\"@id\":\"https:\/\/blog.unifr.ch\/engage\/decision-ogm\/#breadcrumb\",\"itemListElement\":[{\"@type\":\"ListItem\",\"position\":1,\"name\":\"Accueil\",\"item\":\"https:\/\/blog.unifr.ch\/engage\/\"},{\"@type\":\"ListItem\",\"position\":2,\"name\":\"D\u00e9cision OGM\"}]},{\"@type\":\"WebSite\",\"@id\":\"https:\/\/blog.unifr.ch\/engage\/#website\",\"url\":\"https:\/\/blog.unifr.ch\/engage\/\",\"name\":\"Engage&#039;\",\"description\":\"Un site utilisant HEP Multisite\",\"potentialAction\":[{\"@type\":\"SearchAction\",\"target\":{\"@type\":\"EntryPoint\",\"urlTemplate\":\"https:\/\/blog.unifr.ch\/engage\/?s={search_term_string}\"},\"query-input\":{\"@type\":\"PropertyValueSpecification\",\"valueRequired\":true,\"valueName\":\"search_term_string\"}}],\"inLanguage\":\"fr-FR\"}]}<\/script>\n<!-- \/ Yoast SEO plugin. -->","yoast_head_json":{"title":"D\u00e9cision OGM - Engage&#039;","robots":{"index":"index","follow":"follow","max-snippet":"max-snippet:-1","max-image-preview":"max-image-preview:large","max-video-preview":"max-video-preview:-1"},"canonical":"https:\/\/blog.unifr.ch\/engage\/decision-ogm\/","og_locale":"fr_FR","og_type":"article","og_title":"D\u00e9cision OGM - Engage&#039;","og_description":"Suite \u00e0 un changement de la r\u00e9glementation europ\u00e9enne, la culture d\u2019OGM va \u00eatre de plus en plus r\u00e9pandue dans de nombreux pays. Il semble probable que les aliments GM tels que les c\u00e9r\u00e9ales pour le petit-d\u00e9jeuner se retrouvent dans les rayons de nos supermarch\u00e9s dans l\u2019ann\u00e9e \u00e0 venir. Est-ce que les consommateurs les choisiront ? [&hellip;]","og_url":"https:\/\/blog.unifr.ch\/engage\/decision-ogm\/","og_site_name":"Engage&#039;","article_modified_time":"2019-10-09T17:34:59+00:00","og_image":[{"width":1034,"height":404,"url":"https:\/\/blog.unifr.ch\/engage\/wp-content\/uploads\/2019\/09\/Capture-d\u2019e\u0301cran-2019-09-17-a\u0300-15.54.54.png","type":"image\/png"}],"twitter_card":"summary_large_image","schema":{"@context":"https:\/\/schema.org","@graph":[{"@type":"WebPage","@id":"https:\/\/blog.unifr.ch\/engage\/decision-ogm\/","url":"https:\/\/blog.unifr.ch\/engage\/decision-ogm\/","name":"D\u00e9cision OGM - Engage&#039;","isPartOf":{"@id":"https:\/\/blog.unifr.ch\/engage\/#website"},"datePublished":"2019-10-09T17:27:44+00:00","dateModified":"2019-10-09T17:34:59+00:00","breadcrumb":{"@id":"https:\/\/blog.unifr.ch\/engage\/decision-ogm\/#breadcrumb"},"inLanguage":"fr-FR","potentialAction":[{"@type":"ReadAction","target":["https:\/\/blog.unifr.ch\/engage\/decision-ogm\/"]}]},{"@type":"BreadcrumbList","@id":"https:\/\/blog.unifr.ch\/engage\/decision-ogm\/#breadcrumb","itemListElement":[{"@type":"ListItem","position":1,"name":"Accueil","item":"https:\/\/blog.unifr.ch\/engage\/"},{"@type":"ListItem","position":2,"name":"D\u00e9cision OGM"}]},{"@type":"WebSite","@id":"https:\/\/blog.unifr.ch\/engage\/#website","url":"https:\/\/blog.unifr.ch\/engage\/","name":"Engage&#039;","description":"Un site utilisant HEP Multisite","potentialAction":[{"@type":"SearchAction","target":{"@type":"EntryPoint","urlTemplate":"https:\/\/blog.unifr.ch\/engage\/?s={search_term_string}"},"query-input":{"@type":"PropertyValueSpecification","valueRequired":true,"valueName":"search_term_string"}}],"inLanguage":"fr-FR"}]}},"_links":{"self":[{"href":"https:\/\/blog.unifr.ch\/engage\/wp-json\/wp\/v2\/pages\/87","targetHints":{"allow":["GET"]}}],"collection":[{"href":"https:\/\/blog.unifr.ch\/engage\/wp-json\/wp\/v2\/pages"}],"about":[{"href":"https:\/\/blog.unifr.ch\/engage\/wp-json\/wp\/v2\/types\/page"}],"author":[{"embeddable":true,"href":"https:\/\/blog.unifr.ch\/engage\/wp-json\/wp\/v2\/users\/4"}],"replies":[{"embeddable":true,"href":"https:\/\/blog.unifr.ch\/engage\/wp-json\/wp\/v2\/comments?post=87"}],"version-history":[{"count":2,"href":"https:\/\/blog.unifr.ch\/engage\/wp-json\/wp\/v2\/pages\/87\/revisions"}],"predecessor-version":[{"id":92,"href":"https:\/\/blog.unifr.ch\/engage\/wp-json\/wp\/v2\/pages\/87\/revisions\/92"}],"wp:attachment":[{"href":"https:\/\/blog.unifr.ch\/engage\/wp-json\/wp\/v2\/media?parent=87"}],"curies":[{"name":"wp","href":"https:\/\/api.w.org\/{rel}","templated":true}]}}