{"id":99,"date":"2019-10-09T19:49:21","date_gmt":"2019-10-09T17:49:21","guid":{"rendered":"https:\/\/blog.unifr.ch\/engage\/?page_id=99"},"modified":"2019-10-09T19:49:21","modified_gmt":"2019-10-09T17:49:21","slug":"zika","status":"publish","type":"page","link":"https:\/\/blog.unifr.ch\/engage\/zika\/","title":{"rendered":"Zika"},"content":{"rendered":"<p>Est-ce que le virus Zika est pr\u00e9occupant\u00a0? Ce virus est li\u00e9 \u00e0 des anomalies de d\u00e9veloppement c\u00e9r\u00e9bral chez le f\u0153tus et \u00e0 une maladie d\u00e9bilitante et potentiellement mortelle, le Syndrome de Guillain-Barr\u00e9. L\u2019organisation mondiale de la Sant\u00e9 a not\u00e9 son \u00e9volution potentielle et a d\u00e9clar\u00e9 une urgence de sant\u00e9 mondiale. Les chercheurs travaillent sur la mise au point d\u2019un vaccin, qui devra bient\u00f4t \u00eatre test\u00e9 sur des personnes. Dans cette activit\u00e9, les apprenants vont devoir d\u00e9cider s\u2019ils se porteraient volontaires pour tester le vaccin. Ils rassembleront des informations provenant de diff\u00e9rentes sources, ils estimeront les risques et les avantages, et utiliseront leurs connaissances sur les cellules pour d\u00e9terminer si le risque en vaut la peine.<\/p>\n","protected":false},"excerpt":{"rendered":"<p>Est-ce que le virus Zika est pr\u00e9occupant\u00a0? Ce virus est li\u00e9 \u00e0 des anomalies de d\u00e9veloppement c\u00e9r\u00e9bral chez le f\u0153tus et \u00e0 une maladie d\u00e9bilitante et potentiellement mortelle, le Syndrome de Guillain-Barr\u00e9. L\u2019organisation mondiale de la Sant\u00e9 a not\u00e9 son \u00e9volution potentielle et a d\u00e9clar\u00e9 une urgence de sant\u00e9 mondiale. Les chercheurs travaillent sur la [&hellip;]<\/p>\n","protected":false},"author":4,"featured_media":0,"parent":0,"menu_order":0,"comment_status":"closed","ping_status":"closed","template":"","meta":{"_acf_changed":false,"footnotes":""},"class_list":["post-99","page","type-page","status-publish","hentry"],"acf":[],"yoast_head":"<!-- This site is optimized with the Yoast SEO plugin v25.6 - https:\/\/yoast.com\/wordpress\/plugins\/seo\/ -->\n<title>Zika - Engage&#039;<\/title>\n<meta name=\"robots\" content=\"index, follow, max-snippet:-1, max-image-preview:large, max-video-preview:-1\" \/>\n<link rel=\"canonical\" href=\"https:\/\/blog.unifr.ch\/engage\/zika\/\" \/>\n<meta property=\"og:locale\" content=\"fr_FR\" \/>\n<meta property=\"og:type\" content=\"article\" \/>\n<meta property=\"og:title\" content=\"Zika - Engage&#039;\" \/>\n<meta property=\"og:description\" content=\"Est-ce que le virus Zika est pr\u00e9occupant\u00a0? Ce virus est li\u00e9 \u00e0 des anomalies de d\u00e9veloppement c\u00e9r\u00e9bral chez le f\u0153tus et \u00e0 une maladie d\u00e9bilitante et potentiellement mortelle, le Syndrome de Guillain-Barr\u00e9. L\u2019organisation mondiale de la Sant\u00e9 a not\u00e9 son \u00e9volution potentielle et a d\u00e9clar\u00e9 une urgence de sant\u00e9 mondiale. Les chercheurs travaillent sur la [&hellip;]\" \/>\n<meta property=\"og:url\" content=\"https:\/\/blog.unifr.ch\/engage\/zika\/\" \/>\n<meta property=\"og:site_name\" content=\"Engage&#039;\" \/>\n<meta property=\"og:image\" content=\"https:\/\/blog.unifr.ch\/engage\/wp-content\/uploads\/2019\/09\/Capture-d\u2019e\u0301cran-2019-09-17-a\u0300-15.54.54.png\" \/>\n\t<meta property=\"og:image:width\" content=\"1034\" \/>\n\t<meta property=\"og:image:height\" content=\"404\" \/>\n\t<meta property=\"og:image:type\" content=\"image\/png\" \/>\n<meta name=\"twitter:card\" content=\"summary_large_image\" \/>\n<meta name=\"twitter:label1\" content=\"Dur\u00e9e de lecture estim\u00e9e\" \/>\n\t<meta name=\"twitter:data1\" content=\"1 minute\" \/>\n<script type=\"application\/ld+json\" class=\"yoast-schema-graph\">{\"@context\":\"https:\/\/schema.org\",\"@graph\":[{\"@type\":\"WebPage\",\"@id\":\"https:\/\/blog.unifr.ch\/engage\/zika\/\",\"url\":\"https:\/\/blog.unifr.ch\/engage\/zika\/\",\"name\":\"Zika - Engage&#039;\",\"isPartOf\":{\"@id\":\"https:\/\/blog.unifr.ch\/engage\/#website\"},\"datePublished\":\"2019-10-09T17:49:21+00:00\",\"breadcrumb\":{\"@id\":\"https:\/\/blog.unifr.ch\/engage\/zika\/#breadcrumb\"},\"inLanguage\":\"fr-FR\",\"potentialAction\":[{\"@type\":\"ReadAction\",\"target\":[\"https:\/\/blog.unifr.ch\/engage\/zika\/\"]}]},{\"@type\":\"BreadcrumbList\",\"@id\":\"https:\/\/blog.unifr.ch\/engage\/zika\/#breadcrumb\",\"itemListElement\":[{\"@type\":\"ListItem\",\"position\":1,\"name\":\"Accueil\",\"item\":\"https:\/\/blog.unifr.ch\/engage\/\"},{\"@type\":\"ListItem\",\"position\":2,\"name\":\"Zika\"}]},{\"@type\":\"WebSite\",\"@id\":\"https:\/\/blog.unifr.ch\/engage\/#website\",\"url\":\"https:\/\/blog.unifr.ch\/engage\/\",\"name\":\"Engage&#039;\",\"description\":\"Un site utilisant HEP Multisite\",\"potentialAction\":[{\"@type\":\"SearchAction\",\"target\":{\"@type\":\"EntryPoint\",\"urlTemplate\":\"https:\/\/blog.unifr.ch\/engage\/?s={search_term_string}\"},\"query-input\":{\"@type\":\"PropertyValueSpecification\",\"valueRequired\":true,\"valueName\":\"search_term_string\"}}],\"inLanguage\":\"fr-FR\"}]}<\/script>\n<!-- \/ Yoast SEO plugin. -->","yoast_head_json":{"title":"Zika - Engage&#039;","robots":{"index":"index","follow":"follow","max-snippet":"max-snippet:-1","max-image-preview":"max-image-preview:large","max-video-preview":"max-video-preview:-1"},"canonical":"https:\/\/blog.unifr.ch\/engage\/zika\/","og_locale":"fr_FR","og_type":"article","og_title":"Zika - Engage&#039;","og_description":"Est-ce que le virus Zika est pr\u00e9occupant\u00a0? Ce virus est li\u00e9 \u00e0 des anomalies de d\u00e9veloppement c\u00e9r\u00e9bral chez le f\u0153tus et \u00e0 une maladie d\u00e9bilitante et potentiellement mortelle, le Syndrome de Guillain-Barr\u00e9. L\u2019organisation mondiale de la Sant\u00e9 a not\u00e9 son \u00e9volution potentielle et a d\u00e9clar\u00e9 une urgence de sant\u00e9 mondiale. Les chercheurs travaillent sur la [&hellip;]","og_url":"https:\/\/blog.unifr.ch\/engage\/zika\/","og_site_name":"Engage&#039;","og_image":[{"width":1034,"height":404,"url":"https:\/\/blog.unifr.ch\/engage\/wp-content\/uploads\/2019\/09\/Capture-d\u2019e\u0301cran-2019-09-17-a\u0300-15.54.54.png","type":"image\/png"}],"twitter_card":"summary_large_image","twitter_misc":{"Dur\u00e9e de lecture estim\u00e9e":"1 minute"},"schema":{"@context":"https:\/\/schema.org","@graph":[{"@type":"WebPage","@id":"https:\/\/blog.unifr.ch\/engage\/zika\/","url":"https:\/\/blog.unifr.ch\/engage\/zika\/","name":"Zika - Engage&#039;","isPartOf":{"@id":"https:\/\/blog.unifr.ch\/engage\/#website"},"datePublished":"2019-10-09T17:49:21+00:00","breadcrumb":{"@id":"https:\/\/blog.unifr.ch\/engage\/zika\/#breadcrumb"},"inLanguage":"fr-FR","potentialAction":[{"@type":"ReadAction","target":["https:\/\/blog.unifr.ch\/engage\/zika\/"]}]},{"@type":"BreadcrumbList","@id":"https:\/\/blog.unifr.ch\/engage\/zika\/#breadcrumb","itemListElement":[{"@type":"ListItem","position":1,"name":"Accueil","item":"https:\/\/blog.unifr.ch\/engage\/"},{"@type":"ListItem","position":2,"name":"Zika"}]},{"@type":"WebSite","@id":"https:\/\/blog.unifr.ch\/engage\/#website","url":"https:\/\/blog.unifr.ch\/engage\/","name":"Engage&#039;","description":"Un site utilisant HEP Multisite","potentialAction":[{"@type":"SearchAction","target":{"@type":"EntryPoint","urlTemplate":"https:\/\/blog.unifr.ch\/engage\/?s={search_term_string}"},"query-input":{"@type":"PropertyValueSpecification","valueRequired":true,"valueName":"search_term_string"}}],"inLanguage":"fr-FR"}]}},"_links":{"self":[{"href":"https:\/\/blog.unifr.ch\/engage\/wp-json\/wp\/v2\/pages\/99","targetHints":{"allow":["GET"]}}],"collection":[{"href":"https:\/\/blog.unifr.ch\/engage\/wp-json\/wp\/v2\/pages"}],"about":[{"href":"https:\/\/blog.unifr.ch\/engage\/wp-json\/wp\/v2\/types\/page"}],"author":[{"embeddable":true,"href":"https:\/\/blog.unifr.ch\/engage\/wp-json\/wp\/v2\/users\/4"}],"replies":[{"embeddable":true,"href":"https:\/\/blog.unifr.ch\/engage\/wp-json\/wp\/v2\/comments?post=99"}],"version-history":[{"count":1,"href":"https:\/\/blog.unifr.ch\/engage\/wp-json\/wp\/v2\/pages\/99\/revisions"}],"predecessor-version":[{"id":102,"href":"https:\/\/blog.unifr.ch\/engage\/wp-json\/wp\/v2\/pages\/99\/revisions\/102"}],"wp:attachment":[{"href":"https:\/\/blog.unifr.ch\/engage\/wp-json\/wp\/v2\/media?parent=99"}],"curies":[{"name":"wp","href":"https:\/\/api.w.org\/{rel}","templated":true}]}}