{"id":4,"date":"2019-12-03T21:44:55","date_gmt":"2019-12-03T20:44:55","guid":{"rendered":"https:\/\/blog.unifr.ch\/mathelier\/?page_id=4"},"modified":"2026-01-19T17:17:43","modified_gmt":"2026-01-19T16:17:43","slug":"accueil","status":"publish","type":"page","link":"https:\/\/blog.unifr.ch\/mathelier\/","title":{"rendered":"Accueil"},"content":{"rendered":"<p>Nous avons une nouvelle \u00e9quipe et de nouveaux projets !<br \/>\nNous pouvons d\u00e9sormais nous d\u00e9placer directement dans les classes.<\/p>\n<p>Vous souhaitez proposer des probl\u00e8mes int\u00e9ressants qui stimulent les capacit\u00e9s de r\u00e9solution de probl\u00e8mes des \u00e9l\u00e8ves et de mod\u00e9lisation propos\u00e9es dans le PER ? Vous souhaitez les amener \u00e0 r\u00e9soudre des probl\u00e8mes complexes ?<\/p>\n<p>Nous proposons plusieurs parcours \u00e0 destination des \u00e9l\u00e8ves et\/ou des enseignant.es pour se confronter \u00e0 des probl\u00e8mes int\u00e9ressants et stimulants qui invitent \u00e0 l\u2019exp\u00e9rimentation et \u00e0 la r\u00e9flexion.<\/p>\n<p>Actuellement, nous proposons un parcours Maths \u00e0 Modeler et un parcours Mod\u00e9lisation (des d\u00e9tails sont disponibles dans les onglets concern\u00e9s) plut\u00f4t pour le cycle 2 et le cycle 3.<\/p>\n<p>Enfin un troisi\u00e8me axe est plus personnalis\u00e9. Il permet aux enseignant.es de proposer des th\u00e9matiques sur l&rsquo;enseignement et l&rsquo;apprentissage des math\u00e9matiques. Dans l&rsquo;onglet concern\u00e9, vous trouverez les projets en cours qui sont en particulier sur le jeu en ce moment.<\/p>\n<p>Si vous avez besoin d&rsquo;informations compl\u00e9mentaires, n&rsquo;h\u00e9sitez pas \u00e0 remplir le formulaire de contact.<\/p>\n","protected":false},"excerpt":{"rendered":"<p>Nous avons une nouvelle \u00e9quipe et de nouveaux projets ! Nous pouvons d\u00e9sormais nous d\u00e9placer directement dans les classes. Vous souhaitez proposer des probl\u00e8mes int\u00e9ressants qui stimulent les capacit\u00e9s de r\u00e9solution de probl\u00e8mes des \u00e9l\u00e8ves et de mod\u00e9lisation propos\u00e9es dans le PER ? Vous souhaitez les amener \u00e0 r\u00e9soudre des probl\u00e8mes complexes ? Nous proposons [&hellip;]<\/p>\n","protected":false},"author":1,"featured_media":0,"parent":0,"menu_order":0,"comment_status":"closed","ping_status":"closed","template":"","meta":{"_acf_changed":false,"footnotes":""},"class_list":["post-4","page","type-page","status-publish","hentry"],"acf":[],"yoast_head":"<!-- This site is optimized with the Yoast SEO plugin v25.6 - https:\/\/yoast.com\/wordpress\/plugins\/seo\/ -->\n<title>Accueil - Mathelier<\/title>\n<meta name=\"robots\" content=\"index, follow, max-snippet:-1, max-image-preview:large, max-video-preview:-1\" \/>\n<link rel=\"canonical\" href=\"https:\/\/blog.unifr.ch\/mathelier\/\" \/>\n<meta property=\"og:locale\" content=\"fr_FR\" \/>\n<meta property=\"og:type\" content=\"article\" \/>\n<meta property=\"og:title\" content=\"Accueil - Mathelier\" \/>\n<meta property=\"og:description\" content=\"Nous avons une nouvelle \u00e9quipe et de nouveaux projets ! Nous pouvons d\u00e9sormais nous d\u00e9placer directement dans les classes. Vous souhaitez proposer des probl\u00e8mes int\u00e9ressants qui stimulent les capacit\u00e9s de r\u00e9solution de probl\u00e8mes des \u00e9l\u00e8ves et de mod\u00e9lisation propos\u00e9es dans le PER ? Vous souhaitez les amener \u00e0 r\u00e9soudre des probl\u00e8mes complexes ? Nous proposons [&hellip;]\" \/>\n<meta property=\"og:url\" content=\"https:\/\/blog.unifr.ch\/mathelier\/\" \/>\n<meta property=\"og:site_name\" content=\"Mathelier\" \/>\n<meta property=\"article:modified_time\" content=\"2026-01-19T16:17:43+00:00\" \/>\n<meta name=\"twitter:card\" content=\"summary_large_image\" \/>\n<meta name=\"twitter:label1\" content=\"Dur\u00e9e de lecture estim\u00e9e\" \/>\n\t<meta name=\"twitter:data1\" content=\"2 minutes\" \/>\n<script type=\"application\/ld+json\" class=\"yoast-schema-graph\">{\"@context\":\"https:\/\/schema.org\",\"@graph\":[{\"@type\":\"WebPage\",\"@id\":\"https:\/\/blog.unifr.ch\/mathelier\/\",\"url\":\"https:\/\/blog.unifr.ch\/mathelier\/\",\"name\":\"Accueil - Mathelier\",\"isPartOf\":{\"@id\":\"https:\/\/blog.unifr.ch\/mathelier\/#website\"},\"datePublished\":\"2019-12-03T20:44:55+00:00\",\"dateModified\":\"2026-01-19T16:17:43+00:00\",\"breadcrumb\":{\"@id\":\"https:\/\/blog.unifr.ch\/mathelier\/#breadcrumb\"},\"inLanguage\":\"fr-FR\",\"potentialAction\":[{\"@type\":\"ReadAction\",\"target\":[\"https:\/\/blog.unifr.ch\/mathelier\/\"]}]},{\"@type\":\"BreadcrumbList\",\"@id\":\"https:\/\/blog.unifr.ch\/mathelier\/#breadcrumb\",\"itemListElement\":[{\"@type\":\"ListItem\",\"position\":1,\"name\":\"Accueil\",\"item\":\"https:\/\/blog.unifr.ch\/mathelier\/\"},{\"@type\":\"ListItem\",\"position\":2,\"name\":\"Accueil\"}]},{\"@type\":\"WebSite\",\"@id\":\"https:\/\/blog.unifr.ch\/mathelier\/#website\",\"url\":\"https:\/\/blog.unifr.ch\/mathelier\/\",\"name\":\"Mathelier\",\"description\":\"Un site utilisant HEP Multisite\",\"potentialAction\":[{\"@type\":\"SearchAction\",\"target\":{\"@type\":\"EntryPoint\",\"urlTemplate\":\"https:\/\/blog.unifr.ch\/mathelier\/?s={search_term_string}\"},\"query-input\":{\"@type\":\"PropertyValueSpecification\",\"valueRequired\":true,\"valueName\":\"search_term_string\"}}],\"inLanguage\":\"fr-FR\"}]}<\/script>\n<!-- \/ Yoast SEO plugin. -->","yoast_head_json":{"title":"Accueil - Mathelier","robots":{"index":"index","follow":"follow","max-snippet":"max-snippet:-1","max-image-preview":"max-image-preview:large","max-video-preview":"max-video-preview:-1"},"canonical":"https:\/\/blog.unifr.ch\/mathelier\/","og_locale":"fr_FR","og_type":"article","og_title":"Accueil - Mathelier","og_description":"Nous avons une nouvelle \u00e9quipe et de nouveaux projets ! Nous pouvons d\u00e9sormais nous d\u00e9placer directement dans les classes. Vous souhaitez proposer des probl\u00e8mes int\u00e9ressants qui stimulent les capacit\u00e9s de r\u00e9solution de probl\u00e8mes des \u00e9l\u00e8ves et de mod\u00e9lisation propos\u00e9es dans le PER ? Vous souhaitez les amener \u00e0 r\u00e9soudre des probl\u00e8mes complexes ? Nous proposons [&hellip;]","og_url":"https:\/\/blog.unifr.ch\/mathelier\/","og_site_name":"Mathelier","article_modified_time":"2026-01-19T16:17:43+00:00","twitter_card":"summary_large_image","twitter_misc":{"Dur\u00e9e de lecture estim\u00e9e":"2 minutes"},"schema":{"@context":"https:\/\/schema.org","@graph":[{"@type":"WebPage","@id":"https:\/\/blog.unifr.ch\/mathelier\/","url":"https:\/\/blog.unifr.ch\/mathelier\/","name":"Accueil - Mathelier","isPartOf":{"@id":"https:\/\/blog.unifr.ch\/mathelier\/#website"},"datePublished":"2019-12-03T20:44:55+00:00","dateModified":"2026-01-19T16:17:43+00:00","breadcrumb":{"@id":"https:\/\/blog.unifr.ch\/mathelier\/#breadcrumb"},"inLanguage":"fr-FR","potentialAction":[{"@type":"ReadAction","target":["https:\/\/blog.unifr.ch\/mathelier\/"]}]},{"@type":"BreadcrumbList","@id":"https:\/\/blog.unifr.ch\/mathelier\/#breadcrumb","itemListElement":[{"@type":"ListItem","position":1,"name":"Accueil","item":"https:\/\/blog.unifr.ch\/mathelier\/"},{"@type":"ListItem","position":2,"name":"Accueil"}]},{"@type":"WebSite","@id":"https:\/\/blog.unifr.ch\/mathelier\/#website","url":"https:\/\/blog.unifr.ch\/mathelier\/","name":"Mathelier","description":"Un site utilisant HEP Multisite","potentialAction":[{"@type":"SearchAction","target":{"@type":"EntryPoint","urlTemplate":"https:\/\/blog.unifr.ch\/mathelier\/?s={search_term_string}"},"query-input":{"@type":"PropertyValueSpecification","valueRequired":true,"valueName":"search_term_string"}}],"inLanguage":"fr-FR"}]}},"_links":{"self":[{"href":"https:\/\/blog.unifr.ch\/mathelier\/wp-json\/wp\/v2\/pages\/4","targetHints":{"allow":["GET"]}}],"collection":[{"href":"https:\/\/blog.unifr.ch\/mathelier\/wp-json\/wp\/v2\/pages"}],"about":[{"href":"https:\/\/blog.unifr.ch\/mathelier\/wp-json\/wp\/v2\/types\/page"}],"author":[{"embeddable":true,"href":"https:\/\/blog.unifr.ch\/mathelier\/wp-json\/wp\/v2\/users\/1"}],"replies":[{"embeddable":true,"href":"https:\/\/blog.unifr.ch\/mathelier\/wp-json\/wp\/v2\/comments?post=4"}],"version-history":[{"count":67,"href":"https:\/\/blog.unifr.ch\/mathelier\/wp-json\/wp\/v2\/pages\/4\/revisions"}],"predecessor-version":[{"id":1052,"href":"https:\/\/blog.unifr.ch\/mathelier\/wp-json\/wp\/v2\/pages\/4\/revisions\/1052"}],"wp:attachment":[{"href":"https:\/\/blog.unifr.ch\/mathelier\/wp-json\/wp\/v2\/media?parent=4"}],"curies":[{"name":"wp","href":"https:\/\/api.w.org\/{rel}","templated":true}]}}