{"id":971,"date":"2023-02-20T15:09:42","date_gmt":"2023-02-20T14:09:42","guid":{"rendered":"https:\/\/blog.unifr.ch\/mathelier\/?page_id=971"},"modified":"2024-10-29T18:50:59","modified_gmt":"2024-10-29T17:50:59","slug":"pi-day","status":"publish","type":"page","link":"https:\/\/blog.unifr.ch\/mathelier\/de\/pi-day\/","title":{"rendered":"Parcours Maths \u00e0 modeler"},"content":{"rendered":"<p><a href=\"https:\/\/mathsamodeler.ujf-grenoble.fr\/\">Maths \u00e0 Modeler<\/a> ist ein Verein, der Aufgabenstellungen anbietet, die aus aktuellen Forschungsproblemen hervorgegangen sind und sich auf das L\u00f6sen, Verallgemeinern und Beweisen konzentrieren (Kompetenzen, die im PER erw\u00e4hnt werden).<\/p>\n<p>In einem ersten Schritt wird eine Begleitung mit einigen Lehrkr\u00e4ften dazu dienen, sich mit diesen Typen von Aussagen vertraut zu machen und den Mehrwert aufzuzeigen, der im Unterricht erzielt werden kann. Dann geht es darum, gemeinsam die spezifischen beruflichen Gesten f\u00fcr diese Form der L\u00f6sung zu entwickeln (Validierungsdebatte nach Art der wissenschaftlichen Debatte). So werden die Lehrerinnen und Lehrer dazu angehalten, eine Haltung einzunehmen, die der von Mathematikforschern \u00e4hnelt, die ein Team (die Sch\u00fclerinnen und Sch\u00fcler) leiten, in dem nicht jedes Problem unbedingt eine einzige L\u00f6sung hat.<\/p>\n<p>Als Beispiel k\u00f6nnen wir Pflasterprobleme anf\u00fchren. Wir haben ein Badezimmer und wollen herausfinden, unter welchen Bedingungen es m\u00f6glich ist, unseren Boden zu pflastern. Wir k\u00f6nnen zun\u00e4chst davon ausgehen, dass das Badezimmer quadratisch ist und dass die Fliesen Dominosteine der Gr\u00f6\u00dfe (2\u00d71) sind. Wir k\u00f6nnen die Tatsache hinzuf\u00fcgen, dass wir nur eine Fliese leer lassen m\u00fcssen, um das Waschbecken unterzubringen. Dann kann man mit einem kleinen Badezimmer beginnen und versuchen, es zu verallgemeinern.<\/p>\n","protected":false},"excerpt":{"rendered":"<p>Maths \u00e0 Modeler ist ein Verein, der Aufgabenstellungen anbietet, die aus aktuellen Forschungsproblemen hervorgegangen sind und sich auf das L\u00f6sen, Verallgemeinern und Beweisen konzentrieren (Kompetenzen, die im PER erw\u00e4hnt werden). In einem ersten Schritt wird eine Begleitung mit einigen Lehrkr\u00e4ften dazu dienen, sich mit diesen Typen von Aussagen vertraut zu machen und den Mehrwert aufzuzeigen, [&hellip;]<\/p>\n","protected":false},"author":15,"featured_media":0,"parent":0,"menu_order":1,"comment_status":"closed","ping_status":"closed","template":"","meta":{"_acf_changed":false,"footnotes":""},"class_list":["post-971","page","type-page","status-publish","hentry"],"acf":[],"yoast_head":"<!-- This site is optimized with the Yoast SEO plugin v25.6 - https:\/\/yoast.com\/wordpress\/plugins\/seo\/ -->\n<title>Parcours Maths \u00e0 modeler - Mathelier<\/title>\n<meta name=\"robots\" content=\"index, follow, max-snippet:-1, max-image-preview:large, max-video-preview:-1\" \/>\n<link rel=\"canonical\" href=\"https:\/\/blog.unifr.ch\/mathelier\/de\/pi-day\/\" \/>\n<meta property=\"og:locale\" content=\"fr_FR\" \/>\n<meta property=\"og:type\" content=\"article\" \/>\n<meta property=\"og:title\" content=\"Parcours Maths \u00e0 modeler - Mathelier\" \/>\n<meta property=\"og:description\" content=\"Maths \u00e0 Modeler ist ein Verein, der Aufgabenstellungen anbietet, die aus aktuellen Forschungsproblemen hervorgegangen sind und sich auf das L\u00f6sen, Verallgemeinern und Beweisen konzentrieren (Kompetenzen, die im PER erw\u00e4hnt werden). In einem ersten Schritt wird eine Begleitung mit einigen Lehrkr\u00e4ften dazu dienen, sich mit diesen Typen von Aussagen vertraut zu machen und den Mehrwert aufzuzeigen, [&hellip;]\" \/>\n<meta property=\"og:url\" content=\"https:\/\/blog.unifr.ch\/mathelier\/de\/pi-day\/\" \/>\n<meta property=\"og:site_name\" content=\"Mathelier\" \/>\n<meta property=\"article:modified_time\" content=\"2024-10-29T17:50:59+00:00\" \/>\n<meta name=\"twitter:card\" content=\"summary_large_image\" \/>\n<meta name=\"twitter:label1\" content=\"Dur\u00e9e de lecture estim\u00e9e\" \/>\n\t<meta name=\"twitter:data1\" content=\"1 minute\" \/>\n<script type=\"application\/ld+json\" class=\"yoast-schema-graph\">{\"@context\":\"https:\/\/schema.org\",\"@graph\":[{\"@type\":\"WebPage\",\"@id\":\"https:\/\/blog.unifr.ch\/mathelier\/de\/pi-day\/\",\"url\":\"https:\/\/blog.unifr.ch\/mathelier\/de\/pi-day\/\",\"name\":\"Parcours Maths \u00e0 modeler - Mathelier\",\"isPartOf\":{\"@id\":\"https:\/\/blog.unifr.ch\/mathelier\/#website\"},\"datePublished\":\"2023-02-20T14:09:42+00:00\",\"dateModified\":\"2024-10-29T17:50:59+00:00\",\"breadcrumb\":{\"@id\":\"https:\/\/blog.unifr.ch\/mathelier\/de\/pi-day\/#breadcrumb\"},\"inLanguage\":\"fr-FR\",\"potentialAction\":[{\"@type\":\"ReadAction\",\"target\":[\"https:\/\/blog.unifr.ch\/mathelier\/de\/pi-day\/\"]}]},{\"@type\":\"BreadcrumbList\",\"@id\":\"https:\/\/blog.unifr.ch\/mathelier\/de\/pi-day\/#breadcrumb\",\"itemListElement\":[{\"@type\":\"ListItem\",\"position\":1,\"name\":\"Accueil\",\"item\":\"https:\/\/blog.unifr.ch\/mathelier\/\"},{\"@type\":\"ListItem\",\"position\":2,\"name\":\"Parcours Maths \u00e0 modeler\"}]},{\"@type\":\"WebSite\",\"@id\":\"https:\/\/blog.unifr.ch\/mathelier\/#website\",\"url\":\"https:\/\/blog.unifr.ch\/mathelier\/\",\"name\":\"Mathelier\",\"description\":\"Un site utilisant HEP Multisite\",\"potentialAction\":[{\"@type\":\"SearchAction\",\"target\":{\"@type\":\"EntryPoint\",\"urlTemplate\":\"https:\/\/blog.unifr.ch\/mathelier\/?s={search_term_string}\"},\"query-input\":{\"@type\":\"PropertyValueSpecification\",\"valueRequired\":true,\"valueName\":\"search_term_string\"}}],\"inLanguage\":\"fr-FR\"}]}<\/script>\n<!-- \/ Yoast SEO plugin. -->","yoast_head_json":{"title":"Parcours Maths \u00e0 modeler - Mathelier","robots":{"index":"index","follow":"follow","max-snippet":"max-snippet:-1","max-image-preview":"max-image-preview:large","max-video-preview":"max-video-preview:-1"},"canonical":"https:\/\/blog.unifr.ch\/mathelier\/de\/pi-day\/","og_locale":"fr_FR","og_type":"article","og_title":"Parcours Maths \u00e0 modeler - Mathelier","og_description":"Maths \u00e0 Modeler ist ein Verein, der Aufgabenstellungen anbietet, die aus aktuellen Forschungsproblemen hervorgegangen sind und sich auf das L\u00f6sen, Verallgemeinern und Beweisen konzentrieren (Kompetenzen, die im PER erw\u00e4hnt werden). In einem ersten Schritt wird eine Begleitung mit einigen Lehrkr\u00e4ften dazu dienen, sich mit diesen Typen von Aussagen vertraut zu machen und den Mehrwert aufzuzeigen, [&hellip;]","og_url":"https:\/\/blog.unifr.ch\/mathelier\/de\/pi-day\/","og_site_name":"Mathelier","article_modified_time":"2024-10-29T17:50:59+00:00","twitter_card":"summary_large_image","twitter_misc":{"Dur\u00e9e de lecture estim\u00e9e":"1 minute"},"schema":{"@context":"https:\/\/schema.org","@graph":[{"@type":"WebPage","@id":"https:\/\/blog.unifr.ch\/mathelier\/de\/pi-day\/","url":"https:\/\/blog.unifr.ch\/mathelier\/de\/pi-day\/","name":"Parcours Maths \u00e0 modeler - Mathelier","isPartOf":{"@id":"https:\/\/blog.unifr.ch\/mathelier\/#website"},"datePublished":"2023-02-20T14:09:42+00:00","dateModified":"2024-10-29T17:50:59+00:00","breadcrumb":{"@id":"https:\/\/blog.unifr.ch\/mathelier\/de\/pi-day\/#breadcrumb"},"inLanguage":"fr-FR","potentialAction":[{"@type":"ReadAction","target":["https:\/\/blog.unifr.ch\/mathelier\/de\/pi-day\/"]}]},{"@type":"BreadcrumbList","@id":"https:\/\/blog.unifr.ch\/mathelier\/de\/pi-day\/#breadcrumb","itemListElement":[{"@type":"ListItem","position":1,"name":"Accueil","item":"https:\/\/blog.unifr.ch\/mathelier\/"},{"@type":"ListItem","position":2,"name":"Parcours Maths \u00e0 modeler"}]},{"@type":"WebSite","@id":"https:\/\/blog.unifr.ch\/mathelier\/#website","url":"https:\/\/blog.unifr.ch\/mathelier\/","name":"Mathelier","description":"Un site utilisant HEP Multisite","potentialAction":[{"@type":"SearchAction","target":{"@type":"EntryPoint","urlTemplate":"https:\/\/blog.unifr.ch\/mathelier\/?s={search_term_string}"},"query-input":{"@type":"PropertyValueSpecification","valueRequired":true,"valueName":"search_term_string"}}],"inLanguage":"fr-FR"}]}},"_links":{"self":[{"href":"https:\/\/blog.unifr.ch\/mathelier\/wp-json\/wp\/v2\/pages\/971","targetHints":{"allow":["GET"]}}],"collection":[{"href":"https:\/\/blog.unifr.ch\/mathelier\/wp-json\/wp\/v2\/pages"}],"about":[{"href":"https:\/\/blog.unifr.ch\/mathelier\/wp-json\/wp\/v2\/types\/page"}],"author":[{"embeddable":true,"href":"https:\/\/blog.unifr.ch\/mathelier\/wp-json\/wp\/v2\/users\/15"}],"replies":[{"embeddable":true,"href":"https:\/\/blog.unifr.ch\/mathelier\/wp-json\/wp\/v2\/comments?post=971"}],"version-history":[{"count":8,"href":"https:\/\/blog.unifr.ch\/mathelier\/wp-json\/wp\/v2\/pages\/971\/revisions"}],"predecessor-version":[{"id":1033,"href":"https:\/\/blog.unifr.ch\/mathelier\/wp-json\/wp\/v2\/pages\/971\/revisions\/1033"}],"wp:attachment":[{"href":"https:\/\/blog.unifr.ch\/mathelier\/wp-json\/wp\/v2\/media?parent=971"}],"curies":[{"name":"wp","href":"https:\/\/api.w.org\/{rel}","templated":true}]}}