{"id":108,"date":"2019-05-21T19:33:10","date_gmt":"2019-05-21T17:33:10","guid":{"rendered":"https:\/\/blog.unifr.ch\/transformations\/?page_id=108"},"modified":"2025-11-28T17:02:38","modified_gmt":"2025-11-28T16:02:38","slug":"5-chacun-transforme-la-verite","status":"publish","type":"page","link":"https:\/\/blog.unifr.ch\/transformations\/5-chacun-transforme-la-verite\/","title":{"rendered":"5. Chacun transforme la v\u00e9rit\u00e9"},"content":{"rendered":"<p>Etre beau ou moche, \u00eatre mince ou gros, \u00eatre intelligent ou b\u00eate&#8230; qui le d\u00e9cide? La v\u00e9rit\u00e9 des uns n&rsquo;est pas forc\u00e9ment celle des autres. Comment se fabrique cette subjectivit\u00e9 ?<\/p>\n<p>Auteur: Francine Pellaud<\/p>\n","protected":false},"excerpt":{"rendered":"<p>Etre beau ou moche, \u00eatre mince ou gros, \u00eatre intelligent ou b\u00eate&#8230; qui le d\u00e9cide? La v\u00e9rit\u00e9 des uns n&rsquo;est pas forc\u00e9ment celle des autres. Comment se fabrique cette subjectivit\u00e9 ? Auteur: Francine Pellaud<\/p>\n","protected":false},"author":4,"featured_media":0,"parent":0,"menu_order":0,"comment_status":"closed","ping_status":"closed","template":"","meta":{"_acf_changed":false,"footnotes":""},"class_list":["post-108","page","type-page","status-publish","hentry"],"acf":[],"yoast_head":"<!-- This site is optimized with the Yoast SEO plugin v26.4 - https:\/\/yoast.com\/wordpress\/plugins\/seo\/ -->\n<title>5. Chacun transforme la v\u00e9rit\u00e9 - Transformations<\/title>\n<meta name=\"robots\" content=\"index, follow, max-snippet:-1, max-image-preview:large, max-video-preview:-1\" \/>\n<link rel=\"canonical\" href=\"https:\/\/blog.unifr.ch\/transformations\/5-chacun-transforme-la-verite\/\" \/>\n<meta property=\"og:locale\" content=\"fr_FR\" \/>\n<meta property=\"og:type\" content=\"article\" \/>\n<meta property=\"og:title\" content=\"5. Chacun transforme la v\u00e9rit\u00e9 - Transformations\" \/>\n<meta property=\"og:description\" content=\"Etre beau ou moche, \u00eatre mince ou gros, \u00eatre intelligent ou b\u00eate&#8230; qui le d\u00e9cide? La v\u00e9rit\u00e9 des uns n&rsquo;est pas forc\u00e9ment celle des autres. Comment se fabrique cette subjectivit\u00e9 ? Auteur: Francine Pellaud\" \/>\n<meta property=\"og:url\" content=\"https:\/\/blog.unifr.ch\/transformations\/5-chacun-transforme-la-verite\/\" \/>\n<meta property=\"og:site_name\" content=\"Transformations\" \/>\n<meta property=\"article:modified_time\" content=\"2025-11-28T16:02:38+00:00\" \/>\n<meta property=\"og:image\" content=\"https:\/\/blog.unifr.ch\/transformations\/wp-content\/uploads\/2019\/05\/Logo-Transformation-blanc.png\" \/>\n\t<meta property=\"og:image:width\" content=\"1436\" \/>\n\t<meta property=\"og:image:height\" content=\"622\" \/>\n\t<meta property=\"og:image:type\" content=\"image\/png\" \/>\n<meta name=\"twitter:card\" content=\"summary_large_image\" \/>\n<meta name=\"twitter:label1\" content=\"Dur\u00e9e de lecture estim\u00e9e\" \/>\n\t<meta name=\"twitter:data1\" content=\"1 minute\" \/>\n<script type=\"application\/ld+json\" class=\"yoast-schema-graph\">{\"@context\":\"https:\/\/schema.org\",\"@graph\":[{\"@type\":\"WebPage\",\"@id\":\"https:\/\/blog.unifr.ch\/transformations\/5-chacun-transforme-la-verite\/\",\"url\":\"https:\/\/blog.unifr.ch\/transformations\/5-chacun-transforme-la-verite\/\",\"name\":\"5. Chacun transforme la v\u00e9rit\u00e9 - Transformations\",\"isPartOf\":{\"@id\":\"https:\/\/blog.unifr.ch\/transformations\/#website\"},\"datePublished\":\"2019-05-21T17:33:10+00:00\",\"dateModified\":\"2025-11-28T16:02:38+00:00\",\"breadcrumb\":{\"@id\":\"https:\/\/blog.unifr.ch\/transformations\/5-chacun-transforme-la-verite\/#breadcrumb\"},\"inLanguage\":\"fr-FR\",\"potentialAction\":[{\"@type\":\"ReadAction\",\"target\":[\"https:\/\/blog.unifr.ch\/transformations\/5-chacun-transforme-la-verite\/\"]}]},{\"@type\":\"BreadcrumbList\",\"@id\":\"https:\/\/blog.unifr.ch\/transformations\/5-chacun-transforme-la-verite\/#breadcrumb\",\"itemListElement\":[{\"@type\":\"ListItem\",\"position\":1,\"name\":\"Accueil\",\"item\":\"https:\/\/blog.unifr.ch\/transformations\/\"},{\"@type\":\"ListItem\",\"position\":2,\"name\":\"5. Chacun transforme la v\u00e9rit\u00e9\"}]},{\"@type\":\"WebSite\",\"@id\":\"https:\/\/blog.unifr.ch\/transformations\/#website\",\"url\":\"https:\/\/blog.unifr.ch\/transformations\/\",\"name\":\"Transformations\",\"description\":\"Un site utilisant HEP Multisite\",\"potentialAction\":[{\"@type\":\"SearchAction\",\"target\":{\"@type\":\"EntryPoint\",\"urlTemplate\":\"https:\/\/blog.unifr.ch\/transformations\/?s={search_term_string}\"},\"query-input\":{\"@type\":\"PropertyValueSpecification\",\"valueRequired\":true,\"valueName\":\"search_term_string\"}}],\"inLanguage\":\"fr-FR\"}]}<\/script>\n<!-- \/ Yoast SEO plugin. -->","yoast_head_json":{"title":"5. Chacun transforme la v\u00e9rit\u00e9 - Transformations","robots":{"index":"index","follow":"follow","max-snippet":"max-snippet:-1","max-image-preview":"max-image-preview:large","max-video-preview":"max-video-preview:-1"},"canonical":"https:\/\/blog.unifr.ch\/transformations\/5-chacun-transforme-la-verite\/","og_locale":"fr_FR","og_type":"article","og_title":"5. Chacun transforme la v\u00e9rit\u00e9 - Transformations","og_description":"Etre beau ou moche, \u00eatre mince ou gros, \u00eatre intelligent ou b\u00eate&#8230; qui le d\u00e9cide? La v\u00e9rit\u00e9 des uns n&rsquo;est pas forc\u00e9ment celle des autres. Comment se fabrique cette subjectivit\u00e9 ? Auteur: Francine Pellaud","og_url":"https:\/\/blog.unifr.ch\/transformations\/5-chacun-transforme-la-verite\/","og_site_name":"Transformations","article_modified_time":"2025-11-28T16:02:38+00:00","og_image":[{"width":1436,"height":622,"url":"https:\/\/blog.unifr.ch\/transformations\/wp-content\/uploads\/2019\/05\/Logo-Transformation-blanc.png","type":"image\/png"}],"twitter_card":"summary_large_image","twitter_misc":{"Dur\u00e9e de lecture estim\u00e9e":"1 minute"},"schema":{"@context":"https:\/\/schema.org","@graph":[{"@type":"WebPage","@id":"https:\/\/blog.unifr.ch\/transformations\/5-chacun-transforme-la-verite\/","url":"https:\/\/blog.unifr.ch\/transformations\/5-chacun-transforme-la-verite\/","name":"5. Chacun transforme la v\u00e9rit\u00e9 - Transformations","isPartOf":{"@id":"https:\/\/blog.unifr.ch\/transformations\/#website"},"datePublished":"2019-05-21T17:33:10+00:00","dateModified":"2025-11-28T16:02:38+00:00","breadcrumb":{"@id":"https:\/\/blog.unifr.ch\/transformations\/5-chacun-transforme-la-verite\/#breadcrumb"},"inLanguage":"fr-FR","potentialAction":[{"@type":"ReadAction","target":["https:\/\/blog.unifr.ch\/transformations\/5-chacun-transforme-la-verite\/"]}]},{"@type":"BreadcrumbList","@id":"https:\/\/blog.unifr.ch\/transformations\/5-chacun-transforme-la-verite\/#breadcrumb","itemListElement":[{"@type":"ListItem","position":1,"name":"Accueil","item":"https:\/\/blog.unifr.ch\/transformations\/"},{"@type":"ListItem","position":2,"name":"5. Chacun transforme la v\u00e9rit\u00e9"}]},{"@type":"WebSite","@id":"https:\/\/blog.unifr.ch\/transformations\/#website","url":"https:\/\/blog.unifr.ch\/transformations\/","name":"Transformations","description":"Un site utilisant HEP Multisite","potentialAction":[{"@type":"SearchAction","target":{"@type":"EntryPoint","urlTemplate":"https:\/\/blog.unifr.ch\/transformations\/?s={search_term_string}"},"query-input":{"@type":"PropertyValueSpecification","valueRequired":true,"valueName":"search_term_string"}}],"inLanguage":"fr-FR"}]}},"_links":{"self":[{"href":"https:\/\/blog.unifr.ch\/transformations\/wp-json\/wp\/v2\/pages\/108","targetHints":{"allow":["GET"]}}],"collection":[{"href":"https:\/\/blog.unifr.ch\/transformations\/wp-json\/wp\/v2\/pages"}],"about":[{"href":"https:\/\/blog.unifr.ch\/transformations\/wp-json\/wp\/v2\/types\/page"}],"author":[{"embeddable":true,"href":"https:\/\/blog.unifr.ch\/transformations\/wp-json\/wp\/v2\/users\/4"}],"replies":[{"embeddable":true,"href":"https:\/\/blog.unifr.ch\/transformations\/wp-json\/wp\/v2\/comments?post=108"}],"version-history":[{"count":5,"href":"https:\/\/blog.unifr.ch\/transformations\/wp-json\/wp\/v2\/pages\/108\/revisions"}],"predecessor-version":[{"id":673,"href":"https:\/\/blog.unifr.ch\/transformations\/wp-json\/wp\/v2\/pages\/108\/revisions\/673"}],"wp:attachment":[{"href":"https:\/\/blog.unifr.ch\/transformations\/wp-json\/wp\/v2\/media?parent=108"}],"curies":[{"name":"wp","href":"https:\/\/api.w.org\/{rel}","templated":true}]}}