{"id":112,"date":"2019-05-21T19:38:21","date_gmt":"2019-05-21T17:38:21","guid":{"rendered":"https:\/\/blog.unifr.ch\/transformations\/?page_id=112"},"modified":"2025-11-28T17:03:39","modified_gmt":"2025-11-28T16:03:39","slug":"7-qui-transforme-qui","status":"publish","type":"page","link":"https:\/\/blog.unifr.ch\/transformations\/7-qui-transforme-qui\/","title":{"rendered":"7. Qui transforme qui\u00a0?"},"content":{"rendered":"<p>Un cyclone, un glissement de terrain, une mer ass\u00e9ch\u00e9e&#8230; tout cela semble bien \u00eatre l&rsquo;oeuvre de la nature. Mais en est-on certain ?<\/p>\n<p>Auteur: Francine Pellaud<\/p>\n","protected":false},"excerpt":{"rendered":"<p>Un cyclone, un glissement de terrain, une mer ass\u00e9ch\u00e9e&#8230; tout cela semble bien \u00eatre l&rsquo;oeuvre de la nature. Mais en est-on certain ? Auteur: Francine Pellaud<\/p>\n","protected":false},"author":4,"featured_media":0,"parent":0,"menu_order":0,"comment_status":"closed","ping_status":"closed","template":"","meta":{"_acf_changed":false,"footnotes":""},"class_list":["post-112","page","type-page","status-publish","hentry"],"acf":[],"yoast_head":"<!-- This site is optimized with the Yoast SEO plugin v26.4 - https:\/\/yoast.com\/wordpress\/plugins\/seo\/ -->\n<title>7. Qui transforme qui\u00a0? - Transformations<\/title>\n<meta name=\"robots\" content=\"index, follow, max-snippet:-1, max-image-preview:large, max-video-preview:-1\" \/>\n<link rel=\"canonical\" href=\"https:\/\/blog.unifr.ch\/transformations\/7-qui-transforme-qui\/\" \/>\n<meta property=\"og:locale\" content=\"fr_FR\" \/>\n<meta property=\"og:type\" content=\"article\" \/>\n<meta property=\"og:title\" content=\"7. Qui transforme qui\u00a0? - Transformations\" \/>\n<meta property=\"og:description\" content=\"Un cyclone, un glissement de terrain, une mer ass\u00e9ch\u00e9e&#8230; tout cela semble bien \u00eatre l&rsquo;oeuvre de la nature. Mais en est-on certain ? Auteur: Francine Pellaud\" \/>\n<meta property=\"og:url\" content=\"https:\/\/blog.unifr.ch\/transformations\/7-qui-transforme-qui\/\" \/>\n<meta property=\"og:site_name\" content=\"Transformations\" \/>\n<meta property=\"article:modified_time\" content=\"2025-11-28T16:03:39+00:00\" \/>\n<meta property=\"og:image\" content=\"https:\/\/blog.unifr.ch\/transformations\/wp-content\/uploads\/2019\/05\/Logo-Transformation-blanc.png\" \/>\n\t<meta property=\"og:image:width\" content=\"1436\" \/>\n\t<meta property=\"og:image:height\" content=\"622\" \/>\n\t<meta property=\"og:image:type\" content=\"image\/png\" \/>\n<meta name=\"twitter:card\" content=\"summary_large_image\" \/>\n<meta name=\"twitter:label1\" content=\"Dur\u00e9e de lecture estim\u00e9e\" \/>\n\t<meta name=\"twitter:data1\" content=\"1 minute\" \/>\n<script type=\"application\/ld+json\" class=\"yoast-schema-graph\">{\"@context\":\"https:\/\/schema.org\",\"@graph\":[{\"@type\":\"WebPage\",\"@id\":\"https:\/\/blog.unifr.ch\/transformations\/7-qui-transforme-qui\/\",\"url\":\"https:\/\/blog.unifr.ch\/transformations\/7-qui-transforme-qui\/\",\"name\":\"7. Qui transforme qui\u00a0? - Transformations\",\"isPartOf\":{\"@id\":\"https:\/\/blog.unifr.ch\/transformations\/#website\"},\"datePublished\":\"2019-05-21T17:38:21+00:00\",\"dateModified\":\"2025-11-28T16:03:39+00:00\",\"breadcrumb\":{\"@id\":\"https:\/\/blog.unifr.ch\/transformations\/7-qui-transforme-qui\/#breadcrumb\"},\"inLanguage\":\"fr-FR\",\"potentialAction\":[{\"@type\":\"ReadAction\",\"target\":[\"https:\/\/blog.unifr.ch\/transformations\/7-qui-transforme-qui\/\"]}]},{\"@type\":\"BreadcrumbList\",\"@id\":\"https:\/\/blog.unifr.ch\/transformations\/7-qui-transforme-qui\/#breadcrumb\",\"itemListElement\":[{\"@type\":\"ListItem\",\"position\":1,\"name\":\"Accueil\",\"item\":\"https:\/\/blog.unifr.ch\/transformations\/\"},{\"@type\":\"ListItem\",\"position\":2,\"name\":\"7. Qui transforme qui\u00a0?\"}]},{\"@type\":\"WebSite\",\"@id\":\"https:\/\/blog.unifr.ch\/transformations\/#website\",\"url\":\"https:\/\/blog.unifr.ch\/transformations\/\",\"name\":\"Transformations\",\"description\":\"Un site utilisant HEP Multisite\",\"potentialAction\":[{\"@type\":\"SearchAction\",\"target\":{\"@type\":\"EntryPoint\",\"urlTemplate\":\"https:\/\/blog.unifr.ch\/transformations\/?s={search_term_string}\"},\"query-input\":{\"@type\":\"PropertyValueSpecification\",\"valueRequired\":true,\"valueName\":\"search_term_string\"}}],\"inLanguage\":\"fr-FR\"}]}<\/script>\n<!-- \/ Yoast SEO plugin. -->","yoast_head_json":{"title":"7. Qui transforme qui\u00a0? - Transformations","robots":{"index":"index","follow":"follow","max-snippet":"max-snippet:-1","max-image-preview":"max-image-preview:large","max-video-preview":"max-video-preview:-1"},"canonical":"https:\/\/blog.unifr.ch\/transformations\/7-qui-transforme-qui\/","og_locale":"fr_FR","og_type":"article","og_title":"7. Qui transforme qui\u00a0? - Transformations","og_description":"Un cyclone, un glissement de terrain, une mer ass\u00e9ch\u00e9e&#8230; tout cela semble bien \u00eatre l&rsquo;oeuvre de la nature. Mais en est-on certain ? Auteur: Francine Pellaud","og_url":"https:\/\/blog.unifr.ch\/transformations\/7-qui-transforme-qui\/","og_site_name":"Transformations","article_modified_time":"2025-11-28T16:03:39+00:00","og_image":[{"width":1436,"height":622,"url":"https:\/\/blog.unifr.ch\/transformations\/wp-content\/uploads\/2019\/05\/Logo-Transformation-blanc.png","type":"image\/png"}],"twitter_card":"summary_large_image","twitter_misc":{"Dur\u00e9e de lecture estim\u00e9e":"1 minute"},"schema":{"@context":"https:\/\/schema.org","@graph":[{"@type":"WebPage","@id":"https:\/\/blog.unifr.ch\/transformations\/7-qui-transforme-qui\/","url":"https:\/\/blog.unifr.ch\/transformations\/7-qui-transforme-qui\/","name":"7. Qui transforme qui\u00a0? - Transformations","isPartOf":{"@id":"https:\/\/blog.unifr.ch\/transformations\/#website"},"datePublished":"2019-05-21T17:38:21+00:00","dateModified":"2025-11-28T16:03:39+00:00","breadcrumb":{"@id":"https:\/\/blog.unifr.ch\/transformations\/7-qui-transforme-qui\/#breadcrumb"},"inLanguage":"fr-FR","potentialAction":[{"@type":"ReadAction","target":["https:\/\/blog.unifr.ch\/transformations\/7-qui-transforme-qui\/"]}]},{"@type":"BreadcrumbList","@id":"https:\/\/blog.unifr.ch\/transformations\/7-qui-transforme-qui\/#breadcrumb","itemListElement":[{"@type":"ListItem","position":1,"name":"Accueil","item":"https:\/\/blog.unifr.ch\/transformations\/"},{"@type":"ListItem","position":2,"name":"7. Qui transforme qui\u00a0?"}]},{"@type":"WebSite","@id":"https:\/\/blog.unifr.ch\/transformations\/#website","url":"https:\/\/blog.unifr.ch\/transformations\/","name":"Transformations","description":"Un site utilisant HEP Multisite","potentialAction":[{"@type":"SearchAction","target":{"@type":"EntryPoint","urlTemplate":"https:\/\/blog.unifr.ch\/transformations\/?s={search_term_string}"},"query-input":{"@type":"PropertyValueSpecification","valueRequired":true,"valueName":"search_term_string"}}],"inLanguage":"fr-FR"}]}},"_links":{"self":[{"href":"https:\/\/blog.unifr.ch\/transformations\/wp-json\/wp\/v2\/pages\/112","targetHints":{"allow":["GET"]}}],"collection":[{"href":"https:\/\/blog.unifr.ch\/transformations\/wp-json\/wp\/v2\/pages"}],"about":[{"href":"https:\/\/blog.unifr.ch\/transformations\/wp-json\/wp\/v2\/types\/page"}],"author":[{"embeddable":true,"href":"https:\/\/blog.unifr.ch\/transformations\/wp-json\/wp\/v2\/users\/4"}],"replies":[{"embeddable":true,"href":"https:\/\/blog.unifr.ch\/transformations\/wp-json\/wp\/v2\/comments?post=112"}],"version-history":[{"count":5,"href":"https:\/\/blog.unifr.ch\/transformations\/wp-json\/wp\/v2\/pages\/112\/revisions"}],"predecessor-version":[{"id":675,"href":"https:\/\/blog.unifr.ch\/transformations\/wp-json\/wp\/v2\/pages\/112\/revisions\/675"}],"wp:attachment":[{"href":"https:\/\/blog.unifr.ch\/transformations\/wp-json\/wp\/v2\/media?parent=112"}],"curies":[{"name":"wp","href":"https:\/\/api.w.org\/{rel}","templated":true}]}}