{"id":511,"date":"2023-01-05T14:57:15","date_gmt":"2023-01-05T13:57:15","guid":{"rendered":"https:\/\/blog.unifr.ch\/transformations\/?page_id=511"},"modified":"2025-11-28T17:44:16","modified_gmt":"2025-11-28T16:44:16","slug":"projets-realises-en-classe","status":"publish","type":"page","link":"https:\/\/blog.unifr.ch\/transformations\/projets-realises-en-classe\/","title":{"rendered":"Projets r\u00e9alis\u00e9s en classe"},"content":{"rendered":"<p>Pr\u00e9sentation du projet r\u00e9alis\u00e9 dans la classe de <a href=\"https:\/\/blog.unifr.ch\/transformations\/wp-content\/uploads\/2025\/11\/5H-de-Cortebert.pdf\">5H de Corte\u0301bert<\/a>: jardin scolaire<\/p>\n<p>Pr\u00e9sentation du projet r\u00e9alis\u00e9 dans la classe de <a href=\"https:\/\/blog.unifr.ch\/transformations\/wp-content\/uploads\/2023\/01\/6H-de-Savagnier.pdf\">6H de Savagnier<\/a>: article de presse sur le Glacier d&rsquo;Aletsch<\/p>\n<p>Pr\u00e9sentation du projet r\u00e9alis\u00e9 dans la classe de <a href=\"https:\/\/blog.unifr.ch\/transformations\/wp-content\/uploads\/2023\/07\/Presentation-du-projet-des-6H-de-Bienne.pdf\">\u00a06H de Bienne<\/a>: th\u00e9\u00e2tr&rsquo;Aral &amp; \u00ab\u00a0\u00eele\u00a0\u00bb Saint-Pierre<\/p>\n<p>Pr\u00e9sentation du projet r\u00e9alis\u00e9 dans la classe de <a href=\"https:\/\/blog.unifr.ch\/transformations\/wp-content\/uploads\/2023\/01\/7H-de-Fontainemelon.pdf\">7H de Fontainemelon<\/a>: exposition au fil de l&rsquo;eau<\/p>\n<p>Pr\u00e9sentation du projet r\u00e9alis\u00e9 dans la classe de <a href=\"https:\/\/blog.unifr.ch\/transformations\/wp-content\/uploads\/2023\/07\/Presentation-du-projet-des-8H-de-Domdidier.pdf\">\u00a08H de Domdidier<\/a>: pr\u00e9sentation _ exemple de la cohabitation Homme-Castor<\/p>\n","protected":false},"excerpt":{"rendered":"<p>Pr\u00e9sentation du projet r\u00e9alis\u00e9 dans la classe de 5H de Corte\u0301bert: jardin scolaire Pr\u00e9sentation du projet r\u00e9alis\u00e9 dans la classe de 6H de Savagnier: article de presse sur le Glacier d&rsquo;Aletsch Pr\u00e9sentation du projet r\u00e9alis\u00e9 dans la classe de \u00a06H de Bienne: th\u00e9\u00e2tr&rsquo;Aral &amp; \u00ab\u00a0\u00eele\u00a0\u00bb Saint-Pierre Pr\u00e9sentation du projet r\u00e9alis\u00e9 dans la classe de 7H [&hellip;]<\/p>\n","protected":false},"author":4,"featured_media":0,"parent":0,"menu_order":0,"comment_status":"closed","ping_status":"closed","template":"","meta":{"_acf_changed":false,"footnotes":""},"class_list":["post-511","page","type-page","status-publish","hentry"],"acf":[],"yoast_head":"<!-- This site is optimized with the Yoast SEO plugin v26.4 - https:\/\/yoast.com\/wordpress\/plugins\/seo\/ -->\n<title>Projets r\u00e9alis\u00e9s en classe - Transformations<\/title>\n<meta name=\"robots\" content=\"index, follow, max-snippet:-1, max-image-preview:large, max-video-preview:-1\" \/>\n<link rel=\"canonical\" href=\"https:\/\/blog.unifr.ch\/transformations\/projets-realises-en-classe\/\" \/>\n<meta property=\"og:locale\" content=\"fr_FR\" \/>\n<meta property=\"og:type\" content=\"article\" \/>\n<meta property=\"og:title\" content=\"Projets r\u00e9alis\u00e9s en classe - Transformations\" \/>\n<meta property=\"og:description\" content=\"Pr\u00e9sentation du projet r\u00e9alis\u00e9 dans la classe de 5H de Corte\u0301bert: jardin scolaire Pr\u00e9sentation du projet r\u00e9alis\u00e9 dans la classe de 6H de Savagnier: article de presse sur le Glacier d&rsquo;Aletsch Pr\u00e9sentation du projet r\u00e9alis\u00e9 dans la classe de \u00a06H de Bienne: th\u00e9\u00e2tr&rsquo;Aral &amp; \u00ab\u00a0\u00eele\u00a0\u00bb Saint-Pierre Pr\u00e9sentation du projet r\u00e9alis\u00e9 dans la classe de 7H [&hellip;]\" \/>\n<meta property=\"og:url\" content=\"https:\/\/blog.unifr.ch\/transformations\/projets-realises-en-classe\/\" \/>\n<meta property=\"og:site_name\" content=\"Transformations\" \/>\n<meta property=\"article:modified_time\" content=\"2025-11-28T16:44:16+00:00\" \/>\n<meta property=\"og:image\" content=\"https:\/\/blog.unifr.ch\/transformations\/wp-content\/uploads\/2019\/05\/Logo-Transformation-blanc.png\" \/>\n\t<meta property=\"og:image:width\" content=\"1436\" \/>\n\t<meta property=\"og:image:height\" content=\"622\" \/>\n\t<meta property=\"og:image:type\" content=\"image\/png\" \/>\n<meta name=\"twitter:card\" content=\"summary_large_image\" \/>\n<meta name=\"twitter:label1\" content=\"Dur\u00e9e de lecture estim\u00e9e\" \/>\n\t<meta name=\"twitter:data1\" content=\"1 minute\" \/>\n<script type=\"application\/ld+json\" class=\"yoast-schema-graph\">{\"@context\":\"https:\/\/schema.org\",\"@graph\":[{\"@type\":\"WebPage\",\"@id\":\"https:\/\/blog.unifr.ch\/transformations\/projets-realises-en-classe\/\",\"url\":\"https:\/\/blog.unifr.ch\/transformations\/projets-realises-en-classe\/\",\"name\":\"Projets r\u00e9alis\u00e9s en classe - Transformations\",\"isPartOf\":{\"@id\":\"https:\/\/blog.unifr.ch\/transformations\/#website\"},\"datePublished\":\"2023-01-05T13:57:15+00:00\",\"dateModified\":\"2025-11-28T16:44:16+00:00\",\"breadcrumb\":{\"@id\":\"https:\/\/blog.unifr.ch\/transformations\/projets-realises-en-classe\/#breadcrumb\"},\"inLanguage\":\"fr-FR\",\"potentialAction\":[{\"@type\":\"ReadAction\",\"target\":[\"https:\/\/blog.unifr.ch\/transformations\/projets-realises-en-classe\/\"]}]},{\"@type\":\"BreadcrumbList\",\"@id\":\"https:\/\/blog.unifr.ch\/transformations\/projets-realises-en-classe\/#breadcrumb\",\"itemListElement\":[{\"@type\":\"ListItem\",\"position\":1,\"name\":\"Accueil\",\"item\":\"https:\/\/blog.unifr.ch\/transformations\/\"},{\"@type\":\"ListItem\",\"position\":2,\"name\":\"Projets r\u00e9alis\u00e9s en classe\"}]},{\"@type\":\"WebSite\",\"@id\":\"https:\/\/blog.unifr.ch\/transformations\/#website\",\"url\":\"https:\/\/blog.unifr.ch\/transformations\/\",\"name\":\"Transformations\",\"description\":\"Un site utilisant HEP Multisite\",\"potentialAction\":[{\"@type\":\"SearchAction\",\"target\":{\"@type\":\"EntryPoint\",\"urlTemplate\":\"https:\/\/blog.unifr.ch\/transformations\/?s={search_term_string}\"},\"query-input\":{\"@type\":\"PropertyValueSpecification\",\"valueRequired\":true,\"valueName\":\"search_term_string\"}}],\"inLanguage\":\"fr-FR\"}]}<\/script>\n<!-- \/ Yoast SEO plugin. -->","yoast_head_json":{"title":"Projets r\u00e9alis\u00e9s en classe - Transformations","robots":{"index":"index","follow":"follow","max-snippet":"max-snippet:-1","max-image-preview":"max-image-preview:large","max-video-preview":"max-video-preview:-1"},"canonical":"https:\/\/blog.unifr.ch\/transformations\/projets-realises-en-classe\/","og_locale":"fr_FR","og_type":"article","og_title":"Projets r\u00e9alis\u00e9s en classe - Transformations","og_description":"Pr\u00e9sentation du projet r\u00e9alis\u00e9 dans la classe de 5H de Corte\u0301bert: jardin scolaire Pr\u00e9sentation du projet r\u00e9alis\u00e9 dans la classe de 6H de Savagnier: article de presse sur le Glacier d&rsquo;Aletsch Pr\u00e9sentation du projet r\u00e9alis\u00e9 dans la classe de \u00a06H de Bienne: th\u00e9\u00e2tr&rsquo;Aral &amp; \u00ab\u00a0\u00eele\u00a0\u00bb Saint-Pierre Pr\u00e9sentation du projet r\u00e9alis\u00e9 dans la classe de 7H [&hellip;]","og_url":"https:\/\/blog.unifr.ch\/transformations\/projets-realises-en-classe\/","og_site_name":"Transformations","article_modified_time":"2025-11-28T16:44:16+00:00","og_image":[{"width":1436,"height":622,"url":"https:\/\/blog.unifr.ch\/transformations\/wp-content\/uploads\/2019\/05\/Logo-Transformation-blanc.png","type":"image\/png"}],"twitter_card":"summary_large_image","twitter_misc":{"Dur\u00e9e de lecture estim\u00e9e":"1 minute"},"schema":{"@context":"https:\/\/schema.org","@graph":[{"@type":"WebPage","@id":"https:\/\/blog.unifr.ch\/transformations\/projets-realises-en-classe\/","url":"https:\/\/blog.unifr.ch\/transformations\/projets-realises-en-classe\/","name":"Projets r\u00e9alis\u00e9s en classe - Transformations","isPartOf":{"@id":"https:\/\/blog.unifr.ch\/transformations\/#website"},"datePublished":"2023-01-05T13:57:15+00:00","dateModified":"2025-11-28T16:44:16+00:00","breadcrumb":{"@id":"https:\/\/blog.unifr.ch\/transformations\/projets-realises-en-classe\/#breadcrumb"},"inLanguage":"fr-FR","potentialAction":[{"@type":"ReadAction","target":["https:\/\/blog.unifr.ch\/transformations\/projets-realises-en-classe\/"]}]},{"@type":"BreadcrumbList","@id":"https:\/\/blog.unifr.ch\/transformations\/projets-realises-en-classe\/#breadcrumb","itemListElement":[{"@type":"ListItem","position":1,"name":"Accueil","item":"https:\/\/blog.unifr.ch\/transformations\/"},{"@type":"ListItem","position":2,"name":"Projets r\u00e9alis\u00e9s en classe"}]},{"@type":"WebSite","@id":"https:\/\/blog.unifr.ch\/transformations\/#website","url":"https:\/\/blog.unifr.ch\/transformations\/","name":"Transformations","description":"Un site utilisant HEP Multisite","potentialAction":[{"@type":"SearchAction","target":{"@type":"EntryPoint","urlTemplate":"https:\/\/blog.unifr.ch\/transformations\/?s={search_term_string}"},"query-input":{"@type":"PropertyValueSpecification","valueRequired":true,"valueName":"search_term_string"}}],"inLanguage":"fr-FR"}]}},"_links":{"self":[{"href":"https:\/\/blog.unifr.ch\/transformations\/wp-json\/wp\/v2\/pages\/511","targetHints":{"allow":["GET"]}}],"collection":[{"href":"https:\/\/blog.unifr.ch\/transformations\/wp-json\/wp\/v2\/pages"}],"about":[{"href":"https:\/\/blog.unifr.ch\/transformations\/wp-json\/wp\/v2\/types\/page"}],"author":[{"embeddable":true,"href":"https:\/\/blog.unifr.ch\/transformations\/wp-json\/wp\/v2\/users\/4"}],"replies":[{"embeddable":true,"href":"https:\/\/blog.unifr.ch\/transformations\/wp-json\/wp\/v2\/comments?post=511"}],"version-history":[{"count":13,"href":"https:\/\/blog.unifr.ch\/transformations\/wp-json\/wp\/v2\/pages\/511\/revisions"}],"predecessor-version":[{"id":685,"href":"https:\/\/blog.unifr.ch\/transformations\/wp-json\/wp\/v2\/pages\/511\/revisions\/685"}],"wp:attachment":[{"href":"https:\/\/blog.unifr.ch\/transformations\/wp-json\/wp\/v2\/media?parent=511"}],"curies":[{"name":"wp","href":"https:\/\/api.w.org\/{rel}","templated":true}]}}