{"id":56,"date":"2019-05-14T22:06:01","date_gmt":"2019-05-14T20:06:01","guid":{"rendered":"https:\/\/blog.unifr.ch\/transformations\/?page_id=56"},"modified":"2022-02-15T10:15:28","modified_gmt":"2022-02-15T09:15:28","slug":"agricultures","status":"publish","type":"page","link":"https:\/\/blog.unifr.ch\/transformations\/agricultures\/","title":{"rendered":"Agricultures"},"content":{"rendered":"<p>Entre agricultures intensives et biologiques, entre atteintes \u00e0 l&rsquo;environnement et am\u00e9nagement du territoire, entre monocultures et agroforesterie&#8230;\u00a0 o\u00f9 se situe la Suisse? Quels sont les enjeux qui se cachent derri\u00e8re certaines pratiques? Autant de questions que le groupe de recherche de BEJUNE propose aux \u00e9l\u00e8ves d&rsquo;\u00e9lucider.<\/p>\n<p>4 livrets (fiches \u00e9l\u00e8ves et guide de l&rsquo;enseignant) sont ainsi propos\u00e9s:<\/p>\n<ol>\n<li>L&rsquo;agriculture transforme le paysage<\/li>\n<li>Cultiver, c&rsquo;est lutter<\/li>\n<li>Le gaspillage alimentaire<\/li>\n<li>Agriculture et r\u00e9chauffement climatique<\/li>\n<\/ol>\n<p>Les livrets peuvent \u00eatre \u00e9tudi\u00e9s de mani\u00e8re ind\u00e9pendante, chacun conduisant \u00e0 la mise sur pied d&rsquo;un projet. Mais ils peuvent \u00e9galement \u00eatre abord\u00e9s \u00e0 la suite, afin d&rsquo;offrir une vision globale \u00e0 l&rsquo;\u00e9l\u00e8ve de cet \u00e9norme sujet, tout en ne conduisant qu&rsquo;\u00e0 la r\u00e9alisation finale d&rsquo;un seul projet. A vous de choisir!<\/p>\n<p>ATTENTION: les guides de l&rsquo;enseignant\u00b7e sont encore en cours de construction! Vous avez acc\u00e8s \u00e0 une version non finalis\u00e9e!<\/p>\n<p>Auteurs: Gilles Blandenier &amp; Philippe Massiot<\/p>\n","protected":false},"excerpt":{"rendered":"<p>Entre agricultures intensives et biologiques, entre atteintes \u00e0 l&rsquo;environnement et am\u00e9nagement du territoire, entre monocultures et agroforesterie&#8230;\u00a0 o\u00f9 se situe la Suisse? Quels sont les enjeux qui se cachent derri\u00e8re certaines pratiques? Autant de questions que le groupe de recherche de BEJUNE propose aux \u00e9l\u00e8ves d&rsquo;\u00e9lucider. 4 livrets (fiches \u00e9l\u00e8ves et guide de l&rsquo;enseignant) sont [&hellip;]<\/p>\n","protected":false},"author":4,"featured_media":0,"parent":0,"menu_order":0,"comment_status":"closed","ping_status":"closed","template":"","meta":{"_acf_changed":false,"footnotes":""},"class_list":["post-56","page","type-page","status-publish","hentry"],"acf":[],"yoast_head":"<!-- This site is optimized with the Yoast SEO plugin v26.4 - https:\/\/yoast.com\/wordpress\/plugins\/seo\/ -->\n<title>Agricultures - Transformations<\/title>\n<meta name=\"robots\" content=\"index, follow, max-snippet:-1, max-image-preview:large, max-video-preview:-1\" \/>\n<link rel=\"canonical\" href=\"https:\/\/blog.unifr.ch\/transformations\/agricultures\/\" \/>\n<meta property=\"og:locale\" content=\"fr_FR\" \/>\n<meta property=\"og:type\" content=\"article\" \/>\n<meta property=\"og:title\" content=\"Agricultures - Transformations\" \/>\n<meta property=\"og:description\" content=\"Entre agricultures intensives et biologiques, entre atteintes \u00e0 l&rsquo;environnement et am\u00e9nagement du territoire, entre monocultures et agroforesterie&#8230;\u00a0 o\u00f9 se situe la Suisse? Quels sont les enjeux qui se cachent derri\u00e8re certaines pratiques? Autant de questions que le groupe de recherche de BEJUNE propose aux \u00e9l\u00e8ves d&rsquo;\u00e9lucider. 4 livrets (fiches \u00e9l\u00e8ves et guide de l&rsquo;enseignant) sont [&hellip;]\" \/>\n<meta property=\"og:url\" content=\"https:\/\/blog.unifr.ch\/transformations\/agricultures\/\" \/>\n<meta property=\"og:site_name\" content=\"Transformations\" \/>\n<meta property=\"article:modified_time\" content=\"2022-02-15T09:15:28+00:00\" \/>\n<meta property=\"og:image\" content=\"https:\/\/blog.unifr.ch\/transformations\/wp-content\/uploads\/2019\/05\/Logo-Transformation-blanc.png\" \/>\n\t<meta property=\"og:image:width\" content=\"1436\" \/>\n\t<meta property=\"og:image:height\" content=\"622\" \/>\n\t<meta property=\"og:image:type\" content=\"image\/png\" \/>\n<meta name=\"twitter:card\" content=\"summary_large_image\" \/>\n<meta name=\"twitter:label1\" content=\"Dur\u00e9e de lecture estim\u00e9e\" \/>\n\t<meta name=\"twitter:data1\" content=\"1 minute\" \/>\n<script type=\"application\/ld+json\" class=\"yoast-schema-graph\">{\"@context\":\"https:\/\/schema.org\",\"@graph\":[{\"@type\":\"WebPage\",\"@id\":\"https:\/\/blog.unifr.ch\/transformations\/agricultures\/\",\"url\":\"https:\/\/blog.unifr.ch\/transformations\/agricultures\/\",\"name\":\"Agricultures - Transformations\",\"isPartOf\":{\"@id\":\"https:\/\/blog.unifr.ch\/transformations\/#website\"},\"datePublished\":\"2019-05-14T20:06:01+00:00\",\"dateModified\":\"2022-02-15T09:15:28+00:00\",\"breadcrumb\":{\"@id\":\"https:\/\/blog.unifr.ch\/transformations\/agricultures\/#breadcrumb\"},\"inLanguage\":\"fr-FR\",\"potentialAction\":[{\"@type\":\"ReadAction\",\"target\":[\"https:\/\/blog.unifr.ch\/transformations\/agricultures\/\"]}]},{\"@type\":\"BreadcrumbList\",\"@id\":\"https:\/\/blog.unifr.ch\/transformations\/agricultures\/#breadcrumb\",\"itemListElement\":[{\"@type\":\"ListItem\",\"position\":1,\"name\":\"Accueil\",\"item\":\"https:\/\/blog.unifr.ch\/transformations\/\"},{\"@type\":\"ListItem\",\"position\":2,\"name\":\"Agricultures\"}]},{\"@type\":\"WebSite\",\"@id\":\"https:\/\/blog.unifr.ch\/transformations\/#website\",\"url\":\"https:\/\/blog.unifr.ch\/transformations\/\",\"name\":\"Transformations\",\"description\":\"Un site utilisant HEP Multisite\",\"potentialAction\":[{\"@type\":\"SearchAction\",\"target\":{\"@type\":\"EntryPoint\",\"urlTemplate\":\"https:\/\/blog.unifr.ch\/transformations\/?s={search_term_string}\"},\"query-input\":{\"@type\":\"PropertyValueSpecification\",\"valueRequired\":true,\"valueName\":\"search_term_string\"}}],\"inLanguage\":\"fr-FR\"}]}<\/script>\n<!-- \/ Yoast SEO plugin. -->","yoast_head_json":{"title":"Agricultures - Transformations","robots":{"index":"index","follow":"follow","max-snippet":"max-snippet:-1","max-image-preview":"max-image-preview:large","max-video-preview":"max-video-preview:-1"},"canonical":"https:\/\/blog.unifr.ch\/transformations\/agricultures\/","og_locale":"fr_FR","og_type":"article","og_title":"Agricultures - Transformations","og_description":"Entre agricultures intensives et biologiques, entre atteintes \u00e0 l&rsquo;environnement et am\u00e9nagement du territoire, entre monocultures et agroforesterie&#8230;\u00a0 o\u00f9 se situe la Suisse? Quels sont les enjeux qui se cachent derri\u00e8re certaines pratiques? Autant de questions que le groupe de recherche de BEJUNE propose aux \u00e9l\u00e8ves d&rsquo;\u00e9lucider. 4 livrets (fiches \u00e9l\u00e8ves et guide de l&rsquo;enseignant) sont [&hellip;]","og_url":"https:\/\/blog.unifr.ch\/transformations\/agricultures\/","og_site_name":"Transformations","article_modified_time":"2022-02-15T09:15:28+00:00","og_image":[{"width":1436,"height":622,"url":"https:\/\/blog.unifr.ch\/transformations\/wp-content\/uploads\/2019\/05\/Logo-Transformation-blanc.png","type":"image\/png"}],"twitter_card":"summary_large_image","twitter_misc":{"Dur\u00e9e de lecture estim\u00e9e":"1 minute"},"schema":{"@context":"https:\/\/schema.org","@graph":[{"@type":"WebPage","@id":"https:\/\/blog.unifr.ch\/transformations\/agricultures\/","url":"https:\/\/blog.unifr.ch\/transformations\/agricultures\/","name":"Agricultures - Transformations","isPartOf":{"@id":"https:\/\/blog.unifr.ch\/transformations\/#website"},"datePublished":"2019-05-14T20:06:01+00:00","dateModified":"2022-02-15T09:15:28+00:00","breadcrumb":{"@id":"https:\/\/blog.unifr.ch\/transformations\/agricultures\/#breadcrumb"},"inLanguage":"fr-FR","potentialAction":[{"@type":"ReadAction","target":["https:\/\/blog.unifr.ch\/transformations\/agricultures\/"]}]},{"@type":"BreadcrumbList","@id":"https:\/\/blog.unifr.ch\/transformations\/agricultures\/#breadcrumb","itemListElement":[{"@type":"ListItem","position":1,"name":"Accueil","item":"https:\/\/blog.unifr.ch\/transformations\/"},{"@type":"ListItem","position":2,"name":"Agricultures"}]},{"@type":"WebSite","@id":"https:\/\/blog.unifr.ch\/transformations\/#website","url":"https:\/\/blog.unifr.ch\/transformations\/","name":"Transformations","description":"Un site utilisant HEP Multisite","potentialAction":[{"@type":"SearchAction","target":{"@type":"EntryPoint","urlTemplate":"https:\/\/blog.unifr.ch\/transformations\/?s={search_term_string}"},"query-input":{"@type":"PropertyValueSpecification","valueRequired":true,"valueName":"search_term_string"}}],"inLanguage":"fr-FR"}]}},"_links":{"self":[{"href":"https:\/\/blog.unifr.ch\/transformations\/wp-json\/wp\/v2\/pages\/56","targetHints":{"allow":["GET"]}}],"collection":[{"href":"https:\/\/blog.unifr.ch\/transformations\/wp-json\/wp\/v2\/pages"}],"about":[{"href":"https:\/\/blog.unifr.ch\/transformations\/wp-json\/wp\/v2\/types\/page"}],"author":[{"embeddable":true,"href":"https:\/\/blog.unifr.ch\/transformations\/wp-json\/wp\/v2\/users\/4"}],"replies":[{"embeddable":true,"href":"https:\/\/blog.unifr.ch\/transformations\/wp-json\/wp\/v2\/comments?post=56"}],"version-history":[{"count":9,"href":"https:\/\/blog.unifr.ch\/transformations\/wp-json\/wp\/v2\/pages\/56\/revisions"}],"predecessor-version":[{"id":463,"href":"https:\/\/blog.unifr.ch\/transformations\/wp-json\/wp\/v2\/pages\/56\/revisions\/463"}],"wp:attachment":[{"href":"https:\/\/blog.unifr.ch\/transformations\/wp-json\/wp\/v2\/media?parent=56"}],"curies":[{"name":"wp","href":"https:\/\/api.w.org\/{rel}","templated":true}]}}