{"id":562,"date":"2024-02-28T22:06:40","date_gmt":"2024-02-28T21:06:40","guid":{"rendered":"https:\/\/blog.unifr.ch\/transformations\/?page_id=562"},"modified":"2026-01-16T16:55:17","modified_gmt":"2026-01-16T15:55:17","slug":"a-qui-appartient-leau-7-8h-2","status":"publish","type":"page","link":"https:\/\/blog.unifr.ch\/transformations\/a-qui-appartient-leau-7-8h-2\/","title":{"rendered":"A qui appartient l&rsquo;eau? 7-8H"},"content":{"rendered":"<p>Oc\u00e9an de plastique? Soupe de plastique? Quel que soit le nom qu&rsquo;on lui donne, ces millions de tonnes de d\u00e9chets qui arrivent chaque ann\u00e9e dans les Oc\u00e9ans polluent, tuent et risquent m\u00eame de modifier les bases de notre \u00e9cosyst\u00e8me. Mais d&rsquo;o\u00f9 vient-il ce plastique? Et o\u00f9 va-t-il? Peut-il \u00eatre r\u00e9cup\u00e9r\u00e9? Recycl\u00e9? D\u00e9truit?<\/p>\n<p>Une investigation interdisciplinaire qui aide \u00e0 mieux comprendre les probl\u00e8mes de notre civilisation de l&rsquo;abondance. Une abondance qui risque, \u00e0 terme, de nous conduire \u00e0 la famine.<\/p>\n","protected":false},"excerpt":{"rendered":"<p>Oc\u00e9an de plastique? Soupe de plastique? Quel que soit le nom qu&rsquo;on lui donne, ces millions de tonnes de d\u00e9chets qui arrivent chaque ann\u00e9e dans les Oc\u00e9ans polluent, tuent et risquent m\u00eame de modifier les bases de notre \u00e9cosyst\u00e8me. Mais d&rsquo;o\u00f9 vient-il ce plastique? Et o\u00f9 va-t-il? Peut-il \u00eatre r\u00e9cup\u00e9r\u00e9? Recycl\u00e9? D\u00e9truit? Une investigation interdisciplinaire [&hellip;]<\/p>\n","protected":false},"author":4,"featured_media":0,"parent":0,"menu_order":0,"comment_status":"closed","ping_status":"closed","template":"","meta":{"_acf_changed":false,"footnotes":""},"class_list":["post-562","page","type-page","status-publish","hentry"],"acf":[],"yoast_head":"<!-- This site is optimized with the Yoast SEO plugin v26.4 - https:\/\/yoast.com\/wordpress\/plugins\/seo\/ -->\n<title>A qui appartient l&#039;eau? 7-8H - Transformations<\/title>\n<meta name=\"robots\" content=\"index, follow, max-snippet:-1, max-image-preview:large, max-video-preview:-1\" \/>\n<link rel=\"canonical\" href=\"https:\/\/blog.unifr.ch\/transformations\/a-qui-appartient-leau-7-8h-2\/\" \/>\n<meta property=\"og:locale\" content=\"fr_FR\" \/>\n<meta property=\"og:type\" content=\"article\" \/>\n<meta property=\"og:title\" content=\"A qui appartient l&#039;eau? 7-8H - Transformations\" \/>\n<meta property=\"og:description\" content=\"Oc\u00e9an de plastique? Soupe de plastique? Quel que soit le nom qu&rsquo;on lui donne, ces millions de tonnes de d\u00e9chets qui arrivent chaque ann\u00e9e dans les Oc\u00e9ans polluent, tuent et risquent m\u00eame de modifier les bases de notre \u00e9cosyst\u00e8me. Mais d&rsquo;o\u00f9 vient-il ce plastique? Et o\u00f9 va-t-il? Peut-il \u00eatre r\u00e9cup\u00e9r\u00e9? Recycl\u00e9? D\u00e9truit? Une investigation interdisciplinaire [&hellip;]\" \/>\n<meta property=\"og:url\" content=\"https:\/\/blog.unifr.ch\/transformations\/a-qui-appartient-leau-7-8h-2\/\" \/>\n<meta property=\"og:site_name\" content=\"Transformations\" \/>\n<meta property=\"article:modified_time\" content=\"2026-01-16T15:55:17+00:00\" \/>\n<meta property=\"og:image\" content=\"https:\/\/blog.unifr.ch\/transformations\/wp-content\/uploads\/2019\/05\/Logo-Transformation-blanc.png\" \/>\n\t<meta property=\"og:image:width\" content=\"1436\" \/>\n\t<meta property=\"og:image:height\" content=\"622\" \/>\n\t<meta property=\"og:image:type\" content=\"image\/png\" \/>\n<meta name=\"twitter:card\" content=\"summary_large_image\" \/>\n<meta name=\"twitter:label1\" content=\"Dur\u00e9e de lecture estim\u00e9e\" \/>\n\t<meta name=\"twitter:data1\" content=\"1 minute\" \/>\n<script type=\"application\/ld+json\" class=\"yoast-schema-graph\">{\"@context\":\"https:\/\/schema.org\",\"@graph\":[{\"@type\":\"WebPage\",\"@id\":\"https:\/\/blog.unifr.ch\/transformations\/a-qui-appartient-leau-7-8h-2\/\",\"url\":\"https:\/\/blog.unifr.ch\/transformations\/a-qui-appartient-leau-7-8h-2\/\",\"name\":\"A qui appartient l'eau? 7-8H - Transformations\",\"isPartOf\":{\"@id\":\"https:\/\/blog.unifr.ch\/transformations\/#website\"},\"datePublished\":\"2024-02-28T21:06:40+00:00\",\"dateModified\":\"2026-01-16T15:55:17+00:00\",\"breadcrumb\":{\"@id\":\"https:\/\/blog.unifr.ch\/transformations\/a-qui-appartient-leau-7-8h-2\/#breadcrumb\"},\"inLanguage\":\"fr-FR\",\"potentialAction\":[{\"@type\":\"ReadAction\",\"target\":[\"https:\/\/blog.unifr.ch\/transformations\/a-qui-appartient-leau-7-8h-2\/\"]}]},{\"@type\":\"BreadcrumbList\",\"@id\":\"https:\/\/blog.unifr.ch\/transformations\/a-qui-appartient-leau-7-8h-2\/#breadcrumb\",\"itemListElement\":[{\"@type\":\"ListItem\",\"position\":1,\"name\":\"Accueil\",\"item\":\"https:\/\/blog.unifr.ch\/transformations\/\"},{\"@type\":\"ListItem\",\"position\":2,\"name\":\"A qui appartient l&rsquo;eau? 7-8H\"}]},{\"@type\":\"WebSite\",\"@id\":\"https:\/\/blog.unifr.ch\/transformations\/#website\",\"url\":\"https:\/\/blog.unifr.ch\/transformations\/\",\"name\":\"Transformations\",\"description\":\"Un site utilisant HEP Multisite\",\"potentialAction\":[{\"@type\":\"SearchAction\",\"target\":{\"@type\":\"EntryPoint\",\"urlTemplate\":\"https:\/\/blog.unifr.ch\/transformations\/?s={search_term_string}\"},\"query-input\":{\"@type\":\"PropertyValueSpecification\",\"valueRequired\":true,\"valueName\":\"search_term_string\"}}],\"inLanguage\":\"fr-FR\"}]}<\/script>\n<!-- \/ Yoast SEO plugin. -->","yoast_head_json":{"title":"A qui appartient l'eau? 7-8H - Transformations","robots":{"index":"index","follow":"follow","max-snippet":"max-snippet:-1","max-image-preview":"max-image-preview:large","max-video-preview":"max-video-preview:-1"},"canonical":"https:\/\/blog.unifr.ch\/transformations\/a-qui-appartient-leau-7-8h-2\/","og_locale":"fr_FR","og_type":"article","og_title":"A qui appartient l'eau? 7-8H - Transformations","og_description":"Oc\u00e9an de plastique? Soupe de plastique? Quel que soit le nom qu&rsquo;on lui donne, ces millions de tonnes de d\u00e9chets qui arrivent chaque ann\u00e9e dans les Oc\u00e9ans polluent, tuent et risquent m\u00eame de modifier les bases de notre \u00e9cosyst\u00e8me. Mais d&rsquo;o\u00f9 vient-il ce plastique? Et o\u00f9 va-t-il? Peut-il \u00eatre r\u00e9cup\u00e9r\u00e9? Recycl\u00e9? D\u00e9truit? Une investigation interdisciplinaire [&hellip;]","og_url":"https:\/\/blog.unifr.ch\/transformations\/a-qui-appartient-leau-7-8h-2\/","og_site_name":"Transformations","article_modified_time":"2026-01-16T15:55:17+00:00","og_image":[{"width":1436,"height":622,"url":"https:\/\/blog.unifr.ch\/transformations\/wp-content\/uploads\/2019\/05\/Logo-Transformation-blanc.png","type":"image\/png"}],"twitter_card":"summary_large_image","twitter_misc":{"Dur\u00e9e de lecture estim\u00e9e":"1 minute"},"schema":{"@context":"https:\/\/schema.org","@graph":[{"@type":"WebPage","@id":"https:\/\/blog.unifr.ch\/transformations\/a-qui-appartient-leau-7-8h-2\/","url":"https:\/\/blog.unifr.ch\/transformations\/a-qui-appartient-leau-7-8h-2\/","name":"A qui appartient l'eau? 7-8H - Transformations","isPartOf":{"@id":"https:\/\/blog.unifr.ch\/transformations\/#website"},"datePublished":"2024-02-28T21:06:40+00:00","dateModified":"2026-01-16T15:55:17+00:00","breadcrumb":{"@id":"https:\/\/blog.unifr.ch\/transformations\/a-qui-appartient-leau-7-8h-2\/#breadcrumb"},"inLanguage":"fr-FR","potentialAction":[{"@type":"ReadAction","target":["https:\/\/blog.unifr.ch\/transformations\/a-qui-appartient-leau-7-8h-2\/"]}]},{"@type":"BreadcrumbList","@id":"https:\/\/blog.unifr.ch\/transformations\/a-qui-appartient-leau-7-8h-2\/#breadcrumb","itemListElement":[{"@type":"ListItem","position":1,"name":"Accueil","item":"https:\/\/blog.unifr.ch\/transformations\/"},{"@type":"ListItem","position":2,"name":"A qui appartient l&rsquo;eau? 7-8H"}]},{"@type":"WebSite","@id":"https:\/\/blog.unifr.ch\/transformations\/#website","url":"https:\/\/blog.unifr.ch\/transformations\/","name":"Transformations","description":"Un site utilisant HEP Multisite","potentialAction":[{"@type":"SearchAction","target":{"@type":"EntryPoint","urlTemplate":"https:\/\/blog.unifr.ch\/transformations\/?s={search_term_string}"},"query-input":{"@type":"PropertyValueSpecification","valueRequired":true,"valueName":"search_term_string"}}],"inLanguage":"fr-FR"}]}},"_links":{"self":[{"href":"https:\/\/blog.unifr.ch\/transformations\/wp-json\/wp\/v2\/pages\/562","targetHints":{"allow":["GET"]}}],"collection":[{"href":"https:\/\/blog.unifr.ch\/transformations\/wp-json\/wp\/v2\/pages"}],"about":[{"href":"https:\/\/blog.unifr.ch\/transformations\/wp-json\/wp\/v2\/types\/page"}],"author":[{"embeddable":true,"href":"https:\/\/blog.unifr.ch\/transformations\/wp-json\/wp\/v2\/users\/4"}],"replies":[{"embeddable":true,"href":"https:\/\/blog.unifr.ch\/transformations\/wp-json\/wp\/v2\/comments?post=562"}],"version-history":[{"count":7,"href":"https:\/\/blog.unifr.ch\/transformations\/wp-json\/wp\/v2\/pages\/562\/revisions"}],"predecessor-version":[{"id":694,"href":"https:\/\/blog.unifr.ch\/transformations\/wp-json\/wp\/v2\/pages\/562\/revisions\/694"}],"wp:attachment":[{"href":"https:\/\/blog.unifr.ch\/transformations\/wp-json\/wp\/v2\/media?parent=562"}],"curies":[{"name":"wp","href":"https:\/\/api.w.org\/{rel}","templated":true}]}}