{"id":6,"date":"2019-05-14T08:34:57","date_gmt":"2019-05-14T06:34:57","guid":{"rendered":"https:\/\/blog.unifr.ch\/transformations\/?page_id=6"},"modified":"2025-11-28T17:22:50","modified_gmt":"2025-11-28T16:22:50","slug":"accueil","status":"publish","type":"page","link":"https:\/\/blog.unifr.ch\/transformations\/","title":{"rendered":"Accueil"},"content":{"rendered":"<p>Ce site propose des ressources \u00ab\u00a0cl\u00e9 en main\u00a0\u00bb pour mener des projets interdisciplinaires dans votre classe. Pens\u00e9es en fonction du PER (Suisse), ces ressources permettent de puiser au coeur des disciplines tous les outils dont les \u00e9l\u00e8ves ont besoin pour comprendre le monde d&rsquo;aujourd&rsquo;hui, dans toute sa complexit\u00e9.<br \/>\nPartant de probl\u00e9matiques d&rsquo;actualit\u00e9 souvent tr\u00e8s \u00e9loign\u00e9es de la Suisse, le projet final conduit les \u00e9l\u00e8ves \u00e0 questionner leur environnement proche pour mieux l&rsquo;appr\u00e9hender.<br \/>\nLe mat\u00e9riel est con\u00e7u pour des \u00e9l\u00e8ves du cycle 2 et 3.<\/p>\n","protected":false},"excerpt":{"rendered":"<p>Ce site propose des ressources \u00ab\u00a0cl\u00e9 en main\u00a0\u00bb pour mener des projets interdisciplinaires dans votre classe. Pens\u00e9es en fonction du PER (Suisse), ces ressources permettent de puiser au coeur des disciplines tous les outils dont les \u00e9l\u00e8ves ont besoin pour comprendre le monde d&rsquo;aujourd&rsquo;hui, dans toute sa complexit\u00e9. Partant de probl\u00e9matiques d&rsquo;actualit\u00e9 souvent tr\u00e8s \u00e9loign\u00e9es [&hellip;]<\/p>\n","protected":false},"author":2,"featured_media":0,"parent":0,"menu_order":0,"comment_status":"closed","ping_status":"closed","template":"","meta":{"_acf_changed":false,"footnotes":""},"class_list":["post-6","page","type-page","status-publish","hentry"],"acf":[],"yoast_head":"<!-- This site is optimized with the Yoast SEO plugin v26.4 - https:\/\/yoast.com\/wordpress\/plugins\/seo\/ -->\n<title>Accueil - Transformations<\/title>\n<meta name=\"robots\" content=\"index, follow, max-snippet:-1, max-image-preview:large, max-video-preview:-1\" \/>\n<link rel=\"canonical\" href=\"https:\/\/blog.unifr.ch\/transformations\/\" \/>\n<meta property=\"og:locale\" content=\"fr_FR\" \/>\n<meta property=\"og:type\" content=\"article\" \/>\n<meta property=\"og:title\" content=\"Transformations\" \/>\n<meta property=\"og:description\" content=\"Des ressources \u00ab cl\u00e9 en main \u00bb pour mener des projets interdisciplinaires dans votre classe.\" \/>\n<meta property=\"og:url\" content=\"https:\/\/blog.unifr.ch\/transformations\/\" \/>\n<meta property=\"og:site_name\" content=\"Transformations\" \/>\n<meta property=\"article:modified_time\" content=\"2025-11-28T16:22:50+00:00\" \/>\n<meta property=\"og:image\" content=\"https:\/\/blog.unifr.ch\/transformations\/wp-content\/uploads\/2019\/05\/Logo-Transformation-blanc_cadre.png\" \/>\n\t<meta property=\"og:image:width\" content=\"400\" \/>\n\t<meta property=\"og:image:height\" content=\"156\" \/>\n\t<meta property=\"og:image:type\" content=\"image\/png\" \/>\n<meta name=\"twitter:card\" content=\"summary_large_image\" \/>\n<meta name=\"twitter:title\" content=\"Transformations\" \/>\n<meta name=\"twitter:description\" content=\"Des ressources \u00ab cl\u00e9 en main \u00bb pour mener des projets interdisciplinaires dans votre classe.\" \/>\n<meta name=\"twitter:image\" content=\"https:\/\/blog.unifr.ch\/transformations\/wp-content\/uploads\/2019\/05\/Logo-Transformation-blanc.png\" \/>\n<meta name=\"twitter:label1\" content=\"Dur\u00e9e de lecture estim\u00e9e\" \/>\n\t<meta name=\"twitter:data1\" content=\"3 minutes\" \/>\n<script type=\"application\/ld+json\" class=\"yoast-schema-graph\">{\"@context\":\"https:\/\/schema.org\",\"@graph\":[{\"@type\":\"WebPage\",\"@id\":\"https:\/\/blog.unifr.ch\/transformations\/\",\"url\":\"https:\/\/blog.unifr.ch\/transformations\/\",\"name\":\"Accueil - Transformations\",\"isPartOf\":{\"@id\":\"https:\/\/blog.unifr.ch\/transformations\/#website\"},\"datePublished\":\"2019-05-14T06:34:57+00:00\",\"dateModified\":\"2025-11-28T16:22:50+00:00\",\"breadcrumb\":{\"@id\":\"https:\/\/blog.unifr.ch\/transformations\/#breadcrumb\"},\"inLanguage\":\"fr-FR\",\"potentialAction\":[{\"@type\":\"ReadAction\",\"target\":[\"https:\/\/blog.unifr.ch\/transformations\/\"]}]},{\"@type\":\"BreadcrumbList\",\"@id\":\"https:\/\/blog.unifr.ch\/transformations\/#breadcrumb\",\"itemListElement\":[{\"@type\":\"ListItem\",\"position\":1,\"name\":\"Accueil\",\"item\":\"https:\/\/blog.unifr.ch\/transformations\/\"},{\"@type\":\"ListItem\",\"position\":2,\"name\":\"Accueil\"}]},{\"@type\":\"WebSite\",\"@id\":\"https:\/\/blog.unifr.ch\/transformations\/#website\",\"url\":\"https:\/\/blog.unifr.ch\/transformations\/\",\"name\":\"Transformations\",\"description\":\"Un site utilisant HEP Multisite\",\"potentialAction\":[{\"@type\":\"SearchAction\",\"target\":{\"@type\":\"EntryPoint\",\"urlTemplate\":\"https:\/\/blog.unifr.ch\/transformations\/?s={search_term_string}\"},\"query-input\":{\"@type\":\"PropertyValueSpecification\",\"valueRequired\":true,\"valueName\":\"search_term_string\"}}],\"inLanguage\":\"fr-FR\"}]}<\/script>\n<!-- \/ Yoast SEO plugin. -->","yoast_head_json":{"title":"Accueil - Transformations","robots":{"index":"index","follow":"follow","max-snippet":"max-snippet:-1","max-image-preview":"max-image-preview:large","max-video-preview":"max-video-preview:-1"},"canonical":"https:\/\/blog.unifr.ch\/transformations\/","og_locale":"fr_FR","og_type":"article","og_title":"Transformations","og_description":"Des ressources \u00ab cl\u00e9 en main \u00bb pour mener des projets interdisciplinaires dans votre classe.","og_url":"https:\/\/blog.unifr.ch\/transformations\/","og_site_name":"Transformations","article_modified_time":"2025-11-28T16:22:50+00:00","og_image":[{"width":400,"height":156,"url":"https:\/\/blog.unifr.ch\/transformations\/wp-content\/uploads\/2019\/05\/Logo-Transformation-blanc_cadre.png","type":"image\/png"}],"twitter_card":"summary_large_image","twitter_title":"Transformations","twitter_description":"Des ressources \u00ab cl\u00e9 en main \u00bb pour mener des projets interdisciplinaires dans votre classe.","twitter_image":"https:\/\/blog.unifr.ch\/transformations\/wp-content\/uploads\/2019\/05\/Logo-Transformation-blanc.png","twitter_misc":{"Dur\u00e9e de lecture estim\u00e9e":"3 minutes"},"schema":{"@context":"https:\/\/schema.org","@graph":[{"@type":"WebPage","@id":"https:\/\/blog.unifr.ch\/transformations\/","url":"https:\/\/blog.unifr.ch\/transformations\/","name":"Accueil - Transformations","isPartOf":{"@id":"https:\/\/blog.unifr.ch\/transformations\/#website"},"datePublished":"2019-05-14T06:34:57+00:00","dateModified":"2025-11-28T16:22:50+00:00","breadcrumb":{"@id":"https:\/\/blog.unifr.ch\/transformations\/#breadcrumb"},"inLanguage":"fr-FR","potentialAction":[{"@type":"ReadAction","target":["https:\/\/blog.unifr.ch\/transformations\/"]}]},{"@type":"BreadcrumbList","@id":"https:\/\/blog.unifr.ch\/transformations\/#breadcrumb","itemListElement":[{"@type":"ListItem","position":1,"name":"Accueil","item":"https:\/\/blog.unifr.ch\/transformations\/"},{"@type":"ListItem","position":2,"name":"Accueil"}]},{"@type":"WebSite","@id":"https:\/\/blog.unifr.ch\/transformations\/#website","url":"https:\/\/blog.unifr.ch\/transformations\/","name":"Transformations","description":"Un site utilisant HEP Multisite","potentialAction":[{"@type":"SearchAction","target":{"@type":"EntryPoint","urlTemplate":"https:\/\/blog.unifr.ch\/transformations\/?s={search_term_string}"},"query-input":{"@type":"PropertyValueSpecification","valueRequired":true,"valueName":"search_term_string"}}],"inLanguage":"fr-FR"}]}},"_links":{"self":[{"href":"https:\/\/blog.unifr.ch\/transformations\/wp-json\/wp\/v2\/pages\/6","targetHints":{"allow":["GET"]}}],"collection":[{"href":"https:\/\/blog.unifr.ch\/transformations\/wp-json\/wp\/v2\/pages"}],"about":[{"href":"https:\/\/blog.unifr.ch\/transformations\/wp-json\/wp\/v2\/types\/page"}],"author":[{"embeddable":true,"href":"https:\/\/blog.unifr.ch\/transformations\/wp-json\/wp\/v2\/users\/2"}],"replies":[{"embeddable":true,"href":"https:\/\/blog.unifr.ch\/transformations\/wp-json\/wp\/v2\/comments?post=6"}],"version-history":[{"count":73,"href":"https:\/\/blog.unifr.ch\/transformations\/wp-json\/wp\/v2\/pages\/6\/revisions"}],"predecessor-version":[{"id":681,"href":"https:\/\/blog.unifr.ch\/transformations\/wp-json\/wp\/v2\/pages\/6\/revisions\/681"}],"wp:attachment":[{"href":"https:\/\/blog.unifr.ch\/transformations\/wp-json\/wp\/v2\/media?parent=6"}],"curies":[{"name":"wp","href":"https:\/\/api.w.org\/{rel}","templated":true}]}}