{"id":60,"date":"2019-05-17T11:36:35","date_gmt":"2019-05-17T09:36:35","guid":{"rendered":"https:\/\/blog.unifr.ch\/transformations\/?page_id=60"},"modified":"2025-11-28T17:09:20","modified_gmt":"2025-11-28T16:09:20","slug":"mallette-pedagogique","status":"publish","type":"page","link":"https:\/\/blog.unifr.ch\/transformations\/mallette-pedagogique\/","title":{"rendered":"Mallette p\u00e9dagogique"},"content":{"rendered":"<p>Qu&rsquo;est-ce qui se transforme? Pourquoi? De quelle nature est la transformation? Qu&rsquo;est-ce qui la provoque? Toutes les transformations sont-elles mat\u00e9rielles?<\/p>\n<p>Autant de questions qui obligent \u00e0 poser un regard nouveau sur tout ce qui nous entoure. Pour accompagner ce regard, 7 affiches (\u00e0 imprimer en format A3 couleur) qui proposent des pistes de r\u00e9flexions et des activit\u00e9s ludiques pour mieux conscientiser ces multiples transformations. Des fiches \u00e9l\u00e8ves ainsi qu&rsquo;un guide de l&rsquo;enseignant propose des pistes d&rsquo;utilisation de ces affiches, ainsi que des connaissances \u00e9largies sur leurs contenus.<\/p>\n","protected":false},"excerpt":{"rendered":"<p>Qu&rsquo;est-ce qui se transforme? Pourquoi? De quelle nature est la transformation? Qu&rsquo;est-ce qui la provoque? Toutes les transformations sont-elles mat\u00e9rielles? Autant de questions qui obligent \u00e0 poser un regard nouveau sur tout ce qui nous entoure. Pour accompagner ce regard, 7 affiches (\u00e0 imprimer en format A3 couleur) qui proposent des pistes de r\u00e9flexions et [&hellip;]<\/p>\n","protected":false},"author":4,"featured_media":0,"parent":0,"menu_order":0,"comment_status":"closed","ping_status":"closed","template":"","meta":{"_acf_changed":false,"footnotes":""},"class_list":["post-60","page","type-page","status-publish","hentry"],"acf":[],"yoast_head":"<!-- This site is optimized with the Yoast SEO plugin v26.4 - https:\/\/yoast.com\/wordpress\/plugins\/seo\/ -->\n<title>Mallette p\u00e9dagogique - Transformations<\/title>\n<meta name=\"robots\" content=\"index, follow, max-snippet:-1, max-image-preview:large, max-video-preview:-1\" \/>\n<link rel=\"canonical\" href=\"https:\/\/blog.unifr.ch\/transformations\/mallette-pedagogique\/\" \/>\n<meta property=\"og:locale\" content=\"fr_FR\" \/>\n<meta property=\"og:type\" content=\"article\" \/>\n<meta property=\"og:title\" content=\"Mallette p\u00e9dagogique - Transformations\" \/>\n<meta property=\"og:description\" content=\"Qu&rsquo;est-ce qui se transforme? Pourquoi? De quelle nature est la transformation? Qu&rsquo;est-ce qui la provoque? Toutes les transformations sont-elles mat\u00e9rielles? Autant de questions qui obligent \u00e0 poser un regard nouveau sur tout ce qui nous entoure. Pour accompagner ce regard, 7 affiches (\u00e0 imprimer en format A3 couleur) qui proposent des pistes de r\u00e9flexions et [&hellip;]\" \/>\n<meta property=\"og:url\" content=\"https:\/\/blog.unifr.ch\/transformations\/mallette-pedagogique\/\" \/>\n<meta property=\"og:site_name\" content=\"Transformations\" \/>\n<meta property=\"article:modified_time\" content=\"2025-11-28T16:09:20+00:00\" \/>\n<meta property=\"og:image\" content=\"https:\/\/blog.unifr.ch\/transformations\/wp-content\/uploads\/2019\/05\/Logo-Transformation-blanc.png\" \/>\n\t<meta property=\"og:image:width\" content=\"1436\" \/>\n\t<meta property=\"og:image:height\" content=\"622\" \/>\n\t<meta property=\"og:image:type\" content=\"image\/png\" \/>\n<meta name=\"twitter:card\" content=\"summary_large_image\" \/>\n<meta name=\"twitter:label1\" content=\"Dur\u00e9e de lecture estim\u00e9e\" \/>\n\t<meta name=\"twitter:data1\" content=\"1 minute\" \/>\n<script type=\"application\/ld+json\" class=\"yoast-schema-graph\">{\"@context\":\"https:\/\/schema.org\",\"@graph\":[{\"@type\":\"WebPage\",\"@id\":\"https:\/\/blog.unifr.ch\/transformations\/mallette-pedagogique\/\",\"url\":\"https:\/\/blog.unifr.ch\/transformations\/mallette-pedagogique\/\",\"name\":\"Mallette p\u00e9dagogique - Transformations\",\"isPartOf\":{\"@id\":\"https:\/\/blog.unifr.ch\/transformations\/#website\"},\"datePublished\":\"2019-05-17T09:36:35+00:00\",\"dateModified\":\"2025-11-28T16:09:20+00:00\",\"breadcrumb\":{\"@id\":\"https:\/\/blog.unifr.ch\/transformations\/mallette-pedagogique\/#breadcrumb\"},\"inLanguage\":\"fr-FR\",\"potentialAction\":[{\"@type\":\"ReadAction\",\"target\":[\"https:\/\/blog.unifr.ch\/transformations\/mallette-pedagogique\/\"]}]},{\"@type\":\"BreadcrumbList\",\"@id\":\"https:\/\/blog.unifr.ch\/transformations\/mallette-pedagogique\/#breadcrumb\",\"itemListElement\":[{\"@type\":\"ListItem\",\"position\":1,\"name\":\"Accueil\",\"item\":\"https:\/\/blog.unifr.ch\/transformations\/\"},{\"@type\":\"ListItem\",\"position\":2,\"name\":\"Mallette p\u00e9dagogique\"}]},{\"@type\":\"WebSite\",\"@id\":\"https:\/\/blog.unifr.ch\/transformations\/#website\",\"url\":\"https:\/\/blog.unifr.ch\/transformations\/\",\"name\":\"Transformations\",\"description\":\"Un site utilisant HEP Multisite\",\"potentialAction\":[{\"@type\":\"SearchAction\",\"target\":{\"@type\":\"EntryPoint\",\"urlTemplate\":\"https:\/\/blog.unifr.ch\/transformations\/?s={search_term_string}\"},\"query-input\":{\"@type\":\"PropertyValueSpecification\",\"valueRequired\":true,\"valueName\":\"search_term_string\"}}],\"inLanguage\":\"fr-FR\"}]}<\/script>\n<!-- \/ Yoast SEO plugin. -->","yoast_head_json":{"title":"Mallette p\u00e9dagogique - Transformations","robots":{"index":"index","follow":"follow","max-snippet":"max-snippet:-1","max-image-preview":"max-image-preview:large","max-video-preview":"max-video-preview:-1"},"canonical":"https:\/\/blog.unifr.ch\/transformations\/mallette-pedagogique\/","og_locale":"fr_FR","og_type":"article","og_title":"Mallette p\u00e9dagogique - Transformations","og_description":"Qu&rsquo;est-ce qui se transforme? Pourquoi? De quelle nature est la transformation? Qu&rsquo;est-ce qui la provoque? Toutes les transformations sont-elles mat\u00e9rielles? Autant de questions qui obligent \u00e0 poser un regard nouveau sur tout ce qui nous entoure. Pour accompagner ce regard, 7 affiches (\u00e0 imprimer en format A3 couleur) qui proposent des pistes de r\u00e9flexions et [&hellip;]","og_url":"https:\/\/blog.unifr.ch\/transformations\/mallette-pedagogique\/","og_site_name":"Transformations","article_modified_time":"2025-11-28T16:09:20+00:00","og_image":[{"width":1436,"height":622,"url":"https:\/\/blog.unifr.ch\/transformations\/wp-content\/uploads\/2019\/05\/Logo-Transformation-blanc.png","type":"image\/png"}],"twitter_card":"summary_large_image","twitter_misc":{"Dur\u00e9e de lecture estim\u00e9e":"1 minute"},"schema":{"@context":"https:\/\/schema.org","@graph":[{"@type":"WebPage","@id":"https:\/\/blog.unifr.ch\/transformations\/mallette-pedagogique\/","url":"https:\/\/blog.unifr.ch\/transformations\/mallette-pedagogique\/","name":"Mallette p\u00e9dagogique - Transformations","isPartOf":{"@id":"https:\/\/blog.unifr.ch\/transformations\/#website"},"datePublished":"2019-05-17T09:36:35+00:00","dateModified":"2025-11-28T16:09:20+00:00","breadcrumb":{"@id":"https:\/\/blog.unifr.ch\/transformations\/mallette-pedagogique\/#breadcrumb"},"inLanguage":"fr-FR","potentialAction":[{"@type":"ReadAction","target":["https:\/\/blog.unifr.ch\/transformations\/mallette-pedagogique\/"]}]},{"@type":"BreadcrumbList","@id":"https:\/\/blog.unifr.ch\/transformations\/mallette-pedagogique\/#breadcrumb","itemListElement":[{"@type":"ListItem","position":1,"name":"Accueil","item":"https:\/\/blog.unifr.ch\/transformations\/"},{"@type":"ListItem","position":2,"name":"Mallette p\u00e9dagogique"}]},{"@type":"WebSite","@id":"https:\/\/blog.unifr.ch\/transformations\/#website","url":"https:\/\/blog.unifr.ch\/transformations\/","name":"Transformations","description":"Un site utilisant HEP Multisite","potentialAction":[{"@type":"SearchAction","target":{"@type":"EntryPoint","urlTemplate":"https:\/\/blog.unifr.ch\/transformations\/?s={search_term_string}"},"query-input":{"@type":"PropertyValueSpecification","valueRequired":true,"valueName":"search_term_string"}}],"inLanguage":"fr-FR"}]}},"_links":{"self":[{"href":"https:\/\/blog.unifr.ch\/transformations\/wp-json\/wp\/v2\/pages\/60","targetHints":{"allow":["GET"]}}],"collection":[{"href":"https:\/\/blog.unifr.ch\/transformations\/wp-json\/wp\/v2\/pages"}],"about":[{"href":"https:\/\/blog.unifr.ch\/transformations\/wp-json\/wp\/v2\/types\/page"}],"author":[{"embeddable":true,"href":"https:\/\/blog.unifr.ch\/transformations\/wp-json\/wp\/v2\/users\/4"}],"replies":[{"embeddable":true,"href":"https:\/\/blog.unifr.ch\/transformations\/wp-json\/wp\/v2\/comments?post=60"}],"version-history":[{"count":17,"href":"https:\/\/blog.unifr.ch\/transformations\/wp-json\/wp\/v2\/pages\/60\/revisions"}],"predecessor-version":[{"id":678,"href":"https:\/\/blog.unifr.ch\/transformations\/wp-json\/wp\/v2\/pages\/60\/revisions\/678"}],"wp:attachment":[{"href":"https:\/\/blog.unifr.ch\/transformations\/wp-json\/wp\/v2\/media?parent=60"}],"curies":[{"name":"wp","href":"https:\/\/api.w.org\/{rel}","templated":true}]}}