{"id":623,"date":"2025-03-12T14:31:01","date_gmt":"2025-03-12T13:31:01","guid":{"rendered":"https:\/\/blog.unifr.ch\/transformations\/?page_id=623"},"modified":"2025-11-17T10:47:20","modified_gmt":"2025-11-17T09:47:20","slug":"monde-souterrain-a-qui-appartient-le-sous-sol-7-8h","status":"publish","type":"page","link":"https:\/\/blog.unifr.ch\/transformations\/monde-souterrain-a-qui-appartient-le-sous-sol-7-8h\/","title":{"rendered":"Monde souterrain &#8211; A qui appartient le sous-sol? 7-8H"},"content":{"rendered":"<p>Le p\u00e9trole est certainement la ressource issue du sous-sol la plus connue et la plus exploit\u00e9e. Mais au-del\u00e0 des cons\u00e9quences n\u00e9fastes pour l&rsquo;environnement qu&rsquo;engendre son utilisation, que cache son exploitation? Une promenade dans la for\u00eat amazonienne permettra aux \u00e9l\u00e8ves de d\u00e9couvrir les dessous de ce commerce et ses cons\u00e9quences non seulement environnementales, mais \u00e9galement sociales et \u00e9conomiques.<\/p>\n","protected":false},"excerpt":{"rendered":"<p>Le p\u00e9trole est certainement la ressource issue du sous-sol la plus connue et la plus exploit\u00e9e. Mais au-del\u00e0 des cons\u00e9quences n\u00e9fastes pour l&rsquo;environnement qu&rsquo;engendre son utilisation, que cache son exploitation? Une promenade dans la for\u00eat amazonienne permettra aux \u00e9l\u00e8ves de d\u00e9couvrir les dessous de ce commerce et ses cons\u00e9quences non seulement environnementales, mais \u00e9galement sociales [&hellip;]<\/p>\n","protected":false},"author":4,"featured_media":0,"parent":0,"menu_order":0,"comment_status":"closed","ping_status":"closed","template":"","meta":{"_acf_changed":false,"footnotes":""},"class_list":["post-623","page","type-page","status-publish","hentry"],"acf":[],"yoast_head":"<!-- This site is optimized with the Yoast SEO plugin v26.4 - https:\/\/yoast.com\/wordpress\/plugins\/seo\/ -->\n<title>Monde souterrain - A qui appartient le sous-sol? 7-8H - Transformations<\/title>\n<meta name=\"robots\" content=\"index, follow, max-snippet:-1, max-image-preview:large, max-video-preview:-1\" \/>\n<link rel=\"canonical\" href=\"https:\/\/blog.unifr.ch\/transformations\/monde-souterrain-a-qui-appartient-le-sous-sol-7-8h\/\" \/>\n<meta property=\"og:locale\" content=\"fr_FR\" \/>\n<meta property=\"og:type\" content=\"article\" \/>\n<meta property=\"og:title\" content=\"Monde souterrain - A qui appartient le sous-sol? 7-8H - Transformations\" \/>\n<meta property=\"og:description\" content=\"Le p\u00e9trole est certainement la ressource issue du sous-sol la plus connue et la plus exploit\u00e9e. Mais au-del\u00e0 des cons\u00e9quences n\u00e9fastes pour l&rsquo;environnement qu&rsquo;engendre son utilisation, que cache son exploitation? Une promenade dans la for\u00eat amazonienne permettra aux \u00e9l\u00e8ves de d\u00e9couvrir les dessous de ce commerce et ses cons\u00e9quences non seulement environnementales, mais \u00e9galement sociales [&hellip;]\" \/>\n<meta property=\"og:url\" content=\"https:\/\/blog.unifr.ch\/transformations\/monde-souterrain-a-qui-appartient-le-sous-sol-7-8h\/\" \/>\n<meta property=\"og:site_name\" content=\"Transformations\" \/>\n<meta property=\"article:modified_time\" content=\"2025-11-17T09:47:20+00:00\" \/>\n<meta property=\"og:image\" content=\"https:\/\/blog.unifr.ch\/transformations\/wp-content\/uploads\/2019\/05\/Logo-Transformation-blanc.png\" \/>\n\t<meta property=\"og:image:width\" content=\"1436\" \/>\n\t<meta property=\"og:image:height\" content=\"622\" \/>\n\t<meta property=\"og:image:type\" content=\"image\/png\" \/>\n<meta name=\"twitter:card\" content=\"summary_large_image\" \/>\n<meta name=\"twitter:label1\" content=\"Dur\u00e9e de lecture estim\u00e9e\" \/>\n\t<meta name=\"twitter:data1\" content=\"1 minute\" \/>\n<script type=\"application\/ld+json\" class=\"yoast-schema-graph\">{\"@context\":\"https:\/\/schema.org\",\"@graph\":[{\"@type\":\"WebPage\",\"@id\":\"https:\/\/blog.unifr.ch\/transformations\/monde-souterrain-a-qui-appartient-le-sous-sol-7-8h\/\",\"url\":\"https:\/\/blog.unifr.ch\/transformations\/monde-souterrain-a-qui-appartient-le-sous-sol-7-8h\/\",\"name\":\"Monde souterrain - A qui appartient le sous-sol? 7-8H - Transformations\",\"isPartOf\":{\"@id\":\"https:\/\/blog.unifr.ch\/transformations\/#website\"},\"datePublished\":\"2025-03-12T13:31:01+00:00\",\"dateModified\":\"2025-11-17T09:47:20+00:00\",\"breadcrumb\":{\"@id\":\"https:\/\/blog.unifr.ch\/transformations\/monde-souterrain-a-qui-appartient-le-sous-sol-7-8h\/#breadcrumb\"},\"inLanguage\":\"fr-FR\",\"potentialAction\":[{\"@type\":\"ReadAction\",\"target\":[\"https:\/\/blog.unifr.ch\/transformations\/monde-souterrain-a-qui-appartient-le-sous-sol-7-8h\/\"]}]},{\"@type\":\"BreadcrumbList\",\"@id\":\"https:\/\/blog.unifr.ch\/transformations\/monde-souterrain-a-qui-appartient-le-sous-sol-7-8h\/#breadcrumb\",\"itemListElement\":[{\"@type\":\"ListItem\",\"position\":1,\"name\":\"Accueil\",\"item\":\"https:\/\/blog.unifr.ch\/transformations\/\"},{\"@type\":\"ListItem\",\"position\":2,\"name\":\"Monde souterrain &#8211; A qui appartient le sous-sol? 7-8H\"}]},{\"@type\":\"WebSite\",\"@id\":\"https:\/\/blog.unifr.ch\/transformations\/#website\",\"url\":\"https:\/\/blog.unifr.ch\/transformations\/\",\"name\":\"Transformations\",\"description\":\"Un site utilisant HEP Multisite\",\"potentialAction\":[{\"@type\":\"SearchAction\",\"target\":{\"@type\":\"EntryPoint\",\"urlTemplate\":\"https:\/\/blog.unifr.ch\/transformations\/?s={search_term_string}\"},\"query-input\":{\"@type\":\"PropertyValueSpecification\",\"valueRequired\":true,\"valueName\":\"search_term_string\"}}],\"inLanguage\":\"fr-FR\"}]}<\/script>\n<!-- \/ Yoast SEO plugin. -->","yoast_head_json":{"title":"Monde souterrain - A qui appartient le sous-sol? 7-8H - Transformations","robots":{"index":"index","follow":"follow","max-snippet":"max-snippet:-1","max-image-preview":"max-image-preview:large","max-video-preview":"max-video-preview:-1"},"canonical":"https:\/\/blog.unifr.ch\/transformations\/monde-souterrain-a-qui-appartient-le-sous-sol-7-8h\/","og_locale":"fr_FR","og_type":"article","og_title":"Monde souterrain - A qui appartient le sous-sol? 7-8H - Transformations","og_description":"Le p\u00e9trole est certainement la ressource issue du sous-sol la plus connue et la plus exploit\u00e9e. Mais au-del\u00e0 des cons\u00e9quences n\u00e9fastes pour l&rsquo;environnement qu&rsquo;engendre son utilisation, que cache son exploitation? Une promenade dans la for\u00eat amazonienne permettra aux \u00e9l\u00e8ves de d\u00e9couvrir les dessous de ce commerce et ses cons\u00e9quences non seulement environnementales, mais \u00e9galement sociales [&hellip;]","og_url":"https:\/\/blog.unifr.ch\/transformations\/monde-souterrain-a-qui-appartient-le-sous-sol-7-8h\/","og_site_name":"Transformations","article_modified_time":"2025-11-17T09:47:20+00:00","og_image":[{"width":1436,"height":622,"url":"https:\/\/blog.unifr.ch\/transformations\/wp-content\/uploads\/2019\/05\/Logo-Transformation-blanc.png","type":"image\/png"}],"twitter_card":"summary_large_image","twitter_misc":{"Dur\u00e9e de lecture estim\u00e9e":"1 minute"},"schema":{"@context":"https:\/\/schema.org","@graph":[{"@type":"WebPage","@id":"https:\/\/blog.unifr.ch\/transformations\/monde-souterrain-a-qui-appartient-le-sous-sol-7-8h\/","url":"https:\/\/blog.unifr.ch\/transformations\/monde-souterrain-a-qui-appartient-le-sous-sol-7-8h\/","name":"Monde souterrain - A qui appartient le sous-sol? 7-8H - Transformations","isPartOf":{"@id":"https:\/\/blog.unifr.ch\/transformations\/#website"},"datePublished":"2025-03-12T13:31:01+00:00","dateModified":"2025-11-17T09:47:20+00:00","breadcrumb":{"@id":"https:\/\/blog.unifr.ch\/transformations\/monde-souterrain-a-qui-appartient-le-sous-sol-7-8h\/#breadcrumb"},"inLanguage":"fr-FR","potentialAction":[{"@type":"ReadAction","target":["https:\/\/blog.unifr.ch\/transformations\/monde-souterrain-a-qui-appartient-le-sous-sol-7-8h\/"]}]},{"@type":"BreadcrumbList","@id":"https:\/\/blog.unifr.ch\/transformations\/monde-souterrain-a-qui-appartient-le-sous-sol-7-8h\/#breadcrumb","itemListElement":[{"@type":"ListItem","position":1,"name":"Accueil","item":"https:\/\/blog.unifr.ch\/transformations\/"},{"@type":"ListItem","position":2,"name":"Monde souterrain &#8211; A qui appartient le sous-sol? 7-8H"}]},{"@type":"WebSite","@id":"https:\/\/blog.unifr.ch\/transformations\/#website","url":"https:\/\/blog.unifr.ch\/transformations\/","name":"Transformations","description":"Un site utilisant HEP Multisite","potentialAction":[{"@type":"SearchAction","target":{"@type":"EntryPoint","urlTemplate":"https:\/\/blog.unifr.ch\/transformations\/?s={search_term_string}"},"query-input":{"@type":"PropertyValueSpecification","valueRequired":true,"valueName":"search_term_string"}}],"inLanguage":"fr-FR"}]}},"_links":{"self":[{"href":"https:\/\/blog.unifr.ch\/transformations\/wp-json\/wp\/v2\/pages\/623","targetHints":{"allow":["GET"]}}],"collection":[{"href":"https:\/\/blog.unifr.ch\/transformations\/wp-json\/wp\/v2\/pages"}],"about":[{"href":"https:\/\/blog.unifr.ch\/transformations\/wp-json\/wp\/v2\/types\/page"}],"author":[{"embeddable":true,"href":"https:\/\/blog.unifr.ch\/transformations\/wp-json\/wp\/v2\/users\/4"}],"replies":[{"embeddable":true,"href":"https:\/\/blog.unifr.ch\/transformations\/wp-json\/wp\/v2\/comments?post=623"}],"version-history":[{"count":6,"href":"https:\/\/blog.unifr.ch\/transformations\/wp-json\/wp\/v2\/pages\/623\/revisions"}],"predecessor-version":[{"id":646,"href":"https:\/\/blog.unifr.ch\/transformations\/wp-json\/wp\/v2\/pages\/623\/revisions\/646"}],"wp:attachment":[{"href":"https:\/\/blog.unifr.ch\/transformations\/wp-json\/wp\/v2\/media?parent=623"}],"curies":[{"name":"wp","href":"https:\/\/api.w.org\/{rel}","templated":true}]}}