{"id":9,"date":"2019-05-14T08:38:31","date_gmt":"2019-05-14T06:38:31","guid":{"rendered":"https:\/\/blog.unifr.ch\/transformations\/?page_id=9"},"modified":"2024-03-15T18:27:24","modified_gmt":"2024-03-15T17:27:24","slug":"documentation","status":"publish","type":"page","link":"https:\/\/blog.unifr.ch\/transformations\/documentation\/","title":{"rendered":"\u00c0 qui appartient l&rsquo;eau ? 5-6H"},"content":{"rendered":"<p>Entre la source et la Mer ou l&rsquo;Oc\u00e9an, l&rsquo;eau traverse parfois de tr\u00e8s longues distances et de nombreux pays. Mais \u00e0 qui appartient-elle? Qu&rsquo;en fait-on tout au long de son chemin? En partant de l&rsquo;ass\u00e8chement de la Mer d&rsquo;Aral, les \u00e9l\u00e8ves sont amen\u00e9s \u00e0 d\u00e9couvrir, au travers d&rsquo;une d\u00e9marche d&rsquo;investigation, ce que les activit\u00e9s humaines peuvent provoquer comme perturbations. Ecologiques, bien s\u00fbr, mais \u00e9galement sociales, sur fond d&rsquo;enrichissement \u00e9conomique et d&rsquo;esclavagisme.<\/p>\n<p>Et chez nous? Comment notre eau est-elle g\u00e9r\u00e9e? Nos rivi\u00e8res et nos lacs sont-ils soumis \u00e0 des probl\u00e8mes identiques? A d&rsquo;autres pressions qu&rsquo;il faut d\u00e9couvrir ou, au contraire, des lois ou des r\u00e8glements les pr\u00e9servent-ils?<\/p>\n<p>Comparer l\u00e0-bas \u00e0 ici, le global au local, voil\u00e0 ce que proposent ces ressources \u00ab\u00a0cl\u00e9 en main\u00a0\u00bb pour mener \u00e0 bien une p\u00e9dagogie de projet interdisciplinaire qui conduira vos \u00e9l\u00e8ves \u00e0 acqu\u00e9rir les comp\u00e9tences du PER (Plan d&rsquo;\u00e9tudes romand, Suisse) de l&rsquo;\u00e9ducation au d\u00e9veloppement durable&#8230; et bien d&rsquo;autres!<\/p>\n<p><strong>Id\u00e9al pour les 5H-6H<\/strong>, ces ressources peuvent \u00e9galement \u00eatre utilis\u00e9es jusqu&rsquo;en 8H gr\u00e2ce aux apports des fiches \u00ab\u00a0en savoir plus\u00a0\u00bb.<\/p>\n<p>Auteur: Francine Pellaud<\/p>\n","protected":false},"excerpt":{"rendered":"<p>Entre la source et la Mer ou l&rsquo;Oc\u00e9an, l&rsquo;eau traverse parfois de tr\u00e8s longues distances et de nombreux pays. Mais \u00e0 qui appartient-elle? Qu&rsquo;en fait-on tout au long de son chemin? En partant de l&rsquo;ass\u00e8chement de la Mer d&rsquo;Aral, les \u00e9l\u00e8ves sont amen\u00e9s \u00e0 d\u00e9couvrir, au travers d&rsquo;une d\u00e9marche d&rsquo;investigation, ce que les activit\u00e9s humaines [&hellip;]<\/p>\n","protected":false},"author":2,"featured_media":0,"parent":0,"menu_order":0,"comment_status":"closed","ping_status":"closed","template":"","meta":{"_acf_changed":false,"footnotes":""},"class_list":["post-9","page","type-page","status-publish","hentry"],"acf":[],"yoast_head":"<!-- This site is optimized with the Yoast SEO plugin v26.4 - https:\/\/yoast.com\/wordpress\/plugins\/seo\/ -->\n<title>\u00c0 qui appartient l&#039;eau ? 5-6H - Transformations<\/title>\n<meta name=\"robots\" content=\"index, follow, max-snippet:-1, max-image-preview:large, max-video-preview:-1\" \/>\n<link rel=\"canonical\" href=\"https:\/\/blog.unifr.ch\/transformations\/documentation\/\" \/>\n<meta property=\"og:locale\" content=\"fr_FR\" \/>\n<meta property=\"og:type\" content=\"article\" \/>\n<meta property=\"og:title\" content=\"\u00c0 qui appartient l&#039;eau ? 5-6H - Transformations\" \/>\n<meta property=\"og:description\" content=\"Entre la source et la Mer ou l&rsquo;Oc\u00e9an, l&rsquo;eau traverse parfois de tr\u00e8s longues distances et de nombreux pays. Mais \u00e0 qui appartient-elle? Qu&rsquo;en fait-on tout au long de son chemin? En partant de l&rsquo;ass\u00e8chement de la Mer d&rsquo;Aral, les \u00e9l\u00e8ves sont amen\u00e9s \u00e0 d\u00e9couvrir, au travers d&rsquo;une d\u00e9marche d&rsquo;investigation, ce que les activit\u00e9s humaines [&hellip;]\" \/>\n<meta property=\"og:url\" content=\"https:\/\/blog.unifr.ch\/transformations\/documentation\/\" \/>\n<meta property=\"og:site_name\" content=\"Transformations\" \/>\n<meta property=\"article:modified_time\" content=\"2024-03-15T17:27:24+00:00\" \/>\n<meta property=\"og:image\" content=\"https:\/\/blog.unifr.ch\/transformations\/wp-content\/uploads\/2019\/05\/Logo-Transformation-blanc.png\" \/>\n\t<meta property=\"og:image:width\" content=\"1436\" \/>\n\t<meta property=\"og:image:height\" content=\"622\" \/>\n\t<meta property=\"og:image:type\" content=\"image\/png\" \/>\n<meta name=\"twitter:card\" content=\"summary_large_image\" \/>\n<meta name=\"twitter:label1\" content=\"Dur\u00e9e de lecture estim\u00e9e\" \/>\n\t<meta name=\"twitter:data1\" content=\"1 minute\" \/>\n<script type=\"application\/ld+json\" class=\"yoast-schema-graph\">{\"@context\":\"https:\/\/schema.org\",\"@graph\":[{\"@type\":\"WebPage\",\"@id\":\"https:\/\/blog.unifr.ch\/transformations\/documentation\/\",\"url\":\"https:\/\/blog.unifr.ch\/transformations\/documentation\/\",\"name\":\"\u00c0 qui appartient l'eau ? 5-6H - Transformations\",\"isPartOf\":{\"@id\":\"https:\/\/blog.unifr.ch\/transformations\/#website\"},\"datePublished\":\"2019-05-14T06:38:31+00:00\",\"dateModified\":\"2024-03-15T17:27:24+00:00\",\"breadcrumb\":{\"@id\":\"https:\/\/blog.unifr.ch\/transformations\/documentation\/#breadcrumb\"},\"inLanguage\":\"fr-FR\",\"potentialAction\":[{\"@type\":\"ReadAction\",\"target\":[\"https:\/\/blog.unifr.ch\/transformations\/documentation\/\"]}]},{\"@type\":\"BreadcrumbList\",\"@id\":\"https:\/\/blog.unifr.ch\/transformations\/documentation\/#breadcrumb\",\"itemListElement\":[{\"@type\":\"ListItem\",\"position\":1,\"name\":\"Accueil\",\"item\":\"https:\/\/blog.unifr.ch\/transformations\/\"},{\"@type\":\"ListItem\",\"position\":2,\"name\":\"\u00c0 qui appartient l&rsquo;eau ? 5-6H\"}]},{\"@type\":\"WebSite\",\"@id\":\"https:\/\/blog.unifr.ch\/transformations\/#website\",\"url\":\"https:\/\/blog.unifr.ch\/transformations\/\",\"name\":\"Transformations\",\"description\":\"Un site utilisant HEP Multisite\",\"potentialAction\":[{\"@type\":\"SearchAction\",\"target\":{\"@type\":\"EntryPoint\",\"urlTemplate\":\"https:\/\/blog.unifr.ch\/transformations\/?s={search_term_string}\"},\"query-input\":{\"@type\":\"PropertyValueSpecification\",\"valueRequired\":true,\"valueName\":\"search_term_string\"}}],\"inLanguage\":\"fr-FR\"}]}<\/script>\n<!-- \/ Yoast SEO plugin. -->","yoast_head_json":{"title":"\u00c0 qui appartient l'eau ? 5-6H - Transformations","robots":{"index":"index","follow":"follow","max-snippet":"max-snippet:-1","max-image-preview":"max-image-preview:large","max-video-preview":"max-video-preview:-1"},"canonical":"https:\/\/blog.unifr.ch\/transformations\/documentation\/","og_locale":"fr_FR","og_type":"article","og_title":"\u00c0 qui appartient l'eau ? 5-6H - Transformations","og_description":"Entre la source et la Mer ou l&rsquo;Oc\u00e9an, l&rsquo;eau traverse parfois de tr\u00e8s longues distances et de nombreux pays. Mais \u00e0 qui appartient-elle? Qu&rsquo;en fait-on tout au long de son chemin? En partant de l&rsquo;ass\u00e8chement de la Mer d&rsquo;Aral, les \u00e9l\u00e8ves sont amen\u00e9s \u00e0 d\u00e9couvrir, au travers d&rsquo;une d\u00e9marche d&rsquo;investigation, ce que les activit\u00e9s humaines [&hellip;]","og_url":"https:\/\/blog.unifr.ch\/transformations\/documentation\/","og_site_name":"Transformations","article_modified_time":"2024-03-15T17:27:24+00:00","og_image":[{"width":1436,"height":622,"url":"https:\/\/blog.unifr.ch\/transformations\/wp-content\/uploads\/2019\/05\/Logo-Transformation-blanc.png","type":"image\/png"}],"twitter_card":"summary_large_image","twitter_misc":{"Dur\u00e9e de lecture estim\u00e9e":"1 minute"},"schema":{"@context":"https:\/\/schema.org","@graph":[{"@type":"WebPage","@id":"https:\/\/blog.unifr.ch\/transformations\/documentation\/","url":"https:\/\/blog.unifr.ch\/transformations\/documentation\/","name":"\u00c0 qui appartient l'eau ? 5-6H - Transformations","isPartOf":{"@id":"https:\/\/blog.unifr.ch\/transformations\/#website"},"datePublished":"2019-05-14T06:38:31+00:00","dateModified":"2024-03-15T17:27:24+00:00","breadcrumb":{"@id":"https:\/\/blog.unifr.ch\/transformations\/documentation\/#breadcrumb"},"inLanguage":"fr-FR","potentialAction":[{"@type":"ReadAction","target":["https:\/\/blog.unifr.ch\/transformations\/documentation\/"]}]},{"@type":"BreadcrumbList","@id":"https:\/\/blog.unifr.ch\/transformations\/documentation\/#breadcrumb","itemListElement":[{"@type":"ListItem","position":1,"name":"Accueil","item":"https:\/\/blog.unifr.ch\/transformations\/"},{"@type":"ListItem","position":2,"name":"\u00c0 qui appartient l&rsquo;eau ? 5-6H"}]},{"@type":"WebSite","@id":"https:\/\/blog.unifr.ch\/transformations\/#website","url":"https:\/\/blog.unifr.ch\/transformations\/","name":"Transformations","description":"Un site utilisant HEP Multisite","potentialAction":[{"@type":"SearchAction","target":{"@type":"EntryPoint","urlTemplate":"https:\/\/blog.unifr.ch\/transformations\/?s={search_term_string}"},"query-input":{"@type":"PropertyValueSpecification","valueRequired":true,"valueName":"search_term_string"}}],"inLanguage":"fr-FR"}]}},"_links":{"self":[{"href":"https:\/\/blog.unifr.ch\/transformations\/wp-json\/wp\/v2\/pages\/9","targetHints":{"allow":["GET"]}}],"collection":[{"href":"https:\/\/blog.unifr.ch\/transformations\/wp-json\/wp\/v2\/pages"}],"about":[{"href":"https:\/\/blog.unifr.ch\/transformations\/wp-json\/wp\/v2\/types\/page"}],"author":[{"embeddable":true,"href":"https:\/\/blog.unifr.ch\/transformations\/wp-json\/wp\/v2\/users\/2"}],"replies":[{"embeddable":true,"href":"https:\/\/blog.unifr.ch\/transformations\/wp-json\/wp\/v2\/comments?post=9"}],"version-history":[{"count":60,"href":"https:\/\/blog.unifr.ch\/transformations\/wp-json\/wp\/v2\/pages\/9\/revisions"}],"predecessor-version":[{"id":580,"href":"https:\/\/blog.unifr.ch\/transformations\/wp-json\/wp\/v2\/pages\/9\/revisions\/580"}],"wp:attachment":[{"href":"https:\/\/blog.unifr.ch\/transformations\/wp-json\/wp\/v2\/media?parent=9"}],"curies":[{"name":"wp","href":"https:\/\/api.w.org\/{rel}","templated":true}]}}